{"id":5220,"date":"2024-03-06T12:36:43","date_gmt":"2024-03-06T11:36:43","guid":{"rendered":"https:\/\/vetomshop.hu\/?page_id=5220"},"modified":"2025-06-02T08:45:13","modified_gmt":"2025-06-02T06:45:13","slug":"szallitas-es-fizetes","status":"publish","type":"page","link":"https:\/\/vetomshop.hu\/cs\/szallitas-es-fizetes\/","title":{"rendered":"Doru\u010dov\u00e1n\u00ed vnitrost\u00e1tn\u00edch z\u00e1silek"},"content":{"rendered":"<p><img decoding=\"async\" class=\"wp-image-5799 alignright\" src=\"https:\/\/vetomshop.hu\/wp-content\/uploads\/2024\/06\/gerb.png\" alt=\"\" width=\"555\" srcset=\"https:\/\/vetomshop.hu\/wp-content\/uploads\/2024\/06\/gerb.png 1200w, https:\/\/vetomshop.hu\/wp-content\/uploads\/2024\/06\/gerb-300x219.png 300w, https:\/\/vetomshop.hu\/wp-content\/uploads\/2024\/06\/gerb-1024x748.png 1024w, https:\/\/vetomshop.hu\/wp-content\/uploads\/2024\/06\/gerb-768x561.png 768w, https:\/\/vetomshop.hu\/wp-content\/uploads\/2024\/06\/gerb-600x438.png 600w\" sizes=\"(max-width: 1200px) 100vw, 1200px\" \/><\/p>\n<h2>Osobn\u00ed potvrzen\u00ed<\/h2>\n<p style=\"padding-left: 40px;\">8112, Zichy\u00fajfalu, Kast\u00e9lykert 1<\/p>\n<p style=\"padding-left: 40px;\">Doba osobn\u00edho odb\u011bru: pouze po p\u0159edchoz\u00ed domluv\u011b na t\u011bchto kontaktn\u00edch \u00fadaj\u00edch<\/p>\n<ul>\n<li style=\"list-style-type: none;\">\n<ul>\n<li><strong>Telefon<\/strong>:\u00a0<a href=\"http:\/\/Tel:+36305573846\" target=\"_blank\" rel=\"noopener noreferrer nofollow\">+36305573846<\/a> Tam\u00e1s Pap<\/li>\n<li><strong>E-mail 1<\/strong>: <a href=\"mailto:vetomshop.hu@gmail.com\" target=\"_blank\" rel=\"noopener\">vetomshop.hu@gmail.com<\/a><\/li>\n<li><strong>E-mail 2<\/strong>: i<a href=\"mailto:infoshop.vetom.magyarorszag@gmail.com\" target=\"_blank\" rel=\"noopener\">nfoshop.vetom.magyarorszag@<wbr \/>gmail.com<\/a><\/li>\n<li>nebo u na\u0161ich partner\u016f po cel\u00e9 zemi, jejich\u017e kontaktn\u00ed \u00fadaje najdete na na\u0161ich webov\u00fdch str\u00e1nk\u00e1ch.<\/li>\n<\/ul>\n<\/li>\n<\/ul>\n<h2><span style=\"color: #ff0000;\">Dod\u00e1vka:<\/span><\/h2>\n<p>V na\u0161em obchod\u011b si m\u016f\u017eete vybrat z n\u00e1sleduj\u00edc\u00edch mo\u017enost\u00ed doru\u010den\u00ed a platby:<\/p>\n<p style=\"padding-left: 40px;\"><span style=\"color: #339966;\"><strong>Kur\u00fdrn\u00ed slu\u017eba GLS<\/strong><\/span> a <span style=\"color: #339966;\"><strong>Bal\u00edkomat Foxpost<\/strong><\/span><\/p>\n<p style=\"padding-left: 40px;\"><em><strong>40.000<\/strong> Doprava zdarma nad hodnotu objedn\u00e1vky HUF!<\/em><\/p>\n<h2><span style=\"color: #008000;\">Kur\u00fdrn\u00ed slu\u017eba GLS:<\/span><\/h2>\n<p><img decoding=\"async\" class=\"wp-image-5803 alignleft\" style=\"margin-top: -10px;\" src=\"https:\/\/vetomshop.hu\/wp-content\/uploads\/2024\/06\/gls-logo.png\" alt=\"\" width=\"350\" srcset=\"https:\/\/vetomshop.hu\/wp-content\/uploads\/2024\/06\/gls-logo.png 885w, https:\/\/vetomshop.hu\/wp-content\/uploads\/2024\/06\/gls-logo-300x80.png 300w, https:\/\/vetomshop.hu\/wp-content\/uploads\/2024\/06\/gls-logo-768x204.png 768w, https:\/\/vetomshop.hu\/wp-content\/uploads\/2024\/06\/gls-logo-600x159.png 600w\" sizes=\"(max-width: 885px) 100vw, 885px\" \/>Za objedn\u00e1vky GLS ParcelPoint m\u016f\u017eete na n\u011bkter\u00fdch m\u00edstech platit v hotovosti a kreditn\u00ed kartou (ov\u011b\u0159te si to p\u0159edem na ParcelPointu). <b>Pokud po\u017eadujete doru\u010den\u00ed do slu\u017eby GLS ParcelService nebo GLS ParcelPoint, mus\u00edte zadat adresu bal\u00edkomatu do pole pro doru\u010dovac\u00ed adresu nebo do pozn\u00e1mky p\u0159i objedn\u00e1v\u00e1n\u00ed.<\/b><\/p>\n<ul>\n<li>Po odesl\u00e1n\u00ed z\u00e1silky kur\u00fdrn\u00ed syst\u00e9m GLS ozn\u00e1m\u00ed p\u0159\u00edjemci e-mailem, \u017ee z\u00e1silka bude doru\u010dena n\u00e1sleduj\u00edc\u00ed pracovn\u00ed den. E-mail bude obsahovat \u010d\u00edslo z\u00e1silky a v\u00fd\u0161i p\u0159\u00edpadn\u00e9 dob\u00edrky. R\u00e1no v den doru\u010den\u00ed obdr\u017e\u00ed p\u0159\u00edjemce ozn\u00e1men\u00ed obsahuj\u00edc\u00ed telefonn\u00ed \u010d\u00edslo kur\u00fdra, telefonn\u00ed \u010d\u00edslo z\u00e1kaznick\u00e9ho servisu GLS a t\u0159\u00edhodinov\u00e9 okno o\u010dek\u00e1van\u00e9ho doru\u010den\u00ed. V p\u0159\u00edpad\u011b ne\u00fasp\u011b\u0161n\u00e9ho pokusu o doru\u010den\u00ed bude p\u0159\u00edjemci zasl\u00e1no e-mailov\u00e9 ozn\u00e1men\u00ed.<\/li>\n<li><b>Vyhled\u00e1v\u00e1n\u00ed GLS ParcelSpot:<\/b> <span style=\"color: #ff0000;\"><a style=\"color: #ff0000;\" href=\"https:\/\/gls-group.eu\/HU\/hu\/csomagpont-kereses\" target=\"_blank\" rel=\"noopener noreferrer nofollow\" data-saferedirecturl=\"https:\/\/www.google.com\/url?q=https:\/\/gls-group.eu\/HU\/hu\/csomagpont-kereses&amp;source=gmail&amp;ust=1709714712502000&amp;usg=AOvVaw3hrSNVVmvMC6btceWutRDK\">https:\/\/gls-group.eu\/<wbr \/>CS\/en\/package-point-search<\/a><\/span><br \/>\n<b>Doba dod\u00e1n\u00ed:<\/b> 1-3 pracovn\u00ed dny<br \/>\n<b>Poplatek za doru\u010den\u00ed:<\/b> 1590, - Ft,<br \/>\n<strong>Platba:<\/strong> P\u0159edplatn\u00e9 (0,- Ft) nebo Postpaid, kter\u00e9 stoj\u00ed + 400,- Ft<\/li>\n<\/ul>\n<p>Tyto ceny se vztahuj\u00ed pouze na dod\u00e1vky v r\u00e1mci Ma\u010farska. Pokud si p\u0159ejete poslat z\u00e1silku do zahrani\u010d\u00ed, kontaktujte n\u00e1s pros\u00edm p\u0159\u00edmo e-mailem p\u0159ed nebo po odesl\u00e1n\u00ed objedn\u00e1vky a informujte se o cen\u011b dopravy.<\/p>\n<h2><span style=\"color: #008000;\">Kur\u00fdrn\u00ed slu\u017eba FOXPOST:<\/span><\/h2>\n<p><img decoding=\"async\" class=\"wp-image-5807 alignleft\" style=\"margin-top: -10px;\" src=\"https:\/\/vetomshop.hu\/wp-content\/uploads\/2024\/06\/foxpost-.png\" alt=\"\" width=\"350\" srcset=\"https:\/\/vetomshop.hu\/wp-content\/uploads\/2024\/06\/foxpost-.png 1267w, https:\/\/vetomshop.hu\/wp-content\/uploads\/2024\/06\/foxpost--300x151.png 300w, https:\/\/vetomshop.hu\/wp-content\/uploads\/2024\/06\/foxpost--1024x516.png 1024w, https:\/\/vetomshop.hu\/wp-content\/uploads\/2024\/06\/foxpost--768x387.png 768w, https:\/\/vetomshop.hu\/wp-content\/uploads\/2024\/06\/foxpost--600x302.png 600w\" sizes=\"(max-width: 1267px) 100vw, 1267px\" \/>M\u016f\u017eete tak\u00e9 po\u017e\u00e1dat o doru\u010den\u00ed do bal\u00edkomatu Foxpost v na\u0161em obchod\u011b.<\/p>\n<p style=\"padding-left: 40px;\"><span style=\"color: #ff0000;\"><a style=\"color: #ff0000;\" href=\"https:\/\/foxpost.hu\/csomagautomatak\" target=\"_blank\" rel=\"noopener noreferrer nofollow\" data-saferedirecturl=\"https:\/\/www.google.com\/url?q=https:\/\/foxpost.hu\/csomagautomatak&amp;source=gmail&amp;ust=1709714712502000&amp;usg=AOvVaw1Y_RPFbUPlHU38HiM-T9Re\">https:\/\/foxpost.hu\/<wbr \/>zavazadlov\u00fd prostor<\/a><\/span><\/p>\n<p><strong>Pokud po\u017eadujete doru\u010den\u00ed do bal\u00edkomatu spole\u010dnosti Foxpost, je t\u0159eba zadat adresu bal\u00edkomatu do pole pro doru\u010dovac\u00ed adresu nebo do pozn\u00e1mky p\u0159i objedn\u00e1vce.<\/strong><\/p>\n<h3>Platebn\u00ed metody:<\/h3>\n<p><strong>Doba dod\u00e1n\u00ed:<\/strong> 1-3 pracovn\u00ed dny<br \/>\n<strong>Poplatek za doru\u010den\u00ed:<\/strong> 1390, - Ft,<br \/>\n<strong>Platba:<\/strong> P\u0159edplatn\u00e9 (0,- Ft) nebo Postpaid, kter\u00e9 stoj\u00ed +350,- Ft.<\/p>\n<h3>Platebn\u00ed metody:<\/h3>\n<h4 style=\"padding-left: 40px;\">N\u00e1sledn\u00e1 opat\u0159en\u00ed<\/h4>\n<p>Pokud si zvol\u00edte zp\u016fsob platby na dob\u00edrku, platba se prov\u00e1d\u00ed v m\u00edst\u011b p\u0159evzet\u00ed (kur\u00fdrn\u00ed nebo po\u0161tovn\u00ed m\u00edsto\/bal\u00edkovac\u00ed m\u00edsto). Tento zp\u016fsob platby je zat\u00ed\u017een manipula\u010dn\u00edm poplatkem, tak\u017ee si k z\u00e1kladn\u00edmu poplatku za doru\u010den\u00ed \u00fa\u010dtujeme dal\u0161\u00edch 350 nebo 400 HUF za bal\u00edk. P\u0159i platb\u011b v hotovosti si pros\u00edm p\u0159ipravte p\u0159esnou \u010d\u00e1stku, proto\u017ee kur\u00fdr nemus\u00ed m\u00edt v\u017edy dostatek drobn\u00fdch.<\/p>\n<h4 style=\"padding-left: 40px;\">Bankovn\u00ed p\u0159evod p\u0159edem<\/h4>\n<p>Pokud se rozhodnete zaplatit bankovn\u00edm p\u0159evodem p\u0159edem, za\u0161leme v\u00e1m po kontrole stavu z\u00e1sob e-mailem fakturu, kter\u00e1 bude obsahovat \u00fadaje pot\u0159ebn\u00e9 pro p\u0159evod a kone\u010dnou p\u0159esnou \u010d\u00e1stku. Kupn\u00ed cenu pros\u00edm p\u0159eve\u010fte na n\u00e1\u0161 bankovn\u00ed \u00fa\u010det do 72 hodin od zasl\u00e1n\u00ed faktury, jinak bude va\u0161e objedn\u00e1vka pova\u017eov\u00e1na za neplatnou. R\u00e1di bychom v\u00e1s upozornili, abyste bankovn\u00ed p\u0159evod neiniciovali, dokud v\u00e1m faktura nedoraz\u00ed do schr\u00e1nky! \u00dadaje pot\u0159ebn\u00e9 k p\u0159evodu jsou uvedeny ve vystaven\u00e9 faktu\u0159e.<\/p>\n<h4 style=\"padding-left: 40px;\">Vezm\u011bte pros\u00edm na v\u011bdom\u00ed tak\u00e9 n\u00e1sleduj\u00edc\u00ed:<\/h4>\n<p>O odesl\u00e1n\u00ed a o\u010dek\u00e1van\u00e9m p\u0159\u00edchodu z\u00e1silky budete informov\u00e1ni e-mailem, proto po odesl\u00e1n\u00ed objedn\u00e1vky pravideln\u011b kontrolujte svou e-mailovou schr\u00e1nku, abyste p\u0159ede\u0161li p\u0159\u00edpadn\u00fdm nedorozum\u011bn\u00edm nebo nep\u0159\u00edjemnostem. Pokud se u va\u0161\u00ed objedn\u00e1vky vyskytnou jak\u00e9koli nesrovnalosti, kontaktujte n\u00e1s pros\u00edm na adrese <a href=\"mailto:vetomshop.hu@gmail.com\" target=\"_blank\" rel=\"noopener\">vetomshop.hu@gmail.com<\/a> v. P\u0159i zad\u00e1v\u00e1n\u00ed objedn\u00e1vky se ujist\u011bte, \u017ee jste uvedli spr\u00e1vn\u00e9 jm\u00e9no, adresu, e-mailovou adresu a telefonn\u00ed \u010d\u00edslo. Doru\u010dovatel bal\u00edku nemus\u00ed zn\u00e1t m\u00edstn\u00ed specifika, proto v p\u0159\u00edpad\u011b pot\u0159eby uve\u010fte dal\u0161\u00ed informace, kter\u00e9 pomohou k \u00fasp\u011b\u0161n\u00e9mu doru\u010den\u00ed. Pokud se doru\u010den\u00ed nepoda\u0159\u00ed z va\u0161\u00ed viny, budeme moci z\u00e1silku znovu doru\u010dit p\u0159epravci a\u017e pot\u00e9, co znovu zaplat\u00edte poplatek za doru\u010den\u00ed. Je d\u016fle\u017eit\u00e9, abyste v p\u0159\u00edpad\u011b, \u017ee je z\u00e1silka viditeln\u011b po\u0161kozen\u00e1 nebo otev\u0159en\u00e1, z\u00e1silku nep\u0159eb\u00edrali a co nejd\u0159\u00edve n\u00e1s o tom informovali.<\/p>\n<div class=\"logo-posta\"><img decoding=\"async\" class=\"alignnone size-full wp-image-5757\" src=\"https:\/\/vetomshop.hu\/wp-content\/uploads\/2024\/06\/gls_logo.jpg\" alt=\"\" width=\"197\" \/><br \/>\n<img decoding=\"async\" class=\"alignnone size-full wp-image-5758\" src=\"https:\/\/vetomshop.hu\/wp-content\/uploads\/2024\/06\/mpl_logo.jpg\" alt=\"\" width=\"197\" \/><br \/>\n<img decoding=\"async\" class=\"alignnone size-full wp-image-5760\" src=\"https:\/\/vetomshop.hu\/wp-content\/uploads\/2024\/06\/fox_logo.jpg\" alt=\"\" width=\"197\" \/><br \/>\n<img decoding=\"async\" class=\"alignnone size-full wp-image-5759\" src=\"https:\/\/vetomshop.hu\/wp-content\/uploads\/2024\/06\/packeta_logo.jpg\" alt=\"\" width=\"197\" \/><br \/>\n<img decoding=\"async\" class=\"alignnone size-full wp-image-5759\" src=\"https:\/\/vetomshop.hu\/wp-content\/uploads\/2025\/02\/fedex_logo.jpg\" alt=\"\" width=\"197\" \/><\/div>\n<div id=\"gtx-trans\" style=\"position: absolute; left: 39px; top: 1545.89px;\">\n<div class=\"gtx-trans-icon\"><\/div>\n<\/div>","protected":false},"excerpt":{"rendered":"<p>Szem\u00e9lyes \u00e1tv\u00e9tel 8112, Zichy\u00fajfalu, Kast\u00e9lykert 1 A szem\u00e9lyes \u00e1tv\u00e9tel ideje: kiz\u00e1r\u00f3lag el\u0151zetes egyeztet\u00e9ssel a k\u00f6vetkez\u0151 el\u00e9rhet\u0151s\u00e9geken Telefon:\u00a0+36305573846 Pap Tam\u00e1s Email 1: vetomshop.hu@gmail.com Email 2: infoshop.vetom.magyarorszag@gmail.com vagy orsz\u00e1gszerte a partnereinkt\u0151l, melyeknek el\u00e9rhet\u0151s\u00e9g\u00fck a weboldalunkon is megtal\u00e1lhat\u00f3 Kisz\u00e1ll\u00edt\u00e1s: \u00c1ruh\u00e1zunkban az al\u00e1bbi kisz\u00e1ll\u00edt\u00e1si \u00e9s fizet\u00e9si lehet\u0151s\u00e9gek k\u00f6z\u00fcl v\u00e1laszthat: GLS fut\u00e1rszolg\u00e1lat \u00e9s Foxpost csomagautomata 40.000 Forint rendel\u00e9si \u00e9rt\u00e9k felett [&hellip;]<\/p>\n","protected":false},"author":9,"featured_media":0,"parent":0,"menu_order":0,"comment_status":"closed","ping_status":"closed","template":"","meta":{"footnotes":""},"class_list":["post-5220","page","type-page","status-publish","hentry"],"_links":{"self":[{"href":"https:\/\/vetomshop.hu\/cs\/wp-json\/wp\/v2\/pages\/5220","targetHints":{"allow":["GET"]}}],"collection":[{"href":"https:\/\/vetomshop.hu\/cs\/wp-json\/wp\/v2\/pages"}],"about":[{"href":"https:\/\/vetomshop.hu\/cs\/wp-json\/wp\/v2\/types\/page"}],"author":[{"embeddable":true,"href":"https:\/\/vetomshop.hu\/cs\/wp-json\/wp\/v2\/users\/9"}],"replies":[{"embeddable":true,"href":"https:\/\/vetomshop.hu\/cs\/wp-json\/wp\/v2\/comments?post=5220"}],"version-history":[{"count":8,"href":"https:\/\/vetomshop.hu\/cs\/wp-json\/wp\/v2\/pages\/5220\/revisions"}],"predecessor-version":[{"id":6763,"href":"https:\/\/vetomshop.hu\/cs\/wp-json\/wp\/v2\/pages\/5220\/revisions\/6763"}],"wp:attachment":[{"href":"https:\/\/vetomshop.hu\/cs\/wp-json\/wp\/v2\/media?parent=5220"}],"curies":[{"name":"wp","href":"https:\/\/api.w.org\/{rel}","templated":true}]}}