{"id":225,"date":"2016-09-02T11:41:41","date_gmt":"2016-09-02T09:41:41","guid":{"rendered":"https:\/\/demos.artbees.net\/jupiter\/herse\/?post_type=product&#038;p=225"},"modified":"2026-04-12T08:29:44","modified_gmt":"2026-04-12T06:29:44","slug":"vetom1-1-etrend-kiegeszito","status":"publish","type":"product","link":"https:\/\/vetomshop.hu\/cs\/produkt\/vetom1-1-etrend-kiegeszito\/","title":{"rendered":"Probiotikum Vetom <span style=\"color:red\">1.1<\/span><br> kapsle <span style=\"color:red\">50 zrn<\/span> (dopln\u011bk stravy)"},"content":{"rendered":"<h2>Vetom 1.1 probiotick\u00e9 kapsle 50 zrn (dopln\u011bk stravy)<\/h2>\n<p>Probiotika VETOM lze v podstat\u011b pou\u017e\u00edt p\u0159i jak\u00e9mkoli onemocn\u011bn\u00ed, proto\u017ee jsou schopna \u0159e\u0161it z\u00e1va\u017en\u00e9 probl\u00e9my - obnovit mikrofl\u00f3ru a optimalizovat \u010dinnost imunitn\u00edho syst\u00e9mu.<\/p>\n<p>P\u0159\u00edzniv\u00e9 \u00fa\u010dinky p\u0159\u00edpravku Vetom 1.1 jsou zp\u016fsobeny obsa\u017een\u00fdmi bakteriemi *Bacillus subtilis*. Tyto prosp\u011b\u0161n\u00e9 bakterie se mno\u017e\u00ed v tlust\u00e9m st\u0159ev\u011b a produkuj\u00ed r\u016fzn\u00e9 enzymy a biologicky aktivn\u00ed l\u00e1tky, kter\u00e9:<\/p>\n<p>* br\u00e1n\u00ed r\u016fstu \u0161kodliv\u00fdch bakteri\u00ed a pl\u00edsn\u00ed,<br \/>\n* pom\u00e1haj\u00ed rozkl\u00e1dat b\u00edlkoviny, \u0161krob a rostlinnou vl\u00e1kninu,<br \/>\n* podpora imunitn\u00edho syst\u00e9mu,<br \/>\n* pom\u00e1haj\u00ed detoxikovat organismus,<br \/>\n* podporuj\u00ed lep\u0161\u00ed vst\u0159eb\u00e1v\u00e1n\u00ed \u017eivin.<\/p>\n<h2>Pravideln\u00e9 pou\u017e\u00edv\u00e1n\u00ed v\u00fdrobku:<\/h2>\n<p>* obnovuje zdravou rovnov\u00e1hu st\u0159evn\u00ed fl\u00f3ry,<br \/>\n* zlep\u0161uje tr\u00e1ven\u00ed,<br \/>\n* zm\u00edr\u0148uje p\u0159\u00edznaky alergie,<br \/>\n* podporuje regeneraci organismu a odstra\u0148ov\u00e1n\u00ed nemocn\u00fdch bun\u011bk,<br \/>\n* zvy\u0161uje \u00fa\u010dinky jin\u00fdch l\u00e9k\u016f a z\u00e1rove\u0148 sni\u017euje jejich vedlej\u0161\u00ed \u00fa\u010dinky.<br \/>\n* Chr\u00e1n\u00ed t\u011blo na bun\u011b\u010dn\u00e9 \u00farovni, pom\u00e1h\u00e1 p\u0159edch\u00e1zet vzniku n\u00e1dor\u016f.<\/p>\n<h2>Vlastnosti:<\/h2>\n<p>* Antibakteri\u00e1ln\u00ed a protipl\u00eds\u0148ov\u00e9<br \/>\n* Antivirov\u00e9, imunitn\u00ed, protin\u00e1dorov\u00e9 \u00fa\u010dinky<br \/>\n* \u017d\u00e1dn\u00e9 vedlej\u0161\u00ed \u00fa\u010dinky<br \/>\n* \u017d\u00e1dn\u00e1 z\u00e1vislost<br \/>\n* Nep\u0159ed\u00e1vkovat se<\/p>\n<h2>Pou\u017eit\u00ed:<\/h2>\n<p>Vetom 1.1 se doporu\u010duje ke zlep\u0161en\u00ed stavu gastrointestin\u00e1ln\u00edho traktu a k obnoven\u00ed rovnov\u00e1hy st\u0159evn\u00ed fl\u00f3ry.<\/p>\n<h2>D\u00e1vkov\u00e1n\u00ed:<\/h2>\n<p>* Doporu\u010duje se 1 tobolka 2-3kr\u00e1t denn\u011b po dobu 10 dn\u016f, p\u0159ed j\u00eddlem, b\u011bhem j\u00eddla nebo po j\u00eddle, s mal\u00fdm mno\u017estv\u00edm tekutiny (voda, \u010daj nebo d\u017eus). V pr\u016fb\u011bhu l\u00e9\u010dby sledujte reakci organismu a v p\u0159\u00edpad\u011b pot\u0159eby d\u00e1vku postupn\u011b zvy\u0161ujte a\u017e na 5-10 tobolek denn\u011b.<\/p>\n<p>* O\u0161et\u0159en\u00ed lze kdykoli opakovat po 1-2t\u00fddenn\u00ed p\u0159est\u00e1vce. P\u0159\u00edle\u017eitostn\u011b se doporu\u010duje st\u0159\u00eddat u\u017e\u00edv\u00e1n\u00ed s jin\u00fdmi typy produkt\u016f Vetom na podporu cel\u00e9ho organismu.<\/p>\n<h2>Kontraindikace:<\/h2>\n<p>* P\u0159ecitliv\u011blost na n\u011bkterou ze slo\u017eek p\u0159\u00edpravku<br \/>\n* Nepou\u017e\u00edvejte s antibiotiky nebo jin\u00fdmi probiotiky.<br \/>\n* B\u011bhem t\u011bhotenstv\u00ed a kojen\u00ed pouze se souhlasem l\u00e9ka\u0159e.<\/p>\n<h2>Dal\u0161\u00ed informace:<\/h2>\n<p>* Nem\u00e1 vliv na \u0159\u00edzen\u00ed nebo obsluhu nebezpe\u010dn\u00fdch stroj\u016f.<br \/>\n* Skladov\u00e1n\u00ed: na such\u00e9m a chladn\u00e9m m\u00edst\u011b (max. 30 \u00b0C), mimo dosah d\u011bt\u00ed.<br \/>\n* Z\u00e1ruka: 2 roky od data v\u00fdroby<br \/>\n* Balen\u00ed: 10 kapsl\u00ed v blistru, 5 balen\u00ed v krabi\u010dce (celkem 50 kapsl\u00ed)<\/p>\n<h2>Slo\u017een\u00ed v jedn\u00e9 kapsli:<\/h2>\n<p>* extrakt z kuku\u0159ice: 133 mg<br \/>\n* Bramborov\u00fd \u0161krob: 100 mg<br \/>\n* Pr\u00e1\u0161kov\u00fd cukr: 67 mg<br \/>\n* Kmen Bacillus subtilis: 0,03 mg<\/p>\n<p>Alternativn\u00ed ekvivalent ve form\u011b kapek: Vetom 1,23 (10 ml)<\/p>\n<p>M\u00edsto p\u016fvodu: <strong>Rusko<\/strong><\/p>","protected":false},"excerpt":{"rendered":"<h5>Vetom <span style=\"color: red;\">1.1<\/span> probiotick\u00e9 kapsle 50 zrnek (dopln\u011bk stravy)<\/h5>\n<p>Jeho p\u0159\u00edzniv\u00e9 \u00fa\u010dinky jsou zp\u016fsobeny p\u016fsoben\u00edm prosp\u011b\u0161n\u00fdch bakteri\u00ed Bacillus subtilis, kter\u00e9 vznikaj\u00ed p\u0159edev\u0161\u00edm mno\u017een\u00edm v tlust\u00e9m st\u0159ev\u011b:<\/p>\n<ul class=\"vetom-list\">\n<li>proteolytick\u00e9, amylolytick\u00e9 a celulosolytick\u00e9 enzymy;<\/li>\n<li>a-2 interferonu v lidsk\u00fdch leukocytech;<\/li>\n<li>bacitracin mg, kter\u00fd inhibuje r\u016fst a v\u00fdvoj patogenn\u00ed a potenci\u00e1ln\u011b patogenn\u00ed mikrofl\u00f3ry;<\/li>\n<li>a dal\u0161\u00ed biologicky aktivn\u00ed l\u00e1tky.<\/li>\n<\/ul>\n<div class=\"plashka\">V d\u016fsledku toho se bakteri\u00e1ln\u00ed slo\u017een\u00ed st\u0159evn\u00edho obsahu m\u011bn\u00ed na spr\u00e1vnou v\u00fdvojovou normu, st\u0159evn\u00ed st\u011bny se \u010dist\u00ed od nestr\u00e1ven\u00fdch zbytk\u016f, co\u017e p\u0159isp\u00edv\u00e1 k aktivn\u00edmu odstra\u0148ov\u00e1n\u00ed toxin\u016f z t\u011bla, k neomezen\u00e9mu transportu biologicky aktivn\u00edch \u017eivin.<\/div>\n<p>A <strong>Vetom <span style=\"color: red;\">1.1<\/span><\/strong> normalizuje metabolismus, tr\u00e1ven\u00ed a vst\u0159eb\u00e1v\u00e1n\u00ed biologicky aktivn\u00edch slo\u017eek potravy v tr\u00e1vic\u00edm traktu.<\/p>\n<p>A <strong>Vetom <span style=\"color: red;\">1.1<\/span><\/strong> zvy\u0161uje \u00fa\u010dinnost l\u00e9k\u016f a sni\u017euje jejich negativn\u00ed vedlej\u0161\u00ed \u00fa\u010dinky na lidsk\u00fd organismus.<\/p>\n<div class=\"plashka\"><strong>Farmakologick\u00e9 \u00fa\u010dinky:<\/strong> imunomodula\u010dn\u00ed, protin\u00e1dorov\u00e9, antivirov\u00e9, antiproliferativn\u00ed, baktericidn\u00ed, fungicidn\u00ed, antichlamydiov\u00e9.<\/div>\n<h5>Vlastnosti:<\/h5>\n<ul class=\"vetom-list\">\n<li>M\u00e1 vysokou antagonistickou aktivitu v\u016f\u010di patogenn\u00edm a podm\u00edn\u011bn\u011b patogenn\u00edm houb\u00e1m a bakteri\u00edm, antivirov\u00e9, proteolytick\u00e9, amylolytick\u00e9 a celulolytick\u00e9 vlastnosti.<\/li>\n<li>stimuluje bun\u011b\u010dn\u00e9 a humor\u00e1ln\u00ed faktory imunity.<\/li>\n<li>zvy\u0161uje nespecifickou odolnost t\u011bla<\/li>\n<li>stabilizuje alergickou odolnost<\/li>\n<li>normalizuje metabolismus<\/li>\n<li>stimuluje regenera\u010dn\u00ed procesy, napad\u00e1 a ni\u010d\u00ed rakovinn\u00e9 a nemocn\u00e9 bu\u0148ky.<\/li>\n<\/ul>","protected":false},"featured_media":6597,"comment_status":"open","ping_status":"closed","template":"","meta":[],"product_brand":[],"product_cat":[22],"product_tag":[],"class_list":{"0":"post-225","1":"product","2":"type-product","3":"status-publish","4":"has-post-thumbnail","6":"product_cat-vetom-probiotikumok","8":"first","9":"instock","10":"featured","11":"taxable","12":"shipping-taxable","13":"purchasable","14":"product-type-simple"},"_links":{"self":[{"href":"https:\/\/vetomshop.hu\/cs\/wp-json\/wp\/v2\/product\/225","targetHints":{"allow":["GET"]}}],"collection":[{"href":"https:\/\/vetomshop.hu\/cs\/wp-json\/wp\/v2\/product"}],"about":[{"href":"https:\/\/vetomshop.hu\/cs\/wp-json\/wp\/v2\/types\/product"}],"replies":[{"embeddable":true,"href":"https:\/\/vetomshop.hu\/cs\/wp-json\/wp\/v2\/comments?post=225"}],"wp:featuredmedia":[{"embeddable":true,"href":"https:\/\/vetomshop.hu\/cs\/wp-json\/wp\/v2\/media\/6597"}],"wp:attachment":[{"href":"https:\/\/vetomshop.hu\/cs\/wp-json\/wp\/v2\/media?parent=225"}],"wp:term":[{"taxonomy":"product_brand","embeddable":true,"href":"https:\/\/vetomshop.hu\/cs\/wp-json\/wp\/v2\/product_brand?post=225"},{"taxonomy":"product_cat","embeddable":true,"href":"https:\/\/vetomshop.hu\/cs\/wp-json\/wp\/v2\/product_cat?post=225"},{"taxonomy":"product_tag","embeddable":true,"href":"https:\/\/vetomshop.hu\/cs\/wp-json\/wp\/v2\/product_tag?post=225"}],"curies":[{"name":"wp","href":"https:\/\/api.w.org\/{rel}","templated":true}]}}