{"id":2478,"date":"2020-10-20T18:54:23","date_gmt":"2020-10-20T16:54:23","guid":{"rendered":"https:\/\/vetomshop.hu\/?post_type=product&#038;p=2478"},"modified":"2026-04-12T08:28:28","modified_gmt":"2026-04-12T06:28:28","slug":"vetom-2-25-probiotikum-10-ml-csepp","status":"publish","type":"product","link":"https:\/\/vetomshop.hu\/cs\/produkt\/vetom-2-25-probiotikum-10-ml-csepp\/","title":{"rendered":"Probiotikum Vetom <span style=\"color: red\">2.25<\/span><br>drop <span style=\"color: red\">10 ml<\/span> (dopln\u011bk stravy)"},"content":{"rendered":"<h3>Vetom 2,25 probiotick\u00e9 kapky 10 ml (dopln\u011bk stravy)<\/h3>\n<p>Dva kmeny Bacillus amyloliquefaciens (VKPM B-10642 a B-10643)<\/p>\n<p>Vetom 2,25 je tekut\u00e9 probiotikum na p\u0159\u00edrodn\u00ed b\u00e1zi ur\u010den\u00e9 k obnov\u011b st\u0159evn\u00ed fl\u00f3ry, podpo\u0159e zdrav\u00ed tr\u00e1vic\u00edho traktu a pos\u00edlen\u00ed celkov\u00e9 obranyschopnosti organismu. Jeho mimo\u0159\u00e1dn\u00e1 \u00fa\u010dinnost je d\u00e1na dv\u011bma kmeny bakteri\u00ed *Bacillus amyloliquefaciens*, kter\u00e9 obsahuje.<\/p>\n<h2>Hlavn\u00ed \u00fa\u010dinky a p\u0159\u00ednosy:<\/h2>\n<p>*Antibakteri\u00e1ln\u00ed, antivirov\u00e9, antimykotick\u00e9 a antichlamydiov\u00e9 \u00fa\u010dinky<br \/>\n*Pom\u00e1h\u00e1 fungov\u00e1n\u00ed tlust\u00e9ho a tenk\u00e9ho st\u0159eva, obnovuje norm\u00e1ln\u00ed st\u0159evn\u00ed fl\u00f3ru.<br \/>\n*Podporuje imunitn\u00ed syst\u00e9m, a to jak na bun\u011b\u010dn\u00e9 \u00farovni, tak na \u00farovni celkov\u00e9 obrany.<br \/>\n* Normalizuje metabolismus, zejm\u00e9na rovnov\u00e1hu vody a soli.<br \/>\n*Detoxika\u010dn\u00ed \u00fa\u010dinek, pom\u00e1h\u00e1 eliminovat rozkladn\u00e9 procesy ve st\u0159evech.<br \/>\n* Sni\u017euje z\u00e1pach z \u00fast a p\u0159\u00edznaky pocen\u00ed<br \/>\n*Pou\u017e\u00edv\u00e1 se jako dopln\u011bk p\u0159i r\u016fzn\u00fdch onemocn\u011bn\u00edch, jako jsou onemocn\u011bn\u00ed jater, z\u00e1n\u011bty st\u0159ev, \u017ealude\u010dn\u00ed v\u0159edy, chronick\u00e1 hepatitida.<br \/>\n*Lidsk\u00e9 leukocyty produkuj\u00ed interferon, kter\u00fd chr\u00e1n\u00ed t\u011blo p\u0159ed virov\u00fdmi infekcemi.<br \/>\n* \u017d\u00e1dn\u00e1 z\u00e1vislost, p\u0159ed\u00e1vkov\u00e1n\u00ed nebo vedlej\u0161\u00ed \u00fa\u010dinky<br \/>\n*Pro d\u011bti i dosp\u011bl\u00e9<\/p>\n<h2>Kdy se doporu\u010duje jeho pou\u017eit\u00ed?<\/h2>\n<p>* Po l\u00e9\u010db\u011b antibiotiky k regeneraci st\u0159evn\u00ed fl\u00f3ry<br \/>\n*K dopln\u011bn\u00ed l\u00e9\u010dby v p\u0159\u00edpad\u011b rakoviny<br \/>\n*Za\u017e\u00edvac\u00ed pot\u00ed\u017ee, pr\u016fjem, z\u00e1cpa, \u017ealude\u010dn\u00ed nevolnost.<br \/>\n*V p\u0159\u00edpad\u011b imunodeficitn\u00edch stav\u016f<br \/>\n*V p\u0159\u00edpad\u011b nep\u0159\u00edjemn\u00e9ho t\u011blesn\u00e9ho z\u00e1pachu nebo dechu<br \/>\n*Dopl\u0148kov\u00e1 l\u00e9\u010dba ledvinov\u00fdch kamen\u016f, onemocn\u011bn\u00ed jater, gastrointestin\u00e1ln\u00edch probl\u00e9m\u016f<\/p>\n<h2>\nDoporu\u010den\u00e9 d\u00e1vkov\u00e1n\u00ed:<\/h2>\n<p>*Dopln\u011bk pro dosp\u011bl\u00e9 a d\u011bti : prvn\u00ed dny se doporu\u010duj\u00ed 2 kapky, pot\u00e9 lze d\u00e1vku postupn\u011b zv\u00fd\u0161it na 4-6 kapek. B\u011bhem u\u017e\u00edv\u00e1n\u00ed sledujte reakce organismu.<br \/>\n*Pro b\u011b\u017en\u00e1 onemocn\u011bn\u00ed: 10 kapek denn\u011b po dobu 10 dn\u016f.<br \/>\n* O\u0161et\u0159en\u00ed lze opakovat po 1-2 t\u00fddnech<br \/>\n* Doporu\u010duje se pou\u017e\u00edvat st\u0159\u00eddav\u011b s jin\u00fdmi p\u0159\u00edpravky Vetom (nap\u0159. Vetom 1, 3, 4 atd.).<\/p>\n<p>D\u016fle\u017eit\u00e9:<br \/>\nNem\u011bl by se u\u017e\u00edvat s jin\u00fdmi peror\u00e1ln\u00edmi probiotiky nebo antibiotiky, zejm\u00e9na sulfanilamidem, protin\u00e1dorov\u00fdmi l\u00e1tkami.<\/p>\n<h2>Slo\u017een\u00ed:<\/h2>\n<p>* Fermentovan\u00fd kuku\u0159i\u010dn\u00fd extrakt s n\u00e1sleduj\u00edc\u00edmi bakteri\u00e1ln\u00edmi kmeny:<br \/>\n*Bacillus amyloliquefaciens* VKPM B-10642 (DSM 24614)<br \/>\n*Bacillus amyloliquefaciens* VKPM B-10643 (DSM 24615)<br \/>\n* Viveware<\/p>\n<h2>Balen\u00ed a vzhled:<\/h2>\n<p>* 10 ml tekutiny ve sklen\u011bn\u00e9 nebo plastov\u00e9 lahvi\u010dce zabalen\u00e9 v kartonov\u00e9 krabici.<br \/>\n* Barva: sv\u011btle \u017elut\u00e1 a\u017e tmav\u011b hn\u011bd\u00e1<br \/>\n* Typick\u00fd z\u00e1pach, n\u011bkdy se m\u016f\u017ee vyskytnout m\u00edrn\u00fd sediment (nen\u00ed z\u00e1vadou kvality)<\/p>\n<p>*Hmotnost: 0,02 kg<br \/>\n*Rozm\u011bry: 3 \u00d7 3 \u00d7 7 cm<br \/>\n*M\u00edsto v\u00fdkonu pr\u00e1ce: <strong>Rusko<\/strong><\/p>\n<h2>Podm\u00ednky skladov\u00e1n\u00ed a p\u0159epravy:<\/h2>\n<p>*Skladov\u00e1n\u00ed: 0-10 \u00b0C, max. vlhkost 75%<br \/>\n*M\u016f\u017ee b\u00fdt skladov\u00e1n p\u0159i teplot\u011b 10-30 \u00b0C a\u017e 18 dn\u00ed.<br \/>\n*Po demont\u00e1\u017ei: uchov\u00e1vejte v chladu (0-10 \u00b0C).<\/p>","protected":false},"excerpt":{"rendered":"<h5>Slo\u017een\u00ed:<\/h5>\n<p>Bacillus amyloliquefaciens, VKPM B- 10642 <strong>(DSM 24614)<\/strong> a VKPM B- 10643 <strong>(DSM 24615)<\/strong> bakteri\u00e1ln\u011b fermentovan\u00fd kuku\u0159i\u010dn\u00fd extrakt z kmen\u016f bacil\u016f, nosi\u010d.<br \/>\n<strong>Jak v\u00fdrobek vypad\u00e1: <\/strong>A <strong>Vetom<\/strong> <span style=\"color: red; font-weight: 800;\">2.25<\/span> <strong>Probiotick\u00e9 kapky<\/strong> kapalina specifick\u00e9ho z\u00e1pachu, barvy od sv\u011btle \u017elut\u00e9 po tmav\u011b hn\u011bdou.<\/p>\n<p><strong>Rozbalov\u00e1n\u00ed:<\/strong>\u00a0 sklen\u011bn\u00e1 nebo plastov\u00e1 l\u00e1hev v kartonu.<\/p>\n<div class=\"plashka\">A <strong>Vetom<\/strong> <span style=\"color: red; font-weight: 800;\">2.25<\/span> zvy\u0161uje \u00fa\u010dinnost l\u00e9k\u016f a sni\u017euje jejich negativn\u00ed vedlej\u0161\u00ed \u00fa\u010dinky na lidsk\u00fd organismus.<\/div>\n<h6>Vlastnosti:<\/h6>\n<ul class=\"vetom-list\">\n<li>stimuluje bun\u011b\u010dn\u00e9 a humor\u00e1ln\u00ed faktory imunity.<\/li>\n<li>zvy\u0161uje nespecifickou odolnost t\u011bla<\/li>\n<li>stabilizuje alergickou odolnost<\/li>\n<li>normalizuje metabolismus<\/li>\n<li>stimuluje regenera\u010dn\u00ed procesy, napad\u00e1 a ni\u010d\u00ed rakovinn\u00e9 a nemocn\u00e9 bu\u0148ky.<\/li>\n<\/ul>\n<div class=\"plashka\">M\u011bn\u00ed membr\u00e1nu a metabolismus bun\u011b\u010dn\u00e9ho skeletu, \u010d\u00edm\u017e zabra\u0148uje rozvoji rakovinn\u00fdch bun\u011bk.<\/div>","protected":false},"featured_media":6611,"comment_status":"open","ping_status":"closed","template":"","meta":[],"product_brand":[],"product_cat":[22],"product_tag":[],"class_list":{"0":"post-2478","1":"product","2":"type-product","3":"status-publish","4":"has-post-thumbnail","6":"product_cat-vetom-probiotikumok","8":"first","9":"instock","10":"featured","11":"taxable","12":"shipping-taxable","13":"purchasable","14":"product-type-simple"},"_links":{"self":[{"href":"https:\/\/vetomshop.hu\/cs\/wp-json\/wp\/v2\/product\/2478","targetHints":{"allow":["GET"]}}],"collection":[{"href":"https:\/\/vetomshop.hu\/cs\/wp-json\/wp\/v2\/product"}],"about":[{"href":"https:\/\/vetomshop.hu\/cs\/wp-json\/wp\/v2\/types\/product"}],"replies":[{"embeddable":true,"href":"https:\/\/vetomshop.hu\/cs\/wp-json\/wp\/v2\/comments?post=2478"}],"wp:featuredmedia":[{"embeddable":true,"href":"https:\/\/vetomshop.hu\/cs\/wp-json\/wp\/v2\/media\/6611"}],"wp:attachment":[{"href":"https:\/\/vetomshop.hu\/cs\/wp-json\/wp\/v2\/media?parent=2478"}],"wp:term":[{"taxonomy":"product_brand","embeddable":true,"href":"https:\/\/vetomshop.hu\/cs\/wp-json\/wp\/v2\/product_brand?post=2478"},{"taxonomy":"product_cat","embeddable":true,"href":"https:\/\/vetomshop.hu\/cs\/wp-json\/wp\/v2\/product_cat?post=2478"},{"taxonomy":"product_tag","embeddable":true,"href":"https:\/\/vetomshop.hu\/cs\/wp-json\/wp\/v2\/product_tag?post=2478"}],"curies":[{"name":"wp","href":"https:\/\/api.w.org\/{rel}","templated":true}]}}