{"id":2483,"date":"2020-10-20T19:35:14","date_gmt":"2020-10-20T17:35:14","guid":{"rendered":"https:\/\/vetomshop.hu\/?post_type=product&#038;p=2483"},"modified":"2026-04-12T08:28:16","modified_gmt":"2026-04-12T06:28:16","slug":"vetomgin-8-21","status":"publish","type":"product","link":"https:\/\/vetomshop.hu\/cs\/produkt\/vetomgin-8-21\/","title":{"rendered":"Probiotikum Vetomgin <span style=\"color:red\">8.21<\/span> \u0161ampa\u0148sk\u00e9 tablety <span style=\"color:red\">15 kus\u016f<\/span> (dopln\u011bk stravy )"},"content":{"rendered":"<h2><strong>Vetomgin 8.21 probiotick\u00e9 \u0161umiv\u00e9 tablety 15 (dopln\u011bk stravy)<\/strong><\/h2>\n<p><span style=\"color: #ff0000;\">Slo\u017een\u00ed<\/span><\/p>\n<p>1 d\u00e1vka (1 \u0161umiv\u00e1 tableta) obsahuje: p\u0159\u00eddatnou l\u00e1tku: Bacillus subtilis, VKPM B - 10641(DSM 24613),Bacillus amyloliquefaciens, VKPM B - 10642(DSM 24614) , Bacillus amyloliquefaciens, VKPM B - 10643 (DSM 24615) 1\u0445106 KTJ\/g - 50 mg.<\/p>\n<p>Jeho p\u0159\u00edzniv\u00e9 \u00fa\u010dinky jsou zp\u016fsobeny vlastnostmi slo\u017eek p\u0159\u00edpravku Vetomgin 8.21. Jejich p\u016fsoben\u00edm se ve st\u0159ev\u011b ka\u017ed\u00e9ho \u010dlov\u011bka vytv\u00e1\u0159\u00ed specifick\u00e9 mikrobi\u00e1ln\u00ed slo\u017een\u00ed a aktivuje se Krebs\u016fv cyklus. Tento proces vede k optimalizaci fungov\u00e1n\u00ed syst\u00e9m\u016f, kter\u00e9 chr\u00e1n\u00ed organismus p\u0159ed ciz\u00edmi vet\u0159elci, v\u010detn\u011b infek\u010dn\u00edch mikroorganism\u016f, a optimalizuje regula\u010dn\u00ed syst\u00e9m organismu, kter\u00fd zaji\u0161\u0165uje aktivn\u00ed z\u00e1sobov\u00e1n\u00ed bun\u011bk kysl\u00edkem; tvorbu energetick\u00fdch z\u00e1sob; aktivaci synt\u00e9zy molekul nezbytn\u00fdch pro organismus: aminokyselin, sacharid\u016f, mastn\u00fdch kyselin atd.<\/p>\n<p>Vetomgin 8,21 zvy\u0161uje \u00fa\u010dinnost l\u00e9k\u016f a sni\u017euje jejich negativn\u00ed vedlej\u0161\u00ed \u00fa\u010dinky na lidsk\u00fd organismus.<\/p>\n<h5>Vlastnosti:<\/h5>\n<ul>\n<li>\u00a0\u017d\u00c1DN\u00c9 VEDLEJ\u0160\u00cd \u00da\u010cINKY<\/li>\n<li>\u00a0BEZ V\u011aKOV\u00c9HO OMEZEN\u00cd<\/li>\n<li>\u017d\u00c1DN\u00c9 P\u0158ED\u00c1VKOV\u00c1N\u00cd<\/li>\n<li>NEZ\u00c1VISL\u00c9 NA N\u00c1VYKOV\u00ddCH L\u00c1TK\u00c1CH<\/li>\n<\/ul>\n<ul class=\"vetom-list\">\n<li>M\u00e1 vysokou antagonistickou aktivitu v\u016f\u010di patogenn\u00edm a podm\u00edn\u011bn\u011b patogenn\u00edm houb\u00e1m a bakteri\u00edm, antivirov\u00e9, proteolytick\u00e9, amylolytick\u00e9 a celulolytick\u00e9 vlastnosti.<\/li>\n<li>stimuluje bun\u011b\u010dn\u00e9 a humor\u00e1ln\u00ed faktory imunity.<\/li>\n<li>zvy\u0161uje nespecifickou odolnost t\u011bla<\/li>\n<li>stabilizuje alergickou odolnost<\/li>\n<li>normalizuje metabolismus<\/li>\n<li>stimuluje regenera\u010dn\u00ed procesy, napad\u00e1 a ni\u010d\u00ed rakovinn\u00e9 a nemocn\u00e9 bu\u0148ky.<\/li>\n<\/ul>\n<p><span style=\"color: #ff0000;\">Oblast pou\u017eit\u00ed<\/span><br \/>\nProbiotick\u00e9 mikroorganismy jsou dopl\u0148kov\u00fdm zdrojem pro zlep\u0161en\u00ed kvality \u017eivota.<br \/>\n<span style=\"color: #ff0000;\">P\u0159ihlaste se na<\/span><br \/>\nDoporu\u010dujeme 3 \u0161umiv\u00e9 tablety denn\u011b po dobu 10 dn\u016f v pravideln\u00fdch intervalech.<br \/>\n1 tableta rozpu\u0161t\u011bn\u00e1 ve sklenici vody .<br \/>\nTableta se nesm\u00ed polykat, \u017ev\u00fdkat ani cucat.<br \/>\n<span style=\"color: #ff0000;\">Kontraindikace<\/span><br \/>\nP\u0159ecitliv\u011blost na n\u011bkter\u00e9 slo\u017eky p\u0159\u00edpravku.<br \/>\nZvl\u00e1\u0161tn\u00ed pokyny<br \/>\nV t\u011bhotenstv\u00ed a p\u0159i kojen\u00ed pou\u017e\u00edvejte pouze po porad\u011b s l\u00e9ka\u0159em. P\u0159\u00edpravek neovliv\u0148uje schopnost \u0159\u00eddit nebo obsluhovat potenci\u00e1ln\u011b nebezpe\u010dn\u00e9 mechanismy.<br \/>\n<span style=\"color: #ff0000;\">D\u00e1vkov\u00e1n\u00ed<\/span><br \/>\n15 2gramov\u00fdch tablet \u0161ampa\u0148sk\u00e9ho , 3 tablety v kartonu zabalen\u00e9 v pergamenov\u00e9m pap\u00edru. P\u0159ilo\u017een n\u00e1vod k pou\u017eit\u00ed.<br \/>\n<span style=\"color: #ff0000;\">Podm\u00ednky skladov\u00e1n\u00ed<\/span><br \/>\nLze skladovat p\u0159i relativn\u00ed vlhkosti 75 % pod 30 \u00b0C. Uchov\u00e1vejte mimo dosah d\u011bt\u00ed.<br \/>\n<span style=\"color: #ff0000;\">Doba skladov\u00e1n\u00ed<\/span><br \/>\n4 roky od data v\u00fdroby. Nespot\u0159ebov\u00e1vejte po uplynut\u00ed doby pou\u017eitelnosti.<br \/>\nVetomgin 8.21 nen\u00ed l\u00e9k.<\/p>\n<p><span style=\"color: #0000ff;\">Koup\u00edm probiotika p\u0159\u00edmo z tov\u00e1rny za nejlep\u0161\u00ed cenu , -pr\u00e9miov\u00e1 kvalita.<\/span><\/p>\n<h3><strong><span style=\"color: #ff0000;\">Cemmedic Europe Kft \u201eOfici\u00e1ln\u00ed distributor pro Ma\u010farsko\u201d !<\/span><\/strong><\/h3>","protected":false},"excerpt":{"rendered":"<h5>Slo\u017een\u00ed<\/h5>\n<p>1 porce (<strong>1 \u0161umiv\u00e1 tableta<\/strong>) obsahuje aditivum:<\/p>\n<ul>\n<li><strong>\u0415500<\/strong> (uhli\u010ditan sodn\u00fd) - 1200 mg<\/li>\n<li><strong>\u0415330<\/strong> (citronov\u00e1 ty\u010dinka) - 750 mg;<\/li>\n<li>su\u0161en\u00e9 probiotick\u00e9 kultury <strong>Bacillus subtilis<\/strong>, VKPM B - 10641(DSM 24613),<\/li>\n<li><strong>Bacillus amyloliquefaciens<\/strong>, VKPM B - 10642 (DSM 24614),<\/li>\n<li><strong>Bacillus amyloliquefaciens<\/strong>, VKPM B - 10643 (DSM 24615) 1X106 KTJ\/g - 50 mg.<\/li>\n<\/ul>\n<p>P\u0159\u00edzniv\u00e9 \u00fa\u010dinky <strong>Vetomgin <span style=\"color:red\">8.21<\/span><\/strong> vlastnosti jednotliv\u00fdch prvk\u016f. Pod jejich vlivem se ve st\u0159ev\u011b vytv\u00e1\u0159\u00ed specifick\u00e9 mikrobi\u00e1ln\u00ed slo\u017een\u00ed ka\u017ed\u00e9ho \u010dlov\u011bka a aktivuje se Krebs\u016fv cyklus. V\u00fdsledkem tohoto procesu je optimalizace syst\u00e9m\u016f, kter\u00e9 chr\u00e1n\u00ed organismus p\u0159ed ciz\u00edmi vet\u0159elci, v\u010detn\u011b infek\u010dn\u00edch mikroorganism\u016f, a optimalizace regula\u010dn\u00edho syst\u00e9mu organismu, kter\u00fd zaji\u0161\u0165uje aktivn\u00ed z\u00e1sobov\u00e1n\u00ed bun\u011bk kysl\u00edkem; tvorba energetick\u00fdch z\u00e1sob; aktivace synt\u00e9zy molekul nezbytn\u00fdch pro organismus: aminokyselin, sacharid\u016f, mastn\u00fdch kyselin atd.<\/p>\n<div class=\"plashka\">A <strong>Vetomgin <span style=\"color:red\">8.21<\/span><\/strong> zvy\u0161uje \u00fa\u010dinnost l\u00e9k\u016f a sni\u017euje jejich negativn\u00ed vedlej\u0161\u00ed \u00fa\u010dinky na lidsk\u00fd organismus.<\/div>\n<h6>Vlastnosti:<\/h6>\n<ul class=\"vetom-list\">\n<li>M\u00e1 vysokou antagonistickou aktivitu v\u016f\u010di patogenn\u00edm a podm\u00edn\u011bn\u011b patogenn\u00edm houb\u00e1m a bakteri\u00edm, antivirov\u00e9, proteolytick\u00e9, amylolytick\u00e9 a celulolytick\u00e9 vlastnosti.<\/li>\n<li>stimuluje bun\u011b\u010dn\u00e9 a humor\u00e1ln\u00ed faktory imunity.<\/li>\n<li>zvy\u0161uje nespecifickou odolnost t\u011bla<\/li>\n<li>stabilizuje alergickou odolnost<\/li>\n<li>normalizuje metabolismus<\/li>\n<li>stimuluje regenera\u010dn\u00ed procesy, napad\u00e1 a ni\u010d\u00ed rakovinn\u00e9 a nemocn\u00e9 bu\u0148ky.<\/li>\n<\/ul>\n<div class=\"plashka\"><strong>Oblast pou\u017eit\u00ed<\/strong><br \/>\nProbiotick\u00e9 mikroorganismy jsou dopl\u0148kov\u00fdm zdrojem pro zlep\u0161en\u00ed kvality \u017eivota.<\/div>","protected":false},"featured_media":5558,"comment_status":"open","ping_status":"closed","template":"","meta":[],"product_brand":[],"product_cat":[22],"product_tag":[],"class_list":{"0":"post-2483","1":"product","2":"type-product","3":"status-publish","4":"has-post-thumbnail","6":"product_cat-vetom-probiotikumok","8":"first","9":"instock","10":"featured","11":"taxable","12":"shipping-taxable","13":"purchasable","14":"product-type-simple"},"_links":{"self":[{"href":"https:\/\/vetomshop.hu\/cs\/wp-json\/wp\/v2\/product\/2483","targetHints":{"allow":["GET"]}}],"collection":[{"href":"https:\/\/vetomshop.hu\/cs\/wp-json\/wp\/v2\/product"}],"about":[{"href":"https:\/\/vetomshop.hu\/cs\/wp-json\/wp\/v2\/types\/product"}],"replies":[{"embeddable":true,"href":"https:\/\/vetomshop.hu\/cs\/wp-json\/wp\/v2\/comments?post=2483"}],"wp:featuredmedia":[{"embeddable":true,"href":"https:\/\/vetomshop.hu\/cs\/wp-json\/wp\/v2\/media\/5558"}],"wp:attachment":[{"href":"https:\/\/vetomshop.hu\/cs\/wp-json\/wp\/v2\/media?parent=2483"}],"wp:term":[{"taxonomy":"product_brand","embeddable":true,"href":"https:\/\/vetomshop.hu\/cs\/wp-json\/wp\/v2\/product_brand?post=2483"},{"taxonomy":"product_cat","embeddable":true,"href":"https:\/\/vetomshop.hu\/cs\/wp-json\/wp\/v2\/product_cat?post=2483"},{"taxonomy":"product_tag","embeddable":true,"href":"https:\/\/vetomshop.hu\/cs\/wp-json\/wp\/v2\/product_tag?post=2483"}],"curies":[{"name":"wp","href":"https:\/\/api.w.org\/{rel}","templated":true}]}}