{"id":2704,"date":"2021-05-05T21:50:09","date_gmt":"2021-05-05T19:50:09","guid":{"rendered":"https:\/\/vetomshop.hu\/?post_type=product&#038;p=2704"},"modified":"2026-02-28T11:46:57","modified_gmt":"2026-02-28T10:46:57","slug":"21-napos-kura-4-tubus-225-gramm","status":"publish","type":"product","link":"https:\/\/vetomshop.hu\/cs\/produkt\/21-napos-kura-4-tubus-225-gramm\/","title":{"rendered":"Enterosgel: 21denn\u00ed k\u00fara 4 tuby (225 gram\u016f)"},"content":{"rendered":"<p>Z\u00a0<strong>Enterosgel\u00a0<\/strong>odstra\u0148uje l\u00e1tky, kter\u00e9 jsou pro t\u011blo \u0161kodliv\u00e9, ale nevst\u0159eb\u00e1v\u00e1 slo\u017eky, kter\u00e9 jsou pro t\u011blo prosp\u011b\u0161n\u00e9. Dezinfek\u010dn\u00ed, ochrann\u00fd a detoxika\u010dn\u00ed p\u0159\u00edpravek. Jedn\u00e1 se o organickou l\u00e1tku s fyzik\u00e1ln\u00edmi a chemick\u00fdmi vlastnostmi podobn\u00fdmi vlastnostem uhl\u00ed, a proto je k t\u011blu \u0161etrn\u00e1.<\/p>\n<p>Pom\u00e1h\u00e1 detoxikovat a dokonce eliminovat viry, bakterie, pl\u00edsn\u011b a parazity, jejich\u017e zbytky se skr\u00fdvaj\u00ed a zp\u016fsobuj\u00ed p\u0159\u00edznaky, kter\u00e9 mohou b\u00fdt velmi obt\u00ed\u017en\u011b zjistiteln\u00e9.<\/p>\n<p>Snadn\u00e9 pou\u017eit\u00ed, lze m\u00edchat s vodou nebo jin\u00fdmi tekutinami \/1-2 dl\/.<br \/>\nPro dosp\u011bl\u00e9 jedna pol\u00e9vkov\u00e1 l\u017e\u00edce \/15 gr\/ 3x denn\u011b, hodinu a p\u016fl a\u017e dv\u011b hodiny p\u0159ed j\u00eddlem nebo po j\u00eddle.<br \/>\nD\u011btem se pod\u00e1v\u00e1 1-3x denn\u011b \u010dajov\u00e1 l\u017ei\u010dka \/5-10 gr\/.<br \/>\nDoporu\u010den\u00e9 pou\u017eit\u00ed: 7-14 dn\u00ed.<\/p>","protected":false},"excerpt":{"rendered":"<p>Z\u00a0<strong>Enterosgel\u00a0<\/strong>odstra\u0148uje l\u00e1tky, kter\u00e9 jsou pro t\u011blo \u0161kodliv\u00e9, ale nevst\u0159eb\u00e1v\u00e1 slo\u017eky, kter\u00e9 jsou pro t\u011blo prosp\u011b\u0161n\u00e9. Dezinfek\u010dn\u00ed, ochrann\u00fd a detoxika\u010dn\u00ed p\u0159\u00edpravek. Jedn\u00e1 se o organickou l\u00e1tku s fyzik\u00e1ln\u00edmi a chemick\u00fdmi vlastnostmi podobn\u00fdmi vlastnostem uhl\u00ed, a proto je k t\u011blu \u0161etrn\u00e1.<\/p>\n<p>Pom\u00e1h\u00e1 detoxikovat a dokonce eliminovat viry, bakterie, pl\u00edsn\u011b a parazity, jejich\u017e zbytky se skr\u00fdvaj\u00ed a zp\u016fsobuj\u00ed p\u0159\u00edznaky, kter\u00e9 mohou b\u00fdt velmi obt\u00ed\u017en\u011b zjistiteln\u00e9.<\/p>","protected":false},"featured_media":2705,"comment_status":"open","ping_status":"closed","template":"","meta":[],"product_brand":[],"product_cat":[28],"product_tag":[],"class_list":{"0":"post-2704","1":"product","2":"type-product","3":"status-publish","4":"has-post-thumbnail","6":"product_cat-enterosgel","8":"first","9":"instock","10":"sale","11":"taxable","12":"shipping-taxable","13":"purchasable","14":"product-type-simple"},"_links":{"self":[{"href":"https:\/\/vetomshop.hu\/cs\/wp-json\/wp\/v2\/product\/2704","targetHints":{"allow":["GET"]}}],"collection":[{"href":"https:\/\/vetomshop.hu\/cs\/wp-json\/wp\/v2\/product"}],"about":[{"href":"https:\/\/vetomshop.hu\/cs\/wp-json\/wp\/v2\/types\/product"}],"replies":[{"embeddable":true,"href":"https:\/\/vetomshop.hu\/cs\/wp-json\/wp\/v2\/comments?post=2704"}],"wp:featuredmedia":[{"embeddable":true,"href":"https:\/\/vetomshop.hu\/cs\/wp-json\/wp\/v2\/media\/2705"}],"wp:attachment":[{"href":"https:\/\/vetomshop.hu\/cs\/wp-json\/wp\/v2\/media?parent=2704"}],"wp:term":[{"taxonomy":"product_brand","embeddable":true,"href":"https:\/\/vetomshop.hu\/cs\/wp-json\/wp\/v2\/product_brand?post=2704"},{"taxonomy":"product_cat","embeddable":true,"href":"https:\/\/vetomshop.hu\/cs\/wp-json\/wp\/v2\/product_cat?post=2704"},{"taxonomy":"product_tag","embeddable":true,"href":"https:\/\/vetomshop.hu\/cs\/wp-json\/wp\/v2\/product_tag?post=2704"}],"curies":[{"name":"wp","href":"https:\/\/api.w.org\/{rel}","templated":true}]}}