{"id":4392,"date":"2023-08-06T13:27:56","date_gmt":"2023-08-06T11:27:56","guid":{"rendered":"https:\/\/vetomshop.hu\/?post_type=product&#038;p=4392"},"modified":"2026-04-12T08:28:06","modified_gmt":"2026-04-12T06:28:06","slug":"komarov-por-etrend-kiegeszito-40-tasak","status":"publish","type":"product","link":"https:\/\/vetomshop.hu\/cs\/produkt\/komarov-por-etrend-kiegeszito-40-tasak\/","title":{"rendered":"Probiotick\u00fd pr\u00e1\u0161ek Komarov <span style=\"color: red\">40 tassaq<\/span> (dopln\u011bk stravy )"},"content":{"rendered":"<h2><strong>Komarov pr\u00e1\u0161ek - 40 s\u00e1\u010dk\u016f (Dopln\u011bk stravy)<\/strong><\/h2>\n<p>P\u0159\u00edrodn\u00ed probiotikum s vitam\u00edny a spirulinou - na podporu tr\u00e1vic\u00edho a imunitn\u00edho syst\u00e9mu<\/p>\n<p>Komarov v pr\u00e1\u0161ku je komplexn\u00ed dopln\u011bk stravy obsahuj\u00edc\u00ed probiotika, vl\u00e1kninu, vitaminy, miner\u00e1ly a spirulinu. Jeho \u00fa\u010dinn\u00e9 l\u00e1tky podporuj\u00ed rovnov\u00e1hu st\u0159evn\u00ed fl\u00f3ry, detoxikaci, metabolismus a posiluj\u00ed obranyschopnost organismu.<\/p>\n<p>&nbsp;<\/p>\n<h2><strong>Hlavn\u00ed slo\u017eky:<\/strong><\/h2>\n<p>*Bacillus subtilis VKPM V-10641 (DSM 24613) - prosp\u011b\u0161n\u00e9 st\u0159evn\u00ed bakterie<\/p>\n<p>*Spirulina (modrozelen\u00e1 \u0159asa) - p\u0159\u00edrodn\u00ed zdroj vitam\u00edn\u016f a b\u00edlkovin<\/p>\n<p>*P\u0161eni\u010dn\u00e9 otruby - zdroj vl\u00e1kniny<\/p>\n<p>*Kyselina citronov\u00e1, chlorid sodn\u00fd - p\u0159\u00edrodn\u00ed nosi\u010de<\/p>\n<p>&nbsp;<\/p>\n<h2><strong>Sou\u010d\u00e1st\u00ed produktu je tak\u00e9:<\/strong><\/h2>\n<p>*Vitam\u00edny: A, B1, B2, B6, B12, B5, B9, biotin<\/p>\n<p>*Miner\u00e1ly: v\u00e1pn\u00edk, drasl\u00edk, ho\u0159\u010d\u00edk, fosfor, \u017eelezo, zinek, m\u011b\u010f, mangan, selen, molybden.<\/p>\n<p>*nenasycen\u00e9 mastn\u00e9 kyseliny: kyselina linolov\u00e1, kyselina linolenov\u00e1, kyselina arachidonov\u00e1<\/p>\n<p>&nbsp;<\/p>\n<h2><strong>P\u0159\u00edzniv\u00e9 \u00fa\u010dinky:<\/strong><\/h2>\n<p>\u2705 Pom\u00e1h\u00e1 tr\u00e1ven\u00ed a lep\u0161\u00edmu vst\u0159eb\u00e1v\u00e1n\u00ed \u017eivin<\/p>\n<p>\u2705 Podporuje rovnov\u00e1hu st\u0159evn\u00ed fl\u00f3ry, m\u00e1 detoxika\u010dn\u00ed \u00fa\u010dinek<\/p>\n<p>\u2705 Posiluje imunitn\u00ed syst\u00e9m, zvy\u0161uje odolnost organismu<\/p>\n<p>\u2705 normalizuje metabolismus<\/p>\n<p>\u2705 napom\u00e1h\u00e1 regenera\u010dn\u00edm proces\u016fm a m\u016f\u017ee p\u0159isp\u00edvat k boji proti \u0161kodliv\u00fdm bu\u0148k\u00e1m<\/p>\n<p>\u2705 Aktivuje Krebs\u016fv cyklus (v\u00fdroba bun\u011b\u010dn\u00e9 energie)<\/p>\n<p>\u2705 Antibakteri\u00e1ln\u00ed, antivirov\u00e9 a antimykotick\u00e9 vlastnosti<\/p>\n<p>&nbsp;<\/p>\n<h2><strong>Doporu\u010den\u00e9 d\u00e1vkov\u00e1n\u00ed:<\/strong><\/h2>\n<p>*Pro zdrav\u00fd organismus: min. 2-3 s\u00e1\u010dky denn\u011b po dobu 10-14 dn\u016f B\u011bhem u\u017e\u00edv\u00e1n\u00ed sledujte reakce organismu a v p\u0159\u00edpad\u011b pot\u0159eby d\u00e1vku postupn\u011b zvy\u0161ujte.<\/p>\n<p>* P\u0159i n\u011bkter\u00fdch onemocn\u011bn\u00edch: 7-10 s\u00e1\u010dk\u016f denn\u011b po dobu 10 dn\u016f.<\/p>\n<p>* 1 porce = 1 s\u00e1\u010dek<\/p>\n<p>* Pr\u00e1\u0161ek se u\u017e\u00edv\u00e1 peror\u00e1ln\u011b, doporu\u010duje se u\u017e\u00edvat s j\u00eddlem nebo po j\u00eddle. Vhodn\u011bj\u0161\u00ed je u\u017e\u00edvat ho po l\u017ei\u010dk\u00e1ch sm\u00edchan\u00fd s jogurtem, zakysanou smetanou nebo kef\u00edrem.<\/p>\n<p>&nbsp;<\/p>\n<h2><strong>D\u016fle\u017eit\u00e9 informace:<\/strong><\/h2>\n<p>*\u017d\u00e1dn\u00e9 vedlej\u0161\u00ed \u00fa\u010dinky, \u017e\u00e1dn\u00e9 p\u0159ed\u00e1vkov\u00e1n\u00ed, nen\u00e1vykov\u00e9 l\u00e1tky<\/p>\n<p>*\u017d\u00e1dn\u00e9 v\u011bkov\u00e9 omezen\u00ed<\/p>\n<p>*Nepod\u00e1vat s antibiotiky nebo jin\u00fdmi probiotiky.<\/p>\n<p>* Nedoporu\u010duje se p\u0159i p\u0159ecitliv\u011blosti na n\u011bkterou ze slo\u017eek p\u0159\u00edpravku<\/p>\n<p>&nbsp;<\/p>\n<h2><strong>V\u00fddej:<\/strong><\/h2>\n<p>40 s\u00e1\u010dk\u016f po 2,5 g pr\u00e1\u0161ku v laminovan\u00e9m obalu<\/p>\n<p>Hmotnost: 0,17 kg<\/p>\n<p>Velikost: 18 \u00d7 7 \u00d7 7 cm<\/p>\n<p>M\u00edsto p\u016fvodu: Rusko<\/p>\n<p>&nbsp;<\/p>\n<h2><strong>Skladov\u00e1n\u00ed:<\/strong><\/h2>\n<p>Skladujte na such\u00e9m a chladn\u00e9m m\u00edst\u011b p\u0159i teplot\u011b 0-30 \u00b0C a maxim\u00e1ln\u00ed vlhkosti 75%.<\/p>\n<p>Z\u00e1ruka: 4<strong> let od data v\u00fdroby<\/strong>.<\/p>\n<p>M\u00edsto p\u016fvodu : <strong>Rusko<\/strong><\/p>","protected":false},"excerpt":{"rendered":"<h5>Bacilus subtilis kmen VKPM V 10 641 (DSM 24613)<\/h5>\n<div class=\"plashka\"><strong>\u017div\u00fd materi\u00e1l:<\/strong> p\u0161eni\u010dn\u00e9 otruby, chlorid sodn\u00fd, sinice spirulina, kyselina citronov\u00e1.<br \/>\nPr\u00e1\u0161ek balen\u00fd v 2,5 g laminovan\u00e9m pap\u00edrov\u00e9m s\u00e1\u010dku.<\/div>\n<h5>Pou\u017eit\u00ed:<\/h5>\n<p>Komarov\u016fv pr\u00e1\u0161ek je biologicky aktivn\u00ed l\u00e1tka obsahuj\u00edc\u00ed probiotick\u00e9 mikroorganismy, vl\u00e1kninu, vitam\u00edny (<strong>A, B1, B2, B6, B12, B5, B9, biotin<\/strong>), makro- (v\u00e1pn\u00edk, ho\u0159\u010d\u00edk, fosfor, drasl\u00edk) a mikro\u017eiviny (\u017eelezo, mangan, m\u011b\u010f, zinek, molybden, selen), nenasycen\u00e9 mastn\u00e9 kyseliny (kyselina linolov\u00e1, kyselina linolenov\u00e1, kyselina arachidonov\u00e1).<\/p>\n<h6>Vlastnosti:<\/h6>\n<ul class=\"vetom-list\">\n<li>M\u00e1 vysokou antagonistickou aktivitu v\u016f\u010di patogenn\u00edm a podm\u00edn\u011bn\u011b patogenn\u00edm houb\u00e1m a bakteri\u00edm, antivirov\u00e9, proteolytick\u00e9, amylolytick\u00e9 a celulolytick\u00e9 vlastnosti.<\/li>\n<li>stimuluje bun\u011b\u010dn\u00e9 a humor\u00e1ln\u00ed faktory imunity.<\/li>\n<li>zvy\u0161uje nespecifickou odolnost t\u011bla<\/li>\n<li>stabilizuje alergickou odolnost<\/li>\n<li>normalizuje metabolismus<\/li>\n<li>stimuluje regenera\u010dn\u00ed procesy, napad\u00e1 a ni\u010d\u00ed rakovinn\u00e9 a nemocn\u00e9 bu\u0148ky.<\/li>\n<\/ul>","protected":false},"featured_media":5557,"comment_status":"open","ping_status":"closed","template":"","meta":[],"product_brand":[],"product_cat":[22],"product_tag":[],"class_list":{"0":"post-4392","1":"product","2":"type-product","3":"status-publish","4":"has-post-thumbnail","6":"product_cat-vetom-probiotikumok","8":"first","9":"instock","10":"featured","11":"taxable","12":"shipping-taxable","13":"purchasable","14":"product-type-simple"},"_links":{"self":[{"href":"https:\/\/vetomshop.hu\/cs\/wp-json\/wp\/v2\/product\/4392","targetHints":{"allow":["GET"]}}],"collection":[{"href":"https:\/\/vetomshop.hu\/cs\/wp-json\/wp\/v2\/product"}],"about":[{"href":"https:\/\/vetomshop.hu\/cs\/wp-json\/wp\/v2\/types\/product"}],"replies":[{"embeddable":true,"href":"https:\/\/vetomshop.hu\/cs\/wp-json\/wp\/v2\/comments?post=4392"}],"wp:featuredmedia":[{"embeddable":true,"href":"https:\/\/vetomshop.hu\/cs\/wp-json\/wp\/v2\/media\/5557"}],"wp:attachment":[{"href":"https:\/\/vetomshop.hu\/cs\/wp-json\/wp\/v2\/media?parent=4392"}],"wp:term":[{"taxonomy":"product_brand","embeddable":true,"href":"https:\/\/vetomshop.hu\/cs\/wp-json\/wp\/v2\/product_brand?post=4392"},{"taxonomy":"product_cat","embeddable":true,"href":"https:\/\/vetomshop.hu\/cs\/wp-json\/wp\/v2\/product_cat?post=4392"},{"taxonomy":"product_tag","embeddable":true,"href":"https:\/\/vetomshop.hu\/cs\/wp-json\/wp\/v2\/product_tag?post=4392"}],"curies":[{"name":"wp","href":"https:\/\/api.w.org\/{rel}","templated":true}]}}