{"id":443,"date":"2019-11-12T14:57:08","date_gmt":"2019-11-12T13:57:08","guid":{"rendered":"https:\/\/vetomshop.hu\/?post_type=product&#038;p=443"},"modified":"2026-04-12T08:29:34","modified_gmt":"2026-04-12T06:29:34","slug":"vetom-2-etrend-kiegeszito","status":"publish","type":"product","link":"https:\/\/vetomshop.hu\/cs\/produkt\/vetom-2-etrend-kiegeszito\/","title":{"rendered":"Probiotikum Vetom <span style=\"color:red\">2<\/span><br> kapsle <span style=\"color:red\">50 zrn<\/span> (dopln\u011bk stravy)"},"content":{"rendered":"<h2>Vetom 2 probiotick\u00e9 kapsle 50 zrn (dopln\u011bk stravy)<\/h2>\n<p>Dv\u011bma hlavn\u00edmi \u00fa\u010dinn\u00fdmi l\u00e1tkami p\u0159\u00edpravku Vetom jsou prosp\u011b\u0161n\u00e9 bakteri\u00e1ln\u00ed kmeny *Bacillus amyloliquefaciens* , kter\u00e9 p\u016fsob\u00ed p\u0159edev\u0161\u00edm v tlust\u00e9m st\u0159ev\u011b, kde se mno\u017e\u00ed a produkuj\u00ed r\u016fzn\u00e9 enzymy (enzymy rozkl\u00e1daj\u00edc\u00ed b\u00edlkoviny, \u0161krob a vl\u00e1kninu) a \u00fa\u010dinn\u00e9 l\u00e1tky, kter\u00e9:<\/p>\n<p>* potla\u010duj\u00ed \u0161kodliv\u00e9 bakterie a pl\u00edsn\u011b,<br \/>\n* o\u010dist\u00ed st\u0159evn\u00ed st\u011bnu od nestr\u00e1ven\u00fdch zbytk\u016f,<br \/>\n* podporuj\u00ed lep\u0161\u00ed vst\u0159eb\u00e1v\u00e1n\u00ed \u017eivin,<br \/>\n* pom\u00e1haj\u00ed detoxikovat organismus.<\/p>\n<p>Pravideln\u00e9 u\u017e\u00edv\u00e1n\u00ed p\u0159\u00edpravku Vetom 2 pom\u00e1h\u00e1 obnovit zdravou rovnov\u00e1hu st\u0159evn\u00ed fl\u00f3ry, stimuluje tr\u00e1ven\u00ed a zlep\u0161uje funkci imunitn\u00edho syst\u00e9mu. Probiotikum podporuje regenera\u010dn\u00ed procesy, napom\u00e1h\u00e1 obnov\u011b bun\u011bk a m\u016f\u017ee dokonce zabr\u00e1nit vzniku rakovinn\u00fdch bun\u011bk.<\/p>\n<p>Zlep\u0161uje tak\u00e9 \u00fa\u010dinky l\u00e9k\u016f a z\u00e1rove\u0148 sni\u017euje jejich vedlej\u0161\u00ed \u00fa\u010dinky.<\/p>\n<h2>V\u00fdhodn\u00e9 vlastnosti:<\/h2>\n<p>* Siln\u00fd antibakteri\u00e1ln\u00ed a protipl\u00eds\u0148ov\u00fd \u00fa\u010dinek<br \/>\n* Antivirov\u00e9, tr\u00e1vic\u00ed, posiluj\u00edc\u00ed imunitu.<br \/>\n* Ochrana bun\u011bk a prevence n\u00e1dor\u016f<br \/>\n* Normalizuje metabolismus<br \/>\n* Posiluje odolnost v\u016f\u010di alergi\u00edm<br \/>\n* Regeneruje t\u011blo na bun\u011b\u010dn\u00e9 \u00farovni<br \/>\n* Nezp\u016fsobuje vedlej\u0161\u00ed \u00fa\u010dinky, p\u0159ed\u00e1vkov\u00e1n\u00ed nebo z\u00e1vislost<br \/>\n* Chr\u00e1n\u00ed t\u011blo na bun\u011b\u010dn\u00e9 \u00farovni, pom\u00e1h\u00e1 p\u0159edch\u00e1zet vzniku n\u00e1dor\u016f.<\/p>\n<h2>Doporu\u010den\u00e9 pou\u017eit\u00ed:<\/h2>\n<p>Vetom 2 se doporu\u010duje k obnoven\u00ed rovnov\u00e1hy st\u0159evn\u00ed fl\u00f3ry, podpo\u0159e zdrav\u00ed st\u0159ev a pos\u00edlen\u00ed imunity.<\/p>\n<h2>D\u00e1vkov\u00e1n\u00ed:<\/h2>\n<p>* Doporu\u010duje se 1 tobolka 2-3kr\u00e1t denn\u011b po dobu 10 dn\u016f, p\u0159ed j\u00eddlem, b\u011bhem j\u00eddla nebo po j\u00eddle, s mal\u00fdm mno\u017estv\u00edm tekutiny (voda, \u010daj nebo d\u017eus). V pr\u016fb\u011bhu l\u00e9\u010dby sledujte reakci organismu a v p\u0159\u00edpad\u011b pot\u0159eby d\u00e1vku postupn\u011b zvy\u0161ujte a\u017e na 5-10 tobolek denn\u011b.<\/p>\n<p>* O\u0161et\u0159en\u00ed lze opakovat po 1-2t\u00fddenn\u00ed p\u0159est\u00e1vce. P\u0159\u00edle\u017eitostn\u011b se doporu\u010duje p\u0159ej\u00edt na jin\u00fd \u010d\u00edslovan\u00fd produkt Vetom pro celkovou podporu organismu.<\/p>\n<h2>Kontraindikace:<\/h2>\n<p>* Nedoporu\u010duje se v p\u0159\u00edpad\u011b citlivosti na n\u011bkterou ze slo\u017eek.<br \/>\n* V t\u011bhotenstv\u00ed a p\u0159i kojen\u00ed pou\u017e\u00edvejte pouze na doporu\u010den\u00ed l\u00e9ka\u0159e.<br \/>\n* Nem\u00e1 vliv na \u0159\u00edzen\u00ed nebo obsluhu nebezpe\u010dn\u00fdch stroj\u016f.<\/p>\n<h2>D\u00e1vkov\u00e1n\u00ed a slo\u017een\u00ed:<\/h2>\n<p>* 10 kapsl\u00ed v blistru, 5 balen\u00ed v kartonu (celkem 50 kapsl\u00ed)<br \/>\n* Obsah 1 kapsle:<\/p>\n<p>* extrakt z kuku\u0159ice - 133 mg<br \/>\n* Bramborov\u00fd \u0161krob - 100 mg<br \/>\n* sachar\u00f3za (mou\u010dkov\u00fd cukr) - 67 mg<br \/>\n* bakteri\u00e1ln\u00ed kultura Bacillus amyloliquefaciens (DSM 24614) a kmeny DSM 24615 - 30 mg (1\u00d710\u2079 CFU\/g)<\/p>\n<h2>Dal\u0161\u00ed informace:<\/h2>\n<p>* \u010cist\u00e1 hmotnost: 0,1 kg<br \/>\n* Velikost: 4,5 \u00d7 6,5 \u00d7 8 cm<br \/>\n* Zem\u011b p\u016fvodu: Rusko<br \/>\n* Skladov\u00e1n\u00ed: na chladn\u00e9m a such\u00e9m m\u00edst\u011b (max. 30 \u00b0C), mimo dosah d\u011bt\u00ed.<br \/>\n* Trvanlivost: 2 roky od data v\u00fdroby<\/p>\n<p>Alternativn\u00ed ekvivalent ve form\u011b kapek: Vetom 2,25 (10 ml)<\/p>\n<p>M\u00edsto p\u016fvodu : <strong>Rusko<\/strong><\/p>","protected":false},"excerpt":{"rendered":"<h5><strong>Vetom <span style=\"color: red;\">2<\/span><\/strong> probiotick\u00e9 kapsle 50 zrnek (dopln\u011bk stravy)<\/h5>\n<div class=\"plashka\">\n<p>A <strong>Vetom <span style=\"color: red;\">2<\/span><\/strong> normalizuje metabolismus, tr\u00e1ven\u00ed a vst\u0159eb\u00e1v\u00e1n\u00ed biologicky aktivn\u00edch slo\u017eek potravy v tr\u00e1vic\u00edm traktu.<\/p>\n<p>A <strong>Vetom <span style=\"color: red;\">2<\/span><\/strong> prpbiotika zvy\u0161uj\u00ed \u00fa\u010dinnost l\u00e9k\u016f a sni\u017euj\u00ed jejich negativn\u00ed vedlej\u0161\u00ed \u00fa\u010dinky na lidsk\u00fd organismus.<\/p>\n<\/div>\n<p>P\u0159\u00edzniv\u00fd vliv na <strong>Bacillus amyloliquefaciens<\/strong> kter\u00e9 vznikaj\u00ed p\u0159edev\u0161\u00edm mno\u017een\u00edm v tlust\u00e9m st\u0159ev\u011b:<\/p>\n<ul class=\"vetom-list\">\n<li>proteolytick\u00e9, amylolytick\u00e9 a celulosolytick\u00e9 enzymy,<\/li>\n<li>biologicky aktivn\u00ed l\u00e1tka, kter\u00e1 inhibuje r\u016fst a v\u00fdvoj patogenn\u00ed a potenci\u00e1ln\u011b patogenn\u00ed mikrofl\u00f3ry.<\/li>\n<\/ul>\n<p>V d\u016fsledku toho se bakteri\u00e1ln\u00ed slo\u017een\u00ed st\u0159evn\u00edho obsahu m\u011bn\u00ed na spr\u00e1vnou v\u00fdvojovou normu, st\u0159evn\u00ed st\u011bny se \u010dist\u00ed od nestr\u00e1ven\u00fdch zbytk\u016f, co\u017e p\u0159isp\u00edv\u00e1 k aktivn\u00edmu odstra\u0148ov\u00e1n\u00ed toxin\u016f z t\u011bla, k neomezen\u00e9mu transportu biologicky aktivn\u00edch \u017eivin.<\/p>","protected":false},"featured_media":6598,"comment_status":"open","ping_status":"closed","template":"","meta":[],"product_brand":[],"product_cat":[22],"product_tag":[],"class_list":{"0":"post-443","1":"product","2":"type-product","3":"status-publish","4":"has-post-thumbnail","6":"product_cat-vetom-probiotikumok","8":"first","9":"instock","10":"featured","11":"taxable","12":"shipping-taxable","13":"purchasable","14":"product-type-simple"},"_links":{"self":[{"href":"https:\/\/vetomshop.hu\/cs\/wp-json\/wp\/v2\/product\/443","targetHints":{"allow":["GET"]}}],"collection":[{"href":"https:\/\/vetomshop.hu\/cs\/wp-json\/wp\/v2\/product"}],"about":[{"href":"https:\/\/vetomshop.hu\/cs\/wp-json\/wp\/v2\/types\/product"}],"replies":[{"embeddable":true,"href":"https:\/\/vetomshop.hu\/cs\/wp-json\/wp\/v2\/comments?post=443"}],"wp:featuredmedia":[{"embeddable":true,"href":"https:\/\/vetomshop.hu\/cs\/wp-json\/wp\/v2\/media\/6598"}],"wp:attachment":[{"href":"https:\/\/vetomshop.hu\/cs\/wp-json\/wp\/v2\/media?parent=443"}],"wp:term":[{"taxonomy":"product_brand","embeddable":true,"href":"https:\/\/vetomshop.hu\/cs\/wp-json\/wp\/v2\/product_brand?post=443"},{"taxonomy":"product_cat","embeddable":true,"href":"https:\/\/vetomshop.hu\/cs\/wp-json\/wp\/v2\/product_cat?post=443"},{"taxonomy":"product_tag","embeddable":true,"href":"https:\/\/vetomshop.hu\/cs\/wp-json\/wp\/v2\/product_tag?post=443"}],"curies":[{"name":"wp","href":"https:\/\/api.w.org\/{rel}","templated":true}]}}