{"id":447,"date":"2019-11-12T15:10:57","date_gmt":"2019-11-12T14:10:57","guid":{"rendered":"https:\/\/vetomshop.hu\/?post_type=product&#038;p=447"},"modified":"2026-04-12T08:29:15","modified_gmt":"2026-04-12T06:29:15","slug":"vetom-4-etrend-kiegeszito","status":"publish","type":"product","link":"https:\/\/vetomshop.hu\/cs\/produkt\/vetom-4-etrend-kiegeszito\/","title":{"rendered":"Probiotikum Vetom <span style=\"color:red\">4<\/span><br> kapsle <span style=\"color:red\">50 zrn<\/span> (dopln\u011bk stravy)"},"content":{"rendered":"<p>Vetom 4 probiotick\u00e9 kapsle 50 zrn (dopln\u011bk stravy s Bacillus amyloliquefaciens)<\/p>\n<p>Jej\u00ed p\u0159\u00edzniv\u00e9 \u00fa\u010dinky jsou zp\u016fsobeny p\u016fsoben\u00edm Bacillus amyloliquefaciens, kter\u00e9 p\u0159edev\u0161\u00edm mno\u017een\u00edm v tenk\u00e9m st\u0159ev\u011b produkuj\u00ed: proteolytick\u00e9, amylolytick\u00e9 a celulolytick\u00e9 enzymy, biologicky aktivn\u00ed l\u00e1tky, kter\u00e9 inhibuj\u00ed r\u016fst a rozvoj patogenn\u00ed a potenci\u00e1ln\u011b patogenn\u00ed mikrofl\u00f3ry. V d\u016fsledku toho se bakteri\u00e1ln\u00ed slo\u017een\u00ed st\u0159evn\u00edho obsahu m\u011bn\u00ed na odpov\u00eddaj\u00edc\u00ed v\u00fdvojovou normu, st\u0159evn\u00ed st\u011bny se \u010dist\u00ed od nestr\u00e1ven\u00fdch zbytk\u016f, co\u017e p\u0159isp\u00edv\u00e1 k aktivn\u00edmu odstra\u0148ov\u00e1n\u00ed toxin\u016f z t\u011bla, k neomezen\u00e9mu transportu biologicky aktivn\u00edch \u017eivin.<br \/>\nVlivem p\u0159\u00edpravku Vetom 4 se normalizuje metabolismus, tr\u00e1ven\u00ed a vst\u0159eb\u00e1v\u00e1n\u00ed biologicky aktivn\u00edch slo\u017eek potravy v tr\u00e1vic\u00edm traktu.<br \/>\nVetom 1.1 zvy\u0161uje \u00fa\u010dinnost l\u00e9k\u016f a sni\u017euje jejich negativn\u00ed vedlej\u0161\u00ed \u00fa\u010dinky na lidsk\u00fd organismus.<br \/>\nDoporu\u010den\u00e9 d\u00e1vkov\u00e1n\u00ed: 1 tobolka (2*3) denn\u011b po dobu 10 dn\u016f, u\u017e\u00edvejte s j\u00eddlem nebo po j\u00eddle, zapijte mal\u00fdm mno\u017estv\u00edm vody, d\u017eusu nebo \u010daje.<br \/>\nVetom 4 nen\u00ed n\u00e1vykov\u00fd.<br \/>\nDoporu\u010duje se opakovat k\u00faru po 1-2t\u00fddenn\u00ed p\u0159est\u00e1vce a v ur\u010dit\u00fdch intervalech je vhodn\u00e9 p\u0159ej\u00edt na jin\u00fd o\u010d\u00edslovan\u00fd p\u0159\u00edpravek Vetom. .<br \/>\nT\u00edmto zp\u016fsobem m\u016f\u017eeme podpo\u0159it cel\u00e9 na\u0161e t\u011blo a tak\u00e9 n\u00e1\u0161 st\u0159evn\u00ed trakt. .<br \/>\nVlastnosti:<br \/>\n- M\u00e1 vysokou antagonistickou aktivitu v\u016f\u010di patogenn\u00edm a podm\u00edn\u011bn\u011b patogenn\u00edm houb\u00e1m a bakteri\u00edm, antivirov\u00e9, proteolytick\u00e9, amylolytick\u00e9 a celulolytick\u00e9 vlastnosti.<br \/>\n- stimuluje bun\u011b\u010dn\u00e9 a humor\u00e1ln\u00ed faktory imunity.<br \/>\n- zvy\u0161uje nespecifickou odolnost t\u011bla<br \/>\n- stabilizuje alergickou odolnost<br \/>\n- normalizuje metabolismus<br \/>\n- stimuluje regenera\u010dn\u00ed procesy, napad\u00e1 a ni\u010d\u00ed rakovinn\u00e9 a nemocn\u00e9 bu\u0148ky.<br \/>\nM\u011bn\u00ed membr\u00e1nu a metabolismus bun\u011b\u010dn\u00e9ho skeletu, \u010d\u00edm\u017e zabra\u0148uje rozvoji rakovinn\u00fdch bun\u011bk.<\/p>\n<p>- \u017d\u00c1DN\u00c9 VEDLEJ\u0160\u00cd \u00da\u010cINKY<br \/>\n- BEZ V\u011aKOV\u00c9HO OMEZEN\u00cd<br \/>\n- \u017d\u00c1DN\u00c9 P\u0158ED\u00c1VKOV\u00c1N\u00cd<br \/>\n- NEN\u00cd N\u00c1VYKOV\u00dd<\/p>\n<p>Oblast pou\u017eit\u00ed<br \/>\nPou\u017eit\u00ed probiotick\u00fdch mikroorganism\u016f jako biologicky aktivn\u00ed potravinov\u00e9 p\u0159\u00edsady se doporu\u010duje pro obnovu gastrointestin\u00e1ln\u00edho traktu a obnovu st\u0159evn\u00ed mikrofl\u00f3ry.<\/p>\n<p>Kontraindikace<br \/>\nP\u0159ecitliv\u011blost na n\u011bkter\u00e9 slo\u017eky p\u0159\u00edpravku.<\/p>\n<p>Zvl\u00e1\u0161tn\u00ed pokyny<br \/>\nV t\u011bhotenstv\u00ed a p\u0159i kojen\u00ed pou\u017e\u00edvejte pouze po konzultaci s l\u00e9ka\u0159em. P\u0159\u00edpravek neovliv\u0148uje schopnost \u0159\u00eddit nebo obsluhovat potenci\u00e1ln\u011b nebezpe\u010dn\u00e9 mechanismy.<br \/>\nD\u00e1vkov\u00e1n\u00ed<br \/>\n10 tobolek po 0,33 g v jednotliv\u00fdch blistrech, 5 blistr\u016f v kartonu. Plastov\u00e1 krabi\u010dka, \u010dist\u00e1 hmotnost: 500 g. Baleno do vlnit\u00e9 lepenky, \u010dist\u00e1 hmotnost: 5 gr, 50 tobolek v kartonu.<br \/>\nPodm\u00ednky skladov\u00e1n\u00ed<br \/>\nLze skladovat p\u0159i relativn\u00ed vlhkosti 75 % pod 30 \u00b0C. Uchov\u00e1vejte mimo dosah d\u011bt\u00ed.<br \/>\nDoba skladov\u00e1n\u00ed<br \/>\n2 roky od data v\u00fdroby. Nespot\u0159ebov\u00e1vejte po uplynut\u00ed doby pou\u017eitelnosti.<br \/>\nSlo\u017een\u00ed<br \/>\n1 kapsle obsahuje: kuku\u0159i\u010dn\u00fd extrakt - 133 mg; bramborov\u00fd \u0161krob - 100 mg; sachar\u00f3za (mou\u010dkov\u00fd cukr) - 67 mg: probiotick\u00e1 su\u0161en\u00e1 kultura Bacillus amyloliquefaciens VKPM B - 10643 bakteri\u00e1ln\u00ed kmen (DSM 24615), 1\u00d7109 KTJ\/g - 30 mg kolonie tvo\u0159\u00edc\u00ed jednotky.<br \/>\nKoup\u00edm probiotika p\u0159\u00edmo z tov\u00e1rny za nejlep\u0161\u00ed cenu , -pr\u00e9miov\u00e1 kvalita.<br \/>\n\u201eCemmedic Europe Kft\u201d ofici\u00e1ln\u00ed distributor probiotik Vetom v Ma\u010farsku !<\/p>","protected":false},"excerpt":{"rendered":"<h5><strong>Vetom <span style=\"color:red\">4<\/span><\/strong> probiotick\u00e9 kapsle 50 zrn (dopln\u011bk stravy) <strong>Bacillus amyloliquefaciens<\/strong> bakterie)<\/h5>\n<div class=\"plashka\">\n<p>A <strong>Vetom <span style=\"color:red\">4<\/span><\/strong> normalizuje metabolismus, tr\u00e1ven\u00ed a vst\u0159eb\u00e1v\u00e1n\u00ed biologicky aktivn\u00edch slo\u017eek potravy v tr\u00e1vic\u00edm traktu.<\/p>\n<p>A <strong>Vetom <span style=\"color:red\">4<\/span><\/strong> zvy\u0161uje \u00fa\u010dinnost l\u00e9k\u016f a sni\u017euje jejich negativn\u00ed vedlej\u0161\u00ed \u00fa\u010dinky na lidsk\u00fd organismus.<\/p>\n<\/div>\n<p>P\u0159\u00edzniv\u00e9 \u00fa\u010dinky <strong>Bacillus amyloliquefaciens<\/strong> kter\u00e9 vznikaj\u00ed p\u0159edev\u0161\u00edm mno\u017een\u00edm v tenk\u00e9m st\u0159ev\u011b:<\/p>\n<ul class=\"vetom-list\">\n<li>proteolytick\u00e9, amylolytick\u00e9 a celulosolytick\u00e9 enzymy,<\/li>\n<li>biologicky aktivn\u00ed l\u00e1tky, kter\u00e9 inhibuj\u00ed r\u016fst a v\u00fdvoj patogenn\u00ed a potenci\u00e1ln\u011b patogenn\u00ed mikrofl\u00f3ry.<\/li>\n<\/ul>\n<p>V d\u016fsledku toho se bakteri\u00e1ln\u00ed slo\u017een\u00ed st\u0159evn\u00edho obsahu m\u011bn\u00ed na spr\u00e1vnou v\u00fdvojovou normu, st\u0159evn\u00ed st\u011bny se \u010dist\u00ed od nestr\u00e1ven\u00fdch zbytk\u016f, co\u017e p\u0159isp\u00edv\u00e1 k aktivn\u00edmu odstra\u0148ov\u00e1n\u00ed toxin\u016f z t\u011bla, k neomezen\u00e9mu transportu biologicky aktivn\u00edch \u017eivin.<\/p>\n<p><strong>D\u00e1vkov\u00e1n\u00ed:<\/strong> doporu\u010duje se u\u017e\u00edvat 1 kapsli (2*3) denn\u011b po dobu 10 dn\u016f s j\u00eddlem nebo po j\u00eddle, zap\u00edt mal\u00fdm mno\u017estv\u00edm vody, d\u017eusu nebo \u010daje.<\/p>\n<div class=\"plashka\">Doporu\u010duje se opakovat k\u00fary po 1-2t\u00fddenn\u00ed p\u0159est\u00e1vce a s odstupem \u010dasu p\u0159ej\u00edt na jin\u00fd o\u010d\u00edslovan\u00fd p\u0159\u00edpravek Vetom. T\u00edmto zp\u016fsobem m\u016f\u017eeme rovnom\u011brn\u011b podpo\u0159it cel\u00fd n\u00e1\u0161 organismus a st\u0159evn\u00ed syst\u00e9m.<\/div>\n<p>A <strong>Vetom <span style=\"color:red\">4<\/span><\/strong> nen\u00ed n\u00e1vykov\u00e1.<\/p>","protected":false},"featured_media":6596,"comment_status":"open","ping_status":"closed","template":"","meta":[],"product_brand":[],"product_cat":[22],"product_tag":[],"class_list":{"0":"post-447","1":"product","2":"type-product","3":"status-publish","4":"has-post-thumbnail","6":"product_cat-vetom-probiotikumok","8":"first","9":"instock","10":"featured","11":"taxable","12":"shipping-taxable","13":"purchasable","14":"product-type-simple"},"_links":{"self":[{"href":"https:\/\/vetomshop.hu\/cs\/wp-json\/wp\/v2\/product\/447","targetHints":{"allow":["GET"]}}],"collection":[{"href":"https:\/\/vetomshop.hu\/cs\/wp-json\/wp\/v2\/product"}],"about":[{"href":"https:\/\/vetomshop.hu\/cs\/wp-json\/wp\/v2\/types\/product"}],"replies":[{"embeddable":true,"href":"https:\/\/vetomshop.hu\/cs\/wp-json\/wp\/v2\/comments?post=447"}],"wp:featuredmedia":[{"embeddable":true,"href":"https:\/\/vetomshop.hu\/cs\/wp-json\/wp\/v2\/media\/6596"}],"wp:attachment":[{"href":"https:\/\/vetomshop.hu\/cs\/wp-json\/wp\/v2\/media?parent=447"}],"wp:term":[{"taxonomy":"product_brand","embeddable":true,"href":"https:\/\/vetomshop.hu\/cs\/wp-json\/wp\/v2\/product_brand?post=447"},{"taxonomy":"product_cat","embeddable":true,"href":"https:\/\/vetomshop.hu\/cs\/wp-json\/wp\/v2\/product_cat?post=447"},{"taxonomy":"product_tag","embeddable":true,"href":"https:\/\/vetomshop.hu\/cs\/wp-json\/wp\/v2\/product_tag?post=447"}],"curies":[{"name":"wp","href":"https:\/\/api.w.org\/{rel}","templated":true}]}}