{"id":449,"date":"2019-11-12T15:17:02","date_gmt":"2019-11-12T14:17:02","guid":{"rendered":"https:\/\/vetomshop.hu\/?post_type=product&#038;p=449"},"modified":"2026-04-12T08:29:02","modified_gmt":"2026-04-12T06:29:02","slug":"vetom-1-23-probiotikum-csepp","status":"publish","type":"product","link":"https:\/\/vetomshop.hu\/cs\/produkt\/vetom-1-23-probiotikum-csepp\/","title":{"rendered":"Probiotikum Vetom <span style=\"color: red\">1.23<\/span><br>drop <span style=\"color: red\">10 ml<\/span> (dopln\u011bk stravy)"},"content":{"rendered":"<h3>Vetom probiotikum 1,23 kapek 10 ml (dopln\u011bk stravy)<\/h3>\n<p><strong>Bacillus subtilis s prosp\u011b\u0161n\u00fdmi bakteri\u00e1ln\u00edmi kmeny<\/strong><\/p>\n<p>Vetom 1.23 je tekut\u00e9 probiotikum zalo\u017een\u00e9 na p\u0159\u00edzniv\u00fdch \u00fa\u010dinc\u00edch Bacillus subtilis VKPM V 10641, kmene bakteri\u00ed, kter\u00fd p\u016fsob\u00ed p\u0159edev\u0161\u00edm v tlust\u00e9m st\u0159ev\u011b, kde se aktivn\u011b mno\u017e\u00ed a produkuje \u0159adu tr\u00e1vic\u00edch enzym\u016f a biologicky aktivn\u00edch l\u00e1tek.<\/p>\n<p>&nbsp;<\/p>\n<h2><strong>Jedn\u00e1 se o tyto materi\u00e1ly:<\/strong><\/h2>\n<p>* potla\u010duj\u00ed r\u016fst \u0161kodliv\u00fdch bakteri\u00ed a pl\u00edsn\u00ed,<\/p>\n<p>* pom\u00e1haj\u00ed \u010distit st\u0159evn\u00ed st\u011bny od nestr\u00e1ven\u00fdch zbytk\u016f,<\/p>\n<p>* podporuj\u00ed odstra\u0148ov\u00e1n\u00ed toxin\u016f,<\/p>\n<p>* podporuj\u00ed \u00fa\u010dinn\u00e9 vst\u0159eb\u00e1v\u00e1n\u00ed \u017eivin, vitam\u00edn\u016f a miner\u00e1l\u016f.<\/p>\n<p>&nbsp;<\/p>\n<p>Vetom 1.23 zlep\u0161uje acidobazickou rovnov\u00e1hu tr\u00e1vic\u00edho syst\u00e9mu a optimalizuje metabolismus \u017eeleza, v\u00e1pn\u00edku, b\u00edlkovin, tuk\u016f, sacharid\u016f a dal\u0161\u00edch \u017eivin. D\u00edky tomu se t\u011blo p\u0159irozen\u011b posiluje a regeneruje.<\/p>\n<p>&nbsp;<\/p>\n<h2><strong>Hlavn\u00ed v\u00fdhody:<\/strong><\/h2>\n<p>* Antibakteri\u00e1ln\u00ed a antimykotick\u00fd \u00fa\u010dinek<\/p>\n<p>* Antivirov\u00e9 vlastnosti<\/p>\n<p>* pos\u00edlen\u00ed imunity, bun\u011b\u010dn\u00e1 ochrana<\/p>\n<p>* Podporuje regeneraci bun\u011bk<\/p>\n<p>* Inhibuje tvorbu abnorm\u00e1ln\u00edch bun\u011bk, v\u010detn\u011b n\u00e1dorov\u00fdch bun\u011bk.<\/p>\n<p>* Nezp\u016fsobuje vedlej\u0161\u00ed \u00fa\u010dinky, z\u00e1vislost nebo p\u0159ed\u00e1vkov\u00e1n\u00ed<\/p>\n<p>* Bezpe\u010dn\u00e9 pou\u017eit\u00ed v ka\u017ed\u00e9m v\u011bku<\/p>\n<p>&nbsp;<\/p>\n<p>&nbsp;<\/p>\n<h2><strong>D\u00e1vkov\u00e1n\u00ed a zp\u016fsob pod\u00e1n\u00ed:<\/strong><\/h2>\n<p>*Pro or\u00e1ln\u00ed pou\u017eit\u00ed<\/p>\n<p>*Dopln\u011bk pro dosp\u011bl\u00e9 a d\u011bti : prvn\u00ed dny se doporu\u010duj\u00ed 2 kapky, pot\u00e9 lze d\u00e1vku postupn\u011b zv\u00fd\u0161it na 4-6 kapek. B\u011bhem u\u017e\u00edv\u00e1n\u00ed sledujte reakce organismu.<\/p>\n<p>*Pro b\u011b\u017en\u00e1 onemocn\u011bn\u00ed: 10 kapek denn\u011b po dobu 10 dn\u016f.<\/p>\n<p>*opakov\u00e1n\u00ed l\u00e9\u010dby: doporu\u010duje se po 1-2 t\u00fddnech p\u0159est\u00e1vky<\/p>\n<p>*Navr\u017eeno ob\u010dasn\u00e9 st\u0159\u00edd\u00e1n\u00ed s jin\u00fdmi produkty Vetom, aby organizace z\u00edskala \u0161ir\u0161\u00ed podporu.<\/p>\n<p>&nbsp;<\/p>\n<h2><strong>Kdy se doporu\u010duje jeho pou\u017eit\u00ed?<\/strong><\/h2>\n<p>* Po l\u00e9\u010db\u011b antibiotiky k regeneraci st\u0159evn\u00ed fl\u00f3ry<\/p>\n<p>*K dopln\u011bn\u00ed l\u00e9\u010dby v p\u0159\u00edpad\u011b rakoviny<\/p>\n<p>*Za\u017e\u00edvac\u00ed pot\u00ed\u017ee, pr\u016fjem, z\u00e1cpa, \u017ealude\u010dn\u00ed nevolnost.<\/p>\n<p>*V p\u0159\u00edpad\u011b imunodeficitn\u00edch stav\u016f<\/p>\n<p>*V p\u0159\u00edpad\u011b nep\u0159\u00edjemn\u00e9ho t\u011blesn\u00e9ho z\u00e1pachu nebo dechu<\/p>\n<p>*Dopl\u0148kov\u00e1 l\u00e9\u010dba ledvinov\u00fdch kamen\u016f, onemocn\u011bn\u00ed jater, gastrointestin\u00e1ln\u00edch probl\u00e9m\u016f<\/p>\n<p>Pozor:<\/p>\n<p>Nepou\u017e\u00edvejte s peror\u00e1ln\u00edmi antibiotiky nebo jin\u00fdmi probiotiky. M\u016f\u017ee se kombinovat s lok\u00e1ln\u00edmi antibiotiky.<\/p>\n<p>&nbsp;<\/p>\n<h2><strong>D\u016fle\u017eit\u00e9:<\/strong><\/h2>\n<p>Nem\u011bl by se u\u017e\u00edvat s jin\u00fdmi peror\u00e1ln\u00edmi probiotiky nebo antibiotiky, zejm\u00e9na sulfanilamidem, protin\u00e1dorov\u00fdmi l\u00e1tkami.<\/p>\n<p>&nbsp;<\/p>\n<h2><strong>Slo\u017een\u00ed:<\/strong><\/h2>\n<p>* Kuku\u0159i\u010dn\u00fd extrakt fermentovan\u00fd kmenem *Bacillus subtilis* (VKPM V 10641 \/ DSM 24613)<\/p>\n<p>* Chlorid sodn\u00fd<\/p>\n<p>* Viveware<\/p>\n<p><strong>\u00a0<\/strong><\/p>\n<h2><strong>V\u00fddej:<\/strong><\/h2>\n<p>* 10 ml sklen\u011bn\u00e1 nebo plastov\u00e1 lahvi\u010dka s kap\u00e1tkem<\/p>\n<p>* M\u016f\u017ee obsahovat p\u0159\u00edrodn\u00ed sedimenty, co\u017e nen\u00ed z\u00e1vadou kvality.<\/p>\n<p>&nbsp;<\/p>\n<h2><strong>K\u00fcllem:<\/strong><\/h2>\n<p>Sv\u011btle \u017elutohn\u011bd\u00e1 kapalina charakteristick\u00e9ho z\u00e1pachu<\/p>\n<p>*Hmotnost: 0,02 kg<\/p>\n<p>*Rozm\u011bry: 3 \u00d7 3 \u00d7 7 cm<\/p>\n<p>*Dod\u00e1vky: Rusko<\/p>\n<p>&nbsp;<\/p>\n<h2>Informace o skladov\u00e1n\u00ed:<\/h2>\n<p>*Skladov\u00e1n\u00ed: 0-10 \u00b0C p\u0159i relativn\u00ed vlhkosti do 75%<\/p>\n<p>*P\u0159eprava a do\u010dasn\u00e9 skladov\u00e1n\u00ed: 10-30 \u00b0C po dobu max. 18 dn\u00ed.<\/p>\n<p>*Po demont\u00e1\u017ei: ulo\u017ete do chladni\u010dky (0-10 \u00b0C).<\/p>","protected":false},"excerpt":{"rendered":"<h5>P\u0159ihlaste se na<\/h5>\n<p>A <strong>Vetom 1.23<\/strong> pou\u017e\u00edv\u00e1 se jako dopl\u0148kov\u00fd zdroj probiotick\u00fdch mikroorganism\u016f pro zlep\u0161en\u00ed zdrav\u00ed lidsk\u00e9ho organismu. Siln\u00fd \u00fa\u010dinek <strong>Bacillus subtilis<\/strong> kter\u00fd je produkov\u00e1n p\u0159edev\u0161\u00edm v tlust\u00e9m st\u0159ev\u011b:<\/p>\n<ul class=\"vetom-list\">\n<li>proteolytick\u00e9, amylolytick\u00e9 a celulolytick\u00e9 enzymy;<\/li>\n<li>a-2 interferon lidsk\u00fdch b\u00edl\u00fdch krvinek;<\/li>\n<li>bacitracin a dal\u0161\u00ed biologicky aktivn\u00ed l\u00e1tky, kter\u00e9 zabra\u0148uj\u00ed v\u00fdznamn\u00e9mu r\u016fstu patogenn\u00ed nebo relativn\u011b patogenn\u00ed mikrofl\u00f3ry.<\/li>\n<\/ul>\n<p>V d\u016fsledku tohoto procesu se bakteri\u00e1ln\u00ed populace st\u0159evn\u00edho traktu m\u011bn\u00ed, a\u017e je toto\u017en\u00e1 s evolu\u010dn\u00ed normou, st\u0159evn\u00ed st\u011bny jsou zbaveny nestraviteln\u00fdch zbytk\u016f potravy, co\u017e usnad\u0148uje aktivn\u00ed vylu\u010dov\u00e1n\u00ed toxick\u00fdch l\u00e1tek z t\u011bla a neomezen\u00fd transport biologicky aktivn\u00edch l\u00e1tek a \u017eivin.<\/p>\n<div class=\"plashka\">A <strong>Vetom 1.23<\/strong> normalizuje tr\u00e1ven\u00ed, vst\u0159eb\u00e1v\u00e1n\u00ed a metabolismus \u017eeleza, v\u00e1pn\u00edku, tuk\u016f, b\u00edlkovin, sacharid\u016f, triglycerid\u016f, aminokyselin, dipeptid\u016f, \u017elu\u010dov\u00fdch sol\u00ed, normalizuje kysel\u00e9 prost\u0159ed\u00ed tr\u00e1vic\u00edho traktu. U\u017e\u00edv\u00e1n\u00ed p\u0159\u00edpravku Vetom 1.23 pom\u00e1h\u00e1 t\u011blu udr\u017eovat zdrav\u00ed.<\/div>\n<p>A <strong>Vetom 1.23<\/strong> zvy\u0161uje \u00fa\u010dinnost l\u00e9k\u016f a sni\u017euje jejich negativn\u00ed vedlej\u0161\u00ed \u00fa\u010dinky na lidsk\u00fd organismus.<\/p>\n<h6>Vlastnosti:<\/h6>\n<ul class=\"vetom-list\">\n<li>M\u00e1 vysokou antagonistickou aktivitu v\u016f\u010di patogenn\u00edm a podm\u00edn\u011bn\u011b patogenn\u00edm houb\u00e1m a bakteri\u00edm, antivirov\u00e9, proteolytick\u00e9, amylolytick\u00e9 a celulolytick\u00e9 vlastnosti.<\/li>\n<li>stimuluje bun\u011b\u010dn\u00e9 a humor\u00e1ln\u00ed faktory imunity.<\/li>\n<li>zvy\u0161uje nespecifickou odolnost t\u011bla<\/li>\n<li>stabilizuje alergickou odolnost<\/li>\n<li>normalizuje metabolismus<\/li>\n<li>stimuluje regenera\u010dn\u00ed procesy, napad\u00e1 a ni\u010d\u00ed rakovinn\u00e9 a nemocn\u00e9 bu\u0148ky.<\/li>\n<\/ul>\n<div class=\"plashka\">M\u011bn\u00ed membr\u00e1nu a metabolismus bun\u011b\u010dn\u00e9ho skeletu, \u010d\u00edm\u017e zabra\u0148uje rozvoji rakovinn\u00fdch bun\u011bk.<\/div>","protected":false},"featured_media":6615,"comment_status":"open","ping_status":"closed","template":"","meta":[],"product_brand":[],"product_cat":[22],"product_tag":[],"class_list":{"0":"post-449","1":"product","2":"type-product","3":"status-publish","4":"has-post-thumbnail","6":"product_cat-vetom-probiotikumok","8":"first","9":"instock","10":"featured","11":"taxable","12":"shipping-taxable","13":"purchasable","14":"product-type-simple"},"_links":{"self":[{"href":"https:\/\/vetomshop.hu\/cs\/wp-json\/wp\/v2\/product\/449","targetHints":{"allow":["GET"]}}],"collection":[{"href":"https:\/\/vetomshop.hu\/cs\/wp-json\/wp\/v2\/product"}],"about":[{"href":"https:\/\/vetomshop.hu\/cs\/wp-json\/wp\/v2\/types\/product"}],"replies":[{"embeddable":true,"href":"https:\/\/vetomshop.hu\/cs\/wp-json\/wp\/v2\/comments?post=449"}],"wp:featuredmedia":[{"embeddable":true,"href":"https:\/\/vetomshop.hu\/cs\/wp-json\/wp\/v2\/media\/6615"}],"wp:attachment":[{"href":"https:\/\/vetomshop.hu\/cs\/wp-json\/wp\/v2\/media?parent=449"}],"wp:term":[{"taxonomy":"product_brand","embeddable":true,"href":"https:\/\/vetomshop.hu\/cs\/wp-json\/wp\/v2\/product_brand?post=449"},{"taxonomy":"product_cat","embeddable":true,"href":"https:\/\/vetomshop.hu\/cs\/wp-json\/wp\/v2\/product_cat?post=449"},{"taxonomy":"product_tag","embeddable":true,"href":"https:\/\/vetomshop.hu\/cs\/wp-json\/wp\/v2\/product_tag?post=449"}],"curies":[{"name":"wp","href":"https:\/\/api.w.org\/{rel}","templated":true}]}}