{"id":453,"date":"2019-11-12T15:33:21","date_gmt":"2019-11-12T14:33:21","guid":{"rendered":"https:\/\/vetomshop.hu\/?post_type=product&#038;p=453"},"modified":"2026-04-12T08:28:47","modified_gmt":"2026-04-12T06:28:47","slug":"vetom-3-22-probiotikum-csepp","status":"publish","type":"product","link":"https:\/\/vetomshop.hu\/cs\/produkt\/vetom-3-22-probiotikum-csepp\/","title":{"rendered":"Probiotikum Vetom <span style=\"color: red\">3.22<\/span><br>drop <span style=\"color: red\">10 ml<\/span> (dopln\u011bk stravy)"},"content":{"rendered":"<h3>Vetom 3.22 probiotick\u00e9 kapky (dopln\u011bk stravy)<\/h3>\n<p>Vetom 4 je p\u0159\u00edrodn\u00ed probiotikum zalo\u017een\u00e9 na p\u0159\u00edzniv\u00fdch \u00fa\u010dinc\u00edch *Bacillus amyloliquefaciens*, bakterie, kter\u00e1 se mno\u017e\u00ed p\u0159edev\u0161\u00edm v *tlust\u00e9m a tenk\u00e9m st\u0159ev\u011b*, kde produkuje r\u016fzn\u00e9 enzymy (\u0161t\u011bp\u00edc\u00ed b\u00edlkoviny, \u0161krob a vl\u00e1kninu) a biologicky aktivn\u00ed l\u00e1tky.<\/p>\n<h2>Jedn\u00e1 se o:<\/h2>\n<p>* br\u00e1n\u00ed r\u016fstu \u0161kodliv\u00fdch bakteri\u00ed a pl\u00edsn\u00ed,<br \/>\n* pom\u00e1haj\u00ed \u010distit st\u0159evn\u00ed st\u011bnu od nestr\u00e1ven\u00fdch l\u00e1tek,<br \/>\n* podporuj\u00ed vst\u0159eb\u00e1v\u00e1n\u00ed \u017eivin,<br \/>\n* pom\u00e1haj\u00ed detoxikovat organismus.<\/p>\n<p>Pravideln\u00e9 u\u017e\u00edv\u00e1n\u00ed p\u0159\u00edpravku Vetom 4 p\u0159isp\u00edv\u00e1 ke zdrav\u00e9 st\u0159evn\u00ed fl\u00f3\u0159e, zlep\u0161uje tr\u00e1ven\u00ed a pom\u00e1h\u00e1 t\u011blu vyu\u017e\u00edvat \u017eiviny a energii.<\/p>\n<h2>Vetom 4<\/h2>\n<p>* Podporuje p\u0159irozenou rovnov\u00e1hu st\u0159evn\u00edho traktu<br \/>\n* normalizuje tr\u00e1ven\u00ed a metabolismus<br \/>\n* Zlep\u0161uje funkci imunitn\u00edho syst\u00e9mu<br \/>\n* Sni\u017euje vedlej\u0161\u00ed \u00fa\u010dinky l\u00e9k\u016f<br \/>\n* Chr\u00e1n\u00ed t\u011blo na bun\u011b\u010dn\u00e9 \u00farovni, pom\u00e1h\u00e1 p\u0159edch\u00e1zet vzniku n\u00e1dor\u016f.<\/p>\n<h2>V\u00fdhodn\u00e9 vlastnosti:<\/h2>\n<p>* Antibakteri\u00e1ln\u00ed a antimykotick\u00fd \u00fa\u010dinek<br \/>\n* Antivirov\u00e9 a imunitu posiluj\u00edc\u00ed \u00fa\u010dinky<br \/>\n* Podporuje tr\u00e1ven\u00ed sv\u00fdmi enzymatick\u00fdmi vlastnostmi<br \/>\n* Pom\u00e1h\u00e1 regeneraci bun\u011bk<br \/>\n* inhibuje tvorbu a proliferaci nemocn\u00fdch a n\u00e1dorov\u00fdch bun\u011bk<br \/>\n* \u017d\u00e1dn\u00e1 z\u00e1vislost, p\u0159ed\u00e1vkov\u00e1n\u00ed nebo vedlej\u0161\u00ed \u00fa\u010dinky<br \/>\n*Vztahuje se na v\u0161echny dosp\u011bl\u00e9 osoby ( star\u0161\u00ed 14 let )<\/p>\n<h2>Oblast pou\u017eit\u00ed:<\/h2>\n<p>Doporu\u010duje se jako biologicky aktivn\u00ed dopln\u011bk stravy na podporu fungov\u00e1n\u00ed tr\u00e1vic\u00edho traktu a obnovu st\u0159evn\u00ed fl\u00f3ry.<\/p>\n<h2>D\u00e1vkov\u00e1n\u00ed:<\/h2>\n<p>* Doporu\u010duje se 1 tobolka 2-3kr\u00e1t denn\u011b po dobu 10 dn\u016f, p\u0159ed j\u00eddlem, b\u011bhem j\u00eddla nebo po j\u00eddle, s mal\u00fdm mno\u017estv\u00edm tekutiny (voda, \u010daj nebo d\u017eus). V pr\u016fb\u011bhu l\u00e9\u010dby sledujte reakci organismu a v p\u0159\u00edpad\u011b pot\u0159eby d\u00e1vku postupn\u011b zvy\u0161ujte a\u017e na 5-10 tobolek denn\u011b.<\/p>\n<p>* O\u0161et\u0159en\u00ed lze kdykoli opakovat po 1-2t\u00fddenn\u00ed p\u0159est\u00e1vce. P\u0159\u00edle\u017eitostn\u011b se doporu\u010duje st\u0159\u00eddat u\u017e\u00edv\u00e1n\u00ed s jin\u00fdmi typy produkt\u016f Vetom na podporu cel\u00e9ho organismu.<\/p>\n<h2>N\u00e1vrh:<\/h2>\n<p>O\u0161et\u0159en\u00ed by se m\u011blo opakovat po 1-2 t\u00fddnech p\u0159est\u00e1vky. P\u0159\u00edle\u017eitostn\u011b je vhodn\u00e9 p\u0159ej\u00edt na jin\u00fd typ p\u0159\u00edpravku Vetom, aby byla zaji\u0161t\u011bna \u0161irok\u00e1 podpora organismu.<\/p>\n<h2>D\u016fle\u017eit\u00e9 informace:<\/h2>\n<p>*Kontraindikace: p\u0159ecitliv\u011blost na n\u011bkter\u00e9 slo\u017eky<br \/>\n*T\u011bhotenstv\u00ed\/kojen\u00ed: pouze po konzultaci s l\u00e9ka\u0159em<br \/>\n*nem\u00e1 vliv na \u0159\u00edzen\u00ed nebo pou\u017e\u00edv\u00e1n\u00ed nebezpe\u010dn\u00fdch stroj\u016f<\/p>\n<h2>Dal\u0161\u00ed informace:<\/h2>\n<p>* Nem\u00e1 vliv na \u0159\u00edzen\u00ed nebo obsluhu nebezpe\u010dn\u00fdch stroj\u016f.<br \/>\n* Skladov\u00e1n\u00ed: na such\u00e9m a chladn\u00e9m m\u00edst\u011b (max. 30 \u00b0C), mimo dosah d\u011bt\u00ed.<br \/>\n* Z\u00e1ruka: 2 roky od data v\u00fdroby<br \/>\n* Balen\u00ed: 10 kapsl\u00ed v blistru, 5 balen\u00ed v krabi\u010dce (celkem 50 kapsl\u00ed)<\/p>\n<h2>Podm\u00ednky skladov\u00e1n\u00ed:<\/h2>\n<p>* Chladn\u00e9, such\u00e9 m\u00edsto (max. 30 \u00b0C, max. vlhkost 75%)<br \/>\n* Uchov\u00e1vejte mimo dosah d\u011bt\u00ed<br \/>\n*Z\u00e1ru\u010dn\u00ed doba:** 2 roky od data v\u00fdroby<br \/>\nZem\u011b p\u016fvodu: Rusko<\/p>\n<h2>Obsah jedn\u00e9 kapsle:<\/h2>\n<p>* extrakt z kuku\u0159ice - 133 mg<br \/>\n* Bramborov\u00fd \u0161krob - 100 mg<br \/>\n* sachar\u00f3za (mou\u010dkov\u00fd cukr) - 67 mg<br \/>\n* **Bacillus amyloliquefaciens VKPM B-10643** probiotick\u00fd bakteri\u00e1ln\u00ed kmen (DSM 24615) - 30 mg (1\u00d710\u2079 CFU\/g)<\/p>\n<p>Alternativn\u00ed ekvivalent ve form\u011b kapek: Vetom 4.24 (10 ml)<\/p>\n<p>M\u00edsto p\u016fvodu : <strong>Rusko<\/strong><\/p>","protected":false},"excerpt":{"rendered":"<h5>P\u0159ihlaste se na<\/h5>\n<p>Z <strong>Vetom<\/strong> <span style=\"color: red; font-weight: 800;\">3.22<\/span> pou\u017e\u00edv\u00e1 se jako dopl\u0148kov\u00fd zdroj probiotick\u00fdch mikroorganism\u016f pro zlep\u0161en\u00ed zdrav\u00ed lidsk\u00e9ho organismu. Siln\u00fd \u00fa\u010dinek <strong>Bacillus myloliquefaciens<\/strong>, kter\u00e1 se rozmno\u017euje p\u0159edev\u0161\u00edm v tlust\u00e9m st\u0159ev\u011b a produkuje proteolytick\u00e9, amylolytick\u00e9 a celulolytick\u00e9 enzymy a dal\u0161\u00ed biologicky aktivn\u00ed l\u00e1tky.<\/p>\n<div class=\"plashka\">V d\u016fsledku tohoto procesu se bakteri\u00e1ln\u00ed populace st\u0159evn\u00edho traktu m\u011bn\u00ed, a\u017e je toto\u017en\u00e1 s evolu\u010dn\u00ed normou, st\u0159evn\u00ed st\u011bny jsou zbaveny nestraviteln\u00fdch zbytk\u016f potravy, co\u017e usnad\u0148uje aktivn\u00ed vylu\u010dov\u00e1n\u00ed toxick\u00fdch l\u00e1tek z t\u011bla a neomezen\u00fd transport biologicky aktivn\u00edch l\u00e1tek a \u017eivin.<\/div>\n<p>A <strong>Vetom<\/strong> <span style=\"color: red; font-weight: 800;\">3.22<\/span> zvy\u0161uje \u00fa\u010dinnost l\u00e9k\u016f a sni\u017euje jejich negativn\u00ed vedlej\u0161\u00ed \u00fa\u010dinky na lidsk\u00fd organismus.<\/p>\n<h6>Vlastnosti:<\/h6>\n<ul class=\"vetom-list\">\n<li>M\u00e1 vysokou antagonistickou aktivitu v\u016f\u010di patogenn\u00edm a podm\u00edn\u011bn\u011b patogenn\u00edm houb\u00e1m a bakteri\u00edm, antivirov\u00e9, proteolytick\u00e9, amylolytick\u00e9 a celulolytick\u00e9 vlastnosti.<\/li>\n<li>stimuluje bun\u011b\u010dn\u00e9 a humor\u00e1ln\u00ed faktory imunity.<\/li>\n<li>zvy\u0161uje nespecifickou odolnost t\u011bla<\/li>\n<li>stabilizuje alergickou odolnost<\/li>\n<li>normalizuje metabolismus<\/li>\n<li>stimuluje regenera\u010dn\u00ed procesy, napad\u00e1 a ni\u010d\u00ed rakovinn\u00e9 a nemocn\u00e9 bu\u0148ky.<\/li>\n<\/ul>\n<div class=\"plashka\">A <strong>Vetom<\/strong> <span style=\"color: red; font-weight: 800;\">3.22<\/span> normalizuje tr\u00e1ven\u00ed, vst\u0159eb\u00e1v\u00e1n\u00ed a metabolismus \u017eeleza, v\u00e1pn\u00edku, tuk\u016f, b\u00edlkovin, sacharid\u016f, triglycerid\u016f, aminokyselin, dipeptid\u016f, \u017elu\u010dov\u00fdch sol\u00ed a normalizuje kysel\u00e9 prost\u0159ed\u00ed tr\u00e1vic\u00edho traktu.<\/div>","protected":false},"featured_media":6613,"comment_status":"open","ping_status":"closed","template":"","meta":[],"product_brand":[],"product_cat":[22],"product_tag":[],"class_list":{"0":"post-453","1":"product","2":"type-product","3":"status-publish","4":"has-post-thumbnail","6":"product_cat-vetom-probiotikumok","8":"first","9":"instock","10":"featured","11":"taxable","12":"shipping-taxable","13":"purchasable","14":"product-type-simple"},"_links":{"self":[{"href":"https:\/\/vetomshop.hu\/cs\/wp-json\/wp\/v2\/product\/453","targetHints":{"allow":["GET"]}}],"collection":[{"href":"https:\/\/vetomshop.hu\/cs\/wp-json\/wp\/v2\/product"}],"about":[{"href":"https:\/\/vetomshop.hu\/cs\/wp-json\/wp\/v2\/types\/product"}],"replies":[{"embeddable":true,"href":"https:\/\/vetomshop.hu\/cs\/wp-json\/wp\/v2\/comments?post=453"}],"wp:featuredmedia":[{"embeddable":true,"href":"https:\/\/vetomshop.hu\/cs\/wp-json\/wp\/v2\/media\/6613"}],"wp:attachment":[{"href":"https:\/\/vetomshop.hu\/cs\/wp-json\/wp\/v2\/media?parent=453"}],"wp:term":[{"taxonomy":"product_brand","embeddable":true,"href":"https:\/\/vetomshop.hu\/cs\/wp-json\/wp\/v2\/product_brand?post=453"},{"taxonomy":"product_cat","embeddable":true,"href":"https:\/\/vetomshop.hu\/cs\/wp-json\/wp\/v2\/product_cat?post=453"},{"taxonomy":"product_tag","embeddable":true,"href":"https:\/\/vetomshop.hu\/cs\/wp-json\/wp\/v2\/product_tag?post=453"}],"curies":[{"name":"wp","href":"https:\/\/api.w.org\/{rel}","templated":true}]}}