{"id":455,"date":"2019-11-12T15:37:52","date_gmt":"2019-11-12T14:37:52","guid":{"rendered":"https:\/\/vetomshop.hu\/?post_type=product&#038;p=455"},"modified":"2026-04-12T08:28:38","modified_gmt":"2026-04-12T06:28:38","slug":"vetom-4-24-probiotikum-csepp","status":"publish","type":"product","link":"https:\/\/vetomshop.hu\/cs\/produkt\/vetom-4-24-probiotikum-csepp\/","title":{"rendered":"Probiotikum Vetom <span style=\"color: red\">4.24<\/span><br>drop <span style=\"color: red\">10 ml<\/span> (dopln\u011bk stravy)"},"content":{"rendered":"<h3>Vetom 4.24 probiotick\u00e9 kapky 10 ml (dopln\u011bk stravy)<\/h3>\n<p>S kmenem Bacillus amyloliquefaciens VKPM B-10643 (DSM 24615)<\/p>\n<p>Vetom 4.24 je modern\u00ed p\u0159\u00edrodn\u00ed probiotikum, kter\u00e9 podporuje rovnov\u00e1hu st\u0159evn\u00ed fl\u00f3ry, zlep\u0161uje tr\u00e1ven\u00ed a posiluje imunitn\u00ed syst\u00e9m. Hlavn\u00ed \u00fa\u010dinnou l\u00e1tkou je bakterie *Bacillus amyloliquefaciens*, kter\u00e1 je prosp\u011b\u0161n\u00e1 p\u0159edev\u0161\u00edm v tenk\u00e9m st\u0159ev\u011b.<\/p>\n<h2>Jak pom\u00e1h\u00e1?<\/h2>\n<p>* Podporuje v\u00fdvoj zdrav\u00e9 st\u0159evn\u00ed fl\u00f3ry<br \/>\n* Podporuje vst\u0159eb\u00e1v\u00e1n\u00ed \u017eivin (nap\u0159. \u017eeleza, v\u00e1pn\u00edku, b\u00edlkovin, tuk\u016f, sacharid\u016f).<br \/>\n* Pom\u00e1h\u00e1 **vylu\u010dovat toxiny z t\u011bla<br \/>\n* Posiluje imunitn\u00ed syst\u00e9m, m\u00e1 antivirov\u00e9, antibakteri\u00e1ln\u00ed a antimykotick\u00e9 \u00fa\u010dinky.<br \/>\n* Podporuje regeneraci bun\u011bk, m\u016f\u017ee omezit proliferaci \u0161kodliv\u00fdch bun\u011bk.<br \/>\n* stabilizuje metabolismus a kyselou rovnov\u00e1hu tr\u00e1vic\u00edho syst\u00e9mu<br \/>\n* Zlep\u0161uje \u00fa\u010dinek jin\u00fdch l\u00e9k\u016f a sni\u017euje jejich vedlej\u0161\u00ed \u00fa\u010dinky.<\/p>\n<h2>V\u00fdhody:<\/h2>\n<p>\u2705 Bez vedlej\u0161\u00edch \u00fa\u010dink\u016f<br \/>\n\u2705 Lze pou\u017e\u00edt v ka\u017ed\u00e9m v\u011bku<br \/>\n\u2705 Nezp\u016fsobuje habituaci<br \/>\n\u2705 P\u0159ed\u00e1vkov\u00e1n\u00ed nen\u00ed mo\u017en\u00e9<\/p>\n<h2>Doporu\u010den\u00e9 d\u00e1vkov\u00e1n\u00ed:<\/h2>\n<p>*Dopln\u011bk pro dosp\u011bl\u00e9 a d\u011bti : prvn\u00ed dny se doporu\u010duj\u00ed 2 kapky, pot\u00e9 lze d\u00e1vku postupn\u011b zv\u00fd\u0161it na 4-6 kapek. B\u011bhem u\u017e\u00edv\u00e1n\u00ed sledujte reakce organismu.<br \/>\n*Pro b\u011b\u017en\u00e1 onemocn\u011bn\u00ed: 10 kapek denn\u011b po dobu 10 dn\u016f.<br \/>\n* O\u0161et\u0159en\u00ed lze opakovat po 1-2 t\u00fddnech<br \/>\n* Doporu\u010duje se \u010das od \u010dasu st\u0159\u00eddat s dal\u0161\u00edmi typy produkt\u016f Vetom (nap\u0159. Vetom 1.23, 2.25, 3.22), aby byla zaji\u0161t\u011bna kompletn\u00ed st\u0159evn\u00ed podpora.<\/p>\n<h2>\nD\u016fle\u017eit\u00e9:<\/h2>\n<p>Nem\u011bl by se u\u017e\u00edvat s jin\u00fdmi peror\u00e1ln\u00edmi probiotiky nebo antibiotiky, zejm\u00e9na sulfanilamidem, protin\u00e1dorov\u00fdmi l\u00e1tkami.<\/p>\n<h2>Slo\u017een\u00ed:<\/h2>\n<p>* Fermentovan\u00fd kuku\u0159i\u010dn\u00fd extrakt Bacillus amyloliquefaciens (VKPM B-10643 \/ DSM 24615)<br \/>\n* Chlorid sodn\u00fd<br \/>\n* Viveware<\/p>\n<h2>V\u00fddej:<\/h2>\n<p>* 10 ml sklen\u011bn\u00e1 nebo plastov\u00e1 lahvi\u010dka s kap\u00e1tkem<br \/>\n* M\u016f\u017ee obsahovat p\u0159\u00edrodn\u00ed sedimenty, co\u017e nen\u00ed z\u00e1vadou kvality.<\/p>\n<h2>K\u00fcllem:<\/h2>\n<p>Sv\u011btle \u017elutohn\u011bd\u00e1 kapalina charakteristick\u00e9ho z\u00e1pachu<\/p>\n<p>*Hmotnost: 0,02 kg<br \/>\n*Rozm\u011bry: 3 \u00d7 3 \u00d7 7 cm<br \/>\n*Dod\u00e1vky: Rusko<\/p>\n<h2>Informace o skladov\u00e1n\u00ed:<\/h2>\n<p>*Skladov\u00e1n\u00ed: 0-10 \u00b0C p\u0159i relativn\u00ed vlhkosti do 75%<br \/>\n*Skladov\u00e1n\u00ed a do\u010dasn\u00e9 skladov\u00e1n\u00ed: 10-30 \u00b0C<br \/>\n*Po demont\u00e1\u017ei: ulo\u017ete do chladni\u010dky (0-10 \u00b0C).<\/p>","protected":false},"excerpt":{"rendered":"<h5>P\u0159ihlaste se na<\/h5>\n<p>A <strong>Vetom<\/strong> <span style=\"color: red; font-weight: 800;\">4.24<\/span> pou\u017e\u00edv\u00e1 se jako dopl\u0148kov\u00fd zdroj probiotick\u00fdch mikroorganism\u016f pro zlep\u0161en\u00ed zdrav\u00ed lidsk\u00e9ho organismu. Siln\u00fd \u00fa\u010dinek <strong>Bacillus myloliquefaciens<\/strong>, kter\u00fd produkuje proteolytick\u00e9, amylolytick\u00e9 a celulolytick\u00e9 enzymy a dal\u0161\u00ed biologicky aktivn\u00ed l\u00e1tky, a to p\u0159edev\u0161\u00edm mno\u017een\u00edm v tenk\u00e9m st\u0159ev\u011b.<\/p>\n<div class=\"plashka\">V d\u016fsledku tohoto procesu se bakteri\u00e1ln\u00ed populace st\u0159evn\u00edho traktu m\u011bn\u00ed, a\u017e je toto\u017en\u00e1 s evolu\u010dn\u00ed normou, st\u0159evn\u00ed st\u011bny jsou zbaveny nestraviteln\u00fdch zbytk\u016f potravy, co\u017e usnad\u0148uje aktivn\u00ed vylu\u010dov\u00e1n\u00ed toxick\u00fdch l\u00e1tek z t\u011bla a neomezen\u00fd transport biologicky aktivn\u00edch l\u00e1tek a \u017eivin.<\/div>\n<p>A <strong>Vetom<\/strong> <span style=\"color: red; font-weight: 800;\">4.24<\/span> normalizuje tr\u00e1ven\u00ed, vst\u0159eb\u00e1v\u00e1n\u00ed a metabolismus \u017eeleza, v\u00e1pn\u00edku, tuk\u016f, b\u00edlkovin, sacharid\u016f, triglycerid\u016f, aminokyselin, dipeptid\u016f, \u017elu\u010dov\u00fdch sol\u00ed a normalizuje kysel\u00e9 prost\u0159ed\u00ed tr\u00e1vic\u00edho traktu.<\/p>\n<div class=\"plashka\">A <strong>Vetom<\/strong> <span style=\"color: red; font-weight: 800;\">4.24<\/span> pom\u00e1h\u00e1 t\u011blu z\u016fstat zdrav\u00e9.<\/div>\n<p>A <strong>Vetom<\/strong> <span style=\"color: red; font-weight: 800;\">4.24<\/span> zvy\u0161uje \u00fa\u010dinnost l\u00e9k\u016f a sni\u017euje jejich negativn\u00ed vedlej\u0161\u00ed \u00fa\u010dinky na lidsk\u00fd organismus.<\/p>\n<h6>Vlastnosti:<\/h6>\n<ul class=\"vetom-list\">\n<li>M\u00e1 vysokou antagonistickou aktivitu v\u016f\u010di patogenn\u00edm a podm\u00edn\u011bn\u011b patogenn\u00edm houb\u00e1m a bakteri\u00edm, antivirov\u00e9, proteolytick\u00e9, amylolytick\u00e9 a celulolytick\u00e9 vlastnosti.<\/li>\n<li>stimuluje bun\u011b\u010dn\u00e9 a humor\u00e1ln\u00ed faktory imunity.<\/li>\n<li>zvy\u0161uje nespecifickou odolnost t\u011bla<\/li>\n<li>stabilizuje alergickou odolnost<\/li>\n<li>normalizuje metabolismus<\/li>\n<li>stimuluje regenera\u010dn\u00ed procesy, napad\u00e1 a ni\u010d\u00ed rakovinn\u00e9 a nemocn\u00e9 bu\u0148ky.<\/li>\n<\/ul>","protected":false},"featured_media":6614,"comment_status":"open","ping_status":"closed","template":"","meta":[],"product_brand":[],"product_cat":[22],"product_tag":[],"class_list":{"0":"post-455","1":"product","2":"type-product","3":"status-publish","4":"has-post-thumbnail","6":"product_cat-vetom-probiotikumok","8":"first","9":"instock","10":"featured","11":"taxable","12":"shipping-taxable","13":"purchasable","14":"product-type-simple"},"_links":{"self":[{"href":"https:\/\/vetomshop.hu\/cs\/wp-json\/wp\/v2\/product\/455","targetHints":{"allow":["GET"]}}],"collection":[{"href":"https:\/\/vetomshop.hu\/cs\/wp-json\/wp\/v2\/product"}],"about":[{"href":"https:\/\/vetomshop.hu\/cs\/wp-json\/wp\/v2\/types\/product"}],"replies":[{"embeddable":true,"href":"https:\/\/vetomshop.hu\/cs\/wp-json\/wp\/v2\/comments?post=455"}],"wp:featuredmedia":[{"embeddable":true,"href":"https:\/\/vetomshop.hu\/cs\/wp-json\/wp\/v2\/media\/6614"}],"wp:attachment":[{"href":"https:\/\/vetomshop.hu\/cs\/wp-json\/wp\/v2\/media?parent=455"}],"wp:term":[{"taxonomy":"product_brand","embeddable":true,"href":"https:\/\/vetomshop.hu\/cs\/wp-json\/wp\/v2\/product_brand?post=455"},{"taxonomy":"product_cat","embeddable":true,"href":"https:\/\/vetomshop.hu\/cs\/wp-json\/wp\/v2\/product_cat?post=455"},{"taxonomy":"product_tag","embeddable":true,"href":"https:\/\/vetomshop.hu\/cs\/wp-json\/wp\/v2\/product_tag?post=455"}],"curies":[{"name":"wp","href":"https:\/\/api.w.org\/{rel}","templated":true}]}}