{"id":4664,"date":"2023-11-11T14:33:45","date_gmt":"2023-11-11T13:33:45","guid":{"rendered":"https:\/\/vetomshop.hu\/termek\/aphrodita-medal\/"},"modified":"2023-11-11T14:33:45","modified_gmt":"2023-11-11T13:33:45","slug":"aphrodita-medal","status":"publish","type":"product","link":"https:\/\/vetomshop.hu\/cs\/produkt\/aphrodita-medal\/","title":{"rendered":"P\u0159\u00edv\u011bsek Afrodita"},"content":{"rendered":"<p><strong>P\u0159\u00edv\u011bsek Afrodita<\/strong><\/p>\n<p>D\u00edky technologii BioTrEM je nyn\u00ed mo\u017en\u00e9 vytvo\u0159it na speci\u00e1ln\u00edm krystalu spektr\u00e1ln\u00ed vzor specifick\u00e9 povahy. Kdy\u017e se s povrchem krystalu dostanou do kontaktu libovoln\u00e1 energetick\u00e1 kvanta - dokonce i teplo -, gener\u00e1tor vyza\u0159uje extr\u00e9mn\u011b slab\u00e9 sign\u00e1ly spektr\u00e1ln\u00edho vzoru, kter\u00fd je na n\u011bm zaznamen\u00e1n.<br \/>\nElektromagnetick\u00e9 z\u00e1\u0159en\u00ed z p\u0159\u00edv\u011bsku mezit\u00edm interaguje s \u017eiv\u00fdm organismem.<\/p>\n<div class=\"su-spoiler su-spoiler-style-defoult su-spoiler-icon-caret su-spoiler-closed\" data-scroll-offset=\"0\" data-anchor-in-url=\"no\"><div class=\"su-spoiler-title\" tabindex=\"0\" role=\"button\"><span class=\"su-spoiler-icon\"><\/span>V\u0161echny<\/div><div class=\"su-spoiler-content su-u-clearfix su-u-trim\">\n<p>Extr\u00e9mn\u011b slab\u00e9 p\u0159\u00edznaky p\u0159\u00edv\u011bsku APHRODITE stimuluj\u00ed synt\u00e9zu \u017eensk\u00fdch feromon\u016f, speci\u00e1ln\u00ed \u017el\u00e1zy \u017eensk\u00e9ho t\u011bla produkuj\u00ed intenzivn\u011bji feromony, androstenol a kopulin. \u010c\u00edm v\u00edce feromon\u016f \u017eena produkuje, t\u00edm je pro mu\u017ee sexu\u00e1ln\u011b p\u0159ita\u017eliv\u011bj\u0161\u00ed. Androstenol povzbuzuje ostatn\u00ed ke komunikaci a zp\u016fsobuje, \u017ee v\u00e1s ostatn\u00ed vn\u00edmaj\u00ed jako mlad\u0161\u00ed.<\/p>\n<p>Kopulin je \u017eensk\u00fd hormon, kter\u00fd je zodpov\u011bdn\u00fd za sexu\u00e1ln\u00ed p\u0159ita\u017elivost.<\/p>\n<p>P\u0159i pou\u017eit\u00ed p\u0159\u00edv\u011bsku APHRODITE se zvy\u0161uje produkce sami\u010d\u00edch feromon\u016f (androstenolu a kopulinu), co\u017e n\u00e1sledn\u011b zvy\u0161uje produkci feromon\u016f:<\/p>\n<ul>\n<li>p\u0159itahovat pozornost mu\u017e\u016f,<\/li>\n<li>vzbudit sympatie,<\/li>\n<li>snadn\u011bji pozn\u00e1te,<\/li>\n<li>dos\u00e1hnout v\u011bt\u0161\u00edho obchodn\u00edho \u00fasp\u011bchu, z\u00edskat v\u011bt\u0161\u00ed sebed\u016fv\u011bru,<\/li>\n<li>vytv\u00e1\u0159ej\u00ed pro sv\u00e9ho partnera \u201ejedinou a neodolatelnou osobu\u201d.<\/li>\n<\/ul>\n<p>Androstenol urychluje rozvoj sympati\u00ed, probouz\u00ed v respondentovi pocit p\u0159\u00e1telstv\u00ed, vytv\u00e1\u0159\u00ed romantick\u00e9 pocity, vytv\u00e1\u0159\u00ed auru ml\u00e1d\u00ed a radosti, bez ohledu na to, jak jste sta\u0159\u00ed!<\/p>\n<\/div><\/div>","protected":false},"excerpt":{"rendered":"<p>Aphrodita med\u00e1l A BioTrEM-technol\u00f3gi\u00e1nak k\u00f6sz\u00f6nhet\u0151en lehets\u00e9gess\u00e9 v\u00e1lt l\u00e9trehozni a speci\u00e1lis krist\u00e1lyon egy adott term\u00e9szet\u0171 spektr\u00e1lis mint\u00e1t. Amikor tetsz\u0151leges energiakvantumok \u2013 ak\u00e1r h\u0151 &#8211; \u00e9rintkezik a krist\u00e1ly fel\u00fclet\u00e9vel, a gener\u00e1tor a rajta r\u00f6gz\u00edtett spektr\u00e1lis minta extr\u00e9m gyenge jeleit bocs\u00e1jtja ki. Ek\u00f6zben a med\u00e1l elektrom\u00e1gneses sug\u00e1rz\u00e1sa k\u00f6lcs\u00f6nhat\u00e1sba ker\u00fcl az \u00e9l\u0151 szervezettel.<\/p>","protected":false},"featured_media":4663,"comment_status":"open","ping_status":"closed","template":"","meta":[],"product_brand":[],"product_cat":[33,32],"product_tag":[],"class_list":{"0":"post-4664","1":"product","2":"type-product","3":"status-publish","4":"has-post-thumbnail","6":"product_cat-egeszseg-medalok","7":"product_cat-triomed","9":"first","10":"instock","11":"taxable","12":"shipping-taxable","13":"purchasable","14":"product-type-simple"},"_links":{"self":[{"href":"https:\/\/vetomshop.hu\/cs\/wp-json\/wp\/v2\/product\/4664","targetHints":{"allow":["GET"]}}],"collection":[{"href":"https:\/\/vetomshop.hu\/cs\/wp-json\/wp\/v2\/product"}],"about":[{"href":"https:\/\/vetomshop.hu\/cs\/wp-json\/wp\/v2\/types\/product"}],"replies":[{"embeddable":true,"href":"https:\/\/vetomshop.hu\/cs\/wp-json\/wp\/v2\/comments?post=4664"}],"wp:featuredmedia":[{"embeddable":true,"href":"https:\/\/vetomshop.hu\/cs\/wp-json\/wp\/v2\/media\/4663"}],"wp:attachment":[{"href":"https:\/\/vetomshop.hu\/cs\/wp-json\/wp\/v2\/media?parent=4664"}],"wp:term":[{"taxonomy":"product_brand","embeddable":true,"href":"https:\/\/vetomshop.hu\/cs\/wp-json\/wp\/v2\/product_brand?post=4664"},{"taxonomy":"product_cat","embeddable":true,"href":"https:\/\/vetomshop.hu\/cs\/wp-json\/wp\/v2\/product_cat?post=4664"},{"taxonomy":"product_tag","embeddable":true,"href":"https:\/\/vetomshop.hu\/cs\/wp-json\/wp\/v2\/product_tag?post=4664"}],"curies":[{"name":"wp","href":"https:\/\/api.w.org\/{rel}","templated":true}]}}