{"id":4666,"date":"2023-11-11T14:33:45","date_gmt":"2023-11-11T13:33:45","guid":{"rendered":"https:\/\/vetomshop.hu\/termek\/alfa-medal\/"},"modified":"2023-11-11T14:33:45","modified_gmt":"2023-11-11T13:33:45","slug":"alfa-medal","status":"publish","type":"product","link":"https:\/\/vetomshop.hu\/cs\/produkt\/alfa-medal\/","title":{"rendered":"Medaile Alfa"},"content":{"rendered":"<h4>Medaile ALFA za zdrav\u00ed<\/h4>\n<p><strong>Hlavn\u00ed funkce:<\/strong><\/p>\n<p>Je dopl\u0148kov\u00fdm n\u00e1strojem k normalizaci fungov\u00e1n\u00ed psychick\u00e9 a emocion\u00e1ln\u00ed sf\u00e9ry, zlep\u0161uje n\u00e1ladu, motivaci a schopnost jednat, sni\u017euje nep\u0159\u00edzniv\u00e9 \u00fa\u010dinky psychick\u00e9ho a emocion\u00e1ln\u00edho stresu.<\/p>\n<p><strong>Stru\u010dn\u00fd popis:<\/strong><\/p>\n<p>Informa\u010dn\u00ed sign\u00e1l zaznamenan\u00fd na medailonu zdrav\u00ed ALFA odpov\u00edd\u00e1 elektromagnetick\u00e9 vibraci centra, kter\u00e9 reguluje psychickou a emocion\u00e1ln\u00ed sf\u00e9ru.<br \/>\nJe dob\u0159e zn\u00e1mo, \u017ee emo\u010dn\u00ed stav \u010dlov\u011bka, kter\u00fd z\u00e1vis\u00ed na n\u011bkolika vn\u011bj\u0161\u00edch a vnit\u0159n\u00edch faktorech, je regulov\u00e1n centr\u00e1ln\u00ed nervovou soustavou.<\/p>\n<div class=\"su-spoiler su-spoiler-style-defoult su-spoiler-icon-caret su-spoiler-closed\" data-scroll-offset=\"0\" data-anchor-in-url=\"no\"><div class=\"su-spoiler-title\" tabindex=\"0\" role=\"button\"><span class=\"su-spoiler-icon\"><\/span>V\u0161echny<\/div><div class=\"su-spoiler-content su-u-clearfix su-u-trim\">\nMezi prvn\u00ed p\u0159\u00edznaky stresu pat\u0159\u00ed emo\u010dn\u00ed nap\u011bt\u00ed, obavy, \u00fazkost, rozru\u0161en\u00ed a zv\u00fd\u0161en\u00e1 podr\u00e1\u017ed\u011bnost. To m\u016f\u017ee v\u00e9st k poruch\u00e1m sp\u00e1nku, co\u017e m\u00e1 za n\u00e1sledek \u00fanavu, celkovou n\u00e1ladovost a zhor\u0161en\u00ed kognitivn\u00edch funkc\u00ed (pam\u011b\u0165, pozornost, my\u0161len\u00ed).<\/p>\n<p>Dlouhodob\u00e9 psychick\u00e9 a emocion\u00e1ln\u00ed poruchy maj\u00ed negativn\u00ed dopad na celkov\u00fd stav a reaktivitu organismu. Lid\u00e9, kte\u0159\u00ed pro\u017e\u00edvaj\u00ed chronick\u00fd psychick\u00fd a emocion\u00e1ln\u00ed stres, jsou \u010dast\u011bji nachlazeni, \u010dast\u011bji se u nich opakuj\u00ed ji\u017e existuj\u00edc\u00ed chronick\u00e1 onemocn\u011bn\u00ed (ischemick\u00e1 choroba srde\u010dn\u00ed, onemocn\u011bn\u00ed slinivky b\u0159i\u0161n\u00ed, z\u00e1n\u011bt mo\u010dov\u00e9ho m\u011bch\u00fd\u0159e, pyelonefritida, adnexitida, z\u00e1n\u011bt prostaty atd.).<\/p>\n<p>Stresov\u00e9 faktory jsou p\u0159\u00ed\u010dinou klasick\u00fdch psychosomatick\u00fdch onemocn\u011bn\u00ed, jako je hypertenze, bronchi\u00e1ln\u00ed astma, \u017ealude\u010dn\u00ed a dvan\u00e1ctern\u00edkov\u00e9 v\u0159edy, alergick\u00e1 ko\u017en\u00ed onemocn\u011bn\u00ed (ekz\u00e9my, neurodermatitidy) a dal\u0161\u00ed, v\u010detn\u011b poruch zraku a sluchu.<\/p>\n<p><strong>Kdy pou\u017e\u00edt medaili zdrav\u00ed ALFA?<\/strong><\/p>\n<p>P\u0159\u00edstroj m\u00e1 pozitivn\u00ed vliv na funk\u010dnost t\u011bla. Lze jej pou\u017e\u00edt jako optimaliza\u010dn\u00ed a korek\u010dn\u00ed za\u0159\u00edzen\u00ed v kombinaci s dal\u0161\u00edmi metodami prevence a l\u00e9\u010dby onemocn\u011bn\u00ed:<\/p>\n<ul>\n<li>agitovanost, neurastenie, adapta\u010dn\u00ed probl\u00e9my doprov\u00e1zen\u00e9 disharmonick\u00fdm emo\u010dn\u00edm stavem,<\/li>\n<li>funk\u010dn\u00ed porucha nervov\u00e9ho syst\u00e9mu, doprov\u00e1zen\u00e1 du\u0161evn\u00ed \u00fanavou, podr\u00e1\u017ed\u011bnost\u00ed, zpomalen\u00edm a ztr\u00e1tou kvality my\u0161len\u00ed,<\/li>\n<li>nespavost zp\u016fsoben\u00e1 z\u00e1chvaty paniky,<\/li>\n<li>v po\u010d\u00e1te\u010dn\u00edch a recidivuj\u00edc\u00edch f\u00e1z\u00edch psychosomatick\u00fdch onemocn\u011bn\u00ed (bronchi\u00e1ln\u00ed astma, syndrom citliv\u00e9ho st\u0159eva - IBS, ischemick\u00e1 choroba srde\u010dn\u00ed, hypertenze, ko\u017en\u00ed a dal\u0161\u00ed onemocn\u011bn\u00ed),<\/li>\n<li>p\u0159\u00edznaky chronick\u00e9ho psychick\u00e9ho a emocion\u00e1ln\u00edho stresu.<\/li>\n<\/ul>\n<p>Pozor, d\u016fle\u017eit\u00e9!<\/p>\n<p>Pokud m\u00e1te v\u00fdrazn\u00fd pokles n\u00e1lady, emo\u010dn\u00ed nestabilitu a podr\u00e1\u017ed\u011bnost, p\u0159etrv\u00e1vaj\u00edc\u00ed nespavost, kter\u00e1 nemiz\u00ed, pora\u010fte se s l\u00e9ka\u0159em. Krom\u011b p\u0159edepsan\u00e9 l\u00e9\u010dby pou\u017e\u00edvejte soub\u011b\u017en\u011b medaili ALFA Health, abyste pos\u00edlili \u00fa\u010dinnost l\u00e9\u010dby a rehabilita\u010dn\u00ed schopnosti organismu.<br \/>\n<\/div><\/div>","protected":false},"excerpt":{"rendered":"<p>ALFA Eg\u00e9szs\u00e9g Med\u00e1l F\u0151 funkci\u00f3i: Kieg\u00e9sz\u00edt\u0151 eszk\u00f6z a pszich\u00e9s \u00e9s \u00e9rzelmi szf\u00e9ra m\u0171k\u00f6d\u00e9s\u00e9nek normaliz\u00e1l\u00e1s\u00e1ra, hangulatjav\u00edt\u00f3, motiv\u00e1ci\u00f3 \u00e9s cselekv\u0151k\u00e9pess\u00e9g n\u00f6vel\u0151, cs\u00f6kkenti a pszich\u00e9s \u00e9s \u00e9rzelmi stressz \u00e1ldatlan hat\u00e1sait. R\u00f6vid ismertet\u0151: Az inform\u00e1ci\u00f3s jel, mely az ALFA Eg\u00e9szs\u00e9g Med\u00e1lra r\u00f6gz\u00edt\u00e9sre ker\u00fclt, megfelel a pszich\u00e9s \u00e9s \u00e9rzelmi szf\u00e9r\u00e1kat szab\u00e1lyoz\u00f3 k\u00f6zpont elektrom\u00e1gneses rezg\u00e9s\u00e9nek. K\u00f6ztudott, hogy az ember \u00e9rzelmi \u00e1llapota, [&hellip;]<\/p>\n","protected":false},"featured_media":4665,"comment_status":"open","ping_status":"closed","template":"","meta":[],"product_brand":[],"product_cat":[33,32],"product_tag":[],"class_list":{"0":"post-4666","1":"product","2":"type-product","3":"status-publish","4":"has-post-thumbnail","6":"product_cat-egeszseg-medalok","7":"product_cat-triomed","9":"first","10":"instock","11":"taxable","12":"shipping-taxable","13":"purchasable","14":"product-type-simple"},"_links":{"self":[{"href":"https:\/\/vetomshop.hu\/cs\/wp-json\/wp\/v2\/product\/4666","targetHints":{"allow":["GET"]}}],"collection":[{"href":"https:\/\/vetomshop.hu\/cs\/wp-json\/wp\/v2\/product"}],"about":[{"href":"https:\/\/vetomshop.hu\/cs\/wp-json\/wp\/v2\/types\/product"}],"replies":[{"embeddable":true,"href":"https:\/\/vetomshop.hu\/cs\/wp-json\/wp\/v2\/comments?post=4666"}],"wp:featuredmedia":[{"embeddable":true,"href":"https:\/\/vetomshop.hu\/cs\/wp-json\/wp\/v2\/media\/4665"}],"wp:attachment":[{"href":"https:\/\/vetomshop.hu\/cs\/wp-json\/wp\/v2\/media?parent=4666"}],"wp:term":[{"taxonomy":"product_brand","embeddable":true,"href":"https:\/\/vetomshop.hu\/cs\/wp-json\/wp\/v2\/product_brand?post=4666"},{"taxonomy":"product_cat","embeddable":true,"href":"https:\/\/vetomshop.hu\/cs\/wp-json\/wp\/v2\/product_cat?post=4666"},{"taxonomy":"product_tag","embeddable":true,"href":"https:\/\/vetomshop.hu\/cs\/wp-json\/wp\/v2\/product_tag?post=4666"}],"curies":[{"name":"wp","href":"https:\/\/api.w.org\/{rel}","templated":true}]}}