{"id":4668,"date":"2023-11-11T14:33:46","date_gmt":"2023-11-11T13:33:46","guid":{"rendered":"https:\/\/vetomshop.hu\/termek\/ambrozia-medal\/"},"modified":"2023-11-11T14:33:46","modified_gmt":"2023-11-11T13:33:46","slug":"ambrozia-medal","status":"publish","type":"product","link":"https:\/\/vetomshop.hu\/cs\/produkt\/ambrozia-medal\/","title":{"rendered":"Medaile Ambrosia"},"content":{"rendered":"<h4>Medaile Ambrosia<\/h4>\n<p>Ambr\u00f3zie pely\u0148kolist\u00e1 (Ambrosia artemisiifolia), nespr\u00e1vn\u011b naz\u00fdvan\u00e1 divok\u00e9 konop\u00ed, je druh plevele z \u010deledi hv\u011bzdnicovit\u00fdch (Asteraceae), z kmene helianthinovit\u00fdch (Helianthinae). Ka\u017edoro\u010dn\u011b se ve velk\u00e9m mno\u017estv\u00ed vyskytuje na ma\u010farsk\u00fdch orn\u00fdch pol\u00edch a jin\u00fdch naru\u0161en\u00fdch ploch\u00e1ch.<\/p>\n<p>Je to jeden z na\u0161ich nejzn\u00e1m\u011bj\u0161\u00edch a nejkontroverzn\u011bj\u0161\u00edch plevel\u016f: n\u011bkte\u0159\u00ed lid\u00e9 ho uzn\u00e1vaj\u00ed jen pro jeho \u0161patn\u00e9, alergenn\u00ed vlastnosti, jin\u00ed ho ct\u00ed jako l\u00e9\u010divou rostlinu a pravideln\u011b ho konzumuj\u00ed.<\/p>\n<div class=\"su-spoiler su-spoiler-style-defoult su-spoiler-icon-caret su-spoiler-closed\" data-scroll-offset=\"0\" data-anchor-in-url=\"no\"><div class=\"su-spoiler-title\" tabindex=\"0\" role=\"button\"><span class=\"su-spoiler-icon\"><\/span>V\u0161echny<\/div><div class=\"su-spoiler-content su-u-clearfix su-u-trim\">\nPro\u010d tato rostlina vyvol\u00e1v\u00e1 u n\u011bkter\u00fdch lid\u00ed p\u0159\u00edznaky alergie? Jedno je jist\u00e9: zem\u011bd\u011blci nikdy netrp\u011bli pylovou alergi\u00ed ani alergi\u00ed na ambr\u00f3zii. Na jasnou odpov\u011b\u010f si mo\u017en\u00e1 budeme muset po\u010dkat des\u00edtky let, ale nep\u0159\u00edjemn\u00e9 p\u0159\u00edznaky alergie se mohou rok co rok vracet a bylo by dobr\u00e9 naj\u00edt \u0159e\u0161en\u00ed. Dokud nebudeme zn\u00e1t odpov\u011bdi na tyto ot\u00e1zky, vzpome\u0148me si na postul\u00e1t naturopatie: vyl\u00e9\u010dte ps\u00ed kousnut\u00ed ps\u00ed srst\u00ed, tj. vyl\u00e9\u010dte se t\u00edm, co v\u00e1s tr\u00e1p\u00ed. Ambrosia Medallion m\u00e1 elektromagnetick\u00e9 spektrum \u017eiv\u00e9 ambr\u00f3zie zachycen\u00e9 pomoc\u00ed speci\u00e1ln\u00ed technologie BioTrEm.<br \/>\n<\/div><\/div>","protected":false},"excerpt":{"rendered":"<p>Ambr\u00f3zia Med\u00e1l Az \u00fcr\u00f6mlevel\u0171 parlagf\u0171, vagy egyszer\u0171en parlagf\u0171 (Ambrosia artemisiifolia), t\u00e9vesen vadkender a f\u00e9szkesek (Asteraceae) csal\u00e1dj\u00e1ba tartozik, annak Helianthinae tribusz\u00e1ba tartoz\u00f3 gyomn\u00f6v\u00e9nyfaj. A parlagf\u0171 Magyarorsz\u00e1g sz\u00e1nt\u00f3f\u00f6ldjein \u00e9s egy\u00e9b bolygatott ter\u00fcletein \u00e9vr\u0151l \u00e9vre \u00f3ri\u00e1si sz\u00e1mban jelenik meg. Egyik legismertebb \u00e9s legellentmond\u00e1sosabb meg\u00edt\u00e9l\u00e9s\u0171 gyomn\u00f6v\u00e9ny\u00fcnk: vannak, akik kiz\u00e1r\u00f3lag rossz, allergiz\u00e1l\u00f3 tulajdons\u00e1gait ismerik el, \u00e9s vannak, akik gy\u00f3gyn\u00f6v\u00e9nyk\u00e9nt tisztelik, [&hellip;]<\/p>\n","protected":false},"featured_media":4667,"comment_status":"open","ping_status":"closed","template":"","meta":[],"product_brand":[],"product_cat":[33,32],"product_tag":[],"class_list":{"0":"post-4668","1":"product","2":"type-product","3":"status-publish","4":"has-post-thumbnail","6":"product_cat-egeszseg-medalok","7":"product_cat-triomed","9":"first","10":"instock","11":"taxable","12":"shipping-taxable","13":"purchasable","14":"product-type-simple"},"_links":{"self":[{"href":"https:\/\/vetomshop.hu\/cs\/wp-json\/wp\/v2\/product\/4668","targetHints":{"allow":["GET"]}}],"collection":[{"href":"https:\/\/vetomshop.hu\/cs\/wp-json\/wp\/v2\/product"}],"about":[{"href":"https:\/\/vetomshop.hu\/cs\/wp-json\/wp\/v2\/types\/product"}],"replies":[{"embeddable":true,"href":"https:\/\/vetomshop.hu\/cs\/wp-json\/wp\/v2\/comments?post=4668"}],"wp:featuredmedia":[{"embeddable":true,"href":"https:\/\/vetomshop.hu\/cs\/wp-json\/wp\/v2\/media\/4667"}],"wp:attachment":[{"href":"https:\/\/vetomshop.hu\/cs\/wp-json\/wp\/v2\/media?parent=4668"}],"wp:term":[{"taxonomy":"product_brand","embeddable":true,"href":"https:\/\/vetomshop.hu\/cs\/wp-json\/wp\/v2\/product_brand?post=4668"},{"taxonomy":"product_cat","embeddable":true,"href":"https:\/\/vetomshop.hu\/cs\/wp-json\/wp\/v2\/product_cat?post=4668"},{"taxonomy":"product_tag","embeddable":true,"href":"https:\/\/vetomshop.hu\/cs\/wp-json\/wp\/v2\/product_tag?post=4668"}],"curies":[{"name":"wp","href":"https:\/\/api.w.org\/{rel}","templated":true}]}}