{"id":4670,"date":"2023-11-11T14:33:46","date_gmt":"2023-11-11T13:33:46","guid":{"rendered":"https:\/\/vetomshop.hu\/termek\/antivir-medal\/"},"modified":"2023-11-11T14:33:46","modified_gmt":"2023-11-11T13:33:46","slug":"antivir-medal","status":"publish","type":"product","link":"https:\/\/vetomshop.hu\/cs\/produkt\/antivir-medal\/","title":{"rendered":"Medaile Antivir"},"content":{"rendered":"<h4>Medaile Antivir<\/h4>\n<p>Ch\u0159ipka je onemocn\u011bn\u00ed zp\u016fsoben\u00e9 virem ch\u0159ipky, kter\u00e9 je v\u017edy zp\u016fsobeno ur\u010dit\u00fdm typem ch\u0159ipkov\u00e9ho viru. Ch\u0159ipka A a B jsou dva typy ch\u0159ipkov\u00fdch vir\u016f, kter\u00e9 mohou zp\u016fsobit onemocn\u011bn\u00ed lid\u00ed ve velk\u00e9m mno\u017estv\u00ed. Viry A lze rozd\u011blit na podtypy podle b\u00edlkovin na jejich povrchu (hemaglutinin - H a neuraminid\u00e1za - N), z nich\u017e nej\u010dast\u011bj\u0161\u00ed jsou od roku 1977 viry H1N1 a H3N2. U vir\u016f B je m\u00e9n\u011b pravd\u011bpodobn\u00e9, \u017ee zp\u016fsob\u00ed z\u00e1va\u017en\u00e9 onemocn\u011bn\u00ed. Ch\u0159ipkov\u00e9 viry se rychle m\u011bn\u00ed a mutuj\u00ed, \u010d\u00edm\u017e vznikaj\u00ed nov\u00e9 podtypy. Ochrana proti jednomu podtypu poskytuje malou nebo \u017e\u00e1dnou ochranu proti druh\u00e9mu, co\u017e vysv\u011btluje sez\u00f3nn\u00ed epidemie, kter\u00e9 se objevuj\u00ed ka\u017ed\u00fd rok, obvykle v zim\u011b.<\/p>\n<div class=\"su-spoiler su-spoiler-style-defoult su-spoiler-icon-caret su-spoiler-closed\" data-scroll-offset=\"0\" data-anchor-in-url=\"no\"><div class=\"su-spoiler-title\" tabindex=\"0\" role=\"button\"><span class=\"su-spoiler-icon\"><\/span>V\u0161echny<\/div><div class=\"su-spoiler-content su-u-clearfix su-u-trim\">\n<p>P\u0159\u00edznaky ch\u0159ipky jsou stejn\u00e9 jako u b\u011b\u017en\u00e9ho nachlazen\u00ed, ale nemoc je z\u00e1va\u017en\u011bj\u0161\u00ed. Obvykle je spojena s vysokou hore\u010dkou, bolestmi hlavy, sval\u016f, such\u00fdm ka\u0161lem, letargi\u00ed a slabost\u00ed. Bolesti v krku jsou vz\u00e1cn\u00e9 a pouze v 30-50% p\u0159\u00edpadech se objevuje r\u00fdma, ucpan\u00fd nos. Komplikace jsou nebezpe\u010dn\u00e9 zejm\u00e9na u mal\u00fdch d\u011bt\u00ed, star\u0161\u00edch osob a osob s chronick\u00fdm onemocn\u011bn\u00edm.<\/p>\n<p>Proto je d\u016fle\u017eit\u00e9 zv\u00fd\u0161it odolnost organismu.<\/p>\n<p><strong>Pro koho se doporu\u010duje?<\/strong><\/p>\n<ul>\n<li>Pro v\u0161echny, kte\u0159\u00ed cht\u011bj\u00ed zlep\u0161it svou odolnost,<\/li>\n<li>kte\u0159\u00ed pat\u0159\u00ed do skupiny ohro\u017een\u00e9 virem ch\u0159ipky,<\/li>\n<li>kte\u0159\u00ed hodn\u011b cestuj\u00ed po sv\u011bt\u011b nebo pou\u017e\u00edvaj\u00ed ve\u0159ejnou dopravu,<\/li>\n<li>jsou neust\u00e1le v komunit\u011b a pracuj\u00ed s lidmi.<\/li>\n<\/ul>\n<p><strong>Pozor, d\u016fle\u017eit\u00e9!<\/strong><\/p>\n<p>Pokud m\u00e1te ch\u0159ipkovou infekci, onemocn\u011bn\u00ed, hore\u010dku nebo se nec\u00edt\u00edte dob\u0159e, vyhledejte l\u00e9ka\u0159skou pomoc. Pou\u017e\u00edvejte p\u0159\u00edpravek Triomed Antivirotika Medal spolu s p\u0159edepsanou l\u00e9\u010dbou.<br \/>\nD\u011bti do 6 let by m\u011bly pou\u017e\u00edvat pouze pod dohledem rodi\u010d\u016f!<\/p>\n<\/div><\/div>","protected":false},"excerpt":{"rendered":"<p>Antivir Med\u00e1l Az influenza v\u00edrus okozta betegs\u00e9g, k\u00f3rokoz\u00f3ja mindig az influenza v\u00edrus valamelyik fajt\u00e1ja. Az influenza A \u00e9s B az a k\u00e9t t\u00edpusa az influenza v\u00edrusoknak, amely nagysz\u00e1mbanbeteg\u00edthet meg embereket. Az A v\u00edrusokat a fel\u00fclet\u00fck\u00f6n elhelyezked\u0151 feh\u00e9rj\u00e9k (a haemaglutinin -H \u00e9s a neuraminidase \u2013 N) alapj\u00e1n alt\u00edpusokra lehet bontani, ezek k\u00f6z\u00fcl 1977 \u00f3ta t\u00f6bbnyire a [&hellip;]<\/p>\n","protected":false},"featured_media":4669,"comment_status":"open","ping_status":"closed","template":"","meta":[],"product_brand":[],"product_cat":[33,32],"product_tag":[],"class_list":{"0":"post-4670","1":"product","2":"type-product","3":"status-publish","4":"has-post-thumbnail","6":"product_cat-egeszseg-medalok","7":"product_cat-triomed","9":"first","10":"instock","11":"taxable","12":"shipping-taxable","13":"purchasable","14":"product-type-simple"},"_links":{"self":[{"href":"https:\/\/vetomshop.hu\/cs\/wp-json\/wp\/v2\/product\/4670","targetHints":{"allow":["GET"]}}],"collection":[{"href":"https:\/\/vetomshop.hu\/cs\/wp-json\/wp\/v2\/product"}],"about":[{"href":"https:\/\/vetomshop.hu\/cs\/wp-json\/wp\/v2\/types\/product"}],"replies":[{"embeddable":true,"href":"https:\/\/vetomshop.hu\/cs\/wp-json\/wp\/v2\/comments?post=4670"}],"wp:featuredmedia":[{"embeddable":true,"href":"https:\/\/vetomshop.hu\/cs\/wp-json\/wp\/v2\/media\/4669"}],"wp:attachment":[{"href":"https:\/\/vetomshop.hu\/cs\/wp-json\/wp\/v2\/media?parent=4670"}],"wp:term":[{"taxonomy":"product_brand","embeddable":true,"href":"https:\/\/vetomshop.hu\/cs\/wp-json\/wp\/v2\/product_brand?post=4670"},{"taxonomy":"product_cat","embeddable":true,"href":"https:\/\/vetomshop.hu\/cs\/wp-json\/wp\/v2\/product_cat?post=4670"},{"taxonomy":"product_tag","embeddable":true,"href":"https:\/\/vetomshop.hu\/cs\/wp-json\/wp\/v2\/product_tag?post=4670"}],"curies":[{"name":"wp","href":"https:\/\/api.w.org\/{rel}","templated":true}]}}