{"id":4672,"date":"2023-11-11T14:33:46","date_gmt":"2023-11-11T13:33:46","guid":{"rendered":"https:\/\/vetomshop.hu\/termek\/aqua-medal\/"},"modified":"2023-11-11T14:33:46","modified_gmt":"2023-11-11T13:33:46","slug":"aqua-medal","status":"publish","type":"product","link":"https:\/\/vetomshop.hu\/cs\/produkt\/aqua-medal\/","title":{"rendered":"Aqua Medal"},"content":{"rendered":"<p><strong>Aqua Medal<\/strong> - \u017eivotod\u00e1rn\u00e1 voda je \u017eivotod\u00e1rn\u00e1, o\u017eivuj\u00edc\u00ed, \u017eivotod\u00e1rn\u00e1 a \u017eivot aktivuj\u00edc\u00ed, obnovuj\u00edc\u00ed \u017eivotn\u00ed energii.<\/p>\n<p>Pr\u00e1v\u011b k tomu slou\u017e\u00ed samostatn\u00fd nosi\u010d informac\u00ed AQUA -BioTrEM. D\u00edky exkluzivn\u00ed technologii BioTrEM obsahuje polovodi\u010d za\u0159\u00edzen\u00ed zak\u00f3dovanou informaci dynamick\u00e9 povahy, kter\u00e1 umo\u017e\u0148uje dos\u00e1hnout uveden\u00e9ho efektu. Podobnou vlastnost maj\u00ed i zdroje, kter\u00e9 jsou na Zemi bohu\u017eel st\u00e1le vz\u00e1cn\u011bj\u0161\u00ed a z\u00e1zra\u010dn\u011b si zachov\u00e1vaj\u00ed svou \u010distotu.<\/p>\n<div class=\"su-spoiler su-spoiler-style-defoult su-spoiler-icon-caret su-spoiler-closed\" data-scroll-offset=\"0\" data-anchor-in-url=\"no\"><div class=\"su-spoiler-title\" tabindex=\"0\" role=\"button\"><span class=\"su-spoiler-icon\"><\/span>V\u0161echny<\/div><div class=\"su-spoiler-content su-u-clearfix su-u-trim\">\n<p>V\u00fdvoj tohoto za\u0159\u00edzen\u00ed si vy\u017e\u00e1daly m\u011bn\u00edc\u00ed se podm\u00ednky dne\u0161n\u00ed doby. V posledn\u00edch letech je zdravotnictv\u00ed znepokojeno n\u00e1r\u016fstem nemocnosti a \u00famrtnosti, a to nejen u d\u011bt\u00ed a star\u0161\u00edch osob, ale tak\u00e9 u pracuj\u00edc\u00edch. Bohu\u017eel jsme sv\u011bdky oslabov\u00e1n\u00ed imunitn\u00edho syst\u00e9mu a \u00fabytku \u017eivotn\u00ed energie, kter\u00e1 je nezbytn\u00e1 pro boj s nemocemi a pro rehabilitaci. Jin\u00fdmi slovy, programy nezbytn\u00e9 pro adaptaci na zm\u011bn\u011bn\u00e9 prost\u0159ed\u00ed a pro sebeobnovu byly po\u0161kozeny nebo reorganizov\u00e1ny. Nar\u016fstaj\u00edc\u00ed kosmofyzik\u00e1ln\u00ed zm\u011bny vy\u017eaduj\u00ed rychlou regeneraci a obnovu po\u0161kozen\u00fdch adapta\u010dn\u00edch a samol\u00e9\u010debn\u00fdch genetick\u00fdch program\u016f. Jinak m\u016f\u017ee b\u00fdt ohro\u017eeno p\u0159e\u017eit\u00ed jednotlivce, a dokonce i cel\u00e9ho lidstva.<\/p>\n<p>Voda - kol\u00e9bka \u017eivota, kter\u00e1 oded\u00e1vna uchov\u00e1v\u00e1 prim\u00e1rn\u00ed matrici \u017eivota a orientaci jeho zm\u011bn v z\u00e1vislosti na vlivech prost\u0159ed\u00ed. Voda se v reakci na vlivy a po\u017eadavky prost\u0159ed\u00ed p\u0159izp\u016fsobuje a prom\u011b\u0148uje rychleji ne\u017e biologick\u00e9 organismy, biologick\u00e9 prost\u0159ed\u00ed. Vodn\u00ed obal Zem\u011b v\u017edy uchov\u00e1val p\u016fvodn\u00ed autoregenera\u010dn\u00ed programy a jejich potenci\u00e1l k realizaci, kter\u00e9 v interakci s vodn\u00edm prost\u0159ed\u00edm organism\u016f za\u010daly fungovat. Ekologov\u00e9 z\u00e1rove\u0148 pozorovali, \u017ee struktur\u00e1ln\u011b-informa\u010dn\u00ed vlastnosti p\u0159\u00edrodn\u00edch vod, kter\u00e9 nap\u00e1jely vodn\u00ed obal Zem\u011b, byly naru\u0161eny. K tomuto po\u0161kozen\u00ed nedo\u0161lo pouze v d\u016fsledku kosmofyzik\u00e1ln\u00edch zm\u011bn, ale tak\u00e9 v d\u016fsledku destruktivn\u00ed \u010dinnosti lidsk\u00e9ho druhu. Pr\u00e1v\u011b to br\u00e1n\u00ed uskute\u010dn\u011bn\u00ed \u017eivotn\u011b d\u016fle\u017eit\u00fdch evolu\u010dn\u00edch zm\u011bn, tedy pokra\u010dov\u00e1n\u00ed \u017eivota na Zemi.<\/p>\n<p>Komplexn\u00ed v\u00edceplo\u0161n\u00e9 pole nosi\u010de informac\u00ed AQUA je navr\u017eeno jako referen\u010dn\u00ed, aby se p\u0159izp\u016fsobilo nov\u00fdm vysokofrekven\u010dn\u00edm zm\u011bn\u00e1m v prost\u0159ed\u00ed a spustilo pot\u0159ebn\u00e9 programy pro p\u0159echod p\u0159es vodu. Za\u0159\u00edzen\u00ed strukturuje pole vody a voda, rezonuj\u00edc\u00ed s vodn\u00edm prost\u0159ed\u00edm t\u011bla (krev, lymfa, lymfa, mezibun\u011b\u010dn\u00e1 tekutina, tekutina v bu\u0148k\u00e1ch), jej strukturuje \u201ek obrazu sv\u00e9mu\u201d. Jakmile pravidelnost vnit\u0159n\u00ed vody stoupne nad 60%, spust\u00ed se samoobnovuj\u00edc\u00ed genetick\u00fd program t\u011bla.<br \/>\n<\/div><\/div>","protected":false},"excerpt":{"rendered":"<p>Aqua Med\u00e1l \u2013 az \u00e9letalkot\u00f3 v\u00edz \u00e9letet ad, \u00e9l\u00e9nk\u00edt, \u00e9letmeg\u00f3v\u00f3, valamint aktiv\u00e1l\u00f3, \u00e9letenergi\u00e1t vissza\u00e1ll\u00edt\u00f3 hat\u00e1ssal b\u00edr. \u00c9ppen ezt a c\u00e9lt szolg\u00e1lja az AQUA \u2013BioTrEM \u00f6n\u00e1ll\u00f3 inform\u00e1ci\u00f3hordoz\u00f3 alkalmaz\u00e1sa. Az exkluz\u00edv BioTrEM-technol\u00f3gi\u00e1nak k\u00f6sz\u00f6nhet\u0151en a k\u00e9sz\u00fcl\u00e9k f\u00e9lvezet\u0151je olyan k\u00f3dolt inform\u00e1ci\u00f3t tartalmaz, mely dinamikus term\u00e9szettel b\u00edr \u00e9s seg\u00edts\u00e9g\u00e9vel a felsorolt hat\u00e1s el\u00e9rhet\u0151v\u00e9 v\u00e1lik. Hasonl\u00f3 tulajdons\u00e1ggal rendelkeznek a F\u00f6ld\u00f6n sajnos [&hellip;]<\/p>\n","protected":false},"featured_media":4671,"comment_status":"open","ping_status":"closed","template":"","meta":[],"product_brand":[],"product_cat":[33,32],"product_tag":[],"class_list":{"0":"post-4672","1":"product","2":"type-product","3":"status-publish","4":"has-post-thumbnail","6":"product_cat-egeszseg-medalok","7":"product_cat-triomed","9":"first","10":"instock","11":"taxable","12":"shipping-taxable","13":"purchasable","14":"product-type-simple"},"_links":{"self":[{"href":"https:\/\/vetomshop.hu\/cs\/wp-json\/wp\/v2\/product\/4672","targetHints":{"allow":["GET"]}}],"collection":[{"href":"https:\/\/vetomshop.hu\/cs\/wp-json\/wp\/v2\/product"}],"about":[{"href":"https:\/\/vetomshop.hu\/cs\/wp-json\/wp\/v2\/types\/product"}],"replies":[{"embeddable":true,"href":"https:\/\/vetomshop.hu\/cs\/wp-json\/wp\/v2\/comments?post=4672"}],"wp:featuredmedia":[{"embeddable":true,"href":"https:\/\/vetomshop.hu\/cs\/wp-json\/wp\/v2\/media\/4671"}],"wp:attachment":[{"href":"https:\/\/vetomshop.hu\/cs\/wp-json\/wp\/v2\/media?parent=4672"}],"wp:term":[{"taxonomy":"product_brand","embeddable":true,"href":"https:\/\/vetomshop.hu\/cs\/wp-json\/wp\/v2\/product_brand?post=4672"},{"taxonomy":"product_cat","embeddable":true,"href":"https:\/\/vetomshop.hu\/cs\/wp-json\/wp\/v2\/product_cat?post=4672"},{"taxonomy":"product_tag","embeddable":true,"href":"https:\/\/vetomshop.hu\/cs\/wp-json\/wp\/v2\/product_tag?post=4672"}],"curies":[{"name":"wp","href":"https:\/\/api.w.org\/{rel}","templated":true}]}}