{"id":4674,"date":"2023-11-11T14:33:46","date_gmt":"2023-11-11T13:33:46","guid":{"rendered":"https:\/\/vetomshop.hu\/termek\/artro-medal\/"},"modified":"2026-03-30T09:26:16","modified_gmt":"2026-03-30T07:26:16","slug":"artro-medal","status":"publish","type":"product","link":"https:\/\/vetomshop.hu\/cs\/produkt\/artro-medal\/","title":{"rendered":"P\u0159\u00edv\u011bsek Artro"},"content":{"rendered":"<p>Zdravotn\u00ed p\u0159\u00edv\u011bsek \u00abARTRO\u00bb je za\u0159\u00edzen\u00ed pro biofyzik\u00e1ln\u00ed vylad\u011bn\u00ed protiz\u00e1n\u011btliv\u00fdch, imunomodula\u010dn\u00edch, regenera\u010dn\u00edch a regenera\u010dn\u00edch proces\u016f v tk\u00e1n\u00edch podp\u016frn\u00e9ho a pohybov\u00e9ho \u00fastroj\u00ed.<\/p>\n<p><strong>\u00da\u010del.<\/strong> Pom\u016fcka pro zlep\u0161en\u00ed stavu podp\u016frn\u00e9ho a pohybov\u00e9ho \u00fastroj\u00ed, aktivace regenera\u010dn\u00edch proces\u016f.<\/p>\n<div class=\"su-spoiler su-spoiler-style-defoult su-spoiler-icon-caret su-spoiler-closed\" data-scroll-offset=\"0\" data-anchor-in-url=\"no\"><div class=\"su-spoiler-title\" tabindex=\"0\" role=\"button\"><span class=\"su-spoiler-icon\"><\/span>V\u0161echny<\/div><div class=\"su-spoiler-content su-u-clearfix su-u-trim\">\n<strong>\u00da\u010dinky:<\/strong><\/p>\n<ul>\n<li>normalizuje krevn\u00ed ob\u011bh, stav imunitn\u00edho syst\u00e9mu a metabolick\u00e9 procesy v pohybov\u00e9m apar\u00e1tu, \u010d\u00edm\u017e p\u0159edch\u00e1z\u00ed vzniku onemocn\u011bn\u00ed;<\/li>\n<li>pom\u00e1h\u00e1 zlep\u0161ovat funkce podp\u016frn\u00e9ho a pohybov\u00e9ho \u00fastroj\u00ed;<\/li>\n<li>sni\u017euje z\u00e1n\u011bt a p\u0159et\u00ed\u017een\u00ed pohybov\u00e9ho apar\u00e1tu;<\/li>\n<li>pom\u00e1h\u00e1 urychlit regeneraci a obnovu tk\u00e1n\u00ed podp\u016frn\u00e9ho a pohybov\u00e9ho syst\u00e9mu;<\/li>\n<li>pom\u00e1h\u00e1 odstra\u0148ovat z\u00e1n\u011bty kloub\u016f, kloubn\u00edch blan a kloubn\u00edch v\u00e1\u010dk\u016f, sval\u016f;<\/li>\n<li>pom\u00e1h\u00e1 p\u0159edch\u00e1zet nebo kompenzovat deformaci \u010di atrofii kost\u00ed a kloubn\u011b-svalov\u00e9ho komplexu.<\/li>\n<\/ul>\n<\/div><\/div>","protected":false},"excerpt":{"rendered":"<p>Az \u00abARTRO\u00bb eg\u00e9szs\u00e9g med\u00e1l a t\u00e1maszt\u00e1s \u00e9s mozgat\u00e1s szervrendszer sz\u00f6veteiben l\u00e9v\u0151 gyullad\u00e1selleni, immunmodul\u00e1l\u00f3, regener\u00e1l\u00f3 \u00e9s helyre\u00e1ll\u00edt\u00f3 folyamatok biofizikai finomhangol\u00e1s\u00e1ra szolg\u00e1l\u00f3 eszk\u00f6z. Rendeltet\u00e9se. A t\u00e1maszt\u00e1s \u00e9s mozgat\u00e1s szervrendszer \u00e1llapot\u00e1nak jav\u00edt\u00e1s\u00e1ra, a helyre\u00e1ll\u00edt\u00f3 folyamatok aktiviz\u00e1l\u00e1s\u00e1ra szolg\u00e1l\u00f3 seg\u00e9deszk\u00f6z.<\/p>","protected":false},"featured_media":4673,"comment_status":"open","ping_status":"closed","template":"","meta":[],"product_brand":[],"product_cat":[33,32],"product_tag":[],"class_list":{"0":"post-4674","1":"product","2":"type-product","3":"status-publish","4":"has-post-thumbnail","6":"product_cat-egeszseg-medalok","7":"product_cat-triomed","9":"first","10":"instock","11":"taxable","12":"shipping-taxable","13":"purchasable","14":"product-type-simple"},"_links":{"self":[{"href":"https:\/\/vetomshop.hu\/cs\/wp-json\/wp\/v2\/product\/4674","targetHints":{"allow":["GET"]}}],"collection":[{"href":"https:\/\/vetomshop.hu\/cs\/wp-json\/wp\/v2\/product"}],"about":[{"href":"https:\/\/vetomshop.hu\/cs\/wp-json\/wp\/v2\/types\/product"}],"replies":[{"embeddable":true,"href":"https:\/\/vetomshop.hu\/cs\/wp-json\/wp\/v2\/comments?post=4674"}],"wp:featuredmedia":[{"embeddable":true,"href":"https:\/\/vetomshop.hu\/cs\/wp-json\/wp\/v2\/media\/4673"}],"wp:attachment":[{"href":"https:\/\/vetomshop.hu\/cs\/wp-json\/wp\/v2\/media?parent=4674"}],"wp:term":[{"taxonomy":"product_brand","embeddable":true,"href":"https:\/\/vetomshop.hu\/cs\/wp-json\/wp\/v2\/product_brand?post=4674"},{"taxonomy":"product_cat","embeddable":true,"href":"https:\/\/vetomshop.hu\/cs\/wp-json\/wp\/v2\/product_cat?post=4674"},{"taxonomy":"product_tag","embeddable":true,"href":"https:\/\/vetomshop.hu\/cs\/wp-json\/wp\/v2\/product_tag?post=4674"}],"curies":[{"name":"wp","href":"https:\/\/api.w.org\/{rel}","templated":true}]}}