{"id":4676,"date":"2023-11-11T14:33:47","date_gmt":"2023-11-11T13:33:47","guid":{"rendered":"https:\/\/vetomshop.hu\/termek\/beauty-medal\/"},"modified":"2023-11-11T14:33:47","modified_gmt":"2023-11-11T13:33:47","slug":"beauty-medal","status":"publish","type":"product","link":"https:\/\/vetomshop.hu\/cs\/produkt\/beauty-medal\/","title":{"rendered":"P\u0159\u00edv\u011bsek kr\u00e1sy"},"content":{"rendered":"<h4>P\u0159\u00edv\u011bsek kr\u00e1sy<\/h4>\n<p>D\u00edky technologii BioTrEM je nyn\u00ed mo\u017en\u00e9 vytvo\u0159it na speci\u00e1ln\u00edm krystalu spektr\u00e1ln\u00ed vzor specifick\u00e9 povahy. Kdy\u017e se s povrchem krystalu dostanou do kontaktu libovoln\u00e1 energetick\u00e1 kvanta - dokonce i teplo -, gener\u00e1tor vyza\u0159uje extr\u00e9mn\u011b slab\u00e9 sign\u00e1ly spektr\u00e1ln\u00edho vzoru, kter\u00fd je na n\u011bm zaznamen\u00e1n. Elektromagnetick\u00e9 z\u00e1\u0159en\u00ed z p\u0159\u00edv\u011bsku mezit\u00edm interaguje s \u017eiv\u00fdm organismem.<\/p>\n<p>Hlavn\u00edm \u00fa\u010delem medaile \u201eBEAUTY\u201d je obnoven\u00ed norm\u00e1ln\u00edch fyziologick\u00fdch proces\u016f v ko\u017en\u00edch bu\u0148k\u00e1ch a tk\u00e1n\u00edch a zv\u00fd\u0161en\u00ed odolnosti v\u016f\u010di nep\u0159\u00edzniv\u00fdm vliv\u016fm prost\u0159ed\u00ed.<\/p>\n<p>Tento n\u00e1stroj m\u00e1 pozitivn\u00ed vliv na poko\u017eku obli\u010deje a t\u011bla, vlasy a nehty.<\/p>\n<div class=\"su-spoiler su-spoiler-style-defoult su-spoiler-icon-caret su-spoiler-closed\" data-scroll-offset=\"0\" data-anchor-in-url=\"no\"><div class=\"su-spoiler-title\" tabindex=\"0\" role=\"button\"><span class=\"su-spoiler-icon\"><\/span>V\u0161echny<\/div><div class=\"su-spoiler-content su-u-clearfix su-u-trim\">\n\u00da\u010dinky:<\/p>\n<ul>\n<li>Pom\u00e1h\u00e1 obnovit po\u0161kozen\u00fd vnitrobun\u011b\u010dn\u00fd metabolismus poko\u017eky.<\/li>\n<li>Stimuluje p\u0159irozenou tvorbu kolagenu a elastinu.<\/li>\n<li>Zabra\u0148uje oslaben\u00ed ko\u017en\u00edch tk\u00e1n\u00ed.<\/li>\n<li>Zlep\u0161uje mikrocirkulaci a zvy\u0161uje pru\u017enost poko\u017eky.<\/li>\n<li>Zjem\u0148uje a posiluje ko\u017en\u00ed tk\u00e1\u0148.<\/li>\n<li>Zpomaluje st\u00e1rnut\u00ed, omlazuje ple\u0165.<\/li>\n<li>Zlep\u0161uje barvu pleti a t\u00f3n pleti.<\/li>\n<li>Pom\u00e1h\u00e1 posilovat vlasy a nehty.<\/li>\n<\/ul>\n<\/div><\/div>","protected":false},"excerpt":{"rendered":"<p>Beauty Med\u00e1l A BioTrEM-technol\u00f3gi\u00e1nak k\u00f6sz\u00f6nhet\u0151en lehets\u00e9gess\u00e9 v\u00e1lt l\u00e9trehozni a speci\u00e1lis krist\u00e1lyon egy adott term\u00e9szet\u0171 spektr\u00e1lis mint\u00e1t. Amikor tetsz\u0151leges energiakvantumok \u2013 ak\u00e1r h\u0151 &#8211; \u00e9rintkezik a krist\u00e1ly fel\u00fclet\u00e9vel, a gener\u00e1tor a rajta r\u00f6gz\u00edtett spektr\u00e1lis minta extr\u00e9m gyenge jeleit bocs\u00e1jtja ki. Ek\u00f6zben a med\u00e1l elektrom\u00e1gneses sug\u00e1rz\u00e1sa k\u00f6lcs\u00f6nhat\u00e1sba ker\u00fcl az \u00e9l\u0151 szervezettel. A &#8222;BEAUTY&#8221; Med\u00e1l f\u0151 c\u00e9lja a [&hellip;]<\/p>\n","protected":false},"featured_media":4675,"comment_status":"open","ping_status":"closed","template":"","meta":[],"product_brand":[],"product_cat":[33,32],"product_tag":[],"class_list":{"0":"post-4676","1":"product","2":"type-product","3":"status-publish","4":"has-post-thumbnail","6":"product_cat-egeszseg-medalok","7":"product_cat-triomed","9":"first","10":"instock","11":"taxable","12":"shipping-taxable","13":"purchasable","14":"product-type-simple"},"_links":{"self":[{"href":"https:\/\/vetomshop.hu\/cs\/wp-json\/wp\/v2\/product\/4676","targetHints":{"allow":["GET"]}}],"collection":[{"href":"https:\/\/vetomshop.hu\/cs\/wp-json\/wp\/v2\/product"}],"about":[{"href":"https:\/\/vetomshop.hu\/cs\/wp-json\/wp\/v2\/types\/product"}],"replies":[{"embeddable":true,"href":"https:\/\/vetomshop.hu\/cs\/wp-json\/wp\/v2\/comments?post=4676"}],"wp:featuredmedia":[{"embeddable":true,"href":"https:\/\/vetomshop.hu\/cs\/wp-json\/wp\/v2\/media\/4675"}],"wp:attachment":[{"href":"https:\/\/vetomshop.hu\/cs\/wp-json\/wp\/v2\/media?parent=4676"}],"wp:term":[{"taxonomy":"product_brand","embeddable":true,"href":"https:\/\/vetomshop.hu\/cs\/wp-json\/wp\/v2\/product_brand?post=4676"},{"taxonomy":"product_cat","embeddable":true,"href":"https:\/\/vetomshop.hu\/cs\/wp-json\/wp\/v2\/product_cat?post=4676"},{"taxonomy":"product_tag","embeddable":true,"href":"https:\/\/vetomshop.hu\/cs\/wp-json\/wp\/v2\/product_tag?post=4676"}],"curies":[{"name":"wp","href":"https:\/\/api.w.org\/{rel}","templated":true}]}}