{"id":4678,"date":"2023-11-11T14:33:47","date_gmt":"2023-11-11T13:33:47","guid":{"rendered":"https:\/\/vetomshop.hu\/termek\/breath-szello-medal\/"},"modified":"2025-04-12T11:52:17","modified_gmt":"2025-04-12T09:52:17","slug":"breath-szello-medal","status":"publish","type":"product","link":"https:\/\/vetomshop.hu\/cs\/produkt\/breath-szello-medal\/","title":{"rendered":"P\u0159\u00edv\u011bsek dechu\/s\u00edly"},"content":{"rendered":"<h4>Dech - P\u0159\u00edv\u011bsek pro zdrav\u00ed<\/h4>\n<p><strong>Hlavn\u00ed funkce<\/strong><br \/>\nPodpora prevence a l\u00e9\u010dby respira\u010dn\u00edch onemocn\u011bn\u00ed, urychlen\u00ed procesu zotaven\u00ed po onemocn\u011bn\u00ed a dopl\u0148kov\u00e1 l\u00e9\u010dba respira\u010dn\u00edch onemocn\u011bn\u00ed.<\/p>\n<div class=\"su-spoiler su-spoiler-style-defoult su-spoiler-icon-caret su-spoiler-closed\" data-scroll-offset=\"0\" data-anchor-in-url=\"no\"><div class=\"su-spoiler-title\" tabindex=\"0\" role=\"button\"><span class=\"su-spoiler-icon\"><\/span>V\u0161echny<\/div><div class=\"su-spoiler-content su-u-clearfix su-u-trim\">\n<strong>Podporov\u00e1no:<\/strong><\/p>\n<ul>\n<li>normalizuje krevn\u00ed ob\u011bh, imunitn\u00ed syst\u00e9m a metabolismus d\u00fdchac\u00edch cest, \u010d\u00edm\u017e p\u0159edch\u00e1z\u00ed nemocem, - zlep\u0161uje v\u00fdm\u011bnu plyn\u016f,<\/li>\n<li>sni\u017euje riziko z\u00e1n\u011btliv\u00fdch proces\u016f a p\u0159et\u00ed\u017een\u00ed d\u00fdchac\u00edho syst\u00e9mu,<\/li>\n<li>podporuje uvoln\u011bn\u00ed k\u0159e\u010dov\u00fdch proces\u016f v d\u00fdchac\u00edm syst\u00e9mu,<\/li>\n<li>podporuje proces \u010di\u0161t\u011bn\u00ed,<\/li>\n<li>podporuje prevenci pneumoskler\u00f3zy.<\/li>\n<\/ul>\n<\/div><\/div>","protected":false},"excerpt":{"rendered":"<p>Breath \u2013 Szell\u0151 Eg\u00e9szs\u00e9g Med\u00e1l F\u0151 funkci\u00f3 A l\u00e9g\u00fati betegs\u00e9gek megel\u0151z\u00e9s\u00e9nek \u00e9s kezel\u00e9s\u00e9nek t\u00e1mogat\u00e1sa, a betegs\u00e9gek ut\u00e1ni regener\u00e1ci\u00f3s folyamatok gyors\u00edt\u00e1sa, a l\u00e9g\u00fati betegs\u00e9gek kieg\u00e9sz\u00edt\u0151 kezel\u00e9se.<\/p>","protected":false},"featured_media":4677,"comment_status":"open","ping_status":"closed","template":"","meta":[],"product_brand":[],"product_cat":[33,32],"product_tag":[],"class_list":{"0":"post-4678","1":"product","2":"type-product","3":"status-publish","4":"has-post-thumbnail","6":"product_cat-egeszseg-medalok","7":"product_cat-triomed","9":"first","10":"instock","11":"taxable","12":"shipping-taxable","13":"purchasable","14":"product-type-simple"},"_links":{"self":[{"href":"https:\/\/vetomshop.hu\/cs\/wp-json\/wp\/v2\/product\/4678","targetHints":{"allow":["GET"]}}],"collection":[{"href":"https:\/\/vetomshop.hu\/cs\/wp-json\/wp\/v2\/product"}],"about":[{"href":"https:\/\/vetomshop.hu\/cs\/wp-json\/wp\/v2\/types\/product"}],"replies":[{"embeddable":true,"href":"https:\/\/vetomshop.hu\/cs\/wp-json\/wp\/v2\/comments?post=4678"}],"wp:featuredmedia":[{"embeddable":true,"href":"https:\/\/vetomshop.hu\/cs\/wp-json\/wp\/v2\/media\/4677"}],"wp:attachment":[{"href":"https:\/\/vetomshop.hu\/cs\/wp-json\/wp\/v2\/media?parent=4678"}],"wp:term":[{"taxonomy":"product_brand","embeddable":true,"href":"https:\/\/vetomshop.hu\/cs\/wp-json\/wp\/v2\/product_brand?post=4678"},{"taxonomy":"product_cat","embeddable":true,"href":"https:\/\/vetomshop.hu\/cs\/wp-json\/wp\/v2\/product_cat?post=4678"},{"taxonomy":"product_tag","embeddable":true,"href":"https:\/\/vetomshop.hu\/cs\/wp-json\/wp\/v2\/product_tag?post=4678"}],"curies":[{"name":"wp","href":"https:\/\/api.w.org\/{rel}","templated":true}]}}