{"id":4680,"date":"2023-11-11T14:33:48","date_gmt":"2023-11-11T13:33:48","guid":{"rendered":"https:\/\/vetomshop.hu\/termek\/csontero-medal\/"},"modified":"2023-11-11T14:33:48","modified_gmt":"2023-11-11T13:33:48","slug":"csontero-medal","status":"publish","type":"product","link":"https:\/\/vetomshop.hu\/cs\/produkt\/csontero-medal\/","title":{"rendered":"P\u0159\u00edv\u011bsek Bone Power"},"content":{"rendered":"<h4>Medaile za zdrav\u00ed energie kost\u00ed<\/h4>\n<p><strong>Hlavn\u00ed funkce:<\/strong><\/p>\n<p>Podporuje zlep\u0161en\u00ed stavu tk\u00e1n\u00ed kostern\u00edho syst\u00e9mu.<\/p>\n<p>K \u010demu lze p\u0159\u00edv\u011bsek Bone Power Health pou\u017e\u00edt?<\/p>\n<p>Kostn\u00ed dehet podporuje aktivaci obrann\u00e9ho syst\u00e9mu organismu, norm\u00e1ln\u00ed fungov\u00e1n\u00ed fyziologick\u00fdch proces\u016f pohybov\u00e9ho apar\u00e1tu a m\u016f\u017ee pomoci chr\u00e1nit t\u011blo p\u0159ed \u00fa\u010dinky r\u016fzn\u00fdch negativn\u00edch faktor\u016f:<\/p>\n<div class=\"su-spoiler su-spoiler-style-defoult su-spoiler-icon-caret su-spoiler-closed\" data-scroll-offset=\"0\" data-anchor-in-url=\"no\"><div class=\"su-spoiler-title\" tabindex=\"0\" role=\"button\"><span class=\"su-spoiler-icon\"><\/span>V\u0161echny<\/div><div class=\"su-spoiler-content su-u-clearfix su-u-trim\">\n<ul>\n<li>m\u011bkce podporuje \u00fa\u010dinek l\u00e9k\u016f proti bolesti,<br \/>\npodporuje sni\u017eov\u00e1n\u00ed otok\u016f a ed\u00e9m\u016f tk\u00e1n\u00ed,<\/li>\n<li>podporuje normalizaci proces\u016f, kter\u00e9 vy\u017eivuj\u00ed tk\u00e1n\u011b kostern\u00edho a svalov\u00e9ho syst\u00e9mu,<\/li>\n<li>podporuje neutralizaci a odstra\u0148ov\u00e1n\u00ed toxick\u00fdch l\u00e1tek z tk\u00e1n\u00ed kostern\u00edho a svalov\u00e9ho syst\u00e9mu,<\/li>\n<li>podporuje regeneraci kostern\u00edch tk\u00e1n\u00ed.<\/li>\n<\/div><\/div>\n<\/ul>","protected":false},"excerpt":{"rendered":"<p>Csonter\u0151 Eg\u00e9szs\u00e9g Med\u00e1l F\u0151 funkci\u00f3ja: T\u00e1mogatja a v\u00e1zrendszer sz\u00f6vetei \u00e1llapot\u00e1nak jav\u00edt\u00e1s\u00e1t. Mire alkalmazhat\u00f3 a Csonter\u0151 Eg\u00e9szs\u00e9g Med\u00e1l? A Csonter\u0151 t\u00e1mogatja a szervezet v\u00e9dekez\u0151 rendszer\u00e9nek aktiv\u00e1l\u00e1s\u00e1t, a v\u00e1z- \u00e9s izomrendszer norm\u00e1lisan m\u0171k\u00f6d\u0151 fiziol\u00f3giai folyamatait, seg\u00edthet megv\u00e9deni a szervezetet a k\u00fcl\u00f6nb\u00f6z\u0151 negat\u00edv t\u00e9nyez\u0151k hat\u00e1sai ellen:<\/p>","protected":false},"featured_media":4679,"comment_status":"open","ping_status":"closed","template":"","meta":[],"product_brand":[],"product_cat":[33,32],"product_tag":[],"class_list":{"0":"post-4680","1":"product","2":"type-product","3":"status-publish","4":"has-post-thumbnail","6":"product_cat-egeszseg-medalok","7":"product_cat-triomed","9":"first","10":"instock","11":"taxable","12":"shipping-taxable","13":"purchasable","14":"product-type-simple"},"_links":{"self":[{"href":"https:\/\/vetomshop.hu\/cs\/wp-json\/wp\/v2\/product\/4680","targetHints":{"allow":["GET"]}}],"collection":[{"href":"https:\/\/vetomshop.hu\/cs\/wp-json\/wp\/v2\/product"}],"about":[{"href":"https:\/\/vetomshop.hu\/cs\/wp-json\/wp\/v2\/types\/product"}],"replies":[{"embeddable":true,"href":"https:\/\/vetomshop.hu\/cs\/wp-json\/wp\/v2\/comments?post=4680"}],"wp:featuredmedia":[{"embeddable":true,"href":"https:\/\/vetomshop.hu\/cs\/wp-json\/wp\/v2\/media\/4679"}],"wp:attachment":[{"href":"https:\/\/vetomshop.hu\/cs\/wp-json\/wp\/v2\/media?parent=4680"}],"wp:term":[{"taxonomy":"product_brand","embeddable":true,"href":"https:\/\/vetomshop.hu\/cs\/wp-json\/wp\/v2\/product_brand?post=4680"},{"taxonomy":"product_cat","embeddable":true,"href":"https:\/\/vetomshop.hu\/cs\/wp-json\/wp\/v2\/product_cat?post=4680"},{"taxonomy":"product_tag","embeddable":true,"href":"https:\/\/vetomshop.hu\/cs\/wp-json\/wp\/v2\/product_tag?post=4680"}],"curies":[{"name":"wp","href":"https:\/\/api.w.org\/{rel}","templated":true}]}}