{"id":4682,"date":"2023-11-11T14:33:48","date_gmt":"2023-11-11T13:33:48","guid":{"rendered":"https:\/\/vetomshop.hu\/termek\/delfin-medal\/"},"modified":"2023-11-11T14:33:48","modified_gmt":"2023-11-11T13:33:48","slug":"delfin-medal","status":"publish","type":"product","link":"https:\/\/vetomshop.hu\/cs\/produkt\/delfin-medal\/","title":{"rendered":"P\u0159\u00edv\u011bsek delf\u00edna"},"content":{"rendered":"<h4>Medaile zdrav\u00ed delf\u00edn\u016f<\/h4>\n<p><strong>Hlavn\u00ed funkce:<\/strong><\/p>\n<p>Dopl\u0148kov\u00fd n\u00e1stroj pro harmonizaci regula\u010dn\u00edho syst\u00e9mu t\u011bla a podporu fungov\u00e1n\u00ed centr\u00e1ln\u00ed nervov\u00e9 soustavy.<\/p>\n<p><strong>Podporov\u00e1no:<\/strong><\/p>\n<ul>\n<li>\u00fa\u010dinek l\u00e9k\u016f proti bolesti,<\/li>\n<li>normalizuje emo\u010dn\u00ed sf\u00e9ru a pom\u00e1h\u00e1 sni\u017eovat \u00fazkost,<\/li>\n<li>my\u0161lenkov\u00e9 procesy,<\/li>\n<li>u\u010den\u00ed a kognitivn\u00ed dovednosti, rozvoj pam\u011bti,<\/li>\n<li>zv\u00fd\u0161en\u00ed odolnosti v\u016f\u010di stresu.<\/li>\n<\/ul>\n<div class=\"su-spoiler su-spoiler-style-defoult su-spoiler-icon-caret su-spoiler-closed\" data-scroll-offset=\"0\" data-anchor-in-url=\"no\"><div class=\"su-spoiler-title\" tabindex=\"0\" role=\"button\"><span class=\"su-spoiler-icon\"><\/span>V\u0161echny<\/div><div class=\"su-spoiler-content su-u-clearfix su-u-trim\">\n<p><strong>Kdy se doporu\u010duje pou\u017e\u00edvat p\u0159\u00edv\u011bsek pro zdrav\u00ed delf\u00edn\u016f?<\/strong><\/p>\n<p>Dolphin m\u00e1 pozitivn\u00ed vliv na funk\u010dn\u00ed stav organismu a m\u016f\u017ee b\u00fdt pou\u017eit jako preventivn\u00ed a dopl\u0148kov\u00fd n\u00e1stroj k ostatn\u00edm metod\u00e1m, jako korek\u010dn\u00ed n\u00e1stroj, kter\u00fd pom\u00e1h\u00e1 optim\u00e1ln\u00edmu fungov\u00e1n\u00ed organismu v n\u00e1sleduj\u00edc\u00edch p\u0159\u00edpadech:<\/p>\n<ul>\n<li>organick\u00e9 l\u00e9ze centr\u00e1ln\u00edho nervov\u00e9ho syst\u00e9mu, kter\u00e9 maj\u00ed za n\u00e1sledek zhor\u0161en\u00ed kognitivn\u00edch funkc\u00ed a\/nebo po\u0161kozen\u00ed emo\u010dn\u00ed sf\u00e9ry,<\/li>\n<li>funk\u010dn\u00ed porucha nervov\u00e9ho syst\u00e9mu, kter\u00e1 je spojena s du\u0161evn\u00edm p\u0159et\u00ed\u017een\u00edm, nespavost\u00ed, nervozitou, poruchou kognitivn\u00edch funkc\u00ed,<\/li>\n<li>syndrom chronick\u00e9ho stresu (u\u010den\u00ed, extr\u00e9mn\u00ed a nebezpe\u010dn\u00e1 pr\u00e1ce, \u0159\u00edzen\u00ed atd.).<\/li>\n<\/ul>\n<\/div><\/div>","protected":false},"excerpt":{"rendered":"<p>Delfin Eg\u00e9szs\u00e9g Med\u00e1l F\u0151 funkci\u00f3ja: Kieg\u00e9sz\u00edt\u0151 eszk\u00f6z a szervezet szab\u00e1lyz\u00f3 rendszer\u00e9nek harmoniz\u00e1l\u00e1s\u00e1nak \u00e9s a k\u00f6zponti idegrendszer m\u0171k\u00f6d\u00e9s\u00e9nek t\u00e1mogat\u00e1s\u00e1ra. T\u00e1mogatja: a f\u00e1jdalomcsillap\u00edt\u00f3k hat\u00e1s\u00e1t, az \u00e9rzelmi szf\u00e9ra normaliz\u00e1l\u00e1s\u00e1t, seg\u00edt cs\u00f6kkenteni az izgatotts\u00e1got, a gondolkod\u00e1si folyamatokat, a tanul\u00e1si \u00e9s kognit\u00edv k\u00e9pess\u00e9geket, a mem\u00f3ria fejleszt\u00e9s\u00e9t, a stressz ellen\u00e1ll\u00f3 k\u00e9pess\u00e9g n\u00f6veked\u00e9s\u00e9t.<\/p>","protected":false},"featured_media":4681,"comment_status":"open","ping_status":"closed","template":"","meta":[],"product_brand":[],"product_cat":[33,32],"product_tag":[],"class_list":{"0":"post-4682","1":"product","2":"type-product","3":"status-publish","4":"has-post-thumbnail","6":"product_cat-egeszseg-medalok","7":"product_cat-triomed","9":"first","10":"instock","11":"taxable","12":"shipping-taxable","13":"purchasable","14":"product-type-simple"},"_links":{"self":[{"href":"https:\/\/vetomshop.hu\/cs\/wp-json\/wp\/v2\/product\/4682","targetHints":{"allow":["GET"]}}],"collection":[{"href":"https:\/\/vetomshop.hu\/cs\/wp-json\/wp\/v2\/product"}],"about":[{"href":"https:\/\/vetomshop.hu\/cs\/wp-json\/wp\/v2\/types\/product"}],"replies":[{"embeddable":true,"href":"https:\/\/vetomshop.hu\/cs\/wp-json\/wp\/v2\/comments?post=4682"}],"wp:featuredmedia":[{"embeddable":true,"href":"https:\/\/vetomshop.hu\/cs\/wp-json\/wp\/v2\/media\/4681"}],"wp:attachment":[{"href":"https:\/\/vetomshop.hu\/cs\/wp-json\/wp\/v2\/media?parent=4682"}],"wp:term":[{"taxonomy":"product_brand","embeddable":true,"href":"https:\/\/vetomshop.hu\/cs\/wp-json\/wp\/v2\/product_brand?post=4682"},{"taxonomy":"product_cat","embeddable":true,"href":"https:\/\/vetomshop.hu\/cs\/wp-json\/wp\/v2\/product_cat?post=4682"},{"taxonomy":"product_tag","embeddable":true,"href":"https:\/\/vetomshop.hu\/cs\/wp-json\/wp\/v2\/product_tag?post=4682"}],"curies":[{"name":"wp","href":"https:\/\/api.w.org\/{rel}","templated":true}]}}