{"id":4684,"date":"2023-11-11T14:33:48","date_gmt":"2023-11-11T13:33:48","guid":{"rendered":"https:\/\/vetomshop.hu\/termek\/detox-medal\/"},"modified":"2023-11-11T14:33:48","modified_gmt":"2023-11-11T13:33:48","slug":"detox-medal","status":"publish","type":"product","link":"https:\/\/vetomshop.hu\/cs\/produkt\/detox-medal\/","title":{"rendered":"Detoxika\u010dn\u00ed medailon"},"content":{"rendered":"<h4>Detoxika\u010dn\u00ed medaile je ur\u010dena pro ty, kte\u0159\u00ed cht\u011bj\u00ed jemn\u011b harmonizovat sv\u00e9 t\u011blo.<\/p>\n<p>Spektr\u00e1ln\u00ed sign\u00e1l zaznamenan\u00fd na detoxika\u010dn\u00edm medailonu podporuje bioenergetick\u00e9 fungov\u00e1n\u00ed org\u00e1n\u016f a org\u00e1nov\u00fdch syst\u00e9m\u016f.<\/h4>\n<p>Nejv\u011bt\u0161\u00edm nep\u0159\u00edtelem ml\u00e1d\u00ed a zdrav\u00ed je t\u011blo pln\u00e9 odpadn\u00edch l\u00e1tek. Na\u0161e t\u011blo je samoreguluj\u00edc\u00ed se biologick\u00fd syst\u00e9m, jeho\u017e jednou z nejd\u016fle\u017eit\u011bj\u0161\u00edch funkc\u00ed je detoxikace - vylu\u010dov\u00e1n\u00ed l\u00e1tek, kter\u00e9 t\u011blo nepot\u0159ebuje. P\u0159\u00edroda v\u0161ak nen\u00ed p\u0159ipravena na takovou civilizaci, takov\u00e9 obrovsk\u00e9 mno\u017estv\u00ed um\u011bl\u00fdch chemik\u00e1li\u00ed v potravin\u00e1ch, vod\u011b a vzduchu. Zv\u00ed\u0159ata jsou krmena r\u016fstov\u00fdmi hormony a antibiotiky, kter\u00e9 se dost\u00e1vaj\u00ed i do na\u0161eho t\u011bla. V tk\u00e1n\u00edch a bu\u0148k\u00e1ch se hromad\u00ed t\u011b\u017ek\u00e9 kovy, dusitany, dusi\u010dnany, radioaktivn\u00ed l\u00e1tky, dioxiny, zbytky l\u00e9k\u016f.<\/p>\n<div class=\"su-spoiler su-spoiler-style-defoult su-spoiler-icon-caret su-spoiler-closed\" data-scroll-offset=\"0\" data-anchor-in-url=\"no\"><div class=\"su-spoiler-title\" tabindex=\"0\" role=\"button\"><span class=\"su-spoiler-icon\"><\/span>V\u0161echny<\/div><div class=\"su-spoiler-content su-u-clearfix su-u-trim\">\n<p>Toxick\u00e9 l\u00e1tky mohou poch\u00e1zet z vn\u011bj\u0161\u00edho zdroje, ale mohou to b\u00fdt tak\u00e9 toxiny z vnit\u0159n\u00edch rozkladn\u00fdch proces\u016f v d\u016fsledku metabolick\u00fdch probl\u00e9m\u016f. Pokud se k tomu p\u0159id\u00e1 sedav\u00fd zp\u016fsob \u017eivota, procesy v t\u011ble se je\u0161t\u011b v\u00edce zpomal\u00ed.<\/p>\n<p>Vysok\u00e9 hladiny stresu mohou tak\u00e9 vy\u010derpat org\u00e1ny zapojen\u00e9 do detoxikace. Zpo\u010d\u00e1tku je zn\u00e1mkou probl\u00e9mu pouze nep\u0159\u00edjemn\u00fd pocit, pozd\u011bji se v\u0161ak situace m\u016f\u017ee zhor\u0161it. Mohou se rozvinout chronick\u00e1 onemocn\u011bn\u00ed, kter\u00e1 mohou m\u00edt z\u00e1sadn\u00ed dopad na kvalitu na\u0161eho \u017eivota.<br \/>\n<\/div><\/div>","protected":false},"excerpt":{"rendered":"<p>Detox Med\u00e1l azok sz\u00e1m\u00e1ra k\u00e9sz\u00fclt, akik l\u00e1gyan szeretn\u00e9k a szervezet\u00fcket harmoniz\u00e1lni. A spektr\u00e1lis jel, mely a Detox Med\u00e1lon r\u00f6gz\u00edt\u00e9sre ker\u00fclt, t\u00e1mogatja a szervek \u00e9s szervrendszerek bioenergetikai m\u0171k\u00f6d\u00e9s\u00e9t. A fiatals\u00e1g \u00e9s az eg\u00e9szs\u00e9g legnagyobb ellens\u00e9ge a salakanyagokkal tel\u00edtett szervezet. Szervezet\u00fcnk egy \u00f6nszab\u00e1lyoz\u00f3 biol\u00f3giai rendszer, melynek egyik legfontosabb funkci\u00f3ja a m\u00e9regtelen\u00edt\u00e9s \u2013 kivezet\u00e9se azoknak az anyagoknak, melyekre [&hellip;]<\/p>\n","protected":false},"featured_media":4683,"comment_status":"open","ping_status":"closed","template":"","meta":[],"product_brand":[],"product_cat":[33,32],"product_tag":[],"class_list":{"0":"post-4684","1":"product","2":"type-product","3":"status-publish","4":"has-post-thumbnail","6":"product_cat-egeszseg-medalok","7":"product_cat-triomed","9":"first","10":"instock","11":"taxable","12":"shipping-taxable","13":"purchasable","14":"product-type-simple"},"_links":{"self":[{"href":"https:\/\/vetomshop.hu\/cs\/wp-json\/wp\/v2\/product\/4684","targetHints":{"allow":["GET"]}}],"collection":[{"href":"https:\/\/vetomshop.hu\/cs\/wp-json\/wp\/v2\/product"}],"about":[{"href":"https:\/\/vetomshop.hu\/cs\/wp-json\/wp\/v2\/types\/product"}],"replies":[{"embeddable":true,"href":"https:\/\/vetomshop.hu\/cs\/wp-json\/wp\/v2\/comments?post=4684"}],"wp:featuredmedia":[{"embeddable":true,"href":"https:\/\/vetomshop.hu\/cs\/wp-json\/wp\/v2\/media\/4683"}],"wp:attachment":[{"href":"https:\/\/vetomshop.hu\/cs\/wp-json\/wp\/v2\/media?parent=4684"}],"wp:term":[{"taxonomy":"product_brand","embeddable":true,"href":"https:\/\/vetomshop.hu\/cs\/wp-json\/wp\/v2\/product_brand?post=4684"},{"taxonomy":"product_cat","embeddable":true,"href":"https:\/\/vetomshop.hu\/cs\/wp-json\/wp\/v2\/product_cat?post=4684"},{"taxonomy":"product_tag","embeddable":true,"href":"https:\/\/vetomshop.hu\/cs\/wp-json\/wp\/v2\/product_tag?post=4684"}],"curies":[{"name":"wp","href":"https:\/\/api.w.org\/{rel}","templated":true}]}}