{"id":4686,"date":"2023-11-11T14:33:48","date_gmt":"2023-11-11T13:33:48","guid":{"rendered":"https:\/\/vetomshop.hu\/termek\/ekuples-medal\/"},"modified":"2023-11-11T14:33:48","modified_gmt":"2023-11-11T13:33:48","slug":"ekuples-medal","status":"publish","type":"product","link":"https:\/\/vetomshop.hu\/cs\/produkt\/ekuples-medal\/","title":{"rendered":"Medaile Ecuples"},"content":{"rendered":"<p><strong>Hlavn\u00ed funkce:<\/strong><\/p>\n<p>V p\u0159\u00edpad\u011b stav\u016f zp\u016fsoben\u00fdch pl\u00eds\u0148ov\u00fdmi infekcemi je optimalizace imunitn\u00edho syst\u00e9mu a harmonick\u00e9 fungov\u00e1n\u00ed imunitn\u00edho syst\u00e9mu velmi d\u016fle\u017eit\u00e9.<br \/>\nn\u00e1stroj, kter\u00fd v\u00e1m pom\u016f\u017ee p\u0159i pr\u00e1ci.<\/p>\n<p><strong>Podporov\u00e1no:<\/strong><\/p>\n<ul>\n<li>normalizace imunitn\u00edho syst\u00e9mu,<\/li>\n<li>regenerace po poran\u011bn\u00edch (zejm\u00e9na slizni\u010dn\u00edch),<\/li>\n<li>v boji proti pl\u00edsn\u00edm vlas\u016f a neht\u016f,<\/li>\n<li>proces neutralizace a vylu\u010dov\u00e1n\u00ed toxick\u00fdch l\u00e1tek z t\u011bla.<\/li>\n<\/ul>\n<div class=\"su-spoiler su-spoiler-style-defoult su-spoiler-icon-caret su-spoiler-closed\" data-scroll-offset=\"0\" data-anchor-in-url=\"no\"><div class=\"su-spoiler-title\" tabindex=\"0\" role=\"button\"><span class=\"su-spoiler-icon\"><\/span>V\u0161echny<\/div><div class=\"su-spoiler-content su-u-clearfix su-u-trim\">\n<p><strong>Kdy lze p\u0159\u00edv\u011bsek Ekuples Health pou\u017e\u00edt?<\/strong><\/p>\n<p>Dan\u00fd Zdravotn\u00ed p\u0159\u00edv\u011bsek m\u00e1 pozitivn\u00ed vliv na funk\u010dn\u00ed fungov\u00e1n\u00ed organismu, lze jej pou\u017e\u00edt jako dopl\u0148kovou l\u00e9\u010dbu - jako v\u0161eobecn\u00fd optimaliza\u010dn\u00ed a korek\u010dn\u00ed n\u00e1stroj pro prevenci i obnovu zdrav\u00ed:<\/p>\n<ul>\n<li>ko\u017en\u00ed onemocn\u011bn\u00ed zp\u016fsoben\u00e1 pl\u00eds\u0148ov\u00fdmi infekcemi, z\u00e1n\u011bty, infekce \u00fast - stomatitida,<\/li>\n<li>Kandid\u00f3za,<\/li>\n<li>bronchitida alergick\u00e9ho p\u016fvodu,<\/li>\n<li>dal\u0161\u00ed onemocn\u011bn\u00ed zp\u016fsoben\u00e1 houbov\u00fdmi infekcemi.<\/li>\n<\/ul>\n<p><strong>D\u016fle\u017eit\u00e9 upozorn\u011bn\u00ed!<\/strong><\/p>\n<p>P\u0159i podez\u0159en\u00ed na pl\u00eds\u0148ovou infekci vyhledejte l\u00e9ka\u0159e! P\u0159\u00edv\u011bsek Ekuples Health pou\u017e\u00edvejte sou\u010dasn\u011b s l\u00e9\u010dbou doporu\u010denou l\u00e9ka\u0159em, abyste zv\u00fd\u0161ili jej\u00ed \u00fa\u010dinnost.<\/p>\n<\/div><\/div>","protected":false},"excerpt":{"rendered":"<p>F\u0151 funkci\u00f3ja: A gomb\u00e1s megbeteged\u00e9sek k\u00f6vetkezt\u00e9ben kialakult \u00e1llapotok eset\u00e9n az immunrendszer munk\u00e1j\u00e1nak optimaliz\u00e1ci\u00f3j\u00e1t \u00e9s a szervezet harmonikus munk\u00e1j\u00e1t seg\u00edt\u0151 eszk\u00f6z. T\u00e1mogatja: az immunrendszer m\u0171k\u00f6d\u00e9s\u00e9nek normaliz\u00e1l\u00e1s\u00e1t, a s\u00e9r\u00fcl\u00e9sek ut\u00e1ni regener\u00e1ci\u00f3t (k\u00fcl\u00f6n\u00f6s tekintettel a ny\u00e1lkah\u00e1rtya s\u00e9r\u00fcl\u00e9seire), a haj- \u00e9s k\u00f6r\u00f6mgomba elleni harcot, a toxikus anyagok semleges\u00edt\u00e9s\u00e9nek \u00e9s kivezet\u00e9s\u00e9nek folyamat\u00e1t a szervezetb\u0151l.<\/p>","protected":false},"featured_media":4685,"comment_status":"open","ping_status":"closed","template":"","meta":[],"product_brand":[],"product_cat":[33,32],"product_tag":[],"class_list":{"0":"post-4686","1":"product","2":"type-product","3":"status-publish","4":"has-post-thumbnail","6":"product_cat-egeszseg-medalok","7":"product_cat-triomed","9":"first","10":"instock","11":"taxable","12":"shipping-taxable","13":"purchasable","14":"product-type-simple"},"_links":{"self":[{"href":"https:\/\/vetomshop.hu\/cs\/wp-json\/wp\/v2\/product\/4686","targetHints":{"allow":["GET"]}}],"collection":[{"href":"https:\/\/vetomshop.hu\/cs\/wp-json\/wp\/v2\/product"}],"about":[{"href":"https:\/\/vetomshop.hu\/cs\/wp-json\/wp\/v2\/types\/product"}],"replies":[{"embeddable":true,"href":"https:\/\/vetomshop.hu\/cs\/wp-json\/wp\/v2\/comments?post=4686"}],"wp:featuredmedia":[{"embeddable":true,"href":"https:\/\/vetomshop.hu\/cs\/wp-json\/wp\/v2\/media\/4685"}],"wp:attachment":[{"href":"https:\/\/vetomshop.hu\/cs\/wp-json\/wp\/v2\/media?parent=4686"}],"wp:term":[{"taxonomy":"product_brand","embeddable":true,"href":"https:\/\/vetomshop.hu\/cs\/wp-json\/wp\/v2\/product_brand?post=4686"},{"taxonomy":"product_cat","embeddable":true,"href":"https:\/\/vetomshop.hu\/cs\/wp-json\/wp\/v2\/product_cat?post=4686"},{"taxonomy":"product_tag","embeddable":true,"href":"https:\/\/vetomshop.hu\/cs\/wp-json\/wp\/v2\/product_tag?post=4686"}],"curies":[{"name":"wp","href":"https:\/\/api.w.org\/{rel}","templated":true}]}}