{"id":4688,"date":"2023-11-11T14:33:49","date_gmt":"2023-11-11T13:33:49","guid":{"rendered":"https:\/\/vetomshop.hu\/termek\/eros-medal-feriaknak\/"},"modified":"2023-11-11T14:33:49","modified_gmt":"2023-11-11T13:33:49","slug":"eros-medal-feriaknak","status":"publish","type":"product","link":"https:\/\/vetomshop.hu\/cs\/produkt\/eros-medal-feriaknak\/","title":{"rendered":"P\u0159\u00edv\u011bsek Eros pro mu\u017ee"},"content":{"rendered":"<p><strong>Hlavn\u00ed funkce:<\/strong><\/p>\n<p>Dopl\u0148kov\u00fd prost\u0159edek pro prevenci a l\u00e9\u010dbu poruch kopulace, dopl\u0148kovou l\u00e9\u010dbu ztr\u00e1ty sexu\u00e1ln\u00ed touhy, emo\u010dn\u011b-psychologick\u00fdch poruch souvisej\u00edc\u00edch se sexu\u00e1ln\u00edm stykem, prost\u0159edek pro aktivaci regenera\u010dn\u00edch proces\u016f p\u0159i dopl\u0148kov\u00e9 l\u00e9\u010db\u011b onemocn\u011bn\u00ed postihuj\u00edc\u00edch genit\u00e1ln\u00ed sf\u00e9ru. Doporu\u010duje se pou\u017e\u00edvat ve spojen\u00ed s terapi\u00ed doporu\u010denou odborn\u00edkem (andrologem, sexuologem, endokrinologem).<\/p>\n<p><strong>Podporov\u00e1no:<\/strong><\/p>\n<ul>\n<li>krevn\u00ed ob\u011bh, imunitn\u00ed syst\u00e9m a metabolismus, \u010d\u00edm\u017e se p\u0159edch\u00e1z\u00ed vzniku nemoc\u00ed.<\/li>\n<li>podporuje kvalitativn\u00ed zlep\u0161en\u00ed sexu\u00e1ln\u00edch z\u00e1\u017eitk\u016f,<\/li>\n<li>podporuje regenera\u010dn\u00ed procesy.<\/li>\n<\/ul>\n<div class=\"su-spoiler su-spoiler-style-defoult su-spoiler-icon-caret su-spoiler-closed\" data-scroll-offset=\"0\" data-anchor-in-url=\"no\"><div class=\"su-spoiler-title\" tabindex=\"0\" role=\"button\"><span class=\"su-spoiler-icon\"><\/span>V\u0161echny<\/div><div class=\"su-spoiler-content su-u-clearfix su-u-trim\">\n<p><strong>Kdy pou\u017e\u00edvat p\u0159\u00edv\u011bsek Eros Health?<\/strong><\/p>\n<p>P\u0159\u00edstroj m\u00e1 pozitivn\u00ed vliv na funk\u010dn\u00ed fungov\u00e1n\u00ed organismu a lze jej pou\u017e\u00edt jako v\u0161eobecnou dopl\u0148kovou metodu na podporu zdrav\u00ed, optimalizaci a korekci, v kombinaci s dal\u0161\u00edmi metodami pro dopl\u0148kovou l\u00e9\u010dbu a prevenci n\u00e1sleduj\u00edc\u00edch probl\u00e9m\u016f:<\/p>\n<ul>\n<li>probl\u00e9my s erekc\u00ed,<\/li>\n<li>endokrinn\u00ed poruchy ovliv\u0148uj\u00edc\u00ed sexu\u00e1ln\u00ed oblast (diabetes, hypotalamick\u00e1 nedostate\u010dnost, gonad\u00e1ln\u00ed nedostate\u010dnost).<\/li>\n<li>syndrom chronick\u00e9 \u00fanavy (CFS)<\/li>\n<li>metabolick\u00fd syndrom<\/li>\n<li>sn\u00ed\u017een\u00ed emo\u010dn\u00ed \u00farovn\u011b a n\u00e1lady.<\/li>\n<\/ul>\n<\/div><\/div>","protected":false},"excerpt":{"rendered":"<p>F\u0151 funkci\u00f3ja: Kieg\u00e9sz\u00edt\u0151 eszk\u00f6z a kopul\u00e1ci\u00f3s rendelleness\u00e9gek megel\u0151z\u00e9s\u00e9re \u00e9s kezel\u00e9s\u00e9re, a nemi v\u00e1gy cs\u00f6kken\u00e9s\u00e9nek, a szexu\u00e1lis aktussal kapcsolatos \u00e9rzelmi-pszich\u00e9s rendelleness\u00e9gek kieg\u00e9sz\u00edt\u0151 kezel\u00e9s\u00e9re, a regener\u00e1ci\u00f3s folyamatok aktiv\u00e1l\u00e1s\u00e1t seg\u00edt\u0151 eszk\u00f6z a nemi szf\u00e9r\u00e1t \u00e9rint\u0151 betegs\u00e9gek kieg\u00e9sz\u00edt\u0151 kezel\u00e9s\u00e9ben. Aj\u00e1nlott a szakorvos (androl\u00f3gus, szexol\u00f3gus, endokrinol\u00f3gus) \u00e1ltal javasolt ter\u00e1pia melletti alkalmaz\u00e1sa. T\u00e1mogatja: a v\u00e9rkering\u00e9st, az immunrendszer munk\u00e1j\u00e1t, az anyagcser\u00e9t, megel\u0151zve [&hellip;]<\/p>\n","protected":false},"featured_media":4687,"comment_status":"open","ping_status":"closed","template":"","meta":[],"product_brand":[],"product_cat":[33,32],"product_tag":[],"class_list":{"0":"post-4688","1":"product","2":"type-product","3":"status-publish","4":"has-post-thumbnail","6":"product_cat-egeszseg-medalok","7":"product_cat-triomed","9":"first","10":"instock","11":"taxable","12":"shipping-taxable","13":"purchasable","14":"product-type-simple"},"_links":{"self":[{"href":"https:\/\/vetomshop.hu\/cs\/wp-json\/wp\/v2\/product\/4688","targetHints":{"allow":["GET"]}}],"collection":[{"href":"https:\/\/vetomshop.hu\/cs\/wp-json\/wp\/v2\/product"}],"about":[{"href":"https:\/\/vetomshop.hu\/cs\/wp-json\/wp\/v2\/types\/product"}],"replies":[{"embeddable":true,"href":"https:\/\/vetomshop.hu\/cs\/wp-json\/wp\/v2\/comments?post=4688"}],"wp:featuredmedia":[{"embeddable":true,"href":"https:\/\/vetomshop.hu\/cs\/wp-json\/wp\/v2\/media\/4687"}],"wp:attachment":[{"href":"https:\/\/vetomshop.hu\/cs\/wp-json\/wp\/v2\/media?parent=4688"}],"wp:term":[{"taxonomy":"product_brand","embeddable":true,"href":"https:\/\/vetomshop.hu\/cs\/wp-json\/wp\/v2\/product_brand?post=4688"},{"taxonomy":"product_cat","embeddable":true,"href":"https:\/\/vetomshop.hu\/cs\/wp-json\/wp\/v2\/product_cat?post=4688"},{"taxonomy":"product_tag","embeddable":true,"href":"https:\/\/vetomshop.hu\/cs\/wp-json\/wp\/v2\/product_tag?post=4688"}],"curies":[{"name":"wp","href":"https:\/\/api.w.org\/{rel}","templated":true}]}}