{"id":4690,"date":"2023-11-11T14:33:49","date_gmt":"2023-11-11T13:33:49","guid":{"rendered":"https:\/\/vetomshop.hu\/termek\/elast-medal\/"},"modified":"2023-11-11T14:33:49","modified_gmt":"2023-11-11T13:33:49","slug":"elast-medal","status":"publish","type":"product","link":"https:\/\/vetomshop.hu\/cs\/produkt\/elast-medal\/","title":{"rendered":"Medaile Elast"},"content":{"rendered":"<p>Dopl\u0148kov\u00fd prost\u0159edek pro prevenci a l\u00e9\u010dbu onemocn\u011bn\u00ed vaz\u016f, aktivaci regenera\u010dn\u00edch proces\u016f a dopl\u0148kovou l\u00e9\u010dbu chronick\u00fdch onemocn\u011bn\u00ed vaz\u016f.<\/p>\n<p>\u00da\u010dinek p\u0159\u00edpravku \u201eELAST\u201d Medal je zam\u011b\u0159en na obnoven\u00ed norm\u00e1ln\u00edch metabolick\u00fdch proces\u016f v bu\u0148k\u00e1ch a tk\u00e1n\u00edch vaziva, co\u017e zpomaluje proces st\u00e1rnut\u00ed.<\/p>\n<p>Tento n\u00e1stroj m\u00e1 pozitivn\u00ed vliv na stav t\u011blesn\u00fdch funkc\u00ed a lze jej pou\u017e\u00edt v kombinaci s dal\u0161\u00edmi metodami jako n\u00e1stroj pro optimalizaci a korekci:<\/p>\n<ul>\n<li>zvy\u0161uje pru\u017enost vaz\u016f a zvy\u0161uje amplitudu pohybu kloub\u016f v reakci na zm\u011bny souvisej\u00edc\u00ed s v\u011bkem.<\/li>\n<li>sni\u017euje pravd\u011bpodobnost poran\u011bn\u00ed \u0161lach a vaz\u016f.<\/li>\n<li>zkr\u00e1cen\u00ed doby hojen\u00ed po po\u0161kozen\u00ed vaz\u016f (podvrtnut\u00ed, natr\u017een\u00ed).<\/li>\n<li>zpomalen\u00ed v\u011bkem podm\u00edn\u011bn\u00fdch zm\u011bn kloub\u016f<\/li>\n<li>posilov\u00e1n\u00ed vaz\u016f vnit\u0159n\u00edch org\u00e1n\u016f a prevence jejich v\u00fdh\u0159ezu (d\u011bloha, st\u0159eva, ledviny, \u017ealudek).<\/li>\n<\/ul>\n<div class=\"su-spoiler su-spoiler-style-defoult su-spoiler-icon-caret su-spoiler-closed\" data-scroll-offset=\"0\" data-anchor-in-url=\"no\"><div class=\"su-spoiler-title\" tabindex=\"0\" role=\"button\"><span class=\"su-spoiler-icon\"><\/span>V\u0161echny<\/div><div class=\"su-spoiler-content su-u-clearfix su-u-trim\">\n<strong>\u00da\u010dinky:<\/strong><\/p>\n<ul>\n<li>oprava metabolick\u00fdch proces\u016f v pojivov\u00fdch tk\u00e1n\u00edch kloub\u016f a vnit\u0159n\u00edch org\u00e1n\u016f, v\u010detn\u011b Dupuytrenovy kontraktury (kontraktura: zkr\u00e1cen\u00ed \u0161lach a\/nebo sval\u016f, smr\u0161t\u011bn\u00ed zp\u016fsobuj\u00edc\u00ed deformaci a\/nebo omezen\u00ed).<\/li>\n<li>zpomalen\u00ed \u201ev\u011bkem podm\u00edn\u011bn\u00fdch\u201d zm\u011bn v pohybov\u00e9m apar\u00e1tu.<\/li>\n<li>zlep\u0161uje pru\u017enost sval\u016f a vaz\u016f.<\/li>\n<li>urychluje zotaven\u00ed po \u00farazech a chirurgick\u00fdch z\u00e1kroc\u00edch a zabra\u0148uje tvorb\u011b hrub\u00fdch jizev.<\/li>\n<\/ul>\n<\/div><\/div>","protected":false},"excerpt":{"rendered":"<p>Kieg\u00e9sz\u00edt\u0151 eszk\u00f6z a ligamentum betegs\u00e9geinek megel\u0151z\u00e9s\u00e9re \u00e9s kezel\u00e9s\u00e9re, regener\u00e1ci\u00f3s folyamatok aktiv\u00e1l\u00e1s\u00e1ra \u00e9s a ligamentum kr\u00f3nikus betegs\u00e9geinek kieg\u00e9sz\u00edt\u0151 kezel\u00e9s\u00e9re. A &#8222;ELAST&#8221; Med\u00e1l hat\u00e1sa a norm\u00e1lis anyagcsere-folyamatok helyre\u00e1ll\u00edt\u00e1s\u00e1ra ir\u00e1nyul a ligamentumok sejtjeiben \u00e9s sz\u00f6veteiben, lass\u00edtva az \u00f6reged\u00e9si folyamatokat is. Ez az eszk\u00f6z pozit\u00edv hat\u00e1ssal van a testfunkci\u00f3k \u00e1llapot\u00e1ra, az optimaliz\u00e1l\u00e1s \u00e9s korrekci\u00f3 eszk\u00f6zek\u00e9nt haszn\u00e1lhat\u00f3 egy\u00e9b m\u00f3dszerekkel is [&hellip;]<\/p>\n","protected":false},"featured_media":4689,"comment_status":"open","ping_status":"closed","template":"","meta":[],"product_brand":[],"product_cat":[33,32],"product_tag":[],"class_list":{"0":"post-4690","1":"product","2":"type-product","3":"status-publish","4":"has-post-thumbnail","6":"product_cat-egeszseg-medalok","7":"product_cat-triomed","9":"first","10":"instock","11":"taxable","12":"shipping-taxable","13":"purchasable","14":"product-type-simple"},"_links":{"self":[{"href":"https:\/\/vetomshop.hu\/cs\/wp-json\/wp\/v2\/product\/4690","targetHints":{"allow":["GET"]}}],"collection":[{"href":"https:\/\/vetomshop.hu\/cs\/wp-json\/wp\/v2\/product"}],"about":[{"href":"https:\/\/vetomshop.hu\/cs\/wp-json\/wp\/v2\/types\/product"}],"replies":[{"embeddable":true,"href":"https:\/\/vetomshop.hu\/cs\/wp-json\/wp\/v2\/comments?post=4690"}],"wp:featuredmedia":[{"embeddable":true,"href":"https:\/\/vetomshop.hu\/cs\/wp-json\/wp\/v2\/media\/4689"}],"wp:attachment":[{"href":"https:\/\/vetomshop.hu\/cs\/wp-json\/wp\/v2\/media?parent=4690"}],"wp:term":[{"taxonomy":"product_brand","embeddable":true,"href":"https:\/\/vetomshop.hu\/cs\/wp-json\/wp\/v2\/product_brand?post=4690"},{"taxonomy":"product_cat","embeddable":true,"href":"https:\/\/vetomshop.hu\/cs\/wp-json\/wp\/v2\/product_cat?post=4690"},{"taxonomy":"product_tag","embeddable":true,"href":"https:\/\/vetomshop.hu\/cs\/wp-json\/wp\/v2\/product_tag?post=4690"}],"curies":[{"name":"wp","href":"https:\/\/api.w.org\/{rel}","templated":true}]}}