{"id":4692,"date":"2023-11-11T14:33:50","date_gmt":"2023-11-11T13:33:50","guid":{"rendered":"https:\/\/vetomshop.hu\/termek\/flora-medal\/"},"modified":"2024-07-31T10:25:34","modified_gmt":"2024-07-31T08:25:34","slug":"flora-medal","status":"publish","type":"product","link":"https:\/\/vetomshop.hu\/cs\/produkt\/flora-medal\/","title":{"rendered":"P\u0159\u00edv\u011bsek Flora"},"content":{"rendered":"<h4>Zdravotn\u00ed medaile Flora<\/h4>\n<p><strong>Hlavn\u00ed funkce:<\/strong><\/p>\n<p>Dopl\u0148kov\u00fd prost\u0159edek na podporu detoxika\u010dn\u00edch funkc\u00ed jater a \u017elu\u010dov\u00fdch cest, kter\u00e9 vylu\u010duj\u00ed \u017elu\u010d.<\/p>\n<p><strong>Kr\u00e1tk\u00fd popis<\/strong><\/p>\n<p>Sign\u00e1l, kter\u00fd je zaznamen\u00e1n na elektronick\u00e9m nosi\u010di informac\u00ed Flora Health Medallion, obsahuje elektromagnetick\u00e9 sign\u00e1ly pozad\u00ed vybran\u00fdch l\u00e9\u010div\u00fdch rostlin \u017eij\u00edc\u00edch v ekologicky \u010dist\u00e9m prost\u0159ed\u00ed.<\/p>\n<div class=\"su-spoiler su-spoiler-style-defoult su-spoiler-icon-caret su-spoiler-closed\" data-scroll-offset=\"0\" data-anchor-in-url=\"no\"><div class=\"su-spoiler-title\" tabindex=\"0\" role=\"button\"><span class=\"su-spoiler-icon\"><\/span>V\u0161echny<\/div><div class=\"su-spoiler-content su-u-clearfix su-u-trim\">\n<p><strong>Podporov\u00e1no:<\/strong><\/p>\n<ul>\n<li>procesy neutralizace a vylu\u010dov\u00e1n\u00ed toxick\u00fdch l\u00e1tek z t\u011bla,<\/li>\n<li>\u00fa\u010dinek protiz\u00e1n\u011btliv\u00fdch a antiseptick\u00fdch l\u00e1tek,<\/li>\n<li>\u00falevu od k\u0159e\u010d\u00ed,<\/li>\n<li>vypr\u00e1zdn\u011bn\u00ed \u017elu\u010dn\u00edku,<\/li>\n<li>aktivace imunitn\u011b kompetentn\u00edch bun\u011bk v tr\u00e1vic\u00edm traktu.<\/li>\n<\/ul>\n<\/div><\/div>","protected":false},"excerpt":{"rendered":"<p>Fl\u00f3ra Eg\u00e9szs\u00e9g Med\u00e1l F\u0151 funkci\u00f3ja: Kieg\u00e9sz\u00edt\u0151 eszk\u00f6z a m\u00e1j \u00e9s az epevezet\u00e9kek m\u00e9regtelen\u00edt\u0151, epekiv\u00e1laszt\u00f3 funkci\u00f3inak seg\u00edt\u00e9s\u00e9re. R\u00f6vid ismertet\u0151 A jel, mely az elektronikus inform\u00e1ci\u00f3hordoz\u00f3 Fl\u00f3ra Eg\u00e9szs\u00e9g Med\u00e1lon lett r\u00f6gz\u00edtve, \u00f6kol\u00f3giailag tiszta k\u00f6rnyezetben \u00e9l\u0151 v\u00e1logatott gy\u00f3gyn\u00f6v\u00e9nyek elektrom\u00e1gneses h\u00e1tt\u00e9rjeleit tartalmazza.<\/p>","protected":false},"featured_media":4691,"comment_status":"open","ping_status":"closed","template":"","meta":[],"product_brand":[],"product_cat":[33,32],"product_tag":[],"class_list":{"0":"post-4692","1":"product","2":"type-product","3":"status-publish","4":"has-post-thumbnail","6":"product_cat-egeszseg-medalok","7":"product_cat-triomed","9":"first","10":"instock","11":"taxable","12":"shipping-taxable","13":"purchasable","14":"product-type-simple"},"_links":{"self":[{"href":"https:\/\/vetomshop.hu\/cs\/wp-json\/wp\/v2\/product\/4692","targetHints":{"allow":["GET"]}}],"collection":[{"href":"https:\/\/vetomshop.hu\/cs\/wp-json\/wp\/v2\/product"}],"about":[{"href":"https:\/\/vetomshop.hu\/cs\/wp-json\/wp\/v2\/types\/product"}],"replies":[{"embeddable":true,"href":"https:\/\/vetomshop.hu\/cs\/wp-json\/wp\/v2\/comments?post=4692"}],"wp:featuredmedia":[{"embeddable":true,"href":"https:\/\/vetomshop.hu\/cs\/wp-json\/wp\/v2\/media\/4691"}],"wp:attachment":[{"href":"https:\/\/vetomshop.hu\/cs\/wp-json\/wp\/v2\/media?parent=4692"}],"wp:term":[{"taxonomy":"product_brand","embeddable":true,"href":"https:\/\/vetomshop.hu\/cs\/wp-json\/wp\/v2\/product_brand?post=4692"},{"taxonomy":"product_cat","embeddable":true,"href":"https:\/\/vetomshop.hu\/cs\/wp-json\/wp\/v2\/product_cat?post=4692"},{"taxonomy":"product_tag","embeddable":true,"href":"https:\/\/vetomshop.hu\/cs\/wp-json\/wp\/v2\/product_tag?post=4692"}],"curies":[{"name":"wp","href":"https:\/\/api.w.org\/{rel}","templated":true}]}}