{"id":4694,"date":"2023-11-11T14:33:50","date_gmt":"2023-11-11T13:33:50","guid":{"rendered":"https:\/\/vetomshop.hu\/termek\/eros-plus\/"},"modified":"2023-11-11T14:33:50","modified_gmt":"2023-11-11T13:33:50","slug":"eros-plus","status":"publish","type":"product","link":"https:\/\/vetomshop.hu\/cs\/produkt\/eros-plus\/","title":{"rendered":"Eros plus"},"content":{"rendered":"<h4>\u201eP\u0159\u00edv\u011bsek \u201dEROS plus\"<\/h4>\n<p>\u201eP\u0159\u00edv\u011bsek \u201dEROS plus\" - za\u0159\u00edzen\u00ed pro jemn\u00e9 biofyzik\u00e1ln\u00ed nastaven\u00ed \u017el\u00e1z zodpov\u011bdn\u00fdch za produkci mu\u017esk\u00fdch pohlavn\u00edch feromon\u016f androstenolu a androsteronu.<br \/>\nLidsk\u00e9 feromony jsou speci\u00e1ln\u00ed biochemick\u00e9 slou\u010deniny produkovan\u00e9 speci\u00e1ln\u00edmi \u017el\u00e1zami ve vn\u011bj\u0161\u00edm epitelu. Feromony, kter\u00e9 pronikaj\u00ed do okol\u00ed, jsou detekov\u00e1ny \u010dichov\u00fdmi receptory, kter\u00e9 \u201evys\u00edlaj\u00ed sign\u00e1l\u201d do hemisf\u00e9r lidsk\u00e9ho mozku. Hlavn\u00edmi feromony produkovan\u00fdmi lidmi jsou androstenol a androsteron.<\/p>\n<div class=\"su-spoiler su-spoiler-style-defoult su-spoiler-icon-caret su-spoiler-closed\" data-scroll-offset=\"0\" data-anchor-in-url=\"no\"><div class=\"su-spoiler-title\" tabindex=\"0\" role=\"button\"><span class=\"su-spoiler-icon\"><\/span>V\u0161echny<\/div><div class=\"su-spoiler-content su-u-clearfix su-u-trim\">\n<p>Androstenol je univerz\u00e1ln\u00ed feromon syntetizovan\u00fd ob\u011bma pohlav\u00edmi. Pom\u00e1h\u00e1 velmi rychle vyvolat sympatie k partnerovi a vzbuzuje touhu po komunikaci. Majitel v\u016fn\u011b obsahuj\u00edc\u00ed androstenol nese auru ml\u00e1d\u00ed a sv\u011b\u017eesti bez ohledu na v\u011bk.<\/p>\n<p>Androsteron - analog l\u00e1tky syntetizovan\u00e9 pouze p\u0159\u00edslu\u0161n\u00edky siln\u011bj\u0161\u00edho pohlav\u00ed. Je zn\u00e1m\u00fd tak\u00e9 jako feromon odvahy, proto\u017ee jeho nositel m\u00e1 sebev\u011bdomou, silnou auru, kter\u00e1 je pro \u017eeny p\u0159ita\u017eliv\u00e1.<\/p>\n<p>No\u0161en\u00ed p\u0159\u00edv\u011bsku \u201eEROS plus\u201d stimuluje produkci va\u0161ich vlastn\u00edch feromon\u016f.<\/p>\n<p>P\u0159\u00edv\u011bsek \u201eEROS plus\u201d v\u00e1m pom\u016f\u017ee z\u00edskat sebed\u016fv\u011bru a sympatie opa\u010dn\u00e9ho pohlav\u00ed.<\/p>\n<\/div><\/div>","protected":false},"excerpt":{"rendered":"<p>&#8222;EROS plus&#8221; med\u00e1l &#8222;EROS plus&#8221; med\u00e1l \u2013 a f\u00e9rfi nemi feromonok \u2013 androstenol \u00e9s androsteron \u2013 el\u0151\u00e1ll\u00edt\u00e1s\u00e1\u00e9rt felel\u0151s mirigyek finom biofizikai be\u00e1ll\u00edt\u00e1s\u00e1ra szolg\u00e1l\u00f3 eszk\u00f6z. Az emberi feromonok k\u00fcl\u00f6nleges biok\u00e9miai vegy\u00fcletek, amelyeket a k\u00fcls\u0151 epitheliumban tal\u00e1lhat\u00f3 speci\u00e1lis mirigyek termelnek. A k\u00f6rnyezetbe behatol\u00f3 feromonok a szagl\u00f3receptorok seg\u00edts\u00e9g\u00e9vel \u00e9rz\u00e9kelhet\u0151k, amik \u201e jelet k\u00f6zvet\u00edtenek\u201d az emberi agy f\u00e9ltek\u00e9ire. Az [&hellip;]<\/p>\n","protected":false},"featured_media":4693,"comment_status":"open","ping_status":"closed","template":"","meta":[],"product_brand":[],"product_cat":[33,32],"product_tag":[],"class_list":{"0":"post-4694","1":"product","2":"type-product","3":"status-publish","4":"has-post-thumbnail","6":"product_cat-egeszseg-medalok","7":"product_cat-triomed","9":"first","10":"instock","11":"taxable","12":"shipping-taxable","13":"purchasable","14":"product-type-simple"},"_links":{"self":[{"href":"https:\/\/vetomshop.hu\/cs\/wp-json\/wp\/v2\/product\/4694","targetHints":{"allow":["GET"]}}],"collection":[{"href":"https:\/\/vetomshop.hu\/cs\/wp-json\/wp\/v2\/product"}],"about":[{"href":"https:\/\/vetomshop.hu\/cs\/wp-json\/wp\/v2\/types\/product"}],"replies":[{"embeddable":true,"href":"https:\/\/vetomshop.hu\/cs\/wp-json\/wp\/v2\/comments?post=4694"}],"wp:featuredmedia":[{"embeddable":true,"href":"https:\/\/vetomshop.hu\/cs\/wp-json\/wp\/v2\/media\/4693"}],"wp:attachment":[{"href":"https:\/\/vetomshop.hu\/cs\/wp-json\/wp\/v2\/media?parent=4694"}],"wp:term":[{"taxonomy":"product_brand","embeddable":true,"href":"https:\/\/vetomshop.hu\/cs\/wp-json\/wp\/v2\/product_brand?post=4694"},{"taxonomy":"product_cat","embeddable":true,"href":"https:\/\/vetomshop.hu\/cs\/wp-json\/wp\/v2\/product_cat?post=4694"},{"taxonomy":"product_tag","embeddable":true,"href":"https:\/\/vetomshop.hu\/cs\/wp-json\/wp\/v2\/product_tag?post=4694"}],"curies":[{"name":"wp","href":"https:\/\/api.w.org\/{rel}","templated":true}]}}