{"id":4696,"date":"2023-11-11T14:33:51","date_gmt":"2023-11-11T13:33:51","guid":{"rendered":"https:\/\/vetomshop.hu\/termek\/hemo-medal\/"},"modified":"2023-11-11T14:33:51","modified_gmt":"2023-11-11T13:33:51","slug":"hemo-medal","status":"publish","type":"product","link":"https:\/\/vetomshop.hu\/cs\/produkt\/hemo-medal\/","title":{"rendered":"Hemo p\u0159\u00edv\u011bsek"},"content":{"rendered":"<h4>Hemo p\u0159\u00edv\u011bsek<\/h4>\n<p>Ka\u017edodenn\u00ed u\u017e\u00edv\u00e1n\u00ed medail\u00ed Triomed m\u016f\u017ee podpo\u0159it dosa\u017een\u00ed dlouh\u00e9ho, \u0161\u0165astn\u00e9ho a zdrav\u00e9ho \u017eivota. Jemn\u011b harmonizuj\u00ed energetick\u00fd informa\u010dn\u00ed syst\u00e9m t\u011bla.<\/p>\n<p><strong>Pro koho se doporu\u010duje?<\/strong><\/p>\n<p>V\u0161ichni, kte\u0159\u00ed trp\u00ed nedostatkem kysl\u00edku, vysokou hladinou cholesterolu, \u201ehustou\u201d krv\u00ed, ateroskler\u00f3zou.<\/p>\n<p>D\u011bti do 6 let by m\u011bly pou\u017e\u00edvat pouze pod dohledem rodi\u010d\u016f!<\/p>\n<p>P\u0159\u00edv\u011bsky Triomed jsou vodot\u011bsn\u00e9 a lze je um\u00edstit do vody.<\/p>\n<p>V\u0161echny medaile Triomed proch\u00e1zej\u00ed p\u0159ed uveden\u00edm do prodeje speci\u00e1ln\u00edm spektr\u00e1ln\u00edm - fotometrick\u00fdm - testem, kter\u00fd zaji\u0161\u0165uje kvalitu a konzistenci sign\u00e1l\u016f.<\/p>","protected":false},"excerpt":{"rendered":"<p>Hemo Med\u00e1l A Triomed Med\u00e1lok napi szinten t\u00f6rt\u00e9n\u0151 alkalmaz\u00e1sa t\u00e1mogathatja a hossz\u00fa, boldog, eg\u00e9szs\u00e9ges \u00e9let el\u00e9r\u00e9s\u00e9t. L\u00e1gyan harmoniz\u00e1lj\u00e1k a szervezet energia-inform\u00e1ci\u00f3s rendszer\u00e9nek m\u0171k\u00f6d\u00e9s\u00e9t. Kiknek aj\u00e1nljuk? Mindazoknak, akik oxig\u00e9nhi\u00e1nyt\u00f3l szenvednek, magas a koleszterin szintj\u00fck, \u201es\u0171r\u0171\u201d a v\u00e9r\u00fck, \u00e9relmeszesed\u00e9st\u0151l szenvednek. 6 \u00e9ven aluli gyermek csak sz\u00fcl\u0151i fel\u00fcgyelet mellett alkalmazhatja! A Triomed Med\u00e1lok v\u00edzbe helyezhet\u0151ek, v\u00edzhatlanok. Minden Triomed [&hellip;]<\/p>\n","protected":false},"featured_media":4695,"comment_status":"open","ping_status":"closed","template":"","meta":[],"product_brand":[],"product_cat":[33,32],"product_tag":[],"class_list":{"0":"post-4696","1":"product","2":"type-product","3":"status-publish","4":"has-post-thumbnail","6":"product_cat-egeszseg-medalok","7":"product_cat-triomed","9":"first","10":"instock","11":"taxable","12":"shipping-taxable","13":"purchasable","14":"product-type-simple"},"_links":{"self":[{"href":"https:\/\/vetomshop.hu\/cs\/wp-json\/wp\/v2\/product\/4696","targetHints":{"allow":["GET"]}}],"collection":[{"href":"https:\/\/vetomshop.hu\/cs\/wp-json\/wp\/v2\/product"}],"about":[{"href":"https:\/\/vetomshop.hu\/cs\/wp-json\/wp\/v2\/types\/product"}],"replies":[{"embeddable":true,"href":"https:\/\/vetomshop.hu\/cs\/wp-json\/wp\/v2\/comments?post=4696"}],"wp:featuredmedia":[{"embeddable":true,"href":"https:\/\/vetomshop.hu\/cs\/wp-json\/wp\/v2\/media\/4695"}],"wp:attachment":[{"href":"https:\/\/vetomshop.hu\/cs\/wp-json\/wp\/v2\/media?parent=4696"}],"wp:term":[{"taxonomy":"product_brand","embeddable":true,"href":"https:\/\/vetomshop.hu\/cs\/wp-json\/wp\/v2\/product_brand?post=4696"},{"taxonomy":"product_cat","embeddable":true,"href":"https:\/\/vetomshop.hu\/cs\/wp-json\/wp\/v2\/product_cat?post=4696"},{"taxonomy":"product_tag","embeddable":true,"href":"https:\/\/vetomshop.hu\/cs\/wp-json\/wp\/v2\/product_tag?post=4696"}],"curies":[{"name":"wp","href":"https:\/\/api.w.org\/{rel}","templated":true}]}}