{"id":4702,"date":"2023-11-11T14:33:52","date_gmt":"2023-11-11T13:33:52","guid":{"rendered":"https:\/\/vetomshop.hu\/termek\/happy-dog-medal\/"},"modified":"2023-11-11T14:33:52","modified_gmt":"2023-11-11T13:33:52","slug":"happy-dog-medal","status":"publish","type":"product","link":"https:\/\/vetomshop.hu\/cs\/produkt\/happy-dog-medal\/","title":{"rendered":"P\u0159\u00edv\u011bsek Happy Dog"},"content":{"rendered":"<h4>Medaile Happy Dog pro psy<\/h4>\n<p>M\u016f\u017ee se pou\u017e\u00edvat k prevenci a l\u00e9\u010db\u011b n\u00e1sleduj\u00edc\u00edch onemocn\u011bn\u00ed:<\/p>\n<ul>\n<li>infek\u010dn\u00ed nemoci,<\/li>\n<li>alergie (vyr\u00e1\u017eka, sv\u011bd\u011bn\u00ed, vypad\u00e1v\u00e1n\u00ed vlas\u016f, du\u0161en\u00ed).<\/li>\n<li>otravy (j\u00eddlem, jedy)<\/li>\n<li>endokrinn\u00ed onemocn\u011bn\u00ed (cukrovka, onemocn\u011bn\u00ed \u0161t\u00edtn\u00e9 \u017el\u00e1zy).<\/li>\n<li>onemocn\u011bn\u00ed kloub\u016f<\/li>\n<\/ul>\n<p><strong>Plat\u00ed tak\u00e9:<\/strong><\/p>\n<ul>\n<li>prodlou\u017een\u00ed \u017eivota star\u0161\u00edch ps\u016f a zlep\u0161en\u00ed jejich stavu.<\/li>\n<li>zdrav\u00fd v\u00fdvoj \u0161t\u011b\u0148at<\/li>\n<li>pro rychlou rehabilitaci po operaci nebo v\u00e1\u017en\u00e9m onemocn\u011bn\u00ed<\/li>\n<li>hojen\u00ed zran\u011bn\u00ed (r\u00e1ny, nata\u017een\u00e9 svaly, zlomeniny, pop\u00e1leniny).<\/li>\n<li>poporodn\u00ed rehabilitace<\/li>\n<\/ul>\n<p><strong>Pou\u017eit\u00ed:<\/strong><\/p>\n<p>\u201eHappyDOG\u201d<\/p>\n<p>Fyzioterapeutick\u00fd imunomodul\u00e1tor lze p\u0159ipevnit na obojek psa. Jeho pou\u017eit\u00ed nen\u00ed omezeno, ale m\u011bl by se nosit alespo\u0148 30 minut denn\u011b.<\/p>","protected":false},"excerpt":{"rendered":"<p>Happy Dog Med\u00e1l kuty\u00e1knak Alkalmazhat\u00f3 a k\u00f6vetkez\u0151 betegs\u00e9gek megel\u0151z\u00e9s\u00e9ben \u00e9s kezel\u00e9s\u00e9ben: infekci\u00f3s betegs\u00e9gek, allergi\u00e1k (ki\u00fct\u00e9sek, viszket\u00e9s, sz\u0151rhull\u00e1s, fullad\u00e1s) m\u00e9rgez\u00e9s (\u00e9tel \u00e1ltal, m\u00e9rgekkel) endokrin megbeteged\u00e9sek (cukorbetegs\u00e9g, a pajzsmirigy betegs\u00e9gei) \u00edz\u00fcleti betegs\u00e9gek Tov\u00e1bb\u00e1 alkalmazhat\u00f3: az id\u0151s kuty\u00e1k \u00e9let\u00e9nek meghosszabb\u00edt\u00e1s\u00e1ban, \u00e1llapotuk jav\u00edt\u00e1s\u00e1ban a k\u00f6lyk\u00f6k eg\u00e9szs\u00e9ges fejl\u0151d\u00e9s\u00e9ben a gyors rehabilit\u00e1ci\u00f3ban a m\u0171t\u00e9tek vagy s\u00falyos betegs\u00e9gek ut\u00e1n s\u00e9r\u00fcl\u00e9sek gy\u00f3gy\u00edt\u00e1s\u00e1ban (sebek, [&hellip;]<\/p>\n","protected":false},"featured_media":4701,"comment_status":"open","ping_status":"closed","template":"","meta":[],"product_brand":[],"product_cat":[33,32],"product_tag":[],"class_list":{"0":"post-4702","1":"product","2":"type-product","3":"status-publish","4":"has-post-thumbnail","6":"product_cat-egeszseg-medalok","7":"product_cat-triomed","9":"first","10":"instock","11":"taxable","12":"shipping-taxable","13":"purchasable","14":"product-type-simple"},"_links":{"self":[{"href":"https:\/\/vetomshop.hu\/cs\/wp-json\/wp\/v2\/product\/4702","targetHints":{"allow":["GET"]}}],"collection":[{"href":"https:\/\/vetomshop.hu\/cs\/wp-json\/wp\/v2\/product"}],"about":[{"href":"https:\/\/vetomshop.hu\/cs\/wp-json\/wp\/v2\/types\/product"}],"replies":[{"embeddable":true,"href":"https:\/\/vetomshop.hu\/cs\/wp-json\/wp\/v2\/comments?post=4702"}],"wp:featuredmedia":[{"embeddable":true,"href":"https:\/\/vetomshop.hu\/cs\/wp-json\/wp\/v2\/media\/4701"}],"wp:attachment":[{"href":"https:\/\/vetomshop.hu\/cs\/wp-json\/wp\/v2\/media?parent=4702"}],"wp:term":[{"taxonomy":"product_brand","embeddable":true,"href":"https:\/\/vetomshop.hu\/cs\/wp-json\/wp\/v2\/product_brand?post=4702"},{"taxonomy":"product_cat","embeddable":true,"href":"https:\/\/vetomshop.hu\/cs\/wp-json\/wp\/v2\/product_cat?post=4702"},{"taxonomy":"product_tag","embeddable":true,"href":"https:\/\/vetomshop.hu\/cs\/wp-json\/wp\/v2\/product_tag?post=4702"}],"curies":[{"name":"wp","href":"https:\/\/api.w.org\/{rel}","templated":true}]}}