{"id":4704,"date":"2023-11-11T14:33:52","date_gmt":"2023-11-11T13:33:52","guid":{"rendered":"https:\/\/vetomshop.hu\/termek\/nefron-medal\/"},"modified":"2023-11-11T14:33:52","modified_gmt":"2023-11-11T13:33:52","slug":"nefron-medal","status":"publish","type":"product","link":"https:\/\/vetomshop.hu\/cs\/produkt\/nefron-medal\/","title":{"rendered":"Medaile Nefron"},"content":{"rendered":"<h4>Zdravotn\u00ed medaile Nefron<\/h4>\n<p><strong>Hlavn\u00ed funkce:<\/strong><\/p>\n<p>Podporuje \u010dinnost ledvin a mo\u010dov\u00fdch cest, podporuje regula\u010dn\u00ed a regenera\u010dn\u00ed procesy.<\/p>\n<p><strong>Podporov\u00e1no:<\/strong><\/p>\n<ul>\n<li>zlep\u0161en\u00ed krevn\u00edho ob\u011bhu a metabolismu v mo\u010dov\u00fdch cest\u00e1ch.<\/li>\n<li>reabsorpce, filtrace, regulace iont\u016f, detoxikace, metabolick\u00e9 procesy.<\/li>\n<li>oprava a regenerace mo\u010dov\u00fdch tk\u00e1n\u00ed,<\/li>\n<li>zm\u00edr\u0148uje bolest, uvol\u0148uje k\u0159e\u010de, zm\u00edr\u0148uje z\u00e1n\u011bt,<\/li>\n<li>prevence sklerotick\u00fdch l\u00e9z\u00ed ledvin.<\/li>\n<\/ul>\n<p><strong>Kdy lze p\u0159\u00edv\u011bsek Nefron Health pou\u017e\u00edt?<\/strong><\/p>\n<p>P\u0159\u00edstroj m\u00e1 pozitivn\u00ed vliv na funk\u010dn\u00ed fungov\u00e1n\u00ed organismu, lze jej pou\u017e\u00edt jako dopl\u0148kov\u00e9 za\u0159\u00edzen\u00ed pro optimalizaci a korekci funk\u010dn\u00edho fungov\u00e1n\u00ed organismu, pro prevenci a dopl\u0148kovou l\u00e9\u010dbu n\u00e1sleduj\u00edc\u00edch onemocn\u011bn\u00ed:<\/p>\n<ul>\n<li>akutn\u00ed a chronick\u00e1 z\u00e1n\u011btliv\u00e1 onemocn\u011bn\u00ed ledvin, mo\u010dov\u00e9ho m\u011bch\u00fd\u0159e a mo\u010dov\u00fdch cest,<\/li>\n<li>metabolick\u00e9 poruchy (v\u010detn\u011b onemocn\u011bn\u00ed ledvinov\u00fdch kamen\u016f),<\/li>\n<li>syst\u00e9mov\u00e1 autoimunitn\u00ed onemocn\u011bn\u00ed vedouc\u00ed k po\u0161kozen\u00ed ledvin,<\/li>\n<li>autoimunitn\u00ed onemocn\u011bn\u00ed ledvin,<\/li>\n<li>toxick\u00e9 \u00fa\u010dinky na ledviny,<\/li>\n<li>sklerotick\u00e9 zm\u011bny v ledvin\u00e1ch (nefroskler\u00f3za) zp\u016fsoben\u00e9 diabetem, arteri\u00e1ln\u00ed hypertenz\u00ed atd.<\/li>\n<\/ul>","protected":false},"excerpt":{"rendered":"<p>Nefron Eg\u00e9szs\u00e9g Med\u00e1l F\u0151 funkci\u00f3ja: A vese \u00e9s a h\u00fagyutak m\u0171k\u00f6d\u00e9s\u00e9nek t\u00e1mogat\u00e1sa, a szab\u00e1lyz\u00f3 \u00e9s regener\u00e1ci\u00f3s folyamatok el\u0151seg\u00edt\u00e9se. T\u00e1mogatja: a h\u00fagyutak v\u00e9rkering\u00e9s\u00e9nek javul\u00e1s\u00e1t \u00e9s anyagcser\u00e9j\u00e9t. a reabszorbci\u00f3t, a sz\u0171r\u00e9st, az ionszab\u00e1lyoz\u00e1st, a m\u00e9regtelen\u00edt\u00e9st, a metabolikus folyamatokat a h\u00fagyuti sz\u00f6vetek repar\u00e1ci\u00f3j\u00e1t \u00e9s regener\u00e1ci\u00f3j\u00e1t, a f\u00e1jdalomcsillap\u00edt\u00e1st, a g\u00f6rcsold\u00e1st, a gyullad\u00e1sok cs\u00f6kkent\u00e9s\u00e9t, a vese szklerotikus elv\u00e1ltoz\u00e1sainak megel\u0151z\u00e9s\u00e9t. Mikor [&hellip;]<\/p>\n","protected":false},"featured_media":4703,"comment_status":"open","ping_status":"closed","template":"","meta":[],"product_brand":[],"product_cat":[33,32],"product_tag":[],"class_list":{"0":"post-4704","1":"product","2":"type-product","3":"status-publish","4":"has-post-thumbnail","6":"product_cat-egeszseg-medalok","7":"product_cat-triomed","9":"first","10":"instock","11":"taxable","12":"shipping-taxable","13":"purchasable","14":"product-type-simple"},"_links":{"self":[{"href":"https:\/\/vetomshop.hu\/cs\/wp-json\/wp\/v2\/product\/4704","targetHints":{"allow":["GET"]}}],"collection":[{"href":"https:\/\/vetomshop.hu\/cs\/wp-json\/wp\/v2\/product"}],"about":[{"href":"https:\/\/vetomshop.hu\/cs\/wp-json\/wp\/v2\/types\/product"}],"replies":[{"embeddable":true,"href":"https:\/\/vetomshop.hu\/cs\/wp-json\/wp\/v2\/comments?post=4704"}],"wp:featuredmedia":[{"embeddable":true,"href":"https:\/\/vetomshop.hu\/cs\/wp-json\/wp\/v2\/media\/4703"}],"wp:attachment":[{"href":"https:\/\/vetomshop.hu\/cs\/wp-json\/wp\/v2\/media?parent=4704"}],"wp:term":[{"taxonomy":"product_brand","embeddable":true,"href":"https:\/\/vetomshop.hu\/cs\/wp-json\/wp\/v2\/product_brand?post=4704"},{"taxonomy":"product_cat","embeddable":true,"href":"https:\/\/vetomshop.hu\/cs\/wp-json\/wp\/v2\/product_cat?post=4704"},{"taxonomy":"product_tag","embeddable":true,"href":"https:\/\/vetomshop.hu\/cs\/wp-json\/wp\/v2\/product_tag?post=4704"}],"curies":[{"name":"wp","href":"https:\/\/api.w.org\/{rel}","templated":true}]}}