{"id":4706,"date":"2023-11-11T14:33:52","date_gmt":"2023-11-11T13:33:52","guid":{"rendered":"https:\/\/vetomshop.hu\/termek\/odont-medal\/"},"modified":"2024-08-07T16:07:27","modified_gmt":"2024-08-07T14:07:27","slug":"odont-medal","status":"publish","type":"product","link":"https:\/\/vetomshop.hu\/cs\/produkt\/odont-medal\/","title":{"rendered":"Medaile Odont"},"content":{"rendered":"<h4>Medaile Odont<\/h4>\n<p>Je to pomocn\u00fd prost\u0159edek pro prevenci a rehabilitaci parodont\u00e1ln\u00edch onemocn\u011bn\u00ed a pro pos\u00edlen\u00ed regenera\u010dn\u00edch proces\u016f.<\/p>\n<p>Periodoncium - komplex tk\u00e1n\u00ed obklopuj\u00edc\u00edch zuby.<\/p>\n<p>Periodoncium obklopuje a podp\u00edr\u00e1 zuby. Periodoncium poskytuje pru\u017en\u00e9 ukotven\u00ed ko\u0159ene zubu. Hlavn\u00edmi \u010d\u00e1stmi parodontu jsou: d\u00e1se\u0148, okostice, cement, parodont\u00e1ln\u00ed vaz. Jejich p\u016fvod a funkce jsou spole\u010dn\u00e9.<\/p>\n<p>\u00da\u010dinek p\u0159\u00edv\u011bsku \u201eODONT\u201d spo\u010d\u00edv\u00e1 v aktivaci obranyschopnosti organismu, obnoven\u00ed norm\u00e1ln\u00edch fyziologick\u00fdch proces\u016f v bu\u0148k\u00e1ch a tk\u00e1n\u00edch parodontu a zv\u00fd\u0161en\u00ed odolnosti v\u016f\u010di nep\u0159\u00edzniv\u00fdm vliv\u016fm prost\u0159ed\u00ed.<\/p>\n<p>Tento n\u00e1stroj m\u00e1 pozitivn\u00ed vliv na stav t\u011blesn\u00fdch funkc\u00ed a m\u016f\u017ee b\u00fdt pou\u017eit jako optim\u00e1ln\u00ed a n\u00e1pravn\u00fd n\u00e1stroj pro dal\u0161\u00ed stavy, jako je z\u00e1n\u011bt d\u00e1sn\u00ed, parodontitida, parodont\u00e1ln\u00ed onemocn\u011bn\u00ed, parodont\u00e1ln\u00ed l\u00e9ze, Itsenko-Cushing\u016fv syndrom, Elers-Danlos\u016fv syndrom, Shediak Higashi, Down\u016fv syndrom, poruchy krve atd.<\/p>\n<div class=\"su-spoiler su-spoiler-style-defoult su-spoiler-icon-caret su-spoiler-closed\" data-scroll-offset=\"0\" data-anchor-in-url=\"no\"><div class=\"su-spoiler-title\" tabindex=\"0\" role=\"button\"><span class=\"su-spoiler-icon\"><\/span>V\u0161echny<\/div><div class=\"su-spoiler-content su-u-clearfix su-u-trim\">\n<strong>\u00da\u010dinky:<\/strong><\/p>\n<ul>\n<li>normalizuje krevn\u00ed ob\u011bh, stav imunitn\u00edho syst\u00e9mu a metabolismus parodontu, \u010d\u00edm\u017e zabra\u0148uje vzniku onemocn\u011bn\u00ed;<\/li>\n<li>pom\u00e1h\u00e1 zlep\u0161it funkci parodontu;<\/li>\n<li>sni\u017euje z\u00e1va\u017enost z\u00e1n\u011btliv\u00fdch a degenerativn\u00edch jev\u016f p\u0159i onemocn\u011bn\u00ed parodontu;<\/li>\n<li>pom\u00e1h\u00e1 urychlit regeneraci a obnovu parodontu;<\/li>\n<li>pom\u00e1h\u00e1 odstra\u0148ovat z\u00e1pach z \u00fast;<\/li>\n<li>pom\u00e1h\u00e1 p\u0159edch\u00e1zet patologick\u00e9 pohyblivosti zub\u016f.<\/li>\n<\/ul>\n<\/div><\/div>","protected":false},"excerpt":{"rendered":"<p>Odont Med\u00e1l Seg\u00e9deszk\u00f6z a periodont\u00e1lis betegs\u00e9gek megel\u0151z\u00e9s\u00e9re \u00e9s rehabilit\u00e1ci\u00f3j\u00e1ra, a regenerat\u00edv folyamatok fokoz\u00e1s\u00e1ra. A fog\u00e1gy (parodontium) &#8211; a fogakat k\u00f6r\u00fclvev\u0151 sz\u00f6vetek komplexuma. A parodontium k\u00f6r\u00fclveszi \u00e9s megt\u00e1masztja a fogakat. A fog\u00e1gy a fogak gy\u00f6ker\u00e9nek rugalmas elhorgonyz\u00e1s\u00e1t biztos\u00edtja. A parodontium f\u0151 r\u00e9szei: \u00edny, gy\u00f6k\u00e9rh\u00e1rtya, cement, fogmederny\u00falv\u00e1ny. Eredet\u00fck \u00e9s funkci\u00f3juk k\u00f6z\u00f6s. Az &#8222;ODONT&#8221; med\u00e1l hat\u00e1sa arra ir\u00e1nyul, [&hellip;]<\/p>\n","protected":false},"featured_media":4705,"comment_status":"open","ping_status":"closed","template":"","meta":[],"product_brand":[],"product_cat":[33,32],"product_tag":[],"class_list":{"0":"post-4706","1":"product","2":"type-product","3":"status-publish","4":"has-post-thumbnail","6":"product_cat-egeszseg-medalok","7":"product_cat-triomed","9":"first","10":"instock","11":"taxable","12":"shipping-taxable","13":"purchasable","14":"product-type-simple"},"_links":{"self":[{"href":"https:\/\/vetomshop.hu\/cs\/wp-json\/wp\/v2\/product\/4706","targetHints":{"allow":["GET"]}}],"collection":[{"href":"https:\/\/vetomshop.hu\/cs\/wp-json\/wp\/v2\/product"}],"about":[{"href":"https:\/\/vetomshop.hu\/cs\/wp-json\/wp\/v2\/types\/product"}],"replies":[{"embeddable":true,"href":"https:\/\/vetomshop.hu\/cs\/wp-json\/wp\/v2\/comments?post=4706"}],"wp:featuredmedia":[{"embeddable":true,"href":"https:\/\/vetomshop.hu\/cs\/wp-json\/wp\/v2\/media\/4705"}],"wp:attachment":[{"href":"https:\/\/vetomshop.hu\/cs\/wp-json\/wp\/v2\/media?parent=4706"}],"wp:term":[{"taxonomy":"product_brand","embeddable":true,"href":"https:\/\/vetomshop.hu\/cs\/wp-json\/wp\/v2\/product_brand?post=4706"},{"taxonomy":"product_cat","embeddable":true,"href":"https:\/\/vetomshop.hu\/cs\/wp-json\/wp\/v2\/product_cat?post=4706"},{"taxonomy":"product_tag","embeddable":true,"href":"https:\/\/vetomshop.hu\/cs\/wp-json\/wp\/v2\/product_tag?post=4706"}],"curies":[{"name":"wp","href":"https:\/\/api.w.org\/{rel}","templated":true}]}}