{"id":4708,"date":"2023-11-11T14:33:53","date_gmt":"2023-11-11T13:33:53","guid":{"rendered":"https:\/\/vetomshop.hu\/termek\/omega-medal\/"},"modified":"2023-11-11T14:33:53","modified_gmt":"2023-11-11T13:33:53","slug":"omega-medal","status":"publish","type":"product","link":"https:\/\/vetomshop.hu\/cs\/produkt\/omega-medal\/","title":{"rendered":"Medaile Omega"},"content":{"rendered":"<h4>Medaile Omega<\/h4>\n<p>Ka\u017edodenn\u00ed u\u017e\u00edv\u00e1n\u00ed medail\u00ed Triomed m\u016f\u017ee podpo\u0159it dosa\u017een\u00ed dlouh\u00e9ho, \u0161\u0165astn\u00e9ho a zdrav\u00e9ho \u017eivota. Jemn\u011b harmonizuj\u00ed organismus a mohou p\u0159isp\u011bt k energeticko-informa\u010dn\u00ed korekci.<\/p>\n<p>Pro koho se doporu\u010duje?<\/p>\n<p>Pro v\u0161echny, kte\u0159\u00ed trp\u00ed vysok\u00fdm krevn\u00edm tlakem, ob\u011bhov\u00fdmi probl\u00e9my.<\/p>\n<p><strong>D\u016fle\u017eit\u00e9 upozorn\u011bn\u00ed:<\/strong><\/p>\n<p>Pokud trp\u00edte kardiovaskul\u00e1rn\u00edm onemocn\u011bn\u00edm, v\u017edy se pora\u010fte s l\u00e9ka\u0159em. Krom\u011b l\u00e9\u010dby p\u0159edepsan\u00e9 l\u00e9ka\u0159em m\u016f\u017eete na podporu hojen\u00ed a urychlen\u00ed regenerace pou\u017e\u00edvat tak\u00e9 p\u0159\u00edpravek Triomed Omega Medal.<\/p>\n<p>D\u011bti do 6 let by m\u011bly pou\u017e\u00edvat pouze pod dohledem rodi\u010d\u016f!<\/p>\n<p>P\u0159\u00edv\u011bsky Triomed jsou vodot\u011bsn\u00e9 a lze je um\u00edstit do vody.<\/p>\n<p>V\u0161echny medaile Triomed proch\u00e1zej\u00ed p\u0159ed uveden\u00edm do prodeje speci\u00e1ln\u00edm spektr\u00e1ln\u00edm - fotometrick\u00fdm - testem, kter\u00fd zaji\u0161\u0165uje kvalitu a konzistenci sign\u00e1l\u016f.<\/p>","protected":false},"excerpt":{"rendered":"<p>Omega Med\u00e1l A Triomed Med\u00e1lok napi szinten t\u00f6rt\u00e9n\u0151 alkalmaz\u00e1sa t\u00e1mogathatja a hossz\u00fa, boldog, eg\u00e9szs\u00e9ges \u00e9let el\u00e9r\u00e9s\u00e9t. L\u00e1gyan harmoniz\u00e1lj\u00e1k a szervezetet, hozz\u00e1j\u00e1rulhatnak az energia-inform\u00e1ci\u00f3s korrekci\u00f3hoz. Kiknek aj\u00e1nljuk? Mindazoknak, akik magas v\u00e9rnyom\u00e1st\u00f3l, kering\u00e9si probl\u00e9m\u00e1kt\u00f3l szenvednek. Fontos figyelmeztet\u00e9s: A sz\u00edv-\u00e9s \u00e9rrendszer megbeteged\u00e9sein\u00e9l mindig forduljon orvoshoz. Az orvos \u00e1ltal el\u0151\u00edrt kezel\u00e9s mellett p\u00e1rhuzamosan alkalmazhatja a Triomed Omega Med\u00e1lt a [&hellip;]<\/p>\n","protected":false},"featured_media":4707,"comment_status":"open","ping_status":"closed","template":"","meta":[],"product_brand":[],"product_cat":[33,32],"product_tag":[],"class_list":{"0":"post-4708","1":"product","2":"type-product","3":"status-publish","4":"has-post-thumbnail","6":"product_cat-egeszseg-medalok","7":"product_cat-triomed","9":"first","10":"instock","11":"taxable","12":"shipping-taxable","13":"purchasable","14":"product-type-simple"},"_links":{"self":[{"href":"https:\/\/vetomshop.hu\/cs\/wp-json\/wp\/v2\/product\/4708","targetHints":{"allow":["GET"]}}],"collection":[{"href":"https:\/\/vetomshop.hu\/cs\/wp-json\/wp\/v2\/product"}],"about":[{"href":"https:\/\/vetomshop.hu\/cs\/wp-json\/wp\/v2\/types\/product"}],"replies":[{"embeddable":true,"href":"https:\/\/vetomshop.hu\/cs\/wp-json\/wp\/v2\/comments?post=4708"}],"wp:featuredmedia":[{"embeddable":true,"href":"https:\/\/vetomshop.hu\/cs\/wp-json\/wp\/v2\/media\/4707"}],"wp:attachment":[{"href":"https:\/\/vetomshop.hu\/cs\/wp-json\/wp\/v2\/media?parent=4708"}],"wp:term":[{"taxonomy":"product_brand","embeddable":true,"href":"https:\/\/vetomshop.hu\/cs\/wp-json\/wp\/v2\/product_brand?post=4708"},{"taxonomy":"product_cat","embeddable":true,"href":"https:\/\/vetomshop.hu\/cs\/wp-json\/wp\/v2\/product_cat?post=4708"},{"taxonomy":"product_tag","embeddable":true,"href":"https:\/\/vetomshop.hu\/cs\/wp-json\/wp\/v2\/product_tag?post=4708"}],"curies":[{"name":"wp","href":"https:\/\/api.w.org\/{rel}","templated":true}]}}