{"id":4710,"date":"2023-11-11T14:33:53","date_gmt":"2023-11-11T13:33:53","guid":{"rendered":"https:\/\/vetomshop.hu\/termek\/prunus-cerasus-meggy-medal\/"},"modified":"2023-11-11T14:33:53","modified_gmt":"2023-11-11T13:33:53","slug":"prunus-cerasus-meggy-medal","status":"publish","type":"product","link":"https:\/\/vetomshop.hu\/cs\/produkt\/prunus-cerasus-meggy-medal\/","title":{"rendered":"Prunus cerasus - Meggy Pendant"},"content":{"rendered":"<h4>Prunus cerasus - Meggy Medal-Streptococcus, Staphylococcus pro dal\u0161\u00ed l\u00e9\u010dbu infekc\u00ed<\/h4>\n<p>Streptococcus pyogenes, zn\u00e1m\u00fd tak\u00e9 jako streptokok typu A, je velmi b\u011b\u017en\u00e1 bakterie: m\u00e1lokdo m\u011bl n\u011bkdy bolesti v krku bez t\u00e9to v\u011bt\u0161inou ne\u0161kodn\u00e9 bakterie, kter\u00e1 se usazuje v krku. Stejn\u00e1 bakterie s\u00eddl\u00edc\u00ed v krku je v\u0161ak d\u00edky sv\u00fdm toxin\u016fm vylu\u010dovan\u00fdm do krevn\u00edho ob\u011bhu tak\u00e9 p\u0159\u00ed\u010dinou sp\u00e1ly, d\u011btsk\u00e9ho onemocn\u011bn\u00ed s hore\u010dkou a vyr\u00e1\u017ekou po cel\u00e9m t\u011ble. Dlouhodob\u011b nel\u00e9\u010den\u00e9 streptokokov\u00e9 infekce mohou v\u00e9st k revmatick\u00e9 hore\u010dce, z\u00e1va\u017en\u00e9mu onemocn\u011bn\u00ed, kter\u00e9 napad\u00e1 klouby a srdce.<\/p>\n<p>Staphylococcus aureus je podobn\u011b b\u011b\u017en\u00e1 bakterie, kter\u00e1 se vyskytuje t\u00e9m\u011b\u0159 na cel\u00e9 na\u0161\u00ed k\u016f\u017ei a je jedn\u00edm z p\u016fvodc\u016f pustul\u00f3zn\u00edho akn\u00e9 a puch\u00fd\u0159k\u016f. Zat\u00edmco tyto ko\u017en\u00ed l\u00e9ze m\u016f\u017eeme pova\u017eovat p\u0159inejlep\u0161\u00edm za nep\u0159\u00edjemn\u00e9, \u00faporn\u00e9 ko\u017en\u00ed onemocn\u011bn\u00ed, zejm\u00e9na u d\u011bt\u00ed, jako jsou v\u0159\u00eddky nebo abscesy na r\u016fzn\u00fdch \u010d\u00e1stech t\u011bla, mohou zp\u016fsobit v\u00e1\u017en\u00e9 probl\u00e9my, nemluv\u011b o z\u00e1va\u017en\u00fdch a potenci\u00e1ln\u011b smrteln\u00fdch infekc\u00edch, jako je z\u00e1pal plic, meningitida, osteomyelitida nebo perikarditida. Stafylokoky, kter\u00e9 v\u011bt\u0161inou kolonizuj\u00ed na\u0161i k\u016f\u017ei, mohou zp\u016fsobit v\u0161echny tyto infekce, pokud k tomu dostanou p\u0159\u00edle\u017eitost.<\/p>\n<div class=\"su-spoiler su-spoiler-style-defoult su-spoiler-icon-caret su-spoiler-closed\" data-scroll-offset=\"0\" data-anchor-in-url=\"no\"><div class=\"su-spoiler-title\" tabindex=\"0\" role=\"button\"><span class=\"su-spoiler-icon\"><\/span>V\u0161echny<\/div><div class=\"su-spoiler-content su-u-clearfix su-u-trim\">\n<h5>Co mohou zp\u016fsobit ka\u017edodenn\u00ed mikrobi na nespr\u00e1vn\u00e9m m\u00edst\u011b?<\/h5>\n<p>Z toho plyne pou\u010den\u00ed, \u017ee zd\u00e1nliv\u011b ne\u0161kodn\u00e1 bakterie je relativn\u011b ne\u0161kodn\u00e1 jen do t\u00e9 doby, ne\u017e se ocitne na m\u00edst\u011b, kde nem\u00e1 co d\u011blat: zejm\u00e9na v hlubok\u00fdch tk\u00e1n\u00edch a<br \/>\ndo krevn\u00edho ob\u011bhu. Pokud se nap\u0159\u00edklad streptokoky nebo stafylokoky dostanou p\u0159es l\u00e9zi do podko\u017e\u00ed, mohou se extr\u00e9mn\u011b rychle a destruktivn\u011b \u0161\u00ed\u0159it pod\u00e9l vazivov\u00fdch fasci\u00ed, kter\u00e9 obaluj\u00ed svaly a nervy - hovorov\u011b se tomu \u0159\u00edk\u00e1 \u201emaso\u017eravost\u201d. K tomu, aby se dostaly p\u0159es k\u016f\u017ei, m\u016f\u017ee sta\u010dit vpich jehly, kousnut\u00ed hmyzem nebo mod\u0159ina - nemus\u00ed to b\u00fdt katastrof\u00e1ln\u00ed, sta\u010d\u00ed sotva viditeln\u00e1 ranka. Zv\u00fd\u0161en\u00e9 riziko hroz\u00ed, pokud je k\u016f\u017ee ji\u017e poran\u011bn\u00e1 - nap\u0159\u00edklad po operaci, p\u0159i akutn\u00ed vyr\u00e1\u017ece zp\u016fsoben\u00e9 virovou infekc\u00ed nebo jako komplikace cukrovky - nebo pokud je imunitn\u00ed syst\u00e9m oslaben\u00fd.<\/p>\n<h5>\u201e\u017dere\u201d maso\u017erav\u00e1 bakterie maso?<\/h5>\n<p>\u201eMaso\u017erav\u00e9 bakterie\u201d netvo\u0159\u00ed d\u011bsivou a exotickou skupinu patogen\u016f: ve v\u011bt\u0161in\u011b p\u0159\u00edpad\u016f jsou p\u0159\u00ed\u010dinou z\u00e1va\u017en\u00fdch onemocn\u011bn\u00ed oby\u010dejn\u00e9 mikroby, kter\u00e9 se \u0161patn\u011b um\u00edstily na nespr\u00e1vn\u00e9m m\u00edst\u011b.<br \/>\nproces zahrnuj\u00edc\u00ed destrukci tk\u00e1n\u011b, kter\u00e1 p\u0159\u00edmo ohro\u017euje \u017eivot.<\/p>\n<h5>Jak tento proces prob\u00edh\u00e1?<\/h5>\n<p>\u201eMaso\u017erav\u00e1 infekce\u201d, ofici\u00e1ln\u011b zn\u00e1m\u00e1 jako nekrotizuj\u00edc\u00ed fasciitida (nekrotizuj\u00edc\u00ed fasciitida), za\u010d\u00edn\u00e1 n\u011bkolika charakteristick\u00fdmi p\u0159\u00edznaky: otokem, zarudnut\u00edm, bolest\u00ed a p\u0159\u00edpadn\u011b puch\u00fd\u0159i v posti\u017een\u00e9 oblasti. Proto\u017ee se jedn\u00e1 o hluboko ulo\u017een\u00fd proces, v dob\u011b, kdy se na k\u016f\u017ei vytvo\u0159\u00ed purpurov\u011b zbarven\u00e9 oblasti, krvav\u00e9 puch\u00fd\u0159e, ji\u017e doch\u00e1z\u00ed k masivn\u00ed destrukci podko\u017en\u00edch m\u011bkk\u00fdch tk\u00e1n\u00ed.<\/p>\n<\/div><\/div>","protected":false},"excerpt":{"rendered":"<p>Prunus cerasus \u2013 Meggy Med\u00e1l-Streptococcus, Staphylococcus fert\u0151z\u00e9sek kieg\u00e9sz\u00edt\u0151 kezel\u00e9s\u00e9re A Streptococcus pyogenes, m\u00e1s nev\u00e9n az A-t\u00edpus\u00fa sztreptokokkusz rendk\u00edv\u00fcl k\u00f6z\u00f6ns\u00e9ges bakt\u00e9rium: aligha akad, akinek ne okozott volna m\u00e9g torokf\u00e1j\u00e1st ez a garatban megteleped\u0151, jobb\u00e1ra \u00e1rtalmatlan k\u00f3rokoz\u00f3. \u00c1m ugyanez a toroklak\u00f3 bakt\u00e9rium &#8211; a v\u00e9r\u00e1ramba kiv\u00e1lasztott m\u00e9reganyagai r\u00e9v\u00e9n &#8211; a skarl\u00e1t, a l\u00e1zzal \u00e9s a teljes testet [&hellip;]<\/p>\n","protected":false},"featured_media":4709,"comment_status":"open","ping_status":"closed","template":"","meta":[],"product_brand":[],"product_cat":[33,32],"product_tag":[],"class_list":{"0":"post-4710","1":"product","2":"type-product","3":"status-publish","4":"has-post-thumbnail","6":"product_cat-egeszseg-medalok","7":"product_cat-triomed","9":"first","10":"instock","11":"taxable","12":"shipping-taxable","13":"purchasable","14":"product-type-simple"},"_links":{"self":[{"href":"https:\/\/vetomshop.hu\/cs\/wp-json\/wp\/v2\/product\/4710","targetHints":{"allow":["GET"]}}],"collection":[{"href":"https:\/\/vetomshop.hu\/cs\/wp-json\/wp\/v2\/product"}],"about":[{"href":"https:\/\/vetomshop.hu\/cs\/wp-json\/wp\/v2\/types\/product"}],"replies":[{"embeddable":true,"href":"https:\/\/vetomshop.hu\/cs\/wp-json\/wp\/v2\/comments?post=4710"}],"wp:featuredmedia":[{"embeddable":true,"href":"https:\/\/vetomshop.hu\/cs\/wp-json\/wp\/v2\/media\/4709"}],"wp:attachment":[{"href":"https:\/\/vetomshop.hu\/cs\/wp-json\/wp\/v2\/media?parent=4710"}],"wp:term":[{"taxonomy":"product_brand","embeddable":true,"href":"https:\/\/vetomshop.hu\/cs\/wp-json\/wp\/v2\/product_brand?post=4710"},{"taxonomy":"product_cat","embeddable":true,"href":"https:\/\/vetomshop.hu\/cs\/wp-json\/wp\/v2\/product_cat?post=4710"},{"taxonomy":"product_tag","embeddable":true,"href":"https:\/\/vetomshop.hu\/cs\/wp-json\/wp\/v2\/product_tag?post=4710"}],"curies":[{"name":"wp","href":"https:\/\/api.w.org\/{rel}","templated":true}]}}