{"id":4716,"date":"2023-11-11T14:33:55","date_gmt":"2023-11-11T13:33:55","guid":{"rendered":"https:\/\/vetomshop.hu\/termek\/triomed-mmw\/"},"modified":"2023-11-11T14:33:55","modified_gmt":"2023-11-11T13:33:55","slug":"triomed-mmw","status":"publish","type":"product","link":"https:\/\/vetomshop.hu\/cs\/produkt\/triomed-mmw\/","title":{"rendered":"Triomed MMW"},"content":{"rendered":"<h4>TRIOMED UNIVERSAL - SPECIALISTA NA NEMOCI<\/h4>\n<p>Co je kl\u00ed\u010dem k zotaven\u00ed? Jak\u00e9 je \u0159e\u0161en\u00ed nes\u010detn\u00fdch zdravotn\u00edch probl\u00e9m\u016f?<\/p>\n<p>Odpov\u011b\u010f je jednoduch\u00e1, ale \u0159e\u0161en\u00ed bylo mo\u017en\u00e9 nal\u00e9zt a\u017e v dne\u0161n\u00edm modern\u00edm sv\u011bt\u011b IT vyn\u00e1lez\u016f, kdy byl vytvo\u0159en superrychl\u00fd polovodi\u010dov\u00fd gener\u00e1tor na b\u00e1zi SiGe, kter\u00fd generuje sign\u00e1ly identick\u00e9 se sign\u00e1ly bun\u011bk a organism\u016f. Tato inovace umo\u017enila biologickou komunikaci mezi za\u0159\u00edzen\u00edm a \u010dlov\u011bkem. Tato l\u00e9ka\u0159sk\u00e1 inovace byla patentov\u00e1na jako technologie BioTrEM.<br \/>\nPod\u00edvejme se na p\u0159\u00edklad z ka\u017edodenn\u00edho \u017eivota. Ka\u017ed\u00fd zdravotn\u00edk v\u00ed, \u017ee a\u010dkoli str\u00fd\u010dek Jen\u00ed\u010dek a teta Ma\u0159enka maj\u00ed oba vysok\u00fd krevn\u00ed tlak, jedin\u00e1 podobnost mezi stavy t\u011bchto dvou lid\u00ed je v jejich p\u0159\u00edznac\u00edch. Nemaj\u00ed nic spole\u010dn\u00e9ho ani v po\u010d\u00e1tku, ani v dal\u0161\u00edch parametrech, jako je v\u011bk, pohlav\u00ed, anamn\u00e9za, p\u0159\u00ed\u010dina nebo pr\u016fb\u011bh onemocn\u011bn\u00ed. Oba lid\u00e9 v\u0161ak u\u017e\u00edvaj\u00ed stejn\u00fd l\u00e9k, proto\u017ee poskytovatel\u00e9 \u0159e\u0161en\u00ed dosud nem\u011bli prost\u0159edky, jak tyto dva lidi l\u00e9\u010dit odli\u0161n\u011b.<\/p>\n<p>P\u0159\u00edstroj Triomed Universal je jedine\u010dn\u00fd v tom, \u017ee d\u00edky p\u0159ipojiteln\u00fdm z\u00e1\u0159i\u010d\u016fm pro konkr\u00e9tn\u00ed onemocn\u011bn\u00ed, jako je nap\u0159\u00edklad speci\u00e1ln\u00ed kardiologick\u00fd z\u00e1\u0159i\u010d, kter\u00fd je v ka\u017ed\u00e9m okam\u017eiku l\u00e9\u010dby koordinov\u00e1n s pacientem, l\u00e9\u010d\u00ed ka\u017edou osobu jinak. Frekvence kardiologick\u00e9ho p\u0159ipojiteln\u00e9ho z\u00e1\u0159i\u010de k p\u0159\u00edstroji Triomed Universal odpov\u00edd\u00e1 zdrav\u00e9 frekvenci kardiovaskul\u00e1rn\u00edho syst\u00e9mu a pomoc\u00ed t\u011bchto jemn\u00fdch sign\u00e1l\u016f vyla\u010fuje t\u011blo zp\u011bt na zdrav\u00e9 fungov\u00e1n\u00ed. T\u00edm se l\u00e9\u010dba personalizuje, p\u0159izp\u016fsobuje se zm\u011bn\u00e1m, ke kter\u00fdm v t\u011ble \u010dlov\u011bka doch\u00e1z\u00ed, a v ka\u017ed\u00e9m okam\u017eiku se s n\u00edm slad\u00ed.<\/p>\n<div class=\"su-spoiler su-spoiler-style-defoult su-spoiler-icon-caret su-spoiler-closed\" data-scroll-offset=\"0\" data-anchor-in-url=\"no\"><div class=\"su-spoiler-title\" tabindex=\"0\" role=\"button\"><span class=\"su-spoiler-icon\"><\/span>V\u0161echny<\/div><div class=\"su-spoiler-content su-u-clearfix su-u-trim\">\n<p><strong>Biofeedback v radiofrekven\u010dn\u00edm rozsahu!<\/strong><\/p>\n<p>D\u00edky tomuto inovativn\u00edmu vyn\u00e1lezu je tato \u0159ada tak jedine\u010dn\u00e1 a \u00fa\u010dinn\u00e1!<\/p>\n<p>Jen se nad t\u00edm zamyslete: zn\u00e1me za\u0159\u00edzen\u00ed, kter\u00e9 sleduje ka\u017ed\u00fd n\u00e1\u0161 pohyb, kter\u00e9 je n\u00e1mi automaticky ovl\u00e1d\u00e1no nez\u00e1visle na na\u0161em v\u011bdom\u00ed, kter\u00e9 - bu\u010fme up\u0159\u00edmn\u00ed! - n\u00e1s m\u016f\u017ee oklamat?!<\/p>\n<p>TRIOMED UNIVERSAL m\u00e1 v z\u00e1kladn\u00edm balen\u00ed dva nejmodern\u011bj\u0161\u00ed z\u00e1\u0159i\u010de, kter\u00e9 lze pou\u017e\u00edt jak k l\u00e9\u010db\u011b, tak k prevenci onemocn\u011bn\u00ed. P\u0159\u00edstroj dok\u00e1\u017ee aktivovat velk\u00e9 mno\u017estv\u00ed program\u016f a podprogram\u016f - t\u00e9m\u011b\u0159 tis\u00edc. Za t\u00edmto \u00fa\u010delem lze p\u0159\u00edstroj na po\u017e\u00e1d\u00e1n\u00ed roz\u0161\u00ed\u0159it o 11 z\u00e1suvn\u00fdch hlavic, kter\u00e9 z\u00e1kladn\u00ed p\u0159\u00edstroj dopln\u00ed o nov\u00e9 funkce a mo\u017enosti. Vynikaj\u00edc\u00ed n\u00e1stroj pro l\u00e9ka\u0159e, zdravotnick\u00e1 za\u0159\u00edzen\u00ed, l\u00e9\u010ditele a ide\u00e1ln\u00ed dopln\u011bk va\u0161\u00ed dom\u00e1c\u00ed l\u00e9k\u00e1rny!<\/p>\n<p><strong>Jeho pou\u017eit\u00ed je snadn\u00e9, dalo by se \u0159\u00edci: hra\u010dka!<\/strong><\/p>\n<p>P\u0159\u00edstroj je klasifikov\u00e1n jako aktivn\u00ed elektromagnetick\u00fd stimula\u010dn\u00ed zdravotnick\u00fd prost\u0159edek, ur\u010den\u00fd k prevenci a l\u00e9\u010db\u011b patologick\u00fdch stav\u016f pomoc\u00ed extr\u00e9mn\u011b vysokofrekven\u010dn\u00edho a infra\u010derven\u00e9ho (IV) elektromagnetick\u00e9ho z\u00e1\u0159en\u00ed o n\u00edzk\u00e9 intenzit\u011b, kter\u00e9 proch\u00e1z\u00ed k\u016f\u017e\u00ed. Pom\u00e1h\u00e1 urychlit proces hojen\u00ed, sn\u00ed\u017eit mno\u017estv\u00ed a vedlej\u0161\u00ed \u00fa\u010dinky l\u00e9k\u016f a dos\u00e1hnout pozitivn\u00edch klinick\u00fdch v\u00fdsledk\u016f u pacient\u016f se \u0161patnou toleranc\u00ed l\u00e9k\u016f. P\u0159\u00edstroj lze pou\u017e\u00edvat ve zdravotnick\u00fdch za\u0159\u00edzen\u00edch nebo v dom\u00e1cnostech.<br \/>\nP\u0159\u00edstroj m\u00e1 protiz\u00e1n\u011btliv\u00e9, analgetick\u00e9 a protied\u00e9mov\u00e9 \u00fa\u010dinky. Dal\u0161\u00ed klinicko-fyziologick\u00e9 \u00fa\u010dinky se projevuj\u00ed v procesech regenerace bun\u011bk, zlep\u0161en\u00ed odolnosti organismu, zlep\u0161en\u00ed hemodynamiky, zm\u00edrn\u011bn\u00ed stresu a normalizaci regulace autonomn\u00edho nervov\u00e9ho syst\u00e9mu.<\/p>\n<\/div><\/div>","protected":false},"excerpt":{"rendered":"<p>TRIOMED UNIVERSAL \u2013 A BETEGS\u00c9GEK SPECIALIST\u00c1JA Mi a gy\u00f3gyul\u00e1s kulcsa? Mi lenne a megold\u00e1s a sz\u00e1mtalan eg\u00e9szs\u00e9g\u00fcgyi probl\u00e9m\u00e1ra? A v\u00e1lasz egyszer\u0171, de a megold\u00e1s csak a mai modern, informatikai tal\u00e1lm\u00e1nyokkal b\u0151velked\u0151 vil\u00e1gunkban tudott megval\u00f3sulni, mikor is siker\u00fclt l\u00e9trehozni egy olyan szupergyors f\u00e9lvezet\u0151 SiGe alap\u00fa gener\u00e1tort, mely a sejtekkel, szervezettel azonos jeleket gener\u00e1l. Ennek az innov\u00e1ci\u00f3nak [&hellip;]<\/p>\n","protected":false},"featured_media":4715,"comment_status":"open","ping_status":"closed","template":"","meta":[],"product_brand":[],"product_cat":[34,32],"product_tag":[],"class_list":{"0":"post-4716","1":"product","2":"type-product","3":"status-publish","4":"has-post-thumbnail","6":"product_cat-keszulekek","7":"product_cat-triomed","9":"first","10":"instock","11":"taxable","12":"shipping-taxable","13":"purchasable","14":"product-type-simple"},"_links":{"self":[{"href":"https:\/\/vetomshop.hu\/cs\/wp-json\/wp\/v2\/product\/4716","targetHints":{"allow":["GET"]}}],"collection":[{"href":"https:\/\/vetomshop.hu\/cs\/wp-json\/wp\/v2\/product"}],"about":[{"href":"https:\/\/vetomshop.hu\/cs\/wp-json\/wp\/v2\/types\/product"}],"replies":[{"embeddable":true,"href":"https:\/\/vetomshop.hu\/cs\/wp-json\/wp\/v2\/comments?post=4716"}],"wp:featuredmedia":[{"embeddable":true,"href":"https:\/\/vetomshop.hu\/cs\/wp-json\/wp\/v2\/media\/4715"}],"wp:attachment":[{"href":"https:\/\/vetomshop.hu\/cs\/wp-json\/wp\/v2\/media?parent=4716"}],"wp:term":[{"taxonomy":"product_brand","embeddable":true,"href":"https:\/\/vetomshop.hu\/cs\/wp-json\/wp\/v2\/product_brand?post=4716"},{"taxonomy":"product_cat","embeddable":true,"href":"https:\/\/vetomshop.hu\/cs\/wp-json\/wp\/v2\/product_cat?post=4716"},{"taxonomy":"product_tag","embeddable":true,"href":"https:\/\/vetomshop.hu\/cs\/wp-json\/wp\/v2\/product_tag?post=4716"}],"curies":[{"name":"wp","href":"https:\/\/api.w.org\/{rel}","templated":true}]}}