{"id":4718,"date":"2023-11-11T14:33:56","date_gmt":"2023-11-11T13:33:56","guid":{"rendered":"https:\/\/vetomshop.hu\/termek\/antidiabetikus-jelado\/"},"modified":"2023-11-11T14:33:56","modified_gmt":"2023-11-11T13:33:56","slug":"antidiabetikus-jelado","status":"publish","type":"product","link":"https:\/\/vetomshop.hu\/cs\/produkt\/antidiabetikus-jelado\/","title":{"rendered":"Antidiabetick\u00fd maj\u00e1k"},"content":{"rendered":"<h4>Antidiabetick\u00fd z\u00e1\u0159i\u010d \u21167.<\/h4>\n<p>Provozn\u00ed doba: 13 minut.<\/p>\n<p>Jeho frekvence odpov\u00edd\u00e1 frekvenci receptorov\u00fdch pol\u00ed v bu\u0148k\u00e1ch slinivky b\u0159i\u0161n\u00ed a tk\u00e1n\u00edch z\u00e1visl\u00fdch na inzul\u00ednu.<\/p>\n<p>Lze ji vyu\u017e\u00edt v komplexn\u00edch programech prevence diabetu a l\u00e9\u010dby diabetu I. a II. typu s c\u00edlem zabr\u00e1nit rozvoji komplikac\u00ed.<\/p>\n<ul>\n<li>Podporuje optimalizaci metabolick\u00fdch proces\u016f (sacharidy, lipidy, b\u00edlkoviny, miner\u00e1ly).<\/li>\n<li>Zlep\u0161uje metabolismus (metabolick\u00e9 procesy) v bu\u0148k\u00e1ch slinivky b\u0159i\u0161n\u00ed.<\/li>\n<li>Optimalizuje produkci inzul\u00ednu bu\u0148kami slinivky b\u0159i\u0161n\u00ed.<\/li>\n<li>Zvy\u0161uje citlivost tk\u00e1n\u00ed na inzul\u00edn.<\/li>\n<li>Zlep\u0161uje stav receptor\u016f bun\u011bk v inzul\u00edn dependentn\u00edch tk\u00e1n\u00edch<\/li>\n<li>Zabra\u0148uje vzniku otok\u016f<\/li>\n<li>Urychluje regeneraci a obnovu bun\u011bk slinivky b\u0159i\u0161n\u00ed.<\/li>\n<li>M\u00e1 proz\u00e1n\u011btliv\u00fd \u00fa\u010dinek.<\/li>\n<li>Zlep\u0161uje krevn\u00ed ob\u011bh.<\/li>\n<li>Zabra\u0148uje vzniku cukrovky.<\/li>\n<li>Zabra\u0148uje vzniku komplikac\u00ed cukrovky.<\/li>\n<\/ul>\n<div class=\"su-spoiler su-spoiler-style-defoult su-spoiler-icon-caret su-spoiler-closed\" data-scroll-offset=\"0\" data-anchor-in-url=\"no\"><div class=\"su-spoiler-title\" tabindex=\"0\" role=\"button\"><span class=\"su-spoiler-icon\"><\/span>V\u0161echny<\/div><div class=\"su-spoiler-content su-u-clearfix su-u-trim\">\nDoporu\u010den\u00e9 oblasti o\u0161et\u0159en\u00ed: v biologicky aktivn\u00edch m\u00edstech a z\u00f3n\u00e1ch. Doporu\u010den\u00e1 o\u0161et\u0159en\u00ed lze opakovat 2-3kr\u00e1t ro\u010dn\u011b, minim\u00e1ln\u011b po 3 m\u011bs\u00edc\u00edch, dokud se stav nezlep\u0161\u00ed, a lze je doplnit dal\u0161\u00edmi bioinforma\u010dn\u00edmi o\u0161et\u0159en\u00edmi.<\/p>\n<\/div><\/div>","protected":false},"excerpt":{"rendered":"<p>Antidiabetikus sug\u00e1rz\u00f3 \u21167. M\u0171k\u00f6d\u00e9si ideje: 13 perc. Frekvenci\u00e1ja a hasny\u00e1lmirigy sejtjei \u00e9s az inzulinf\u00fcgg\u0151 sz\u00f6vetek receptormez\u0151i frekvenci\u00e1j\u00e1nak felel meg. A cukorbetegs\u00e9g megel\u0151z\u00e9s\u00e9nek, valamint az I. \u00e9s II. tipus\u00fa cukorbetegs\u00e9g kezel\u00e9s\u00e9nek komplex programjaiban, a sz\u00f6v\u0151dm\u00e9nyek kialakul\u00e1sa megel\u0151z\u00e9s\u00e9nek c\u00e9lj\u00e1b\u00f3l alkalmazhat\u00f3. Az anyagcsere folyamatok (sz\u00e9nhidr\u00e1t, lipid, feh\u00e9rje, \u00e1sv\u00e1nyi anyagok) optimaliz\u00e1ci\u00f3j\u00e1t seg\u00edti el\u0151. Jav\u00edtja a metabolizmus (anyagcsere) folyamatait a [&hellip;]<\/p>\n","protected":false},"featured_media":4717,"comment_status":"open","ping_status":"closed","template":"","meta":[],"product_brand":[],"product_cat":[35,32],"product_tag":[],"class_list":{"0":"post-4718","1":"product","2":"type-product","3":"status-publish","4":"has-post-thumbnail","6":"product_cat-csatlakoztathato-jeladok","7":"product_cat-triomed","9":"first","10":"instock","11":"taxable","12":"shipping-taxable","13":"purchasable","14":"product-type-simple"},"_links":{"self":[{"href":"https:\/\/vetomshop.hu\/cs\/wp-json\/wp\/v2\/product\/4718","targetHints":{"allow":["GET"]}}],"collection":[{"href":"https:\/\/vetomshop.hu\/cs\/wp-json\/wp\/v2\/product"}],"about":[{"href":"https:\/\/vetomshop.hu\/cs\/wp-json\/wp\/v2\/types\/product"}],"replies":[{"embeddable":true,"href":"https:\/\/vetomshop.hu\/cs\/wp-json\/wp\/v2\/comments?post=4718"}],"wp:featuredmedia":[{"embeddable":true,"href":"https:\/\/vetomshop.hu\/cs\/wp-json\/wp\/v2\/media\/4717"}],"wp:attachment":[{"href":"https:\/\/vetomshop.hu\/cs\/wp-json\/wp\/v2\/media?parent=4718"}],"wp:term":[{"taxonomy":"product_brand","embeddable":true,"href":"https:\/\/vetomshop.hu\/cs\/wp-json\/wp\/v2\/product_brand?post=4718"},{"taxonomy":"product_cat","embeddable":true,"href":"https:\/\/vetomshop.hu\/cs\/wp-json\/wp\/v2\/product_cat?post=4718"},{"taxonomy":"product_tag","embeddable":true,"href":"https:\/\/vetomshop.hu\/cs\/wp-json\/wp\/v2\/product_tag?post=4718"}],"curies":[{"name":"wp","href":"https:\/\/api.w.org\/{rel}","templated":true}]}}