{"id":4720,"date":"2023-11-11T14:33:56","date_gmt":"2023-11-11T13:33:56","guid":{"rendered":"https:\/\/vetomshop.hu\/termek\/egeszseges-maj-jelado\/"},"modified":"2024-10-29T21:36:20","modified_gmt":"2024-10-29T20:36:20","slug":"egeszseges-maj-jelado","status":"publish","type":"product","link":"https:\/\/vetomshop.hu\/cs\/produkt\/egeszseges-maj-jelado\/","title":{"rendered":"Maj\u00e1k zdrav\u00fdch jater"},"content":{"rendered":"<h4>\u00abZdrav\u00e1 j\u00e1tra\u00bb z\u00e1\u0159i\u010d \u211614<\/h4>\n<p>Jeho frekvence odpov\u00edd\u00e1 frekvenci jatern\u00ed tk\u00e1n\u011b a jeho provozn\u00ed doba je 12 minut.<\/p>\n<p>Lze jej pou\u017e\u00edt v komplexn\u00edch l\u00e9\u010debn\u00fdch programech pro j\u00e1tra, \u017elu\u010d a \u017elu\u010dov\u00e9 cesty.<\/p>\n<ul>\n<li>Stimuluje metabolismus (metabolick\u00e9 procesy) v hepatocytech (jatern\u00edch bu\u0148k\u00e1ch).<\/li>\n<li>Zlep\u0161uje syntetick\u00e9 a detoxika\u010dn\u00ed funkce jater.<\/li>\n<li>Sni\u017euje ed\u00e9m.<\/li>\n<li>Stimuluje regeneraci a obnovu hepatocyt\u016f.<\/li>\n<li>M\u00e1 protik\u0159e\u010dov\u00fd \u00fa\u010dinek.<\/li>\n<li>Analgetick\u00fd \u00fa\u010dinek.<\/li>\n<li>Protiz\u00e1n\u011btliv\u00fd \u00fa\u010dinek.<\/li>\n<li>Zlep\u0161uje krevn\u00ed ob\u011bh.<\/li>\n<li>Optimalizuje tvorbu a vylu\u010dov\u00e1n\u00ed \u017elu\u010di.<\/li>\n<li>Zabra\u0148uje cirhotick\u00fdm zm\u011bn\u00e1m jater.<\/li>\n<\/ul>\n<div class=\"su-spoiler su-spoiler-style-defoult su-spoiler-icon-caret su-spoiler-closed\" data-scroll-offset=\"0\" data-anchor-in-url=\"no\"><div class=\"su-spoiler-title\" tabindex=\"0\" role=\"button\"><span class=\"su-spoiler-icon\"><\/span>V\u0161echny<\/div><div class=\"su-spoiler-content su-u-clearfix su-u-trim\">\n<p>Doporu\u010den\u00e9 oblasti o\u0161et\u0159en\u00ed: biologicky aktivn\u00ed body a z\u00f3ny, 12-12 minut na bod. Doporu\u010den\u00e1 o\u0161et\u0159en\u00ed lze opakovat 2-3kr\u00e1t ro\u010dn\u011b, minim\u00e1ln\u011b po 3 m\u011bs\u00edc\u00edch, dokud se stav nezlep\u0161\u00ed, a lze je doplnit dal\u0161\u00edmi bioinforma\u010dn\u00edmi o\u0161et\u0159en\u00edmi.<\/p>\n<\/div><\/div>","protected":false},"excerpt":{"rendered":"<p>\u00abEg\u00e9szs\u00e9ges m\u00e1j\u00bb sug\u00e1rz\u00f3 \u211614 Frekvenci\u00e1ja megfelel a m\u00e1jsz\u00f6vet frekvenci\u00e1j\u00e1nak, m\u0171k\u00f6d\u00e9si ideje 12 perc. A m\u00e1j, az epe \u00e9s az epevezet\u00e9kek komplex kezel\u00e9si programjaiban alkalmazhat\u00f3. Serkenti a metabolizmus (anyagcsere) folyamatait a hepatocit\u00e1kban (a m\u00e1jsejtekben). Jav\u00edtja a m\u00e1j szintetikus \u00e9s dezintoxik\u00e1ci\u00f3s funkci\u00f3it. Cs\u00f6kkenti az \u00f6d\u00e9m\u00e1sod\u00e1st. Serkenti a hepatocit\u00e1k regener\u00e1ci\u00f3s \u00e9s repar\u00e1ci\u00f3s folyamatait. G\u00f6rcsold\u00f3 hat\u00e1sa van. F\u00e1jdalomcsillap\u00edt\u00f3 hat\u00e1s. [&hellip;]<\/p>\n","protected":false},"featured_media":4719,"comment_status":"open","ping_status":"closed","template":"","meta":[],"product_brand":[],"product_cat":[35,32],"product_tag":[],"class_list":{"0":"post-4720","1":"product","2":"type-product","3":"status-publish","4":"has-post-thumbnail","6":"product_cat-csatlakoztathato-jeladok","7":"product_cat-triomed","9":"first","10":"instock","11":"taxable","12":"shipping-taxable","13":"purchasable","14":"product-type-simple"},"_links":{"self":[{"href":"https:\/\/vetomshop.hu\/cs\/wp-json\/wp\/v2\/product\/4720","targetHints":{"allow":["GET"]}}],"collection":[{"href":"https:\/\/vetomshop.hu\/cs\/wp-json\/wp\/v2\/product"}],"about":[{"href":"https:\/\/vetomshop.hu\/cs\/wp-json\/wp\/v2\/types\/product"}],"replies":[{"embeddable":true,"href":"https:\/\/vetomshop.hu\/cs\/wp-json\/wp\/v2\/comments?post=4720"}],"wp:featuredmedia":[{"embeddable":true,"href":"https:\/\/vetomshop.hu\/cs\/wp-json\/wp\/v2\/media\/4719"}],"wp:attachment":[{"href":"https:\/\/vetomshop.hu\/cs\/wp-json\/wp\/v2\/media?parent=4720"}],"wp:term":[{"taxonomy":"product_brand","embeddable":true,"href":"https:\/\/vetomshop.hu\/cs\/wp-json\/wp\/v2\/product_brand?post=4720"},{"taxonomy":"product_cat","embeddable":true,"href":"https:\/\/vetomshop.hu\/cs\/wp-json\/wp\/v2\/product_cat?post=4720"},{"taxonomy":"product_tag","embeddable":true,"href":"https:\/\/vetomshop.hu\/cs\/wp-json\/wp\/v2\/product_tag?post=4720"}],"curies":[{"name":"wp","href":"https:\/\/api.w.org\/{rel}","templated":true}]}}