{"id":4722,"date":"2023-11-11T14:33:56","date_gmt":"2023-11-11T13:33:56","guid":{"rendered":"https:\/\/vetomshop.hu\/termek\/egeszseges-vese-jelado\/"},"modified":"2023-11-11T14:33:56","modified_gmt":"2023-11-11T13:33:56","slug":"egeszseges-vese-jelado","status":"publish","type":"product","link":"https:\/\/vetomshop.hu\/cs\/produkt\/egeszseges-vese-jelado\/","title":{"rendered":"Maj\u00e1k zdrav\u00fdch ledvin"},"content":{"rendered":"<h4>Zdrav\u00e1 ledvina vyza\u0159uj\u00edc\u00ed 15 s.<\/h4>\n<p>Provozn\u00ed doba z\u00e1\u0159i\u010de 11 minut<br \/>\nOdpov\u00edd\u00e1 frekvenci ledvin a mo\u010dov\u00fdch cest.<\/p>\n<p>Jeho pou\u017eit\u00ed se doporu\u010duje p\u0159i prevenci a dopl\u0148kov\u00e9 l\u00e9\u010db\u011b onemocn\u011bn\u00ed ledvin a mo\u010dov\u00fdch cest.<br \/>\nZlep\u0161uje prokrven\u00ed a metabolismus v nefronech (funk\u010dn\u00edch jednotk\u00e1ch ledvin) a mo\u010dov\u00fdch cest\u00e1ch.<\/p>\n<ul>\n<li>Zlep\u0161uje ren\u00e1ln\u00ed reabsorpci, filtraci, synt\u00e9zu, iontovou regulaci, detoxikaci a metabolick\u00e9 procesy.<\/li>\n<li>Stimuluje regenera\u010dn\u00ed a repara\u010dn\u00ed procesy ledvinov\u00e9 tk\u00e1n\u011b a mo\u010dov\u00fdch cest.<\/li>\n<li>Protik\u0159e\u010dov\u00fd \u00fa\u010dinek.<\/li>\n<li>Analgetick\u00fd \u00fa\u010dinek.<\/li>\n<li>Protiz\u00e1n\u011btliv\u00fd \u00fa\u010dinek.<\/li>\n<li>Zabra\u0148uje vzniku sklerotick\u00fdch l\u00e9z\u00ed.<\/li>\n<\/ul>\n<p>Doporu\u010duje se aplikace na biologicky aktivn\u00ed m\u00edsta a z\u00f3ny.<\/p>\n<div class=\"su-spoiler su-spoiler-style-defoult su-spoiler-icon-caret su-spoiler-closed\" data-scroll-offset=\"0\" data-anchor-in-url=\"no\"><div class=\"su-spoiler-title\" tabindex=\"0\" role=\"button\"><span class=\"su-spoiler-icon\"><\/span>V\u0161echny<\/div><div class=\"su-spoiler-content su-u-clearfix su-u-trim\">\n<p>Oza\u0159ov\u00e1n\u00ed se doporu\u010duje pro prevenci a dopl\u0148kovou l\u00e9\u010dbu n\u00e1sleduj\u00edc\u00edch onemocn\u011bn\u00ed:<\/p>\n<ul>\n<li>akutn\u00ed a chronick\u00e9 z\u00e1n\u011bty ledvin, z\u00e1n\u011bty mo\u010dov\u00e9ho m\u011bch\u00fd\u0159e, z\u00e1n\u011btliv\u00e1 onemocn\u011bn\u00ed mo\u010dov\u00fdch cest,<\/li>\n<li>metabolick\u00e9 poruchy (v\u010detn\u011b tvorby ledvinov\u00fdch kamen\u016f),<\/li>\n<li>u autoimunitn\u00edch onemocn\u011bn\u00ed - p\u0159i posti\u017een\u00ed ledvin a u autoimunitn\u00edho onemocn\u011bn\u00ed ledvin,<\/li>\n<li>v p\u0159\u00edpad\u011b onemocn\u011bn\u00ed ledvin zp\u016fsoben\u00e9ho toxick\u00fdmi l\u00e1tkami.<\/li>\n<\/ul>\n<\/div><\/div>","protected":false},"excerpt":{"rendered":"<p>Eg\u00e9szs\u00e9ges vese sug\u00e1rz\u00f3 15 sz. A sug\u00e1rz\u00f3 m\u0171k\u00f6d\u00e9si ideje 11 perc Megfelel a vesesz\u00f6vet \u00e9s a h\u00fagyutak frekvenci\u00e1j\u00e1nak. Alkalmaz\u00e1sa javasolt a vesebetegs\u00e9gek \u00e9s a h\u00fagyutak megbeteged\u00e9seinek megel\u0151z\u00e9s\u00e9ben \u00e9s kieg\u00e9sz\u00edt\u0151 kezel\u00e9s\u00e9ben Jav\u00edtja a nefronok (a vese funkcion\u00e1lis egys\u00e9geinek) \u00e9s a h\u00fagyutak v\u00e9rkering\u00e9s\u00e9t \u00e9s anyagcsere folyamatait. Jav\u00edtja a vese reabszorbci\u00f3s, filtr\u00e1ci\u00f3s, szintetikus, ionszab\u00e1lyz\u00f3, m\u00e9regtelen\u00edt\u0151 \u00e9s metabolikus folyamatait. [&hellip;]<\/p>\n","protected":false},"featured_media":4721,"comment_status":"open","ping_status":"closed","template":"","meta":[],"product_brand":[],"product_cat":[35,32],"product_tag":[],"class_list":{"0":"post-4722","1":"product","2":"type-product","3":"status-publish","4":"has-post-thumbnail","6":"product_cat-csatlakoztathato-jeladok","7":"product_cat-triomed","9":"first","10":"instock","11":"taxable","12":"shipping-taxable","13":"purchasable","14":"product-type-simple"},"_links":{"self":[{"href":"https:\/\/vetomshop.hu\/cs\/wp-json\/wp\/v2\/product\/4722","targetHints":{"allow":["GET"]}}],"collection":[{"href":"https:\/\/vetomshop.hu\/cs\/wp-json\/wp\/v2\/product"}],"about":[{"href":"https:\/\/vetomshop.hu\/cs\/wp-json\/wp\/v2\/types\/product"}],"replies":[{"embeddable":true,"href":"https:\/\/vetomshop.hu\/cs\/wp-json\/wp\/v2\/comments?post=4722"}],"wp:featuredmedia":[{"embeddable":true,"href":"https:\/\/vetomshop.hu\/cs\/wp-json\/wp\/v2\/media\/4721"}],"wp:attachment":[{"href":"https:\/\/vetomshop.hu\/cs\/wp-json\/wp\/v2\/media?parent=4722"}],"wp:term":[{"taxonomy":"product_brand","embeddable":true,"href":"https:\/\/vetomshop.hu\/cs\/wp-json\/wp\/v2\/product_brand?post=4722"},{"taxonomy":"product_cat","embeddable":true,"href":"https:\/\/vetomshop.hu\/cs\/wp-json\/wp\/v2\/product_cat?post=4722"},{"taxonomy":"product_tag","embeddable":true,"href":"https:\/\/vetomshop.hu\/cs\/wp-json\/wp\/v2\/product_tag?post=4722"}],"curies":[{"name":"wp","href":"https:\/\/api.w.org\/{rel}","templated":true}]}}