{"id":4724,"date":"2023-11-11T14:33:57","date_gmt":"2023-11-11T13:33:57","guid":{"rendered":"https:\/\/vetomshop.hu\/termek\/gyulladascsokkento-jelado\/"},"modified":"2023-11-11T14:33:57","modified_gmt":"2023-11-11T13:33:57","slug":"gyulladascsokkento-jelado","status":"publish","type":"product","link":"https:\/\/vetomshop.hu\/cs\/produkt\/gyulladascsokkento-jelado\/","title":{"rendered":"Protiz\u00e1n\u011btliv\u00fd maj\u00e1k"},"content":{"rendered":"<h4>Protiz\u00e1n\u011btliv\u00fd z\u00e1\u0159i\u010d, \u010d. 26.<\/h4>\n<p>Provozn\u00ed doba: 13 minut<\/p>\n<p><strong>Dopad:<\/strong><\/p>\n<p>P\u016fsob\u00ed na imunitn\u00ed syst\u00e9m s frekvenc\u00ed, kter\u00e1 odpov\u00edd\u00e1 frekvenci lymfatick\u00e9ho syst\u00e9mu a n\u011bkter\u00fdch struktur autonomn\u00edho nervov\u00e9ho syst\u00e9mu (perifern\u00ed, segment\u00e1ln\u00ed, suprasegment\u00e1ln\u00ed \u0159et\u011bzce).<\/p>\n<ul>\n<li>Zlep\u0161uje lymfatick\u00fd ob\u011bh,<\/li>\n<li>kvalitu lymfocyt\u016f,<\/li>\n<li>urychluje vylu\u010dov\u00e1n\u00ed toxick\u00fdch l\u00e1tek z mezibun\u011b\u010dn\u00e9 tekutiny,<\/li>\n<li>urychluje hojen\u00ed ran, regeneraci bun\u011bk a tk\u00e1n\u00ed,<\/li>\n<li>pom\u00e1h\u00e1 detoxikovat organismus,<\/li>\n<li>p\u016fsob\u00ed proti otok\u016fm,<\/li>\n<li>analgetick\u00fd \u00fa\u010dinek,<\/li>\n<li>\u00fa\u010dinek na pos\u00edlen\u00ed imunitn\u00edho syst\u00e9mu,<\/li>\n<li>protiz\u00e1n\u011btliv\u00fd \u00fa\u010dinek,<\/li>\n<li>odstra\u0148uje jizvy,<\/li>\n<li>aktivuje funkci kostn\u00ed d\u0159en\u011b,<\/li>\n<li>zvy\u0161uje odolnost organismu,<\/li>\n<li>struktury vody.<\/li>\n<\/ul>\n<div class=\"su-spoiler su-spoiler-style-defoult su-spoiler-icon-caret su-spoiler-closed\" data-scroll-offset=\"0\" data-anchor-in-url=\"no\"><div class=\"su-spoiler-title\" tabindex=\"0\" role=\"button\"><span class=\"su-spoiler-icon\"><\/span>V\u0161echny<\/div><div class=\"su-spoiler-content su-u-clearfix su-u-trim\">\n<p>Doporu\u010den\u00e9 oblasti pou\u017eit\u00ed: povrchov\u00e9 lymfatick\u00e9 z\u00f3ny, v\u00fdb\u011b\u017eky lymfatick\u00fdch uzlin, povrchy ran, biologicky aktivn\u00ed m\u00edsta (BAT).<\/p>\n<p>Plat\u00ed pro:<\/p>\n<ul>\n<li>detoxikace organismu<\/li>\n<li>urychluj\u00ed proces regenerace po operaci nebo zlomenin\u00e1ch.<\/li>\n<li>normalizace krevn\u00edho obrazu po chemoterapii a radioterapii.<\/li>\n<li>ve f\u00e1zi rehabilitace po z\u00e1va\u017en\u00fdch onemocn\u011bn\u00edch a fyzick\u00e9 n\u00e1maze.<\/li>\n<li>regulace imunitn\u00edho syst\u00e9mu u akutn\u00edch a chronick\u00fdch onemocn\u011bn\u00ed.<\/li>\n<li>zpomalen\u00ed lymfatick\u00e9ho ob\u011bhu r\u016fzn\u00e9ho p\u016fvodu (v\u010detn\u011b otok\u016f), z\u00e1n\u011btliv\u00e9 procesy.<\/li>\n<li>v kosmetice: zlep\u0161en\u00ed lymfatick\u00e9ho ob\u011bhu poko\u017eky<\/li>\n<li>vylou\u010den\u00ed intoxikace z r\u016fzn\u00fdch p\u0159\u00ed\u010din (alkohol, narkotika, potraviny, chemick\u00e9 l\u00e1tky, z\u00e1va\u017en\u00e1 onemocn\u011bn\u00ed).<\/li>\n<li>p\u0159i alergick\u00fdch reakc\u00edch.<\/li>\n<\/ul>\n<\/div><\/div>","protected":false},"excerpt":{"rendered":"<p>Gyullad\u00e1scs\u00f6kkent\u0151 sug\u00e1rz\u00f3, 26. sz. M\u0171k\u00f6d\u00e9s\u00e9nek ideje: 13 perc Hat\u00e1sa: Hat az immunrendszerre, rezg\u00e9se megegyezik a nyirokrendszer frekvenci\u00e1j\u00e1val, valamint a vegetat\u00edv idegrendszer n\u00e9h\u00e1ny strukt\u00far\u00e1j\u00e1val (perif\u00e9ri\u00e1s, szegment\u00e1lis, szegmens feletti l\u00e1ncok). Jav\u00edtja a nyirokkering\u00e9st, a limfocit\u00e1k min\u0151s\u00e9g\u00e9t, gyors\u00edtja a toxikus anyagok ki\u00fcr\u00edt\u00e9s\u00e9t a sejtk\u00f6zti folyad\u00e9kb\u00f3l, gyors\u00edtja a sebek begy\u00f3gyul\u00e1s\u00e1t, a sejtek \u00e9s sz\u00f6vetek regener\u00e1l\u00f3d\u00e1s\u00e1t, el\u0151seg\u00edti a szervezet m\u00e9regtelen\u00edt\u00e9s\u00e9t, [&hellip;]<\/p>\n","protected":false},"featured_media":4723,"comment_status":"open","ping_status":"closed","template":"","meta":[],"product_brand":[],"product_cat":[35,32],"product_tag":[],"class_list":{"0":"post-4724","1":"product","2":"type-product","3":"status-publish","4":"has-post-thumbnail","6":"product_cat-csatlakoztathato-jeladok","7":"product_cat-triomed","9":"first","10":"instock","11":"taxable","12":"shipping-taxable","13":"purchasable","14":"product-type-simple"},"_links":{"self":[{"href":"https:\/\/vetomshop.hu\/cs\/wp-json\/wp\/v2\/product\/4724","targetHints":{"allow":["GET"]}}],"collection":[{"href":"https:\/\/vetomshop.hu\/cs\/wp-json\/wp\/v2\/product"}],"about":[{"href":"https:\/\/vetomshop.hu\/cs\/wp-json\/wp\/v2\/types\/product"}],"replies":[{"embeddable":true,"href":"https:\/\/vetomshop.hu\/cs\/wp-json\/wp\/v2\/comments?post=4724"}],"wp:featuredmedia":[{"embeddable":true,"href":"https:\/\/vetomshop.hu\/cs\/wp-json\/wp\/v2\/media\/4723"}],"wp:attachment":[{"href":"https:\/\/vetomshop.hu\/cs\/wp-json\/wp\/v2\/media?parent=4724"}],"wp:term":[{"taxonomy":"product_brand","embeddable":true,"href":"https:\/\/vetomshop.hu\/cs\/wp-json\/wp\/v2\/product_brand?post=4724"},{"taxonomy":"product_cat","embeddable":true,"href":"https:\/\/vetomshop.hu\/cs\/wp-json\/wp\/v2\/product_cat?post=4724"},{"taxonomy":"product_tag","embeddable":true,"href":"https:\/\/vetomshop.hu\/cs\/wp-json\/wp\/v2\/product_tag?post=4724"}],"curies":[{"name":"wp","href":"https:\/\/api.w.org\/{rel}","templated":true}]}}