{"id":4726,"date":"2023-11-11T14:33:58","date_gmt":"2023-11-11T13:33:58","guid":{"rendered":"https:\/\/vetomshop.hu\/termek\/infravoros-jelado\/"},"modified":"2023-11-11T14:33:58","modified_gmt":"2023-11-11T13:33:58","slug":"infravoros-jelado","status":"publish","type":"product","link":"https:\/\/vetomshop.hu\/cs\/produkt\/infravoros-jelado\/","title":{"rendered":"Infra\u010derven\u00fd maj\u00e1k"},"content":{"rendered":"<h4>Infra\u010derven\u00fd z\u00e1\u0159i\u010d IV<\/h4>\n<p>Infra\u010derven\u00e9 z\u00e1\u0159en\u00ed (IV z\u00e1\u0159en\u00ed) - elektromagnetick\u00e9 z\u00e1\u0159en\u00ed, sou\u010d\u00e1st slune\u010dn\u00edho z\u00e1\u0159en\u00ed. IV z\u00e1\u0159en\u00ed m\u00e1 protiz\u00e1n\u011btliv\u00e9, protik\u0159e\u010dov\u00e9, rozptyluj\u00edc\u00ed (absorp\u010dn\u00ed) a analgetick\u00e9 \u00fa\u010dinky.<\/p>\n<p><strong>V\u00fdhody chladi\u010de Triomed Universal IV:<\/strong><\/p>\n<p>D\u00edky nov\u00fdm materi\u00e1l\u016fm a technologi\u00edm se n\u00e1m poda\u0159ilo vytvo\u0159it pulzn\u00ed zdroj z\u00e1\u0159en\u00ed IV s n\u00edzkou intenzitou a modulovan\u00fdm \u00fa\u010dinkem pracuj\u00edc\u00ed ve specifick\u00e9m programu, kter\u00fd lze vyu\u017e\u00edt k energetick\u00e9mu informa\u010dn\u00edmu \u00fa\u010dinku p\u0159edev\u0161\u00edm na bun\u011b\u010dn\u00e9 \u00farovni - a to na \u00farovni slo\u017eek bu\u0148ky.<\/p>\n<p>Dod\u00e1v\u00e1 bu\u0148ce energii prost\u0159ednictv\u00edm rezonance, kter\u00e1 aktivuje metabolick\u00e9 procesy a zvy\u0161uje hladinu energie v p\u0159\u00edpad\u011b nedostatku kysl\u00edku.<br \/>\nTyto procesy, krom\u011b toho, \u017ee jsou samy o sob\u011b pozitivn\u00ed, pom\u00e1haj\u00ed t\u011blu p\u0159i milimetrov\u00e9 terapii a v mnoha p\u0159\u00edpadech zvy\u0161uj\u00ed jej\u00ed \u00fa\u010dinnost.<\/p>\n<p>Pou\u017eit\u00ed intraven\u00f3zn\u00ed radioterapie je indikov\u00e1no u: chronick\u00fdch a postakutn\u00edch (p\u0159edakutn\u00edch) nehnisav\u00fdch z\u00e1n\u011btliv\u00fdch onemocn\u011bn\u00ed vnit\u0159n\u00edch org\u00e1n\u016f, \u0161patn\u011b se hoj\u00edc\u00edch ran a ran zp\u016fsoben\u00fdch tromb\u00f3zou, bolestiv\u00fdch onemocn\u011bn\u00ed perifern\u00edho nervov\u00e9ho syst\u00e9mu, poopera\u010dn\u00ed l\u00e9\u010dby pop\u00e1lenin a omrzlin, vegetativn\u00ed dysfunkce, sympatalgie.<\/p>\n<p>Kontraindikace pro pou\u017eit\u00ed radioterapie IV: benign\u00ed nebo malign\u00ed n\u00e1dory, aktivn\u00ed f\u00e1ze tuberkul\u00f3zy, hypertenze III. stupn\u011b, krv\u00e1cen\u00ed a ob\u011bhov\u00e9 poruchy II. stupn\u011b.<\/p>\n<div class=\"su-spoiler su-spoiler-style-defoult su-spoiler-icon-caret su-spoiler-closed\" data-scroll-offset=\"0\" data-anchor-in-url=\"no\"><div class=\"su-spoiler-title\" tabindex=\"0\" role=\"button\"><span class=\"su-spoiler-icon\"><\/span>V\u0161echny<\/div><div class=\"su-spoiler-content su-u-clearfix su-u-trim\"><strong>Hlavn\u00ed klinick\u00e9 \u00fa\u010dinky oza\u0159ova\u010de Triomed Universal IV:<\/strong><\/p>\n<ul>\n<li>zlep\u0161uje krevn\u00ed ob\u011bh,<\/li>\n<li>normalizuje mikrocirkulaci,<\/li>\n<li>optimalizuje \u010dinnost nervov\u00e9ho, hormon\u00e1ln\u00edho a imunitn\u00edho syst\u00e9mu,<\/li>\n<li>napom\u00e1h\u00e1 regeneraci bun\u011bk.<\/li>\n<\/ul>\n<p><strong>Jak pou\u017e\u00edvat:<\/strong><\/p>\n<ul>\n<li>Infra\u010derven\u00e1 dioda se pou\u017e\u00edv\u00e1 k ovlivn\u011bn\u00ed bod\u016f a oblast\u00ed, kter\u00e9 je t\u0159eba p\u0159ed speci\u00e1ln\u00edm milimetrov\u00fdm o\u0161et\u0159en\u00edm p\u0159ipravit nebo \u201ezah\u0159\u00e1t\u201d. O\u0161et\u0159en\u00ed trv\u00e1 5 minut na jednu oblast.<\/li>\n<li>Lze jej pou\u017e\u00edvat k podpo\u0159e vst\u0159eb\u00e1v\u00e1n\u00ed jizev po dobu 10 minut denn\u011b po dobu 2 t\u00fddn\u016f.<\/li>\n<li>K l\u00e9\u010db\u011b chronick\u00fdch, pomal\u00fdch z\u00e1n\u011btliv\u00fdch onemocn\u011bn\u00ed (v ohnisku nemoci). L\u00e9\u010dba trv\u00e1 10 minut, aplikuje se na posti\u017een\u00fd org\u00e1n, po dobu 2 t\u00fddn\u016f.<\/li>\n<li>U diabetu II. typu k podpo\u0159e citlivosti na inzul\u00edn a k podpo\u0159e tvorby inzul\u00ednu. O\u0161et\u0159ujte projekci slinivky b\u0159i\u0161n\u00ed 5 minut denn\u011b po dobu 2 t\u00fddn\u016f.<\/li>\n<li>Pro podporu hojen\u00ed r\u016fzn\u00fdch ran a trofick\u00fdch poran\u011bn\u00ed se doporu\u010duje o\u0161et\u0159ovat oblast o\u010d\u00ed a lo\u017eiska n\u00e1dor\u016f po dobu 5 minut po dobu 2 t\u00fddn\u016f p\u0159ed milimetrovou terapi\u00ed.<\/li>\n<\/ul>\n<\/div><\/div>","protected":false},"excerpt":{"rendered":"<p>Infrav\u00f6r\u00f6s sug\u00e1rz\u00f3 IV Az infrav\u00f6r\u00f6s sug\u00e1rz\u00e1s (IV-sug\u00e1rz\u00e1s) \u2013 elektrom\u00e1gneses sug\u00e1rz\u00e1s, a Nap sugarainak r\u00e9sze. Az IV-sugarak gyullad\u00e1scs\u00f6kkent\u0151, g\u00f6rcsold\u00f3, sz\u00e9toszlat\u00f3 (felsz\u00edv\u00f3d\u00e1st el\u0151seg\u00edt\u0151), f\u00e1jdalomcsillap\u00edt\u00f3 hat\u00e1ssal rendelkeznek. A Triomed Universal k\u00e9sz\u00fcl\u00e9k IV-sug\u00e1rz\u00f3j\u00e1nak el\u0151nyei: Az \u00faj anyagoknak \u00e9s technol\u00f3gi\u00e1knak k\u00f6sz\u00f6nhet\u0151en siker\u00fclt l\u00e9trehozni olyan speci\u00e1lis programban m\u0171k\u00f6d\u0151 alacsony intenzit\u00e1s\u00fa pulz\u00e1l\u00f3, modul\u00e1lt hat\u00e1s\u00fa IV-sug\u00e1rz\u00f3t, mely seg\u00edts\u00e9g\u00e9vel els\u0151sorban energoinform\u00e1ci\u00f3s hat\u00e1st tudunk gyakorolni [&hellip;]<\/p>\n","protected":false},"featured_media":4725,"comment_status":"open","ping_status":"closed","template":"","meta":[],"product_brand":[],"product_cat":[35,32],"product_tag":[],"class_list":{"0":"post-4726","1":"product","2":"type-product","3":"status-publish","4":"has-post-thumbnail","6":"product_cat-csatlakoztathato-jeladok","7":"product_cat-triomed","9":"first","10":"instock","11":"taxable","12":"shipping-taxable","13":"purchasable","14":"product-type-simple"},"_links":{"self":[{"href":"https:\/\/vetomshop.hu\/cs\/wp-json\/wp\/v2\/product\/4726","targetHints":{"allow":["GET"]}}],"collection":[{"href":"https:\/\/vetomshop.hu\/cs\/wp-json\/wp\/v2\/product"}],"about":[{"href":"https:\/\/vetomshop.hu\/cs\/wp-json\/wp\/v2\/types\/product"}],"replies":[{"embeddable":true,"href":"https:\/\/vetomshop.hu\/cs\/wp-json\/wp\/v2\/comments?post=4726"}],"wp:featuredmedia":[{"embeddable":true,"href":"https:\/\/vetomshop.hu\/cs\/wp-json\/wp\/v2\/media\/4725"}],"wp:attachment":[{"href":"https:\/\/vetomshop.hu\/cs\/wp-json\/wp\/v2\/media?parent=4726"}],"wp:term":[{"taxonomy":"product_brand","embeddable":true,"href":"https:\/\/vetomshop.hu\/cs\/wp-json\/wp\/v2\/product_brand?post=4726"},{"taxonomy":"product_cat","embeddable":true,"href":"https:\/\/vetomshop.hu\/cs\/wp-json\/wp\/v2\/product_cat?post=4726"},{"taxonomy":"product_tag","embeddable":true,"href":"https:\/\/vetomshop.hu\/cs\/wp-json\/wp\/v2\/product_tag?post=4726"}],"curies":[{"name":"wp","href":"https:\/\/api.w.org\/{rel}","templated":true}]}}