{"id":4728,"date":"2023-11-11T14:33:58","date_gmt":"2023-11-11T13:33:58","guid":{"rendered":"https:\/\/vetomshop.hu\/termek\/kardiologiai-jelado\/"},"modified":"2023-11-11T14:33:58","modified_gmt":"2023-11-11T13:33:58","slug":"kardiologiai-jelado","status":"publish","type":"product","link":"https:\/\/vetomshop.hu\/cs\/produkt\/kardiologiai-jelado\/","title":{"rendered":"Kardiologick\u00fd maj\u00e1k"},"content":{"rendered":"<h4>Kardiologick\u00fd z\u00e1\u0159i\u010d \u211612<\/h4>\n<p>Provozn\u00ed doba12 minut.<\/p>\n<p>Frekvence kardiologick\u00e9ho z\u00e1\u0159i\u010de odpov\u00edd\u00e1 frekvenci kardiovaskul\u00e1rn\u00edho syst\u00e9mu. Lze jej pou\u017e\u00edt jako dopl\u0148kovou terapii nebo pro preventivn\u00ed \u00fa\u010dely.<\/p>\n<p><strong>Podporuje:<\/strong><\/p>\n<ul>\n<li>srde\u010dn\u00edho svalu,<\/li>\n<li>zlep\u0161en\u00ed propustnosti srdce,<\/li>\n<li>plnost tlukotu srdce,<\/li>\n<li>ke zv\u00fd\u0161en\u00ed vypuzov\u00e1n\u00ed krve,<\/li>\n<li>zlep\u0161it kvalitu srde\u010dn\u00edho svalu,<\/li>\n<li>zlep\u0161en\u00ed mikrocirkulace,<\/li>\n<li>sn\u00ed\u017een\u00fd v\u00fdskyt vazospazm\u016f (koron\u00e1rn\u00ed tepny).<\/li>\n<\/ul>\n<div class=\"su-spoiler su-spoiler-style-defoult su-spoiler-icon-caret su-spoiler-closed\" data-scroll-offset=\"0\" data-anchor-in-url=\"no\"><div class=\"su-spoiler-title\" tabindex=\"0\" role=\"button\"><span class=\"su-spoiler-icon\"><\/span>V\u0161echny<\/div><div class=\"su-spoiler-content su-u-clearfix su-u-trim\">\n<strong>M\u016f\u017ee se pou\u017e\u00edvat jako dopl\u0148kov\u00e1 l\u00e9\u010dba u n\u00e1sleduj\u00edc\u00edch onemocn\u011bn\u00ed:<\/strong><\/p>\n<ul>\n<li>ischemick\u00e1 choroba srde\u010dn\u00ed (v\u010detn\u011b stenokardie),<\/li>\n<li>p\u0159i p\u00e9\u010di o pacienty po srde\u010dn\u00edm infarktu,<\/li>\n<li>pro poruchy srde\u010dn\u00edho rytmu,<\/li>\n<li>u v\u0161ech onemocn\u011bn\u00ed postihuj\u00edc\u00edch srde\u010dn\u00ed sval a endokard,<\/li>\n<li>arteri\u00e1ln\u00ed hypertenze (v\u0161e),<\/li>\n<li>vysok\u00e1 hladina cholesterolu s n\u00edzkou hustotou a ateroskler\u00f3za c\u00e9v.<\/li>\n<\/ul>\n<\/div><\/div>","protected":false},"excerpt":{"rendered":"<p>Kardiol\u00f3giai sug\u00e1rz\u00f3 \u211612 M\u0171k\u00f6d\u00e9si ideje12 perc. A kardiol\u00f3giai sug\u00e1rz\u00f3 frekvenci\u00e1ja a sz\u00edv- \u00e9s \u00e9rrendszer frekvenci\u00e1j\u00e1nak felel meg. Alkalmazhat\u00f3 kieg\u00e9sz\u00edt\u0151 ter\u00e1piak\u00e9nt, vagy megel\u0151z\u00e9s c\u00e9lj\u00e1b\u00f3l. El\u0151seg\u00edti: a sz\u00edvizom m\u0171k\u00f6d\u00e9s\u00e9t, a sz\u00edv \u00e1tereszt\u0151k\u00e9pess\u00e9g\u00e9nek jav\u00edt\u00e1s\u00e1t, a sz\u00edv dobog\u00e1s\u00e1nak teljess\u00e9g\u00e9t, a v\u00e9rkil\u00f6k\u0151d\u00e9s fokoz\u00e1s\u00e1t, a sz\u00edvizom min\u0151s\u00e9g\u00e9nek jav\u00edt\u00e1s\u00e1t, a mikrokering\u00e9s jav\u00edt\u00e1s\u00e1t, az \u00e9rg\u00f6rcs\u00f6k (sz\u00edvkoszor\u00fa\u00e9r) el\u0151fordul\u00e1s\u00e1nak cs\u00f6kken\u00e9s\u00e9t.<\/p>","protected":false},"featured_media":4727,"comment_status":"open","ping_status":"closed","template":"","meta":[],"product_brand":[],"product_cat":[35,32],"product_tag":[],"class_list":{"0":"post-4728","1":"product","2":"type-product","3":"status-publish","4":"has-post-thumbnail","6":"product_cat-csatlakoztathato-jeladok","7":"product_cat-triomed","9":"first","10":"instock","11":"taxable","12":"shipping-taxable","13":"purchasable","14":"product-type-simple"},"_links":{"self":[{"href":"https:\/\/vetomshop.hu\/cs\/wp-json\/wp\/v2\/product\/4728","targetHints":{"allow":["GET"]}}],"collection":[{"href":"https:\/\/vetomshop.hu\/cs\/wp-json\/wp\/v2\/product"}],"about":[{"href":"https:\/\/vetomshop.hu\/cs\/wp-json\/wp\/v2\/types\/product"}],"replies":[{"embeddable":true,"href":"https:\/\/vetomshop.hu\/cs\/wp-json\/wp\/v2\/comments?post=4728"}],"wp:featuredmedia":[{"embeddable":true,"href":"https:\/\/vetomshop.hu\/cs\/wp-json\/wp\/v2\/media\/4727"}],"wp:attachment":[{"href":"https:\/\/vetomshop.hu\/cs\/wp-json\/wp\/v2\/media?parent=4728"}],"wp:term":[{"taxonomy":"product_brand","embeddable":true,"href":"https:\/\/vetomshop.hu\/cs\/wp-json\/wp\/v2\/product_brand?post=4728"},{"taxonomy":"product_cat","embeddable":true,"href":"https:\/\/vetomshop.hu\/cs\/wp-json\/wp\/v2\/product_cat?post=4728"},{"taxonomy":"product_tag","embeddable":true,"href":"https:\/\/vetomshop.hu\/cs\/wp-json\/wp\/v2\/product_tag?post=4728"}],"curies":[{"name":"wp","href":"https:\/\/api.w.org\/{rel}","templated":true}]}}