{"id":4730,"date":"2023-11-11T14:33:58","date_gmt":"2023-11-11T13:33:58","guid":{"rendered":"https:\/\/vetomshop.hu\/termek\/oxigenizalo-jelado\/"},"modified":"2023-11-11T14:33:58","modified_gmt":"2023-11-11T13:33:58","slug":"oxigenizalo-jelado","status":"publish","type":"product","link":"https:\/\/vetomshop.hu\/cs\/produkt\/oxigenizalo-jelado\/","title":{"rendered":"Okysli\u010dovac\u00ed vys\u00edla\u010d"},"content":{"rendered":"<h4>Kysl\u00edkov\u00fd z\u00e1\u0159i\u010d, \u010d. 11.<\/h4>\n<p><strong>Provozn\u00ed doba:<\/strong> 10 minut.<\/p>\n<p>Vlnov\u00e1 d\u00e9lka odpov\u00edd\u00e1 frekvenc\u00edm d\u00fdchac\u00edho \u0159et\u011bzce (krevn\u00ed hemoglobin, mitochondrie, fermenty), zlep\u0161uje transport a vyu\u017eit\u00ed kysl\u00edku, zvy\u0161uje synt\u00e9zu ATP, podporuje bun\u011b\u010dn\u00e9 d\u00fdch\u00e1n\u00ed ve tk\u00e1ni. N\u00edzk\u00e1 frekvence odpov\u00edd\u00e1 frekvenci imunitn\u00edho syst\u00e9mu.<\/p>\n<ul>\n<li>Zlep\u0161uje mikrocirkulaci,<\/li>\n<li>M\u00e1 imunomodula\u010dn\u00ed \u00fa\u010dinek,<\/li>\n<li>Sni\u017euje nedostatek kysl\u00edku ve tk\u00e1n\u00edch, okysli\u010duje tk\u00e1n\u011b, m\u00e1 dezagrega\u010dn\u00ed \u00fa\u010dinek (zabra\u0148uje shlukov\u00e1n\u00ed erytrocyt\u016f a dal\u0161\u00edch krevn\u00edch bun\u011bk), sni\u017euje sr\u00e1\u017elivost krve,<\/li>\n<li>Podporuje hojen\u00ed ran,<\/li>\n<li>Pom\u00e1h\u00e1 odstra\u0148ovat jizvy,<\/li>\n<li>M\u00e1 analgetick\u00fd \u00fa\u010dinek,<\/li>\n<li>Pom\u00e1h\u00e1 detoxikovat organismus,<\/li>\n<li>Protik\u0159e\u010dov\u00fd \u00fa\u010dinek,<\/li>\n<li>Podporuje tvorbu krve, normalizuje krevn\u00ed obraz,<\/li>\n<li>zlep\u0161uje mikrocirkulaci,<\/li>\n<li>M\u00e1 imunomodula\u010dn\u00ed \u00fa\u010dinek,<\/li>\n<li>Sni\u017euje nedostatek kysl\u00edku v tk\u00e1n\u00edch, okysli\u010duje tk\u00e1n\u011b,<\/li>\n<li>M\u00e1 disagrega\u010dn\u00ed \u00fa\u010dinek (zabra\u0148uje shlukov\u00e1n\u00ed erytrocyt\u016f a dal\u0161\u00edch krevn\u00edch bun\u011bk), sni\u017euje sr\u00e1\u017elivost krve,<\/li>\n<li>Podporuje hojen\u00ed ran,<\/li>\n<li>Pom\u00e1h\u00e1 odstra\u0148ovat jizvy,<\/li>\n<li>M\u00e1 analgetick\u00fd \u00fa\u010dinek,<\/li>\n<li>Pom\u00e1h\u00e1 detoxikovat organismus,<\/li>\n<li>Protik\u0159e\u010dov\u00fd \u00fa\u010dinek,<\/li>\n<li>Podporuje tvorbu krve, normalizuje krevn\u00ed obraz,<\/li>\n<li>M\u00e1 omlazuj\u00edc\u00ed \u00fa\u010dinek,<\/li>\n<li>Struktura vody.<\/li>\n<\/ul>\n<div class=\"su-spoiler su-spoiler-style-defoult su-spoiler-icon-caret su-spoiler-closed\" data-scroll-offset=\"0\" data-anchor-in-url=\"no\"><div class=\"su-spoiler-title\" tabindex=\"0\" role=\"button\"><span class=\"su-spoiler-icon\"><\/span>V\u0161echny<\/div><div class=\"su-spoiler-content su-u-clearfix su-u-trim\">\n<p>Doporu\u010den\u00e1 oblast pou\u017eit\u00ed: velk\u00e9 c\u00e9vn\u00ed z\u00f3ny - \u017e\u00edly, tepny, biologicky aktivn\u00ed body.<\/p>\n<p><strong>Plat\u00ed pro:<\/strong><\/p>\n<ul>\n<li>k normalizaci imunitn\u00edho syst\u00e9mu u akutn\u00edch a chronick\u00fdch onemocn\u011bn\u00ed,<\/li>\n<li>zlep\u0161uje celkovou pohodu, vytrvalost a soust\u0159ed\u011bn\u00ed v p\u0159\u00edpad\u011b fyzick\u00e9 a psychick\u00e9 z\u00e1t\u011b\u017ee,<\/li>\n<li>prevence srde\u010dn\u00edho infarktu, mrtvice,<\/li>\n<li>p\u00e9\u010de po infarktu a po mrtvici,<\/li>\n<li>urychlit regenera\u010dn\u00ed procesy,<\/li>\n<li>o\u0161et\u0159en\u00ed ran a poopera\u010dn\u00edch jizev,<\/li>\n<li>\u0159\u00edzen\u00ed zlomenin,<\/li>\n<li>normalizace krevn\u00edho obrazu,<\/li>\n<li>po radioterapii,<\/li>\n<li>rehabilitace po v\u00e1\u017en\u00e9 nemoci a t\u011b\u017ek\u00e9 fyzick\u00e9 pr\u00e1ci,<\/li>\n<li>stimulace mozkov\u00e9ho ob\u011bhu,2<\/li>\n<li>v kosmetice: pom\u00e1h\u00e1 poko\u017ece vst\u0159eb\u00e1vat \u017eiviny,<\/li>\n<li>pro sportovce: zvy\u0161uje vytrvalost,<\/li>\n<li>pom\u00e1h\u00e1 \u017e\u00e1k\u016fm a student\u016fm p\u0159i u\u010den\u00ed,<\/li>\n<li>proti \u0161kodliv\u00fdm \u00fa\u010dink\u016fm po\u010d\u00edta\u010d\u016f,<\/li>\n<li>p\u0159i l\u00e9\u010db\u011b stresu a chronick\u00e9ho \u00fanavov\u00e9ho syndromu,<\/li>\n<li>v oblasti kosmetiky ke zlep\u0161en\u00ed stavu poko\u017eky,<\/li>\n<li>l\u00e9\u010dba nebo prevence chorob zv\u00ed\u0159at<\/li>\n<\/ul>\n<\/div><\/div>","protected":false},"excerpt":{"rendered":"<p>Oxig\u00e9n sug\u00e1rz\u00f3, 11. sz. M\u0171k\u00f6d\u00e9si ideje: 10 perc. A hull\u00e1mhossz megfelel a l\u00e9gz\u00e9si l\u00e1nc frekvenci\u00e1inak (a v\u00e9r hemoglobinja, mitokondriumok, fermentumok), javul az oxig\u00e9n sz\u00e1ll\u00edt\u00e1sa \u00e9s hasznos\u00edt\u00e1sa, n\u00f6vekszik ATP-szint\u00e9zis, el\u0151seg\u00edti a sz\u00f6vetben a sejtek l\u00e9gz\u00e9s\u00e9t. Az alacsony frekvencia megfelel az immunrendszer frekvenci\u00e1j\u00e1nak. Jav\u00edtja a mikrokering\u00e9st, Immun-modul\u00e1ci\u00f3s hat\u00e1sa van, Cs\u00f6kkenti az oxig\u00e9nhi\u00e1nyt a sz\u00f6vetekben, oxig\u00e9nnel d\u00fas\u00edtja a [&hellip;]<\/p>\n","protected":false},"featured_media":4729,"comment_status":"open","ping_status":"closed","template":"","meta":[],"product_brand":[],"product_cat":[35,32],"product_tag":[],"class_list":{"0":"post-4730","1":"product","2":"type-product","3":"status-publish","4":"has-post-thumbnail","6":"product_cat-csatlakoztathato-jeladok","7":"product_cat-triomed","9":"first","10":"instock","11":"taxable","12":"shipping-taxable","13":"purchasable","14":"product-type-simple"},"_links":{"self":[{"href":"https:\/\/vetomshop.hu\/cs\/wp-json\/wp\/v2\/product\/4730","targetHints":{"allow":["GET"]}}],"collection":[{"href":"https:\/\/vetomshop.hu\/cs\/wp-json\/wp\/v2\/product"}],"about":[{"href":"https:\/\/vetomshop.hu\/cs\/wp-json\/wp\/v2\/types\/product"}],"replies":[{"embeddable":true,"href":"https:\/\/vetomshop.hu\/cs\/wp-json\/wp\/v2\/comments?post=4730"}],"wp:featuredmedia":[{"embeddable":true,"href":"https:\/\/vetomshop.hu\/cs\/wp-json\/wp\/v2\/media\/4729"}],"wp:attachment":[{"href":"https:\/\/vetomshop.hu\/cs\/wp-json\/wp\/v2\/media?parent=4730"}],"wp:term":[{"taxonomy":"product_brand","embeddable":true,"href":"https:\/\/vetomshop.hu\/cs\/wp-json\/wp\/v2\/product_brand?post=4730"},{"taxonomy":"product_cat","embeddable":true,"href":"https:\/\/vetomshop.hu\/cs\/wp-json\/wp\/v2\/product_cat?post=4730"},{"taxonomy":"product_tag","embeddable":true,"href":"https:\/\/vetomshop.hu\/cs\/wp-json\/wp\/v2\/product_tag?post=4730"}],"curies":[{"name":"wp","href":"https:\/\/api.w.org\/{rel}","templated":true}]}}