{"id":4732,"date":"2023-11-11T14:33:59","date_gmt":"2023-11-11T13:33:59","guid":{"rendered":"https:\/\/vetomshop.hu\/termek\/specialis-111-es-jelado\/"},"modified":"2024-07-31T10:25:20","modified_gmt":"2024-07-31T08:25:20","slug":"specialis-111-es-jelado","status":"publish","type":"product","link":"https:\/\/vetomshop.hu\/cs\/produkt\/specialis-111-es-jelado\/","title":{"rendered":"Speci\u00e1ln\u00ed maj\u00e1k 111"},"content":{"rendered":"<h4>Speci\u00e1ln\u00ed 111 informa\u010dn\u00ed z\u00e1znamov\u00fd emitor<\/h4>\n<p><strong>Provozn\u00ed doba z\u00e1\u0159i\u010de:<\/strong> 15 mp<\/p>\n<p>Jej\u00edm \u00fa\u010delem je \u201ezachytit\u201d informaci (elektromagnetick\u00e9 vlnov\u00e9 spektrum dan\u00e9ho rozsahu) a \u201ep\u0159en\u00e9st\u201d ji do zvolen\u00e9ho nosi\u010de informace (nap\u0159. vody) nebo biologicky aktivn\u00ed z\u00f3ny, aby se optimalizovaly funk\u010dn\u00ed rezervy a zv\u00fd\u0161ila adapta\u010dn\u00ed schopnost organismu, kter\u00e1 mohla b\u00fdt po\u0161kozena po\u0161kozen\u00edm \u017eivotn\u00edho prost\u0159ed\u00ed, nemoc\u00ed nebo jin\u00fdmi p\u0159\u00ed\u010dinami.<\/p>\n<p>Chcete-li informace \u201ezaznamenat\u201d, p\u0159ipojte 111. emitor k p\u0159\u00edstroji Triomed, p\u0159ibl\u00ed\u017e\u00edte jej k objektu rovn\u00fdm povrchem a stisknete tla\u010d\u00edtko \u201eStart\u201d. Spust\u00ed se odpo\u010d\u00edt\u00e1v\u00e1n\u00ed - 15 sekund. Teprve po uplynut\u00ed naprogramovan\u00e9 doby odpojte z\u00e1\u0159i\u010d od objektu. B\u011bhem t\u00e9to doby se na emitoru \u201eulo\u017e\u00ed\u201d informace o objektu, kter\u00e9 z\u016fstanou nezm\u011bn\u011bny a\u017e do p\u0159ipojen\u00ed emitoru k nap\u00e1jen\u00ed (do spu\u0161t\u011bn\u00ed p\u0159\u00edstroje).<\/p>\n<div class=\"su-spoiler su-spoiler-style-defoult su-spoiler-icon-caret su-spoiler-closed\" data-scroll-offset=\"0\" data-anchor-in-url=\"no\"><div class=\"su-spoiler-title\" tabindex=\"0\" role=\"button\"><span class=\"su-spoiler-icon\"><\/span>V\u0161echny<\/div><div class=\"su-spoiler-content su-u-clearfix su-u-trim\">\nAby se informace \u201ep\u0159enesly\u201d do vody, p\u0159ibl\u00ed\u017e\u00edme emitor co nejbl\u00ed\u017ee k vod\u011b (sklo by nem\u011blo b\u00fdt siln\u011bj\u0161\u00ed ne\u017e 2 mm) a hladina vody by m\u011bla b\u00fdt v\u00fd\u0161e ne\u017e horn\u00ed okraj emitoru. Voda by m\u011bla b\u00fdt \u010dist\u00e1 a bez kyseliny uhli\u010dit\u00e9 a jin\u00fdch p\u0159\u00edsad. Z p\u0159ipraven\u00e9 \u201einforma\u010dn\u00ed\u201d vody vypijte ihned n\u011bkolik dou\u0161k\u016f - p\u0159edt\u00edm, ne\u017e ji p\u0159elijete do jin\u00e9 n\u00e1doby nebo ji uskladn\u00edte na del\u0161\u00ed dobu.<\/p>\n<p>Pokud chcete zachovat p\u016fvodn\u00ed sign\u00e1l po dlouhou dobu, abyste zabr\u00e1nili n\u00e1hodn\u00e9mu p\u0159ipojen\u00ed k za\u0159\u00edzen\u00ed Triomed, ozna\u010dte vys\u00edla\u010d v\u00fdraznou zna\u010dkou.<br \/>\n<\/div><\/div>","protected":false},"excerpt":{"rendered":"<p>Speci\u00e1lis 111 sz. inform\u00e1ci\u00f3t r\u00f6gz\u00edt\u0151 sug\u00e1rz\u00f3 A sug\u00e1rz\u00f3 m\u0171k\u00f6d\u00e9si ideje: 15 mp Rendeltet\u00e9se: az inform\u00e1ci\u00f3 (az adott tartom\u00e1ny elektrom\u00e1gneses hull\u00e1mspektrum\u00e1nak) \u201er\u00f6gz\u00edt\u00e9se\u201d, valamint \u201e\u00e1tvitele\u201d a kiv\u00e1lasztott inform\u00e1ci\u00f3hordoz\u00f3ra (pl. v\u00edzre) vagy biol\u00f3giailag akt\u00edv z\u00f3n\u00e1ra a funkcion\u00e1lis tartal\u00e9kok optimaliz\u00e1ci\u00f3ja \u00e9s a szervezet adapt\u00e1ci\u00f3s lehet\u0151s\u00e9geinek n\u00f6vel\u00e9se c\u00e9lj\u00e1b\u00f3l, melyek a k\u00f6rnyezet k\u00e1ros hat\u00e1sai, betegs\u00e9g, vagy egy\u00e9b okok miatt s\u00e9r\u00fcltek. Az [&hellip;]<\/p>\n","protected":false},"featured_media":4731,"comment_status":"open","ping_status":"closed","template":"","meta":[],"product_brand":[],"product_cat":[35,32],"product_tag":[],"class_list":{"0":"post-4732","1":"product","2":"type-product","3":"status-publish","4":"has-post-thumbnail","6":"product_cat-csatlakoztathato-jeladok","7":"product_cat-triomed","9":"first","10":"instock","11":"taxable","12":"shipping-taxable","13":"purchasable","14":"product-type-simple"},"_links":{"self":[{"href":"https:\/\/vetomshop.hu\/cs\/wp-json\/wp\/v2\/product\/4732","targetHints":{"allow":["GET"]}}],"collection":[{"href":"https:\/\/vetomshop.hu\/cs\/wp-json\/wp\/v2\/product"}],"about":[{"href":"https:\/\/vetomshop.hu\/cs\/wp-json\/wp\/v2\/types\/product"}],"replies":[{"embeddable":true,"href":"https:\/\/vetomshop.hu\/cs\/wp-json\/wp\/v2\/comments?post=4732"}],"wp:featuredmedia":[{"embeddable":true,"href":"https:\/\/vetomshop.hu\/cs\/wp-json\/wp\/v2\/media\/4731"}],"wp:attachment":[{"href":"https:\/\/vetomshop.hu\/cs\/wp-json\/wp\/v2\/media?parent=4732"}],"wp:term":[{"taxonomy":"product_brand","embeddable":true,"href":"https:\/\/vetomshop.hu\/cs\/wp-json\/wp\/v2\/product_brand?post=4732"},{"taxonomy":"product_cat","embeddable":true,"href":"https:\/\/vetomshop.hu\/cs\/wp-json\/wp\/v2\/product_cat?post=4732"},{"taxonomy":"product_tag","embeddable":true,"href":"https:\/\/vetomshop.hu\/cs\/wp-json\/wp\/v2\/product_tag?post=4732"}],"curies":[{"name":"wp","href":"https:\/\/api.w.org\/{rel}","templated":true}]}}