{"id":4733,"date":"2023-11-11T14:33:59","date_gmt":"2023-11-11T13:33:59","guid":{"rendered":"https:\/\/vetomshop.hu\/termek\/szabad-legzes-jelado\/"},"modified":"2023-11-11T14:33:59","modified_gmt":"2023-11-11T13:33:59","slug":"szabad-legzes-jelado","status":"publish","type":"product","link":"https:\/\/vetomshop.hu\/cs\/produkt\/szabad-legzes-jelado\/","title":{"rendered":"Vys\u00edla\u010d pro voln\u00e9 d\u00fdch\u00e1n\u00ed"},"content":{"rendered":"<h4>\u201eSpeci\u00e1ln\u00ed vys\u00edla\u010d \u201dFree Breathing\" \u010d. 16<\/h4>\n<p>Pro spole\u010dnost Triomed MMW<\/p>\n<p>Pou\u017eit\u00ed specifick\u00e9ho z\u00e1\u0159en\u00ed m\u00e1 \u0159\u00edzen\u00fd \u00fa\u010dinek na org\u00e1ny a tk\u00e1n\u011b, org\u00e1nov\u00e9 syst\u00e9my a funk\u010dn\u00ed syst\u00e9my lidsk\u00e9ho t\u011bla. BioTrEM\u00ae EMP je zalo\u017een na gener\u00e1toru EHF (mezin\u00e1rodn\u00ed patent EE 05541).<\/p>\n<p>V komplexn\u00edch l\u00e9\u010debn\u00fdch programech se pou\u017e\u00edv\u00e1 k prevenci, l\u00e9\u010db\u011b a rehabilitaci bronchi\u00e1ln\u00edch a plicn\u00edch onemocn\u011bn\u00ed (z\u00e1pal plic, bronchitida, chronick\u00e1 onemocn\u011bn\u00ed bronchopulmon\u00e1ln\u00edho syst\u00e9mu, bronchi\u00e1ln\u00ed astma atd.).<\/p>\n<p><strong>Provozn\u00ed doba<\/strong>: 12 minut.<\/p>\n<div class=\"su-spoiler su-spoiler-style-defoult su-spoiler-icon-caret su-spoiler-closed\" data-scroll-offset=\"0\" data-anchor-in-url=\"no\"><div class=\"su-spoiler-title\" tabindex=\"0\" role=\"button\"><span class=\"su-spoiler-icon\"><\/span>V\u0161echny<\/div><div class=\"su-spoiler-content su-u-clearfix su-u-trim\">\n<strong>\u00da\u010dinky speci\u00e1ln\u00edho vys\u00edla\u010de:<\/strong><\/p>\n<ul>\n<li>zlep\u0161en\u00ed metabolick\u00fdch proces\u016f v bu\u0148k\u00e1ch a tk\u00e1n\u00edch broncho-plicn\u00edho syst\u00e9mu;<\/li>\n<li>aktivovat z\u00e1kladn\u00ed funkce;<\/li>\n<li>normalizace imunitn\u00edch proces\u016f: zm\u00edrn\u011bn\u00ed autoimunitn\u00ed agrese a imunomodula\u010dn\u00ed \u00fa\u010dinky;<\/li>\n<li>sn\u00ed\u017eit bronchospasmus;<\/li>\n<li>zv\u00fd\u0161en\u00ed elasticity pojivov\u00e9 tk\u00e1n\u011b u plic s emfyz\u00e9mem a pneumoskler\u00f3zou;<\/li>\n<li>normalizace hlenu a clearance sputa.<\/li>\n<\/ul>\n<\/div><\/div>","protected":false},"excerpt":{"rendered":"<p>\u201eSzabad l\u00e9gz\u00e9s\u201d 16. sz. speci\u00e1lis jelad\u00f3 Triomed MMW k\u00e9sz\u00fcl\u00e9khez A speci\u00e1lis sug\u00e1rz\u00f3k haszn\u00e1lata ir\u00e1ny\u00edtott hat\u00e1st gyakorol az emberi test szerveire \u00e9s sz\u00f6veteire, szervrendszereire \u00e9s funkcion\u00e1lis rendszereire. A BioTrEM \u00ae EMP EHF gener\u00e1tor alapj\u00e1n fejlesztett\u00e9k ki (EE 05541 nemzetk\u00f6zi szabadalom). A komplex kezel\u00e9si programokban a h\u00f6rg\u0151k \u00e9s a t\u00fcd\u0151 betegs\u00e9geinek (t\u00fcd\u0151gyullad\u00e1s, h\u00f6rghurut, a h\u00f6rg\u0151-t\u00fcd\u0151 rendszer kr\u00f3nikus [&hellip;]<\/p>\n","protected":false},"featured_media":4729,"comment_status":"open","ping_status":"closed","template":"","meta":[],"product_brand":[],"product_cat":[35,32],"product_tag":[],"class_list":{"0":"post-4733","1":"product","2":"type-product","3":"status-publish","4":"has-post-thumbnail","6":"product_cat-csatlakoztathato-jeladok","7":"product_cat-triomed","9":"first","10":"instock","11":"taxable","12":"shipping-taxable","13":"purchasable","14":"product-type-simple"},"_links":{"self":[{"href":"https:\/\/vetomshop.hu\/cs\/wp-json\/wp\/v2\/product\/4733","targetHints":{"allow":["GET"]}}],"collection":[{"href":"https:\/\/vetomshop.hu\/cs\/wp-json\/wp\/v2\/product"}],"about":[{"href":"https:\/\/vetomshop.hu\/cs\/wp-json\/wp\/v2\/types\/product"}],"replies":[{"embeddable":true,"href":"https:\/\/vetomshop.hu\/cs\/wp-json\/wp\/v2\/comments?post=4733"}],"wp:featuredmedia":[{"embeddable":true,"href":"https:\/\/vetomshop.hu\/cs\/wp-json\/wp\/v2\/media\/4729"}],"wp:attachment":[{"href":"https:\/\/vetomshop.hu\/cs\/wp-json\/wp\/v2\/media?parent=4733"}],"wp:term":[{"taxonomy":"product_brand","embeddable":true,"href":"https:\/\/vetomshop.hu\/cs\/wp-json\/wp\/v2\/product_brand?post=4733"},{"taxonomy":"product_cat","embeddable":true,"href":"https:\/\/vetomshop.hu\/cs\/wp-json\/wp\/v2\/product_cat?post=4733"},{"taxonomy":"product_tag","embeddable":true,"href":"https:\/\/vetomshop.hu\/cs\/wp-json\/wp\/v2\/product_tag?post=4733"}],"curies":[{"name":"wp","href":"https:\/\/api.w.org\/{rel}","templated":true}]}}