{"id":4737,"date":"2023-11-11T14:33:59","date_gmt":"2023-11-11T13:33:59","guid":{"rendered":"https:\/\/vetomshop.hu\/termek\/trio-men-jelado\/"},"modified":"2023-11-11T14:33:59","modified_gmt":"2023-11-11T13:33:59","slug":"trio-men-jelado","status":"publish","type":"product","link":"https:\/\/vetomshop.hu\/cs\/produkt\/trio-men-jelado\/","title":{"rendered":"Maj\u00e1k pro trojici mu\u017e\u016f"},"content":{"rendered":"<h4>Speci\u00e1ln\u00ed emitor Trio-men<\/h4>\n<p>Pro mu\u017ee \u010d. 23.<\/p>\n<p>Je ur\u010den k: optimalizaci funk\u010dn\u00edch rezerv a schopnosti lidsk\u00e9ho organismu p\u0159izp\u016fsobit se negativn\u00edm vliv\u016fm prost\u0159ed\u00ed, \u017eivotn\u00edmu stylu nebo nemoci.<br \/>\nKategorie zam\u011bstnanc\u016f: mu\u017ei.<\/p>\n<p><strong>Dopad:<\/strong> obecn\u00fd posiluj\u00edc\u00ed \u00fa\u010dinek specifick\u00fd pro pohlav\u00ed (psychoemocion\u00e1ln\u00ed \u00farove\u0148, neurohumor\u00e1ln\u00ed regulace).<\/p>\n<p><strong>Mechanismus \u00fa\u010dinku:<\/strong> Program (nosn\u00e1 frekvence, n\u00edzkofrekven\u010dn\u00ed modulace a parametry amplitudy) byl navr\u017een speci\u00e1ln\u011b pro mu\u017esk\u00fd org\u00e1n, aby mu pom\u00e1hal p\u0159i pou\u017eit\u00ed v syst\u00e9mu.<\/p>\n<p>Pomoc\u00ed Trio-men 23. z\u00e1\u0159iv\u00e9 k\u00fary m\u016f\u017eeme normalizovat trofick\u00e9 a metabolick\u00e9 procesy v tk\u00e1n\u00edch a bu\u0148k\u00e1ch, regenerovat jejich strukturu, zlep\u0161it fungov\u00e1n\u00ed organismu syst\u00e9mov\u011b i celkov\u011b, zv\u00fd\u0161it specifickou odolnost organismu.<\/p>\n<p>Pozitivn\u00ed v\u00fdsledky jsou zp\u016fsobeny biorezonan\u010dn\u00ed zp\u011btnou vazbou z bun\u011bk, atom\u00e1rn\u00edm fyziologick\u00fdm syst\u00e9mem a neurohumor\u00e1ln\u00edm regula\u010dn\u00edm syst\u00e9mem, jako\u017e i aktivac\u00ed adapta\u010dn\u00edho mechanismu (obecn\u00fd adapta\u010dn\u00ed syndrom).<\/p>\n<div class=\"su-spoiler su-spoiler-style-defoult su-spoiler-icon-caret su-spoiler-closed\" data-scroll-offset=\"0\" data-anchor-in-url=\"no\"><div class=\"su-spoiler-title\" tabindex=\"0\" role=\"button\"><span class=\"su-spoiler-icon\"><\/span>V\u0161echny<\/div><div class=\"su-spoiler-content su-u-clearfix su-u-trim\">\n<strong>Doporu\u010deno pro:<\/strong><\/p>\n<ol>\n<li>Pro sn\u00ed\u017eenou pracovn\u00ed schopnost a n\u00e1ladovost, psycho-emocion\u00e1ln\u00ed nestabilitu, nespavost jako d\u016fsledek chronick\u00e9 \u00fanavy.<\/li>\n<li>Onemocn\u011bn\u00ed prostaty, mu\u017esk\u00e1 menopauza.<\/li>\n<li>B\u011b\u017en\u00e9 nachlazen\u00ed a ch\u0159ipka.<\/li>\n<li>celkov\u00e9 oslaben\u00ed imunitn\u00edho syst\u00e9mu po z\u00e1va\u017en\u00e9m onemocn\u011bn\u00ed, pro rehabilitaci<\/li>\n<\/ol>\n<\/div><\/div>","protected":false},"excerpt":{"rendered":"<p>Speci\u00e1lis Trio-men sug\u00e1rz\u00f3 F\u00e9rfiak sz\u00e1m\u00e1ra, 23. sz. Javallott: a funkcion\u00e1lis tartal\u00e9kok \u00e9s az emberi szervezet adapt\u00e1ci\u00f3s lehet\u0151s\u00e9geinek optimiz\u00e1l\u00e1s\u00e1hoz, melyek a negat\u00edv k\u00f6rnyezeti hat\u00e1sok, \u00e9letm\u00f3d vagy betegs\u00e9g k\u00f6vetkezt\u00e9ben l\u00e9ptek fel. Az alkalmaz\u00f3k kateg\u00f3ri\u00e1ja: f\u00e9rfiak. Hat\u00e1sa: a nemi hovatartoz\u00e1st figyelembe vev\u0151 \u00e1ltal\u00e1nos er\u0151s\u00edt\u0151 hat\u00e1s (pszichoemocion\u00e1lis szint, neurohumor\u00e1lis regul\u00e1ci\u00f3). Hat\u00e1smechanizmus: A program (hordoz\u00f3 frekvencia, alacsony frekvenci\u00e1j\u00fa modul\u00e1ci\u00f3 \u00e9s [&hellip;]<\/p>\n","protected":false},"featured_media":4736,"comment_status":"open","ping_status":"closed","template":"","meta":[],"product_brand":[],"product_cat":[35,32],"product_tag":[],"class_list":{"0":"post-4737","1":"product","2":"type-product","3":"status-publish","4":"has-post-thumbnail","6":"product_cat-csatlakoztathato-jeladok","7":"product_cat-triomed","9":"first","10":"instock","11":"taxable","12":"shipping-taxable","13":"purchasable","14":"product-type-simple"},"_links":{"self":[{"href":"https:\/\/vetomshop.hu\/cs\/wp-json\/wp\/v2\/product\/4737","targetHints":{"allow":["GET"]}}],"collection":[{"href":"https:\/\/vetomshop.hu\/cs\/wp-json\/wp\/v2\/product"}],"about":[{"href":"https:\/\/vetomshop.hu\/cs\/wp-json\/wp\/v2\/types\/product"}],"replies":[{"embeddable":true,"href":"https:\/\/vetomshop.hu\/cs\/wp-json\/wp\/v2\/comments?post=4737"}],"wp:featuredmedia":[{"embeddable":true,"href":"https:\/\/vetomshop.hu\/cs\/wp-json\/wp\/v2\/media\/4736"}],"wp:attachment":[{"href":"https:\/\/vetomshop.hu\/cs\/wp-json\/wp\/v2\/media?parent=4737"}],"wp:term":[{"taxonomy":"product_brand","embeddable":true,"href":"https:\/\/vetomshop.hu\/cs\/wp-json\/wp\/v2\/product_brand?post=4737"},{"taxonomy":"product_cat","embeddable":true,"href":"https:\/\/vetomshop.hu\/cs\/wp-json\/wp\/v2\/product_cat?post=4737"},{"taxonomy":"product_tag","embeddable":true,"href":"https:\/\/vetomshop.hu\/cs\/wp-json\/wp\/v2\/product_tag?post=4737"}],"curies":[{"name":"wp","href":"https:\/\/api.w.org\/{rel}","templated":true}]}}