{"id":4739,"date":"2023-11-11T14:34:00","date_gmt":"2023-11-11T13:34:00","guid":{"rendered":"https:\/\/vetomshop.hu\/termek\/trio-women-jelado\/"},"modified":"2023-11-11T14:34:00","modified_gmt":"2023-11-11T13:34:00","slug":"trio-women-jelado","status":"publish","type":"product","link":"https:\/\/vetomshop.hu\/cs\/produkt\/trio-women-jelado\/","title":{"rendered":"Maj\u00e1k pro t\u0159i \u017eeny"},"content":{"rendered":"<h4>Speci\u00e1ln\u00ed trio-\u017eensk\u00fd radi\u00e1tor<\/h4>\n<p>Pro \u017eeny, \u010d. 8.<\/p>\n<p>Doporu\u010duje se: optimalizovat funk\u010dn\u00ed rezervy a adapta\u010dn\u00ed schopnosti lidsk\u00e9ho organismu v d\u016fsledku negativn\u00edch vliv\u016f prost\u0159ed\u00ed, \u017eivotn\u00edho stylu nebo nemoci.<\/p>\n<p><strong>Doporu\u010deno pro: <\/strong>pro d\u00edvky, \u017eeny.<\/p>\n<p><strong>Dopad:<\/strong> celkov\u00fd \u00fa\u010dinek na podporu zdrav\u00ed s ohledem na vlastnosti \u017eensk\u00e9ho organismu (psycho-emocion\u00e1ln\u00ed oblast, neurohumor\u00e1ln\u00ed regulace).<\/p>\n<p><strong>Mechanismus \u00fa\u010dinku:<\/strong> Program (nosn\u00e1 frekvence, n\u00edzkofrekven\u010dn\u00ed modulace a amplitudov\u00e9 parametry) byl speci\u00e1ln\u011b navr\u017een tak, aby p\u0159i pou\u017eit\u00ed v syst\u00e9mu pom\u00e1hal \u017eensk\u00e9mu t\u011blu.<\/p>\n<p>Aplikace radioterapie v pr\u016fb\u011bhu l\u00e9\u010dby normalizuje trofick\u00e9 a metabolick\u00e9 procesy v bu\u0148k\u00e1ch a tk\u00e1n\u00edch, regeneruje je, m\u00e1 celkov\u00fd harmoniza\u010dn\u00ed \u00fa\u010dinek na org\u00e1ny, org\u00e1nov\u00e9 syst\u00e9my a t\u011blo jako celek a zvy\u0161uje nespecifickou odolnost organismu. Pozitivn\u00ed v\u00fdsledky jsou zp\u016fsobeny biorezonan\u010dn\u00ed zp\u011btnou vazbou od bun\u011bk, atom\u00e1rn\u00edho fyziologick\u00e9ho syst\u00e9mu a neurogumor\u00e1ln\u00edho regula\u010dn\u00edho syst\u00e9mu na jedn\u00e9 stran\u011b a aktivac\u00ed adapta\u010dn\u00edho mechanismu (obecn\u00fd adapta\u010dn\u00ed syndrom) na stran\u011b druh\u00e9.<\/p>\n<div class=\"su-spoiler su-spoiler-style-defoult su-spoiler-icon-caret su-spoiler-closed\" data-scroll-offset=\"0\" data-anchor-in-url=\"no\"><div class=\"su-spoiler-title\" tabindex=\"0\" role=\"button\"><span class=\"su-spoiler-icon\"><\/span>V\u0161echny<\/div><div class=\"su-spoiler-content su-u-clearfix su-u-trim\">\n<p><strong>Doporu\u010deno pro:<\/strong><\/p>\n<ol>\n<li>Pro sn\u00ed\u017eenou pracovn\u00ed schopnost a n\u00e1ladovost, psycho-emocion\u00e1ln\u00ed nestabilitu, nespavost jako d\u016fsledek chronick\u00e9 \u00fanavy.<\/li>\n<li>K l\u00e9\u010db\u011b a prevenci poruch \u017eensk\u00fdch pohlavn\u00edch org\u00e1n\u016f a nep\u0159\u00edjemn\u00fdch p\u0159\u00edznak\u016f prov\u00e1zej\u00edc\u00edch menopauzu a k pos\u00edlen\u00ed plodnosti a sexu\u00e1ln\u00edho zdrav\u00ed.<\/li>\n<li>\u010cast\u00e9 p\u0159i nachlazen\u00ed.<\/li>\n<li>Specifick\u00e1 prevence ch\u0159ipky a nachlazen\u00ed.<\/li>\n<li>Oslaben\u00ed imunitn\u00edho syst\u00e9mu b\u011bhem zotavov\u00e1n\u00ed nebo rehabilitace po nemoci.<\/li>\n<\/ol>\n<\/div><\/div>","protected":false},"excerpt":{"rendered":"<p>Speci\u00e1lis Trio-Women sug\u00e1rz\u00f3 N\u0151k sz\u00e1m\u00e1ra, 8.sz. Javasolt: a funkcion\u00e1lis tartal\u00e9kok \u00e9s az emberi szervezet adapt\u00e1ci\u00f3s lehet\u0151s\u00e9geinek optimiz\u00e1l\u00e1s\u00e1hoz, melyek a negat\u00edv k\u00f6rnyezeti hat\u00e1sok, \u00e9letm\u00f3d vagy betegs\u00e9g k\u00f6vetkezt\u00e9ben l\u00e9ptek fel. Aj\u00e1nlott: l\u00e1nyok, n\u0151k sz\u00e1m\u00e1ra. Hat\u00e1sa: a n\u0151i szervezet jellemz\u0151it figyelembe vev\u0151 (pszicho-emocion\u00e1lis szf\u00e9ra, neurohumor\u00e1lis szab\u00e1lyoz\u00e1s) \u00e1ltal\u00e1nos eg\u00e9szs\u00e9gmeger\u0151s\u00edt\u0151 hat\u00e1s. Hat\u00e1smechanizmus: A program (hordoz\u00f3 frekvencia, alacsony frekvenci\u00e1j\u00fa modul\u00e1ci\u00f3 \u00e9s [&hellip;]<\/p>\n","protected":false},"featured_media":4738,"comment_status":"open","ping_status":"closed","template":"","meta":[],"product_brand":[],"product_cat":[35,32],"product_tag":[],"class_list":{"0":"post-4739","1":"product","2":"type-product","3":"status-publish","4":"has-post-thumbnail","6":"product_cat-csatlakoztathato-jeladok","7":"product_cat-triomed","9":"first","10":"instock","11":"taxable","12":"shipping-taxable","13":"purchasable","14":"product-type-simple"},"_links":{"self":[{"href":"https:\/\/vetomshop.hu\/cs\/wp-json\/wp\/v2\/product\/4739","targetHints":{"allow":["GET"]}}],"collection":[{"href":"https:\/\/vetomshop.hu\/cs\/wp-json\/wp\/v2\/product"}],"about":[{"href":"https:\/\/vetomshop.hu\/cs\/wp-json\/wp\/v2\/types\/product"}],"replies":[{"embeddable":true,"href":"https:\/\/vetomshop.hu\/cs\/wp-json\/wp\/v2\/comments?post=4739"}],"wp:featuredmedia":[{"embeddable":true,"href":"https:\/\/vetomshop.hu\/cs\/wp-json\/wp\/v2\/media\/4738"}],"wp:attachment":[{"href":"https:\/\/vetomshop.hu\/cs\/wp-json\/wp\/v2\/media?parent=4739"}],"wp:term":[{"taxonomy":"product_brand","embeddable":true,"href":"https:\/\/vetomshop.hu\/cs\/wp-json\/wp\/v2\/product_brand?post=4739"},{"taxonomy":"product_cat","embeddable":true,"href":"https:\/\/vetomshop.hu\/cs\/wp-json\/wp\/v2\/product_cat?post=4739"},{"taxonomy":"product_tag","embeddable":true,"href":"https:\/\/vetomshop.hu\/cs\/wp-json\/wp\/v2\/product_tag?post=4739"}],"curies":[{"name":"wp","href":"https:\/\/api.w.org\/{rel}","templated":true}]}}