{"id":4741,"date":"2023-11-11T14:34:00","date_gmt":"2023-11-11T13:34:00","guid":{"rendered":"https:\/\/vetomshop.hu\/termek\/sigma-medal\/"},"modified":"2023-11-11T14:34:00","modified_gmt":"2023-11-11T13:34:00","slug":"sigma-medal","status":"publish","type":"product","link":"https:\/\/vetomshop.hu\/cs\/produkt\/sigma-medal\/","title":{"rendered":"Medaile Sigma"},"content":{"rendered":"<p>A <strong>Zdravotn\u00ed medaile SIGMA<\/strong> je obnovit norm\u00e1ln\u00ed fyziologick\u00e9 procesy vlasov\u00fdch folikul\u016f, zv\u00fd\u0161it jejich odolnost v\u016f\u010di nep\u0159\u00edzniv\u00fdm faktor\u016fm prost\u0159ed\u00ed a zv\u00fd\u0161en\u00e9mu stresu, prodlou\u017eit f\u00e1zi r\u016fstu vlas\u016f a t\u00edm zv\u00fd\u0161it celkovou hustotu vlas\u016f.<\/p>\n<p><strong>\u00da\u010dinky:<\/strong><\/p>\n<ul>\n<li>normalizuje krevn\u00ed ob\u011bh, imunitn\u00ed stav a metabolismus vlasov\u00fdch folikul\u016f, \u010d\u00edm\u017e zabra\u0148uje vzniku atrofie;<\/li>\n<li>sni\u017euje z\u00e1va\u017enost z\u00e1n\u011btliv\u00fdch proces\u016f v k\u016f\u017ei a vlasov\u00fdch folikulech;<\/li>\n<li>pom\u00e1h\u00e1 normalizovat metabolick\u00e9 procesy v k\u016f\u017ei a v cel\u00e9m t\u011ble; zabra\u0148uje vzniku alopecie areata (vypad\u00e1v\u00e1n\u00ed vlas\u016f).<\/li>\n<\/ul>\n<p>Zdravotn\u00ed p\u0159\u00edv\u011bsek SIGMA m\u00e1 pozitivn\u00ed vliv na stav t\u011blesn\u00fdch funkc\u00ed, m\u016f\u017ee b\u00fdt pou\u017eit jako n\u00e1stroj pro optimalizaci a korekci v kombinaci s dal\u0161\u00edmi zp\u016fsoby l\u00e9\u010dby alopecie (vypad\u00e1v\u00e1n\u00ed vlas\u016f).<br \/>\na dal\u0161\u00ed metody prevence.<\/p>\n<div class=\"su-spoiler su-spoiler-style-defoult su-spoiler-icon-caret su-spoiler-closed\" data-scroll-offset=\"0\" data-anchor-in-url=\"no\"><div class=\"su-spoiler-title\" tabindex=\"0\" role=\"button\"><span class=\"su-spoiler-icon\"><\/span>V\u0161echny<\/div><div class=\"su-spoiler-content su-u-clearfix su-u-trim\">\n<p><strong>Typy nerovnom\u011brn\u00e9ho vypad\u00e1v\u00e1n\u00ed vlas\u016f:<\/strong><\/p>\n<p>Podle rozsahu vypad\u00e1v\u00e1n\u00ed vlas\u016f se d\u011bl\u00ed na n\u00e1sleduj\u00edc\u00ed typy:<\/p>\n<ul>\n<li>Alopecia areata unilocularis: vlasy vypad\u00e1vaj\u00ed pouze v jednom m\u00edst\u011b<\/li>\n<li>Alopecia areata multilocularis: mnoho\u010detn\u00e9 jizvy<\/li>\n<li>Alopecia areata subtotalis: vlasy vypad\u00e1vaj\u00ed t\u00e9m\u011b\u0159 po cel\u00e9 poko\u017ece hlavy3<\/li>\n<li>Alopecia areata totalis: vypad\u00e1vaj\u00ed v\u0161echny vlasy na hlav\u011b Alopecia areata universalis: vypad\u00e1v\u00e1n\u00ed vlas\u016f postihuje poko\u017eku hlavy a cel\u00e9 t\u011blo.<\/li>\n<li>Typ ofi\u00e1zy: specifick\u00e1 forma alopecie, pro kterou je charakteristick\u00e9 vypad\u00e1v\u00e1n\u00ed vlas\u016f p\u0159edev\u0161\u00edm z vn\u011bj\u0161\u00edch \u010d\u00e1st\u00ed poko\u017eky hlavy, obvykle ze zadn\u00ed \u010d\u00e1sti hlavy, n\u011bkdy i z k\u016f\u017ee.<br \/>\nze sp\u00e1nk\u016f nebo \u010dela.<\/li>\n<\/ul>\n<p>Krom\u011b v\u00fd\u0161e uveden\u00fdch typ\u016f lze SIGMA Medallion pou\u017e\u00edt v p\u0159\u00edpadech vypad\u00e1v\u00e1n\u00ed vlas\u016f zp\u016fsoben\u00e9ho chemoterapi\u00ed, radioterapi\u00ed nebo endokrinn\u00ed dysfunkc\u00ed.<\/p>\n<\/div><\/div>","protected":false},"excerpt":{"rendered":"<p>A SIGMA Eg\u00e9szs\u00e9g Med\u00e1l feladata a sz\u0151rt\u00fcsz\u0151k norm\u00e1l fiziol\u00f3giai folyamatainak helyre\u00e1ll\u00edt\u00e1sa, a kedvez\u0151tlen k\u00f6rnyezeti t\u00e9nyez\u0151kkel \u00e9s a megn\u00f6vekedett stresszterhel\u00e9ssel szembeni ellen\u00e1ll\u00f3 k\u00e9pess\u00e9g\u00fck n\u00f6vel\u00e9se, a hajn\u00f6veked\u00e9s szakasz\u00e1nak meghosszabb\u00edt\u00e1sa, ez\u00e1ltal a teljes hajs\u0171r\u0171s\u00e9g n\u00f6vel\u00e9se. Hat\u00e1sok: normaliz\u00e1lja a v\u00e9rkering\u00e9st, az immun\u00e1llapotot \u00e9s az anyagcser\u00e9t a sz\u0151rt\u00fcsz\u0151kben, megel\u0151zve az atr\u00f3fia kialakul\u00e1s\u00e1t; cs\u00f6kkenti a b\u0151r \u00e9s a sz\u0151rt\u00fcsz\u0151k gyullad\u00e1sos folyamatainak [&hellip;]<\/p>\n","protected":false},"featured_media":4740,"comment_status":"open","ping_status":"closed","template":"","meta":[],"product_brand":[],"product_cat":[33,32],"product_tag":[],"class_list":{"0":"post-4741","1":"product","2":"type-product","3":"status-publish","4":"has-post-thumbnail","6":"product_cat-egeszseg-medalok","7":"product_cat-triomed","9":"first","10":"instock","11":"taxable","12":"shipping-taxable","13":"purchasable","14":"product-type-simple"},"_links":{"self":[{"href":"https:\/\/vetomshop.hu\/cs\/wp-json\/wp\/v2\/product\/4741","targetHints":{"allow":["GET"]}}],"collection":[{"href":"https:\/\/vetomshop.hu\/cs\/wp-json\/wp\/v2\/product"}],"about":[{"href":"https:\/\/vetomshop.hu\/cs\/wp-json\/wp\/v2\/types\/product"}],"replies":[{"embeddable":true,"href":"https:\/\/vetomshop.hu\/cs\/wp-json\/wp\/v2\/comments?post=4741"}],"wp:featuredmedia":[{"embeddable":true,"href":"https:\/\/vetomshop.hu\/cs\/wp-json\/wp\/v2\/media\/4740"}],"wp:attachment":[{"href":"https:\/\/vetomshop.hu\/cs\/wp-json\/wp\/v2\/media?parent=4741"}],"wp:term":[{"taxonomy":"product_brand","embeddable":true,"href":"https:\/\/vetomshop.hu\/cs\/wp-json\/wp\/v2\/product_brand?post=4741"},{"taxonomy":"product_cat","embeddable":true,"href":"https:\/\/vetomshop.hu\/cs\/wp-json\/wp\/v2\/product_cat?post=4741"},{"taxonomy":"product_tag","embeddable":true,"href":"https:\/\/vetomshop.hu\/cs\/wp-json\/wp\/v2\/product_tag?post=4741"}],"curies":[{"name":"wp","href":"https:\/\/api.w.org\/{rel}","templated":true}]}}