{"id":4743,"date":"2023-11-11T14:34:00","date_gmt":"2023-11-11T13:34:00","guid":{"rendered":"https:\/\/vetomshop.hu\/termek\/siker-medal\/"},"modified":"2023-11-11T14:34:00","modified_gmt":"2023-11-11T13:34:00","slug":"siker-medal","status":"publish","type":"product","link":"https:\/\/vetomshop.hu\/cs\/produkt\/siker-medal\/","title":{"rendered":"Medaile za \u00fasp\u011bch"},"content":{"rendered":"<h4>Medaile za \u00fasp\u011bch pro d\u011bti<\/h4>\n<p><strong>\u00da\u010del:<\/strong><\/p>\n<p>Kognitivn\u00ed funkce (pozn\u00e1vac\u00ed procesy) -<\/p>\n<ol>\n<li>pozornost, pozorov\u00e1n\u00ed<\/li>\n<li>detekce-detekce<\/li>\n<li>pam\u011b\u0165<\/li>\n<li>funkce my\u0161len\u00ed<\/li>\n<\/ol>\n<p>- jako dopl\u0148kov\u00fd n\u00e1stroj, kter\u00fd pom\u00e1h\u00e1 aktivovat, p\u016fsob\u00ed proti \u00fanav\u011b z u\u010den\u00ed a zlep\u0161uje emo\u010dn\u00ed pohodu.<\/p>\n<p>Podporuje zotaven\u00ed z v\u00fdrazn\u00e9ho informa\u010dn\u00edho p\u0159et\u00ed\u017een\u00ed, p\u0159edch\u00e1z\u00ed syndromu chronick\u00e9 \u00fanavy a vy\u010derp\u00e1n\u00ed.<\/p>\n<div class=\"su-spoiler su-spoiler-style-defoult su-spoiler-icon-caret su-spoiler-closed\" data-scroll-offset=\"0\" data-anchor-in-url=\"no\"><div class=\"su-spoiler-title\" tabindex=\"0\" role=\"button\"><span class=\"su-spoiler-icon\"><\/span>V\u0161echny<\/div><div class=\"su-spoiler-content su-u-clearfix su-u-trim\">\n<h4>Kr\u00e1tk\u00fd popis<\/h4>\n<p>Informace zaznamenan\u00e9 na elektronick\u00e9m nosi\u010di informac\u00ed - medaili zdrav\u00ed SIKER - odpov\u00eddaj\u00ed spektru elektromagnetick\u00fdch vibrac\u00ed bun\u011bk a tk\u00e1n\u00ed centr\u00e1ln\u00ed nervov\u00e9 soustavy a vibrac\u00edm (elektromagnetick\u00e9mu spektru) antihomotoxick\u00fdch l\u00e1tek, kter\u00e9 zvy\u0161uj\u00ed du\u0161evn\u00ed pracovn\u00ed kapacitu, antistresovou stabilitu student\u016f a du\u0161evn\u011b pracuj\u00edc\u00edch a udr\u017euj\u00ed optim\u00e1ln\u00ed psycho-emo\u010dn\u00ed z\u00e1zem\u00ed. \u010cinnost student\u016f je prov\u00e1zena vysokou intenzitou du\u0161evn\u00edch proces\u016f v podm\u00ednk\u00e1ch \u010dasov\u00e9ho tlaku a vysok\u00e9 hustoty informac\u00ed, kter\u00e9 maj\u00ed charakter stresu. My\u0161len\u00ed zahrnuje aktivn\u00ed aspekty pozn\u00e1v\u00e1n\u00ed: pozornost, vn\u00edm\u00e1n\u00ed, asocia\u010dn\u00ed procesy, tvorbu pojm\u016f a hodnocen\u00ed, slo\u017eku re\u00e1ln\u00e9 \u010dinnosti soci\u00e1ln\u00edho \u010dlov\u011bka.<\/p>\n<p>My\u0161len\u00ed souvis\u00ed s \u010dinnost\u00ed mozku, ale schopnost abstraktn\u00edho my\u0161len\u00ed vych\u00e1z\u00ed z osvojen\u00ed praktick\u00e9 existence, jazykov\u00fdch pravidel, logiky, kultury. My\u0161len\u00ed se odehr\u00e1v\u00e1 v r\u016fzn\u00fdch form\u00e1ch intelektu\u00e1ln\u00ed a praktick\u00e9 \u010dinnosti, v jej\u00edm\u017e pr\u016fb\u011bhu doch\u00e1z\u00ed k zobec\u0148ov\u00e1n\u00ed a agregaci pozn\u00e1vac\u00edch zku\u0161enost\u00ed lid\u00ed. My\u0161len\u00ed je pova\u017eov\u00e1no za zdroj a z\u00e1kladn\u00ed prost\u0159edek skute\u010dn\u00e9 lidsk\u00e9 existence.<\/p>\n<\/div><\/div>","protected":false},"excerpt":{"rendered":"<p>Siker Med\u00e1l gyerekeknek Rendeltet\u00e9se: A kognit\u00edv funkci\u00f3k (megismer\u0151 folyamatok) &#8211; figyelem, megfigyel\u0151k\u00e9pess\u00e9g \u00e9rz\u00e9kel\u00e9s-\u00e9szlel\u00e9s eml\u00e9kezet gondolkod\u00e1si funkci\u00f3k &#8211; aktiv\u00e1l\u00e1s\u00e1t seg\u00edt\u0151, a tanul\u00e1st k\u00eds\u00e9r\u0151 f\u00e1radts\u00e1g ellens\u00falyoz\u00e1s\u00e1t \u00e9s az emocion\u00e1lis k\u00f6z\u00e9rzet jav\u00edt\u00e1s\u00e1t szolg\u00e1l\u00f3 kieg\u00e9sz\u00edt\u0151 eszk\u00f6z. T\u00e1mogatja a jelent\u0151s inform\u00e1ci\u00f3s megterhel\u00e9s ut\u00e1ni helyre\u00e1ll\u00edt\u00e1st, a kr\u00f3nikus f\u00e1radts\u00e1g \u00e9s kimer\u00fclts\u00e9g szindr\u00f3ma megel\u0151z\u00e9s\u00e9t.<\/p>","protected":false},"featured_media":4742,"comment_status":"open","ping_status":"closed","template":"","meta":[],"product_brand":[],"product_cat":[33,32],"product_tag":[],"class_list":{"0":"post-4743","1":"product","2":"type-product","3":"status-publish","4":"has-post-thumbnail","6":"product_cat-egeszseg-medalok","7":"product_cat-triomed","9":"first","10":"instock","11":"taxable","12":"shipping-taxable","13":"purchasable","14":"product-type-simple"},"_links":{"self":[{"href":"https:\/\/vetomshop.hu\/cs\/wp-json\/wp\/v2\/product\/4743","targetHints":{"allow":["GET"]}}],"collection":[{"href":"https:\/\/vetomshop.hu\/cs\/wp-json\/wp\/v2\/product"}],"about":[{"href":"https:\/\/vetomshop.hu\/cs\/wp-json\/wp\/v2\/types\/product"}],"replies":[{"embeddable":true,"href":"https:\/\/vetomshop.hu\/cs\/wp-json\/wp\/v2\/comments?post=4743"}],"wp:featuredmedia":[{"embeddable":true,"href":"https:\/\/vetomshop.hu\/cs\/wp-json\/wp\/v2\/media\/4742"}],"wp:attachment":[{"href":"https:\/\/vetomshop.hu\/cs\/wp-json\/wp\/v2\/media?parent=4743"}],"wp:term":[{"taxonomy":"product_brand","embeddable":true,"href":"https:\/\/vetomshop.hu\/cs\/wp-json\/wp\/v2\/product_brand?post=4743"},{"taxonomy":"product_cat","embeddable":true,"href":"https:\/\/vetomshop.hu\/cs\/wp-json\/wp\/v2\/product_cat?post=4743"},{"taxonomy":"product_tag","embeddable":true,"href":"https:\/\/vetomshop.hu\/cs\/wp-json\/wp\/v2\/product_tag?post=4743"}],"curies":[{"name":"wp","href":"https:\/\/api.w.org\/{rel}","templated":true}]}}