{"id":4745,"date":"2023-11-11T14:34:01","date_gmt":"2023-11-11T13:34:01","guid":{"rendered":"https:\/\/vetomshop.hu\/termek\/solo-medal\/"},"modified":"2023-11-11T14:34:01","modified_gmt":"2023-11-11T13:34:01","slug":"solo-medal","status":"publish","type":"product","link":"https:\/\/vetomshop.hu\/cs\/produkt\/solo-medal\/","title":{"rendered":"S\u00f3lo p\u0159\u00edv\u011bsek"},"content":{"rendered":"<h4>Zdravotn\u00ed medaile SOLO<\/h4>\n<p><strong>Hlavn\u00ed funkce:<\/strong><\/p>\n<p>Solo Medal je dopl\u0148kov\u00fdm n\u00e1strojem na podporu obrann\u00fdch mechanism\u016f organismu a aktivaci imunitn\u00edho syst\u00e9mu.<\/p>\n<p>Nejv\u00edce pom\u00e1h\u00e1 p\u0159i virov\u00fdch a bakteri\u00e1ln\u00edch infekc\u00edch.<\/p>\n<p><strong>Dopad:<\/strong><\/p>\n<ul>\n<li>k podpo\u0159e pos\u00edlen\u00ed imunitn\u00edho syst\u00e9mu, ke sn\u00ed\u017een\u00ed reakce na alergeny,<\/li>\n<li>podpora zotaven\u00ed z virov\u00fdch onemocn\u011bn\u00ed,<\/li>\n<li>podpora odstra\u0148ov\u00e1n\u00ed toxick\u00fdch l\u00e1tek,<\/li>\n<li>podporuj\u00ed antibakteri\u00e1ln\u00ed a antivirov\u00e9 \u00fa\u010dinky.<\/li>\n<\/ul>\n<p><strong>Kdy ji pou\u017e\u00edt?<\/strong><\/p>\n<div class=\"su-spoiler su-spoiler-style-defoult su-spoiler-icon-caret su-spoiler-closed\" data-scroll-offset=\"0\" data-anchor-in-url=\"no\"><div class=\"su-spoiler-title\" tabindex=\"0\" role=\"button\"><span class=\"su-spoiler-icon\"><\/span>V\u0161echny<\/div><div class=\"su-spoiler-content su-u-clearfix su-u-trim\">\nSolo Pendant m\u00e1 pozitivn\u00ed vliv na funk\u010dn\u00ed fungov\u00e1n\u00ed organismu a m\u016f\u017ee b\u00fdt pou\u017eit jako dal\u0161\u00ed korek\u010dn\u00ed a optimaliza\u010dn\u00ed n\u00e1stroj p\u0159i prevenci a l\u00e9\u010db\u011b n\u00e1sleduj\u00edc\u00edch onemocn\u011bn\u00ed:<\/p>\n<ul>\n<li>u bakteri\u00e1ln\u00edch a virov\u00fdch onemocn\u011bn\u00ed horn\u00edch cest d\u00fdchac\u00edch;<\/li>\n<li>u z\u00e1n\u011btliv\u00fdch onemocn\u011bn\u00ed, p\u0159\u00edpad\u016f bakteri\u00e1ln\u011b-alergick\u00e9 povahy, r\u00fdmy, faryngitidy, laryngitidy, bronchitidy;<\/li>\n<li>v po\u010d\u00e1te\u010dn\u00edch stadi\u00edch autoimunitn\u00edch onemocn\u011bn\u00ed (bronchi\u00e1ln\u00ed astma, astmatick\u00e1 bronchitida, revmatoidn\u00ed artritida, pyelo- a glumerulonefritida - nefritida, autoimunitn\u00ed onemocn\u011bn\u00ed \u0161t\u00edtn\u00e9 \u017el\u00e1zy, onemocn\u011bn\u00ed srde\u010dn\u00edch chlopn\u00ed v d\u016fsledku revmatismu, endoteli\u00e1ln\u00ed c\u00e9vn\u00ed onemocn\u011bn\u00ed, streptokokov\u00e1 a stafylokokov\u00e1 dermatitida).<\/li>\n<\/ul>\n<p>D\u016fle\u017eit\u00e9 upozorn\u011bn\u00ed: pokud se u v\u00e1s objev\u00ed p\u0159\u00edznaky onemocn\u011bn\u00ed horn\u00edch a doln\u00edch cest d\u00fdchac\u00edch, vyhledejte l\u00e9ka\u0159skou pomoc. P\u0159\u00edpravek Solo Medal pou\u017e\u00edvejte jako dopl\u0148kov\u00fd prost\u0159edek k l\u00e9\u010debn\u00fdm metod\u00e1m doporu\u010den\u00fdm l\u00e9ka\u0159em, abyste podpo\u0159ili sv\u00e9 uzdraven\u00ed.<\/p>\n<\/div><\/div>","protected":false},"excerpt":{"rendered":"<p>SOLO Eg\u00e9szs\u00e9g Med\u00e1l F\u0151 funkci\u00f3i: A Solo Med\u00e1l kieg\u00e9sz\u00edt\u0151 eszk\u00f6z, mely a szervezet v\u00e9dekez\u0151 mechanizmusait \u00e9s az immunrendszer aktiv\u00e1l\u00e1s\u00e1t t\u00e1mogatja. V\u00edrusos \u00e9s bakteri\u00e1lis fert\u0151z\u00e9sek eset\u00e9n ny\u00fajtja a legnagyobb seg\u00edts\u00e9get. Hat\u00e1sa: immunrendszer er\u0151s\u00edt\u00e9s\u00e9nek t\u00e1mogat\u00e1sa, az allerg\u00e9nekre val\u00f3 cs\u00f6kkent reakci\u00f3 el\u00e9r\u00e9s\u00e9nek t\u00e1mogat\u00e1sa, a v\u00edrusos megbeteged\u00e9sek gy\u00f3gyul\u00e1s\u00e1nak t\u00e1mogat\u00e1sa, a toxikus anyagok kivezet\u00e9s\u00e9nek t\u00e1mogat\u00e1sa, antibakteri\u00e1lis \u00e9s v\u00edrus\u00f6l\u0151 hat\u00e1s t\u00e1mogat\u00e1sa. [&hellip;]<\/p>\n","protected":false},"featured_media":4744,"comment_status":"open","ping_status":"closed","template":"","meta":[],"product_brand":[],"product_cat":[33,32],"product_tag":[],"class_list":{"0":"post-4745","1":"product","2":"type-product","3":"status-publish","4":"has-post-thumbnail","6":"product_cat-egeszseg-medalok","7":"product_cat-triomed","9":"first","10":"instock","11":"taxable","12":"shipping-taxable","13":"purchasable","14":"product-type-simple"},"_links":{"self":[{"href":"https:\/\/vetomshop.hu\/cs\/wp-json\/wp\/v2\/product\/4745","targetHints":{"allow":["GET"]}}],"collection":[{"href":"https:\/\/vetomshop.hu\/cs\/wp-json\/wp\/v2\/product"}],"about":[{"href":"https:\/\/vetomshop.hu\/cs\/wp-json\/wp\/v2\/types\/product"}],"replies":[{"embeddable":true,"href":"https:\/\/vetomshop.hu\/cs\/wp-json\/wp\/v2\/comments?post=4745"}],"wp:featuredmedia":[{"embeddable":true,"href":"https:\/\/vetomshop.hu\/cs\/wp-json\/wp\/v2\/media\/4744"}],"wp:attachment":[{"href":"https:\/\/vetomshop.hu\/cs\/wp-json\/wp\/v2\/media?parent=4745"}],"wp:term":[{"taxonomy":"product_brand","embeddable":true,"href":"https:\/\/vetomshop.hu\/cs\/wp-json\/wp\/v2\/product_brand?post=4745"},{"taxonomy":"product_cat","embeddable":true,"href":"https:\/\/vetomshop.hu\/cs\/wp-json\/wp\/v2\/product_cat?post=4745"},{"taxonomy":"product_tag","embeddable":true,"href":"https:\/\/vetomshop.hu\/cs\/wp-json\/wp\/v2\/product_tag?post=4745"}],"curies":[{"name":"wp","href":"https:\/\/api.w.org\/{rel}","templated":true}]}}