{"id":4747,"date":"2023-11-11T14:34:01","date_gmt":"2023-11-11T13:34:01","guid":{"rendered":"https:\/\/vetomshop.hu\/termek\/siker-plus-medal\/"},"modified":"2023-11-11T14:34:01","modified_gmt":"2023-11-11T13:34:01","slug":"siker-plus-medal","status":"publish","type":"product","link":"https:\/\/vetomshop.hu\/cs\/produkt\/siker-plus-medal\/","title":{"rendered":"Medaile Success Plus"},"content":{"rendered":"<p>A <strong>\u201eSIKER PLUS\u201d<\/strong> informace ulo\u017een\u00e9 na p\u0159\u00edv\u011bsku odpov\u00eddaj\u00ed spektru elektromagnetick\u00fdch bun\u011bk a tk\u00e1n\u00ed centr\u00e1ln\u00edho nervov\u00e9ho syst\u00e9mu, stejn\u011b jako antihomotoxick\u00e9 l\u00e1tky, kter\u00e9 zvy\u0161uj\u00ed du\u0161evn\u00ed v\u00fdkonnost, odolnost \u010dlov\u011bka v\u016f\u010di stresu a udr\u017euj\u00ed optim\u00e1ln\u00ed emo\u010dn\u00ed z\u00e1zem\u00ed.<\/p>\n<p><strong>Dopad:<\/strong><\/p>\n<ul>\n<li>pom\u00e1h\u00e1 zlep\u0161ovat pam\u011b\u0165;<\/li>\n<li>zvy\u0161uje rychlost my\u0161len\u00ed;<\/li>\n<li>pom\u00e1h\u00e1 soust\u0159ed\u011bn\u00ed, zvy\u0161uje pozornost;<\/li>\n<li>sni\u017euje pocit \u00fanavy b\u011bhem \u010dinnosti\/prace;<\/li>\n<li>sni\u017euje neurohumor\u00e1ln\u00ed stres p\u0159i pr\u00e1ci s po\u010d\u00edta\u010dem;<\/li>\n<li>zlep\u0161uje psychologick\u00e9 (emocion\u00e1ln\u00ed) z\u00e1zem\u00ed;<\/li>\n<li>pom\u00e1h\u00e1 p\u0159edch\u00e1zet vzniku chronick\u00e9ho stresu a \u00fanavy, syndromu vyho\u0159en\u00ed.<\/li>\n<\/ul>\n<div class=\"su-spoiler su-spoiler-style-defoult su-spoiler-icon-caret su-spoiler-closed\" data-scroll-offset=\"0\" data-anchor-in-url=\"no\"><div class=\"su-spoiler-title\" tabindex=\"0\" role=\"button\"><span class=\"su-spoiler-icon\"><\/span>V\u0161echny<\/div><div class=\"su-spoiler-content su-u-clearfix su-u-trim\">\n<strong>Lze pou\u017e\u00edt p\u0159\u00edv\u011bsek \u201eSIKER PLUS\u201d:<\/strong><\/p>\n<ul>\n<li>ke zv\u00fd\u0161en\u00ed du\u0161evn\u00ed v\u00fdkonnosti,<\/li>\n<li>p\u0159izp\u016fsobit se v\u011bt\u0161\u00edmu zat\u00ed\u017een\u00ed,<\/li>\n<li>ke zlep\u0161en\u00ed pam\u011bti, pozornosti,<\/li>\n<li>v obdob\u00ed intenzivn\u00edho pracovn\u00edho zat\u00ed\u017een\u00ed - \u201ebrainstorming\u201d apod.<\/li>\n<\/ul>\n<\/div><\/div>","protected":false},"excerpt":{"rendered":"<p>A &#8222;SIKER PLUS&#8221; med\u00e1lon t\u00e1rolt inform\u00e1ci\u00f3 megfelel a k\u00f6zponti idegrendszer elektrom\u00e1gneses sejtjeinek \u00e9s sz\u00f6veteinek spektrum\u00e1nak, valamint az antihomotoxikus szereknek, amelyek fokozz\u00e1k a ment\u00e1lis teljes\u00edtm\u00e9nyt, az emberi ellen\u00e1ll\u00e1st a stresszre, \u00e9s megtartj\u00e1k az optim\u00e1lis \u00e9rzelmi h\u00e1tteret. Hat\u00e1sa: seg\u00edt a mem\u00f3ria jav\u00edt\u00e1s\u00e1ban; n\u00f6veli a gondolkod\u00e1s sebess\u00e9g\u00e9t; el\u0151seg\u00edti a koncentr\u00e1ci\u00f3t, n\u00f6veli a figyelmet; cs\u00f6kkenti a f\u00e1radts\u00e1g \u00e9rz\u00e9st az [&hellip;]<\/p>\n","protected":false},"featured_media":4746,"comment_status":"open","ping_status":"closed","template":"","meta":[],"product_brand":[],"product_cat":[33,32],"product_tag":[],"class_list":{"0":"post-4747","1":"product","2":"type-product","3":"status-publish","4":"has-post-thumbnail","6":"product_cat-egeszseg-medalok","7":"product_cat-triomed","9":"first","10":"instock","11":"taxable","12":"shipping-taxable","13":"purchasable","14":"product-type-simple"},"_links":{"self":[{"href":"https:\/\/vetomshop.hu\/cs\/wp-json\/wp\/v2\/product\/4747","targetHints":{"allow":["GET"]}}],"collection":[{"href":"https:\/\/vetomshop.hu\/cs\/wp-json\/wp\/v2\/product"}],"about":[{"href":"https:\/\/vetomshop.hu\/cs\/wp-json\/wp\/v2\/types\/product"}],"replies":[{"embeddable":true,"href":"https:\/\/vetomshop.hu\/cs\/wp-json\/wp\/v2\/comments?post=4747"}],"wp:featuredmedia":[{"embeddable":true,"href":"https:\/\/vetomshop.hu\/cs\/wp-json\/wp\/v2\/media\/4746"}],"wp:attachment":[{"href":"https:\/\/vetomshop.hu\/cs\/wp-json\/wp\/v2\/media?parent=4747"}],"wp:term":[{"taxonomy":"product_brand","embeddable":true,"href":"https:\/\/vetomshop.hu\/cs\/wp-json\/wp\/v2\/product_brand?post=4747"},{"taxonomy":"product_cat","embeddable":true,"href":"https:\/\/vetomshop.hu\/cs\/wp-json\/wp\/v2\/product_cat?post=4747"},{"taxonomy":"product_tag","embeddable":true,"href":"https:\/\/vetomshop.hu\/cs\/wp-json\/wp\/v2\/product_tag?post=4747"}],"curies":[{"name":"wp","href":"https:\/\/api.w.org\/{rel}","templated":true}]}}