{"id":4749,"date":"2023-11-11T14:34:01","date_gmt":"2023-11-11T13:34:01","guid":{"rendered":"https:\/\/vetomshop.hu\/termek\/venusz-medal-noknek\/"},"modified":"2023-11-11T14:34:01","modified_gmt":"2023-11-11T13:34:01","slug":"venusz-medal-noknek","status":"publish","type":"product","link":"https:\/\/vetomshop.hu\/cs\/produkt\/venusz-medal-noknek\/","title":{"rendered":"P\u0159\u00edv\u011bsek Venu\u0161e pro \u017eeny"},"content":{"rendered":"<p><strong>Hlavn\u00ed funkce:<\/strong> se doporu\u010duje k prevenci a l\u00e9\u010db\u011b onemocn\u011bn\u00ed reproduk\u010dn\u00edch org\u00e1n\u016f, sexu\u00e1ln\u00edho chladu, emo\u010dn\u011b-psychick\u00fdch poruch spojen\u00fdch s pohlavn\u00edm stykem, jako dopln\u011bk l\u00e9\u010dby a rehabilitace onemocn\u011bn\u00ed pohlavn\u00edch org\u00e1n\u016f. P\u0159\u00edv\u011bsek Venu\u0161e zdrav\u00ed se doporu\u010duje tak\u00e9 jako dopln\u011bk l\u00e9\u010dby p\u0159edepsan\u00e9 gynekology, sexuology a endokrinology.<\/p>\n<p>Doporu\u010duje se k prevenci a l\u00e9\u010db\u011b onemocn\u011bn\u00ed reproduk\u010dn\u00edch org\u00e1n\u016f, sexu\u00e1ln\u00edho chladu, emo\u010dn\u011b-psychick\u00fdch poruch spojen\u00fdch s pohlavn\u00edm stykem, jako dopl\u0148kov\u00e1 l\u00e9\u010dba a rehabilitace onemocn\u011bn\u00ed pohlavn\u00edch org\u00e1n\u016f. P\u0159\u00edv\u011bsek zdrav\u00ed Venu\u0161e se doporu\u010duje tak\u00e9 jako dopln\u011bk l\u00e9\u010dby p\u0159edepsan\u00e9 gynekology, sexuology a endokrinology.<\/p>","protected":false},"excerpt":{"rendered":"<p>F\u0151 funkci\u00f3i: aj\u00e1nlott a szaporod\u00e1si szervek betegs\u00e9gei megel\u0151z\u00e9s\u00e9re \u00e9s kezel\u00e9s\u00e9re, a szexu\u00e1lis hidegs\u00e9g, szexu\u00e1lis aktussal kapcsolatos \u00e9rzelmi-pszich\u00e9s zavarok, a nemi szervek betegs\u00e9geinek kieg\u00e9sz\u00edt\u0151 kezel\u00e9s\u00e9re, rehabilit\u00e1ci\u00f3j\u00e1ra. A V\u00e9nusz Eg\u00e9szs\u00e9g Med\u00e1l alkalmaz\u00e1sa javasolt tov\u00e1bb\u00e1 a n\u0151gy\u00f3gy\u00e1sz, szexol\u00f3gus, endokrinol\u00f3gus \u00e1ltal el\u0151\u00edrt kezel\u00e9s kieg\u00e9sz\u00edt\u00e9se \u00e9rdek\u00e9ben. Javasolt a szaporod\u00e1si szervek betegs\u00e9gei megel\u0151z\u00e9s\u00e9re \u00e9s kezel\u00e9s\u00e9re, a szexu\u00e1lis hidegs\u00e9g, szexu\u00e1lis aktussal kapcsolatos [&hellip;]<\/p>\n","protected":false},"featured_media":4748,"comment_status":"open","ping_status":"closed","template":"","meta":[],"product_brand":[],"product_cat":[33,32],"product_tag":[],"class_list":{"0":"post-4749","1":"product","2":"type-product","3":"status-publish","4":"has-post-thumbnail","6":"product_cat-egeszseg-medalok","7":"product_cat-triomed","9":"first","10":"instock","11":"taxable","12":"shipping-taxable","13":"purchasable","14":"product-type-simple"},"_links":{"self":[{"href":"https:\/\/vetomshop.hu\/cs\/wp-json\/wp\/v2\/product\/4749","targetHints":{"allow":["GET"]}}],"collection":[{"href":"https:\/\/vetomshop.hu\/cs\/wp-json\/wp\/v2\/product"}],"about":[{"href":"https:\/\/vetomshop.hu\/cs\/wp-json\/wp\/v2\/types\/product"}],"replies":[{"embeddable":true,"href":"https:\/\/vetomshop.hu\/cs\/wp-json\/wp\/v2\/comments?post=4749"}],"wp:featuredmedia":[{"embeddable":true,"href":"https:\/\/vetomshop.hu\/cs\/wp-json\/wp\/v2\/media\/4748"}],"wp:attachment":[{"href":"https:\/\/vetomshop.hu\/cs\/wp-json\/wp\/v2\/media?parent=4749"}],"wp:term":[{"taxonomy":"product_brand","embeddable":true,"href":"https:\/\/vetomshop.hu\/cs\/wp-json\/wp\/v2\/product_brand?post=4749"},{"taxonomy":"product_cat","embeddable":true,"href":"https:\/\/vetomshop.hu\/cs\/wp-json\/wp\/v2\/product_cat?post=4749"},{"taxonomy":"product_tag","embeddable":true,"href":"https:\/\/vetomshop.hu\/cs\/wp-json\/wp\/v2\/product_tag?post=4749"}],"curies":[{"name":"wp","href":"https:\/\/api.w.org\/{rel}","templated":true}]}}